{"id":1039,"date":"2016-02-12T06:21:06","date_gmt":"2016-02-12T06:21:06","guid":{"rendered":"https:\/\/aims.cat\/ca\/friends-of-aims-usa\/"},"modified":"2025-11-18T11:20:43","modified_gmt":"2025-11-18T11:20:43","slug":"aims-amics-dels-eua","status":"publish","type":"page","link":"https:\/\/aims.cat\/ca\/aims-amics-dels-eua\/","title":{"rendered":"AIMS Amics dels EUA"},"content":{"rendered":"<p>[et_pb_section fb_built=&#8221;1&#8243; admin_label=&#8221;section&#8221; _builder_version=&#8221;4.16&#8243; global_colors_info=&#8221;{}&#8221;][et_pb_row column_structure=&#8221;1_3,2_3&#8243; admin_label=&#8221;row&#8221; _builder_version=&#8221;4.16&#8243; background_size=&#8221;initial&#8221; background_position=&#8221;top_left&#8221; background_repeat=&#8221;repeat&#8221; global_colors_info=&#8221;{}&#8221;][et_pb_column type=&#8221;1_3&#8243; _builder_version=&#8221;4.16&#8243; custom_padding=&#8221;|||&#8221; global_colors_info=&#8221;{}&#8221; custom_padding__hover=&#8221;|||&#8221;][et_pb_image src=&#8221;https:\/\/aims.cat\/wp-content\/uploads\/2016\/01\/friends-of-aims-us.png&#8221; force_fullwidth=&#8221;on&#8221; align_tablet=&#8221;center&#8221; align_phone=&#8221;&#8221; align_last_edited=&#8221;on|desktop&#8221; _builder_version=&#8221;4.16&#8243; animation=&#8221;off&#8221; global_colors_info=&#8221;{}&#8221;][\/et_pb_image][et_pb_text _builder_version=&#8221;4.16&#8243; global_colors_info=&#8221;{}&#8221;]<\/p>\n<p style=\"text-align: center;\"><a href=\"mailto:info@friendsofaimsus.org\">info@friendsofaimsus.org<br \/><\/a>10755 Scrips Poway Parkway<br \/>Suite 437<br \/>San Diego, CA 92131 USA<\/p>\n<p>[\/et_pb_text][et_pb_button button_url=&#8221;https:\/\/aims.cat\/wp-content\/uploads\/2024\/08\/How-to-Donate.pdf&#8221; button_text=&#8221;Donaci\u00f3&#8221; button_alignment=&#8221;center&#8221; _builder_version=&#8221;4.27.0&#8243; _module_preset=&#8221;default&#8221; global_colors_info=&#8221;{}&#8221;][\/et_pb_button][et_pb_button button_url=&#8221;https:\/\/aims.cat\/friends-of-aims-us-cultural-tour-activity\/&#8221; button_text=&#8221;Cultural Tour&#8221; button_alignment=&#8221;center&#8221; admin_label=&#8221;Button&#8221; _builder_version=&#8221;4.16&#8243; _module_preset=&#8221;default&#8221; global_colors_info=&#8221;{}&#8221;][\/et_pb_button][\/et_pb_column][et_pb_column type=&#8221;2_3&#8243; _builder_version=&#8221;4.16&#8243; custom_padding=&#8221;0px|||&#8221; global_colors_info=&#8221;{}&#8221; custom_padding__hover=&#8221;|||&#8221;][et_pb_text _builder_version=&#8221;4.16&#8243; link_text_align=&#8221;left&#8221; ul_text_align=&#8221;left&#8221; ol_text_align=&#8221;left&#8221; quote_text_align=&#8221;left&#8221; header_text_align=&#8221;left&#8221; header_2_text_align=&#8221;left&#8221; header_3_text_align=&#8221;left&#8221; header_4_text_align=&#8221;left&#8221; header_5_text_align=&#8221;left&#8221; header_6_text_align=&#8221;left&#8221; background_size=&#8221;initial&#8221; background_position=&#8221;top_left&#8221; background_repeat=&#8221;repeat&#8221; module_alignment=&#8221;left&#8221; custom_margin=&#8221;0px|||&#8221; custom_padding=&#8221;0px|||&#8221; global_colors_info=&#8221;{}&#8221;]<iframe loading=\"lazy\" src=\"https:\/\/player.vimeo.com\/video\/241638570?autoplay=1&amp;color=ea4951\" width=\"640\" height=\"273\" frameborder=\"0\" allowfullscreen=\"allowfullscreen\"><\/iframe><br \/>\n[\/et_pb_text][et_pb_text _builder_version=&#8221;4.18.0&#8243; link_text_align=&#8221;left&#8221; ul_text_align=&#8221;left&#8221; ol_text_align=&#8221;left&#8221; quote_text_align=&#8221;left&#8221; header_text_align=&#8221;left&#8221; header_2_text_align=&#8221;left&#8221; header_3_text_align=&#8221;left&#8221; header_4_text_align=&#8221;left&#8221; header_5_text_align=&#8221;left&#8221; header_6_text_align=&#8221;left&#8221; background_size=&#8221;initial&#8221; background_position=&#8221;top_left&#8221; background_repeat=&#8221;repeat&#8221; module_alignment=&#8221;left&#8221; custom_margin=&#8221;0px||0px|&#8221; custom_padding=&#8221;0px||0px|&#8221; global_colors_info=&#8221;{}&#8221;]<\/p>\n<p>De cara a l&#8217;any 2026, ens complau anunciar l&#8217;establiment d&#8217;un fons de beques ofert per <strong><em>Friends of AIMS US Inc<\/em><\/strong>. Aquest fons ajudar\u00e0 als estudiants que ho necessitin i que d&#8217;altra manera no podrien permetre assistir a l&#8217;Acad\u00e8mia AIMS. La quantia del fons inicial s&#8217;ha fixat en 10.000 \u20ac per 2026. Sens dubte ajudar\u00e0 a desenes d&#8217;alumnes a viure l&#8217;experi\u00e8ncia AIMS.<\/p>\n<p>Estem molt agra\u00efts a totes les persones que donen el seu recolzament a <strong><em>Friends of AIMS US<\/em><\/strong>.<\/p>\n<hr \/>\n<p>AIMS Amics dels EUA \u00e9s una organitzaci\u00f3 sense \u00e0nim de lucre als Estats Units d\u2019Am\u00e8rica. Donem suport a l\u2019AIMS Fundaci\u00f3 i en difonem la missi\u00f3 i els objectius, implementant i desenvolupant els diferents programes. Tamb\u00e9 oferim la recaptaci\u00f3 de fons als EUA, molts dels quals ajuden a donar suport a les activitats de l\u2019AIMS Fundaci\u00f3.<\/p>\n<p>Som una entitat exempta (501 (c) 3) d\u2019impostos. Alguns dels objectius de l\u2019AIMS Amics dels EUA s\u00f3n:<\/p>\n<ul>\n<li>Augmentar la consci\u00e8ncia p\u00fablica de la import\u00e0ncia i l\u2019impacte de la m\u00fasica cl\u00e0ssica a les fam\u00edlies, les persones i la societat en general. La m\u00fasica cl\u00e0ssica transcendeix l\u2019edat, la religi\u00f3, la nacionalitat i fins i tot el temps. Creiem que la m\u00fasica ofereix un reconeixement mutu i una experi\u00e8ncia comuna entre les persones la qual cosa les fa ser m\u00e9s capaces de construir una societat millor.<\/li>\n<li>Augmentar el nombre de concerts i experi\u00e8ncies musicals de l\u2019AIMS fent-los disponible a la xarxa, i en casos especials, duent a terme concerts en directe amb els professors i estudiants de l\u2019AIMS.<\/li>\n<li>Identificar joves m\u00fasics talents i proporcionar-los informaci\u00f3 i ajuda econ\u00f2mica perqu\u00e8 puguin participar en els diferents programes de l\u2019AIMS.<\/li>\n<li>Elaborar diversos projectes de M\u00fasica i Tecnologia que ajudin professors i estudiants de m\u00fasica i tamb\u00e9 m\u00fasics destacats.<\/li>\n<li>Proporcionar subvencions a altres organitzacions dels EUA i d\u2019altres llocs, perqu\u00e8 puguin tirar endavant projectes que benefici\u00efn els objectius de l\u2019AIMS Fundaci\u00f3 en general.<\/li>\n<li>Iniciar diverses accions de recaptaci\u00f3 de fons als EUA per ajudar activitats, projectes i subvencions de l\u2019AIMS Amics dels EUA i endegats per l\u2019AIMS Fundaci\u00f3.<\/li>\n<\/ul>\n<p>La donaci\u00f3 filantr\u00f2pica \u00e9s la principal font d\u2019ingressos de l\u2019AIMS Amics dels EUA. Fem tot el possible per mantenir informats a tots els contribuents de les activitats de l\u2019AIMS, i oferim l\u2019oportunitat de con\u00e8ixer els estudiants i professors que fan que l\u2019AIMS sigui un lloc especial on acostar-se a la m\u00fasica cl\u00e0ssica. En alguns casos convidem els col\u00b7laboradors a experimentar l\u2019AIMS de primera m\u00e0, mitjan\u00e7ant l\u2019organitzaci\u00f3 de viatges en grup a l\u2019AIMS Festival de M\u00fasica de Solsona.<\/p>\n<p>&nbsp;<\/p>\n<p>[\/et_pb_text][\/et_pb_column][\/et_pb_row][\/et_pb_section]<\/p>\n","protected":false},"excerpt":{"rendered":"<p>info@friendsofaimsus.org10755 Scrips Poway ParkwaySuite 437San Diego, CA 92131 USA De cara a l&#8217;any 2026, ens complau anunciar l&#8217;establiment d&#8217;un fons de beques ofert per Friends of AIMS US Inc. Aquest [&hellip;]<\/p>\n","protected":false},"author":2,"featured_media":0,"parent":0,"menu_order":0,"comment_status":"closed","ping_status":"closed","template":"","meta":{"_acf_changed":false,"_et_pb_use_builder":"on","_et_pb_old_content":"<p>Friends of AIMS USA Incorporated is a non-profit organization in the United States of\u00a0America.\u00a0 We support and extend the mission and goals of the AIMS Foundation,\u00a0implementing and augmenting its various programs.\u00a0 We also provide (undertake?) fundraising in the US, much of which will help support the activities of the AIMS Foundation.\u00a0<\/p><p>We are a 501(c)3 tax exempt entity.\u00a0 Some of the Friends of AIMS US activities are to:<\/p><ul><li>Raise public awareness of the value and impact of classical music to families, people, and society in general.\u00a0 Classical music transcends age group, religion, nationality, even time.\u00a0 We believe it provides common appreciation and experience among people, which could lead to a better society.<\/li><li>Extend the performances and musical experiences of AIMS by making it available on-line, and in special cases, host live performances by AIMS teachers and students in the US.<\/li><li>Identify talented young musicians and provide information and financial aid to enable them to be able to participate in the AIMS programs.<\/li><li>Run various Music and Technology projects that will help music teachers and students, as well as accomplished musicians.<\/li><li>Provide grants to other organizations in the US and elsewhere, which will enable them to pursue projects that benefit the mission of the AIMS Foundation in general.<\/li><li>Initiate various fund raising efforts in the US to support the many activities, projects, and grants the Friends of AIMS US and the AIMS Foundation will undertake.<\/li><\/ul><p>Philanthropic donation will be the main source of income for Friends of AIMS USA to operate.\u00a0 We will strive to keep the donors abreast of all AIMS activities, as well as getting to know the students and teachers who make AIMS a special place to embrace classical music.\u00a0 In certain circumstances, we will invite the donors to experience AIMS music first hand, by arranging group travel to the AIMS Music Festival in Solsona.<\/p>","_et_gb_content_width":"","footnotes":"","_links_to":"","_links_to_target":""},"class_list":["post-1039","page","type-page","status-publish","hentry"],"acf":[],"_links":{"self":[{"href":"https:\/\/aims.cat\/ca\/wp-json\/wp\/v2\/pages\/1039","targetHints":{"allow":["GET"]}}],"collection":[{"href":"https:\/\/aims.cat\/ca\/wp-json\/wp\/v2\/pages"}],"about":[{"href":"https:\/\/aims.cat\/ca\/wp-json\/wp\/v2\/types\/page"}],"author":[{"embeddable":true,"href":"https:\/\/aims.cat\/ca\/wp-json\/wp\/v2\/users\/2"}],"replies":[{"embeddable":true,"href":"https:\/\/aims.cat\/ca\/wp-json\/wp\/v2\/comments?post=1039"}],"version-history":[{"count":10,"href":"https:\/\/aims.cat\/ca\/wp-json\/wp\/v2\/pages\/1039\/revisions"}],"predecessor-version":[{"id":18140,"href":"https:\/\/aims.cat\/ca\/wp-json\/wp\/v2\/pages\/1039\/revisions\/18140"}],"wp:attachment":[{"href":"https:\/\/aims.cat\/ca\/wp-json\/wp\/v2\/media?parent=1039"}],"curies":[{"name":"wp","href":"https:\/\/api.w.org\/{rel}","templated":true}]}}