{"id":10814,"date":"2020-12-10T13:30:03","date_gmt":"2020-12-10T13:30:03","guid":{"rendered":"https:\/\/aims.cat\/?page_id=10814"},"modified":"2020-12-10T13:30:06","modified_gmt":"2020-12-10T13:30:06","slug":"tcha-limberger","status":"publish","type":"page","link":"https:\/\/aims.cat\/ca\/aims-festival\/the-artists\/tcha-limberger\/","title":{"rendered":"Tcha Limberger"},"content":{"rendered":"<p>[et_pb_section fb_built=&#8221;1&#8243; custom_padding_last_edited=&#8221;on|desktop&#8221; _builder_version=&#8221;3.22&#8243; custom_padding_tablet=&#8221;50px|0|50px|0&#8243; custom_padding_phone=&#8221;&#8221; custom_css_main_element=&#8221;padding-bottom:0px;&#8221; transparent_background=&#8221;off&#8221; padding_mobile=&#8221;off&#8221; make_fullwidth=&#8221;off&#8221; use_custom_width=&#8221;off&#8221; width_unit=&#8221;on&#8221;][et_pb_row _builder_version=&#8221;3.25&#8243; background_size=&#8221;initial&#8221; background_position=&#8221;top_left&#8221; background_repeat=&#8221;repeat&#8221; column_structure=&#8221;1_4,3_4&#8243;][et_pb_column type=&#8221;1_4&#8243; _builder_version=&#8221;3.25&#8243; custom_padding=&#8221;|||&#8221; custom_padding__hover=&#8221;|||&#8221;][et_pb_text admin_label=&#8221;Texto&#8221; _builder_version=&#8221;3.27.4&#8243; text_font_size=&#8221;18&#8243; background_color=&#8221;#ea4951&#8243; background_size=&#8221;initial&#8221; background_position=&#8221;top_left&#8221; background_repeat=&#8221;repeat&#8221; background_layout=&#8221;dark&#8221; custom_padding=&#8221;14px|21px|21px|24px&#8221; use_border_color=&#8221;off&#8221; border_color=&#8221;#ffffff&#8221; border_style=&#8221;solid&#8221;]<\/p>\n<p>\nAIMS\u00a0Festival<\/p>\n<p>[\/et_pb_text][\/et_pb_column][et_pb_column type=&#8221;3_4&#8243; _builder_version=&#8221;3.25&#8243; custom_padding=&#8221;|||&#8221; custom_padding__hover=&#8221;|||&#8221;][et_pb_post_title meta=&#8221;off&#8221; featured_image=&#8221;off&#8221; text_color=&#8221;light&#8221; text_background=&#8221;on&#8221; text_bg_color=&#8221;#222222&#8243; admin_label=&#8221;T\u00edtulo de publicaci\u00f3n&#8221; _builder_version=&#8221;3.0.87&#8243; title_font_size=&#8221;18px&#8221; title_all_caps=&#8221;off&#8221; background_color=&#8221;rgba(255,255,255,0)&#8221; parallax=&#8221;on&#8221; parallax_method=&#8221;off&#8221; use_border_color=&#8221;off&#8221; border_color=&#8221;#ffffff&#8221; border_style=&#8221;solid&#8221; parallax_effect=&#8221;on&#8221; module_bg_color=&#8221;rgba(255,255,255,0)&#8221;]<br \/>\n[\/et_pb_post_title][\/et_pb_column][\/et_pb_row][\/et_pb_section][et_pb_section fb_built=&#8221;1&#8243; custom_padding_last_edited=&#8221;on|desktop&#8221; _builder_version=&#8221;3.22&#8243; custom_padding_tablet=&#8221;50px|0|50px|0&#8243; custom_padding_phone=&#8221;&#8221; custom_css_main_element=&#8221;padding-top:0px;&#8221; transparent_background=&#8221;off&#8221; padding_mobile=&#8221;off&#8221; make_fullwidth=&#8221;off&#8221; use_custom_width=&#8221;off&#8221; width_unit=&#8221;on&#8221;][et_pb_row _builder_version=&#8221;3.25&#8243; background_size=&#8221;initial&#8221; background_position=&#8221;top_left&#8221; background_repeat=&#8221;repeat&#8221; column_structure=&#8221;1_4,3_4&#8243;][et_pb_column type=&#8221;1_4&#8243; _builder_version=&#8221;3.25&#8243; custom_padding=&#8221;|||&#8221; custom_padding__hover=&#8221;|||&#8221;][et_pb_sidebar area=&#8221;et_pb_widget_area_4&#8243; admin_label=&#8221;MENU&#8221; module_id=&#8221;FestivalMenu&#8221; _builder_version=&#8221;3.0.74&#8243; remove_border=&#8221;off&#8221;]<br \/>\n[\/et_pb_sidebar][\/et_pb_column][et_pb_column type=&#8221;3_4&#8243; _builder_version=&#8221;3.25&#8243; custom_padding=&#8221;|||&#8221; custom_padding__hover=&#8221;|||&#8221;][et_pb_image src=&#8221;https:\/\/aims.cat\/wp-content\/uploads\/2020\/12\/Tcha.jpeg&#8221; show_in_lightbox=&#8221;on&#8221; align_tablet=&#8221;center&#8221; align_last_edited=&#8221;on|desktop&#8221; _builder_version=&#8221;4.4.9&#8243; hover_enabled=&#8221;0&#8243; use_border_color=&#8221;off&#8221; title_text=&#8221;Tcha&#8221;]<br \/>\n[\/et_pb_image][et_pb_text admin_label=&#8221;Texto&#8221; _builder_version=&#8221;4.4.9&#8243; background_size=&#8221;initial&#8221; background_position=&#8221;top_left&#8221; background_repeat=&#8221;repeat&#8221; hover_enabled=&#8221;0&#8243; use_border_color=&#8221;off&#8221;]<\/p>\n<p><strong>TCHA LIMBERGER &#8211; UN POL\u00cdMATA VIRTU\u00d3S<\/strong><\/p>\n<p>El guardonat multi-instrumentista i vocalista Tcha Limberger, un m\u00fasic cec nascut a B\u00e8lgica, \u00e9s aclamat en tots els g\u00e8neres musicals i celebrat dins el m\u00f3n del jazz i de la m\u00fasica del m\u00f3n\/ folk com a cantant i instrumentista. Ha estat reconegut com una de les figures m\u00e9s destacades i importants de la m\u00fasica folkl\u00f2rica de la conca dels Carpats i es pot veure actuant a tot el m\u00f3n com a solista en algunes de les formacions que compten amb els millors m\u00fasics de tot el m\u00f3n: Stochelo Rosenberg, Angelo Debarre, Fabrizio Cassol, Sebastien Giniaux, Roby Lakatos, Evan Christopher, Fapy Lafertin, Petar Ralchev i Lorenzo Gatto.<\/p>\n<p>Els seus nombrosos projectes musicals tamb\u00e9 s\u00f3n molt admirats. El grup de jazz The Tcha Limberger Trio, on actua com a vocalista, violinista i guitarrista principal, compta amb Mozes Rosenberg, Dave Kelbie i Sebastien Girardot. \u00c9s membre fundador, vocalista i violinista del quintet de cordes Les Violons de Bruxelles amb seu a la capital belga, un grup dedicat a la interpretaci\u00f3 d&#8217;est\u00e0ndards de jazz de Django Reinhardt, aix\u00ed com composicions pr\u00f2pies.<\/p>\n<p>A m\u00e9s de la seva dedicaci\u00f3 a la m\u00fasica folkl\u00f2rica amb el viol\u00ed, tamb\u00e9 se sent c\u00f2mode cantant en nou idiomes. \u00c9s membre del Trio Tatavla, on canta i improvisa en grec; \u00e9s el l\u00edder de l&#8217;Orquestra Gitana de Budapest i del Trio Kalotaszeg, on canta en hongar\u00e8s, rus i roman\u00e8s. El seu inesgotable inter\u00e8s per les diverses cultures influeix notablement en el seu estil d&#8217;improvisaci\u00f3 en el jazz i l&#8217;execuci\u00f3 instrumental.<\/p>\n<p>Va n\u00e9ixer en una fam\u00edlia de m\u00fasics. El seu avi era un violinista que dirigia la banda &#8220;The Piottos&#8221; i el seu pare, Vivi Limberger, va esdevenir el guitarrista r\u00edtmic de la banda Waso al costat de Fapy Lafertin, cos\u00ed de Tcha i, possiblement, el m\u00fasic gitano m\u00e9s fam\u00f3s des de Django Reinhardt. Va aprendre els primers acords de guitarra als sis anys i als vuit ja va comen\u00e7ar a fer concerts en solitari. Limberger sempre s\u2019ha sentit atret per la m\u00fasica tradicional de tot el m\u00f3n i ha recopilat una gran quantitat d&#8217;instruments i enregistraments. Durant molt temps va dirigir una banda belga que interpretava m\u00fasica d\u2019Aimara i indis qu\u00edtxues de Bol\u00edvia.<\/p>\n<p>Inspirat pel clarinetista d&#8217;una banda de Nova Orleans en la qual tocava el banjo, es va iniciar al clarinet i va estudiar els estils de jazz de Nova Orleans i la m\u00fasica magiar (Budapest).<\/p>\n<p>Tamb\u00e9 va comen\u00e7ar a treballar amb la companyia de teatre &#8220;Het Muzieklod&#8221; i amb el compositor belga Dick Vanderharst, que el van introduir a la m\u00fasica cl\u00e0ssica contempor\u00e0nia i al jazz modern.<\/p>\n<p>Quan tenia disset anys, inspirat per les hist\u00f2ries del seu avi i els enregistraments del violinista hongar\u00e8s Toki Horvat, va comen\u00e7ar a tocar el viol\u00ed. Va deixar l&#8217;Orquestra De Piotto i va formar un trio amb el seu pare i el seu oncle Bisque Limberger. Mentre estava de gira a Budapest, va decidir aprendre l&#8217;estil de viol\u00ed magiar. Als vint-i-tres anys va arribar a Budapest i va aprendre hongar\u00e8s i va estudiar durant divuit mesos intensos amb el gran Horvat Bela.<\/p>\n<p><em>El virtu\u00f3s erudit Tcha Limberger \u00e9s el rei de la m\u00fasica gitana<\/em> (SUNDAY TIMES UK)<br \/><em>Tcha Limberger sembla estar fet completament de m\u00fasica<\/em> (THE OBSERVER UK)<br \/><em>La veu de Limberger arriba a qualitats inimaginables<\/em> (DJANGOSTATION FR)<br \/><em>Brillantor t\u00e8cnica i passi\u00f3 desafiant<\/em> (FROOTS UK)<br \/><em>Tan embriagador com un vi vell<\/em> (SONGLINES UK)<br \/><em>Simplement de nivell mundial<\/em> (COMPACT NL)<br \/><em>M\u00fasica tan natural com respirar<\/em> (LONDON JAZZ NEWS)<br \/><em>M\u00fasica directament de l&#8217;\u00e0nima<\/em> (LONDON EVENING STANDARD)<br \/><em>Ple d&#8217;energia<\/em> (SONGLINES UK)<\/p>\n<p>[\/et_pb_text][\/et_pb_column][\/et_pb_row][\/et_pb_section]<\/p>\n","protected":false},"excerpt":{"rendered":"<p>AIMS\u00a0Festival TCHA LIMBERGER &#8211; UN POL\u00cdMATA VIRTU\u00d3S El guardonat multi-instrumentista i vocalista Tcha Limberger, un m\u00fasic cec nascut a B\u00e8lgica, \u00e9s aclamat en tots els g\u00e8neres musicals i celebrat dins [&hellip;]<\/p>\n","protected":false},"author":2,"featured_media":0,"parent":1529,"menu_order":0,"comment_status":"closed","ping_status":"closed","template":"","meta":{"_acf_changed":false,"_et_pb_use_builder":"on","_et_pb_old_content":"","_et_gb_content_width":"","footnotes":"","_links_to":"","_links_to_target":""},"class_list":["post-10814","page","type-page","status-publish","hentry"],"acf":[],"_links":{"self":[{"href":"https:\/\/aims.cat\/ca\/wp-json\/wp\/v2\/pages\/10814","targetHints":{"allow":["GET"]}}],"collection":[{"href":"https:\/\/aims.cat\/ca\/wp-json\/wp\/v2\/pages"}],"about":[{"href":"https:\/\/aims.cat\/ca\/wp-json\/wp\/v2\/types\/page"}],"author":[{"embeddable":true,"href":"https:\/\/aims.cat\/ca\/wp-json\/wp\/v2\/users\/2"}],"replies":[{"embeddable":true,"href":"https:\/\/aims.cat\/ca\/wp-json\/wp\/v2\/comments?post=10814"}],"version-history":[{"count":0,"href":"https:\/\/aims.cat\/ca\/wp-json\/wp\/v2\/pages\/10814\/revisions"}],"up":[{"embeddable":true,"href":"https:\/\/aims.cat\/ca\/wp-json\/wp\/v2\/pages\/1529"}],"wp:attachment":[{"href":"https:\/\/aims.cat\/ca\/wp-json\/wp\/v2\/media?parent=10814"}],"curies":[{"name":"wp","href":"https:\/\/api.w.org\/{rel}","templated":true}]}}