{"id":10841,"date":"2020-12-12T14:50:26","date_gmt":"2020-12-12T14:50:26","guid":{"rendered":"https:\/\/aims.cat\/?page_id=10841"},"modified":"2020-12-12T14:50:30","modified_gmt":"2020-12-12T14:50:30","slug":"aims-social","status":"publish","type":"page","link":"https:\/\/aims.cat\/ca\/aims-social\/","title":{"rendered":"AIMS Social"},"content":{"rendered":"<p>[et_pb_section fb_built=&#8221;1&#8243; specialty=&#8221;on&#8221; _builder_version=&#8221;3.22&#8243;][et_pb_column type=&#8221;1_4&#8243; _builder_version=&#8221;3.25&#8243; custom_padding=&#8221;|||&#8221; custom_padding__hover=&#8221;|||&#8221;][et_pb_text admin_label=&#8221;Texto&#8221; _builder_version=&#8221;3.27.4&#8243; text_font_size=&#8221;18&#8243; background_color=&#8221;#ea4951&#8243; background_size=&#8221;initial&#8221; background_position=&#8221;top_left&#8221; background_repeat=&#8221;repeat&#8221; background_layout=&#8221;dark&#8221; custom_padding=&#8221;14px|21px|21px|24px&#8221;]<\/p>\n<p>\nAIMS\u00a0Social<\/p>\n<p>[\/et_pb_text][\/et_pb_column][et_pb_column type=&#8221;3_4&#8243; specialty_columns=&#8221;3&#8243; _builder_version=&#8221;3.25&#8243; custom_padding=&#8221;|||&#8221; custom_padding__hover=&#8221;|||&#8221;][et_pb_row_inner admin_label=&#8221;Row&#8221; _builder_version=&#8221;3.25&#8243;][et_pb_column_inner saved_specialty_column_type=&#8221;3_4&#8243; _builder_version=&#8221;3.25&#8243; custom_padding=&#8221;|||&#8221; custom_padding__hover=&#8221;|||&#8221;][et_pb_text admin_label=&#8221;Texto&#8221; _builder_version=&#8221;3.27.4&#8243; background_size=&#8221;initial&#8221; background_position=&#8221;top_left&#8221; background_repeat=&#8221;repeat&#8221;]<\/p>\n<p><strong>&#8220;Si no pots venir a escoltar-nos, nosaltres ens apropem a tu&#8221;<\/strong><\/p>\n<p>L&#8217;AIMS Social sorgeix de la voluntat d&#8217;apropar la m\u00fasica als col\u00b7lectius que, per diverses raons, ho tenen m\u00e9s dif\u00edcil per accedir-hi. Amb aquesta finalitat l&#8217;AIMS Social realitza concerts a hospitals, resid\u00e8ncies i centres de dia per a diferents col\u00b7lectius, i tamb\u00e9 a cases particulars.<\/p>\n<p>L&#8217;AIMS Social \u00e9s una oportunitat \u00fanica per a moltes d&#8217;aquestes persones d&#8217;escoltar m\u00fasics de primer nivell amb una proximitat inusual i, per als nostres m\u00fasics, de compartir el seu talent amb una implicaci\u00f3 emocional excepcional.<\/p>\n<p>L&#8217;AIMS Social, una de les activitats priorit\u00e0ries de la Fundaci\u00f3, s&#8217;amplia en aquesta edici\u00f3 amb concerts al llarg de tot l&#8217;any arreu del territori catal\u00e0, treballant plegats amb entitats i experts de diferents sectors.<\/p>\n<p>[\/et_pb_text][\/et_pb_column_inner][\/et_pb_row_inner][et_pb_row_inner admin_label=&#8221;Row&#8221; _builder_version=&#8221;3.25&#8243;][et_pb_column_inner saved_specialty_column_type=&#8221;3_4&#8243; _builder_version=&#8221;3.25&#8243; custom_padding=&#8221;|||&#8221; custom_padding__hover=&#8221;|||&#8221;][et_pb_video src=&#8221;https:\/\/www.youtube.com\/watch?v=-fsdsB_d5r8&#038;t=18s&#8221; _builder_version=&#8221;3.24.1&#8243; z_index_tablet=&#8221;500&#8243; box_shadow_horizontal_tablet=&#8221;0px&#8221; box_shadow_vertical_tablet=&#8221;0px&#8221; box_shadow_blur_tablet=&#8221;40px&#8221; box_shadow_spread_tablet=&#8221;0px&#8221;][\/et_pb_video][\/et_pb_column_inner][\/et_pb_row_inner][\/et_pb_column][\/et_pb_section]<\/p>\n","protected":false},"excerpt":{"rendered":"<p>AIMS\u00a0Social &#8220;Si no pots venir a escoltar-nos, nosaltres ens apropem a tu&#8221; L&#8217;AIMS Social sorgeix de la voluntat d&#8217;apropar la m\u00fasica als col\u00b7lectius que, per diverses raons, ho tenen m\u00e9s [&hellip;]<\/p>\n","protected":false},"author":2,"featured_media":0,"parent":0,"menu_order":0,"comment_status":"closed","ping_status":"closed","template":"","meta":{"_acf_changed":false,"_et_pb_use_builder":"on","_et_pb_old_content":"","_et_gb_content_width":"","footnotes":"","_links_to":"","_links_to_target":""},"class_list":["post-10841","page","type-page","status-publish","hentry"],"acf":[],"_links":{"self":[{"href":"https:\/\/aims.cat\/ca\/wp-json\/wp\/v2\/pages\/10841","targetHints":{"allow":["GET"]}}],"collection":[{"href":"https:\/\/aims.cat\/ca\/wp-json\/wp\/v2\/pages"}],"about":[{"href":"https:\/\/aims.cat\/ca\/wp-json\/wp\/v2\/types\/page"}],"author":[{"embeddable":true,"href":"https:\/\/aims.cat\/ca\/wp-json\/wp\/v2\/users\/2"}],"replies":[{"embeddable":true,"href":"https:\/\/aims.cat\/ca\/wp-json\/wp\/v2\/comments?post=10841"}],"version-history":[{"count":0,"href":"https:\/\/aims.cat\/ca\/wp-json\/wp\/v2\/pages\/10841\/revisions"}],"wp:attachment":[{"href":"https:\/\/aims.cat\/ca\/wp-json\/wp\/v2\/media?parent=10841"}],"curies":[{"name":"wp","href":"https:\/\/api.w.org\/{rel}","templated":true}]}}