{"id":11227,"date":"2021-02-03T15:36:42","date_gmt":"2021-02-03T15:36:42","guid":{"rendered":"https:\/\/aims.cat\/?page_id=11227"},"modified":"2021-02-03T15:40:00","modified_gmt":"2021-02-03T15:40:00","slug":"politica-de-cookies","status":"publish","type":"page","link":"https:\/\/aims.cat\/ca\/politica-de-cookies\/","title":{"rendered":"Pol\u00edtica de cookies"},"content":{"rendered":"<p>[et_pb_section fb_built=&#8221;1&#8243; admin_label=&#8221;section&#8221; _builder_version=&#8221;3.22&#8243;][et_pb_row column_structure=&#8221;1_4,3_4&#8243; admin_label=&#8221;row&#8221; _builder_version=&#8221;3.25&#8243; background_size=&#8221;initial&#8221; background_position=&#8221;top_left&#8221; background_repeat=&#8221;repeat&#8221;][et_pb_column type=&#8221;1_4&#8243; _builder_version=&#8221;3.25&#8243; custom_padding=&#8221;|||&#8221; custom_padding__hover=&#8221;|||&#8221;][et_pb_post_title meta=&#8221;off&#8221; featured_image=&#8221;off&#8221; text_color=&#8221;light&#8221; text_background=&#8221;on&#8221; text_bg_color=&#8221;#ea4951&#8243; admin_label=&#8221;T\u00edtulo de publicaci\u00f3n&#8221; _builder_version=&#8221;3.0.87&#8243; title_all_caps=&#8221;off&#8221; background_color=&#8221;rgba(255,255,255,0)&#8221; parallax=&#8221;on&#8221; parallax_method=&#8221;off&#8221; parallax_effect=&#8221;on&#8221; module_bg_color=&#8221;rgba(255,255,255,0)&#8221; use_border_color=&#8221;off&#8221; border_color=&#8221;#ffffff&#8221; border_style=&#8221;solid&#8221;] [\/et_pb_post_title][\/et_pb_column][et_pb_column type=&#8221;3_4&#8243; _builder_version=&#8221;3.25&#8243; custom_padding=&#8221;|||&#8221; custom_padding__hover=&#8221;|||&#8221;][et_pb_text admin_label=&#8221;Texto&#8221; _builder_version=&#8221;4.4.9&#8243; background_size=&#8221;initial&#8221; background_position=&#8221;top_left&#8221; background_repeat=&#8221;repeat&#8221; use_border_color=&#8221;off&#8221; border_color=&#8221;#ffffff&#8221; border_style=&#8221;solid&#8221;]<\/p>\n<p><strong>Qu\u00e8 \u00e9s una cookie?<br \/><\/strong>Les cookies s\u00f3n petits arxius de text que s\u2019envien al dispositiu quan visiteu un lloc web. Les cookies s\u00f3n retornades al lloc web d\u2019origen cada cop que el visiteu, o a un altre lloc web que reconeix que la cookie. Les cookies actuen com un record d\u2019un lloc web, la qual cosa permet recordar el dispositiu en les visites subseg\u00fcents. Les cookies tamb\u00e9 poden recordar les vostres prefer\u00e8ncies, millorar l\u2019experi\u00e8ncia de l\u2019usuari, aix\u00ed com adaptar els anuncis.<\/p>\n<p><strong>Cookies utilitzades en aquest lloc web<br \/><\/strong><em>Cookies t\u00e8cniques<\/em><strong><br \/><\/strong>Les cookies t\u00e8cniques s\u00f3n essencials i necess\u00e0ries perqu\u00e8 el web funcioni correctament i per usar les diverses opcions i serveis que ofereix.<br \/><em>Cookies anal\u00edtiques<\/em><strong><br \/><\/strong>El nostre lloc web utilitza cookies de Google Analytics. La informaci\u00f3 que recullen aquestes cookies es transferida i arxivada per Google en els seus servidors dels Estats Units, d\u2019acord amb les seves pr\u00e0ctiques de privacitat. Per a m\u00e9s informaci\u00f3 de les pr\u00e0ctiques de privadesa de Google i com s\u2019apliquen a Google Analytics visiteu:\u00a0<a href=\"http:\/\/www.google.com\/analytics\">Pol\u00edtica de Privadesa de Google Analytics<\/a>.<br \/><em>Cookies de sessi\u00f3<\/em><strong><br \/><\/strong>Les cookies de sessi\u00f3 s\u00f3n aquelles que existeixen nom\u00e9s mentre l\u2019usuari navega pel web i s\u2019eliminen al final.<\/p>\n<p><strong>Com controlar i eliminar les cookies<br \/><\/strong>La majoria dels navegadors web accepten cookies, per\u00f2 podeu canviar la configuraci\u00f3 del navegador web perqu\u00e8 rebutgi noves cookies, desactivi les que ja existeixen o b\u00e9 que us comuniqui quan alg\u00fa us envia una nova cookie al vostre dispositiu. Per canviar la configuraci\u00f3 seguiu les instruccions que us proporciona cada navegador:<\/p>\n<ul>\n<li>Internet Explorer: Eines &gt; Opcions d\u2019internet &gt; Privadesa<br \/>O b\u00e9\u00a0<a href=\"http:\/\/windows.microsoft.com\/es-es\/internet-explorer\/delete-manage-cookies\">fes clic aqu\u00ed <\/a>per m\u00e9s informaci\u00f3.<\/li>\n<li>Firefox: Eines &gt; Opcions &gt; Privadesa &gt; Historial &gt; Par\u00e0metres personalitzats.<br \/>O b\u00e9\u00a0<a href=\"http:\/\/support.mozilla.org\/es\/kb\/habilitar-y-deshabilitar-cookies-que-los-sitios-we\">fes clic aqu\u00ed\u00a0<\/a>per m\u00e9s informaci\u00f3.<\/li>\n<li>Chrome: Configuraci\u00f3 &gt; Mostra la configuraci\u00f3 avan\u00e7ada &gt; Privadesa &gt; Configuraci\u00f3 del contingut.<br \/>O b\u00e9\u00a0<a href=\"https:\/\/support.google.com\/chrome\/answer\/95647?hl=ca\">fes clic aqu\u00ed <\/a>per m\u00e9s informaci\u00f3.<\/li>\n<li>Safari: Prefer\u00e8ncies &gt; Seguretat.<br \/>O b\u00e9\u00a0<a href=\"http:\/\/support.apple.com\/kb\/HT1677?viewlocale=es_ES\">fes clic aqu\u00ed\u00a0<\/a>per m\u00e9s informaci\u00f3.<\/li>\n<li>Opera: Configuraci\u00f3.<br \/>O b\u00e9\u00a0<a href=\"http:\/\/www.opera.com\/help\/tutorials\/security\/privacy\/\">fes clic aqu\u00ed <\/a>per m\u00e9s informaci\u00f3.<\/li>\n<\/ul>\n<p>Bloquejar l\u2019\u00fas de les cookies en la vostra navegaci\u00f3 pot fer que alguns serveis o caracter\u00edstiques del lloc web no estiguin disponibles.<\/p>\n<p>[\/et_pb_text][\/et_pb_column][\/et_pb_row][\/et_pb_section]<\/p>\n","protected":false},"excerpt":{"rendered":"<p>Qu\u00e8 \u00e9s una cookie?Les cookies s\u00f3n petits arxius de text que s\u2019envien al dispositiu quan visiteu un lloc web. Les cookies s\u00f3n retornades al lloc web d\u2019origen cada cop que [&hellip;]<\/p>\n","protected":false},"author":2,"featured_media":0,"parent":0,"menu_order":0,"comment_status":"closed","ping_status":"closed","template":"","meta":{"_acf_changed":false,"_et_pb_use_builder":"on","_et_pb_old_content":"","_et_gb_content_width":"","footnotes":"","_links_to":"","_links_to_target":""},"class_list":["post-11227","page","type-page","status-publish","hentry"],"acf":[],"_links":{"self":[{"href":"https:\/\/aims.cat\/ca\/wp-json\/wp\/v2\/pages\/11227","targetHints":{"allow":["GET"]}}],"collection":[{"href":"https:\/\/aims.cat\/ca\/wp-json\/wp\/v2\/pages"}],"about":[{"href":"https:\/\/aims.cat\/ca\/wp-json\/wp\/v2\/types\/page"}],"author":[{"embeddable":true,"href":"https:\/\/aims.cat\/ca\/wp-json\/wp\/v2\/users\/2"}],"replies":[{"embeddable":true,"href":"https:\/\/aims.cat\/ca\/wp-json\/wp\/v2\/comments?post=11227"}],"version-history":[{"count":5,"href":"https:\/\/aims.cat\/ca\/wp-json\/wp\/v2\/pages\/11227\/revisions"}],"predecessor-version":[{"id":11249,"href":"https:\/\/aims.cat\/ca\/wp-json\/wp\/v2\/pages\/11227\/revisions\/11249"}],"wp:attachment":[{"href":"https:\/\/aims.cat\/ca\/wp-json\/wp\/v2\/media?parent=11227"}],"curies":[{"name":"wp","href":"https:\/\/api.w.org\/{rel}","templated":true}]}}