{"id":1123,"date":"2016-02-15T06:00:06","date_gmt":"2016-02-15T06:00:06","guid":{"rendered":"https:\/\/aims.cat\/ca\/conditions-of-use\/"},"modified":"2016-02-22T07:03:57","modified_gmt":"2016-02-22T07:03:57","slug":"condicions-dus","status":"publish","type":"page","link":"https:\/\/aims.cat\/ca\/condicions-dus\/","title":{"rendered":"Condicions d&#8217;us"},"content":{"rendered":"<p>[et_pb_section admin_label=&#8221;section&#8221;][et_pb_row admin_label=&#8221;row&#8221;][et_pb_column type=&#8221;1_4&#8243;][et_pb_post_title admin_label=&#8221;T\u00edtulo de publicaci\u00f3n&#8221; title=&#8221;on&#8221; meta=&#8221;off&#8221; author=&#8221;on&#8221; date=&#8221;on&#8221; categories=&#8221;on&#8221; comments=&#8221;on&#8221; featured_image=&#8221;off&#8221; featured_placement=&#8221;below&#8221; parallax_effect=&#8221;on&#8221; parallax_method=&#8221;on&#8221; text_orientation=&#8221;left&#8221; text_color=&#8221;light&#8221; text_background=&#8221;on&#8221; text_bg_color=&#8221;#ea4951&#8243; module_bg_color=&#8221;rgba(255,255,255,0)&#8221; title_all_caps=&#8221;off&#8221; meta_font_size=&#8221;14&#8243; use_border_color=&#8221;off&#8221; border_color=&#8221;#ffffff&#8221; border_style=&#8221;solid&#8221;] [\/et_pb_post_title][\/et_pb_column][et_pb_column type=&#8221;3_4&#8243;][et_pb_text admin_label=&#8221;Texto&#8221; background_layout=&#8221;light&#8221; text_orientation=&#8221;left&#8221; use_border_color=&#8221;off&#8221; border_color=&#8221;#ffffff&#8221; border_style=&#8221;solid&#8221;]<\/p>\n<h4>Nota sobre responsabilitat<\/h4>\n<p>Les dades i tota la informaci\u00f3 continguts a les nostres p\u00e0gines d&#8217;Internet han estat recopilats amb la m\u00e0xima dilig\u00e8ncia possible. No obstant aix\u00f2, la\u00a0Fundaci\u00f3 de l\u2019Acad\u00e8mia Internacional de M\u00fasica de Solsona \u2013 AIMS Fundaci\u00f3 no es fa responsable de la correcci\u00f3, integritat i actualitat dels mateixos. Tampoc ens fem responsables dels continguts de les p\u00e0gines d&#8217;Internet operades per tercers a les quals es faci refer\u00e8ncia en aquesta p\u00e0gina.<\/p>\n<h4>Drets d&#8217;autor<\/h4>\n<p>El contingut, el disseny i l&#8217;estructura d&#8217;aquesta p\u00e0gina web estan emparats pels drets d&#8217;autor. Reservats tots els drets. Queda prohibit qualsevol tipus d&#8217;\u00fas o ocupaci\u00f3, ja sigui total o parcial, de la informaci\u00f3 i les dades (text, imatges, gr\u00e0fics, \u00e0udios, v\u00eddeos o animacions) continguts a la p\u00e0gina web sense l&#8217;autoritzaci\u00f3 pr\u00e8via per escrit de la Fundaci\u00f3 de l\u2019Acad\u00e8mia Internacional de M\u00fasica de Solsona \u2013 AIMS Fundaci\u00f3.<\/p>\n<h4>\u00das de les fotografies i els v\u00eddeos de premsa<\/h4>\n<p>Es permet l&#8217;\u00fas de les imatges i els v\u00eddeos de premsa per a finalitats editorials. Els drets d&#8217;\u00fas i d&#8217;explotaci\u00f3 emparats pels drets d&#8217;autor s\u00f3n propietat de la Fundaci\u00f3 de l\u2019Acad\u00e8mia Internacional de M\u00fasica de Solsona \u2013 AIMS Fundaci\u00f3, tret que s&#8217;indiqui de manera expressa un altre titular. La incorporaci\u00f3 d&#8217;imatges a un arxiu de manera electr\u00f2nica\/manual no altera la vig\u00e8ncia en tot el seu abast de tots els drets d&#8217;autor. Les imatges utilitzades, modificades, reprodu\u00efdes i\/o alterades electr\u00f2nicament han d&#8217;incloure la indicaci\u00f3 de la font (\u00a9AIMS Fundaci\u00f3). Queda prohibida la seva cessi\u00f3 a tercers per a finalitats comercials \u2013tamb\u00e9 en cas d&#8217;haver estat editades electr\u00f2nicament. La impressi\u00f3\/publicaci\u00f3 de les fotografies es realitza de manera gratu\u00efta. No obstant aix\u00f2, en el cas dels mitjans impresos sol\u00b7licitem una c\u00f2pia de la publicaci\u00f3 i, si es tracta d&#8217;un v\u00eddeo o un mitj\u00e0 electr\u00f2nic, una notificaci\u00f3 breu.<\/p>\n<p><strong>Fundaci\u00f3 de l\u2019Acad\u00e8mia Internacional de M\u00fasica de Solsona \u2013 AIMS Fundaci\u00f3<\/strong><br \/>\nEmail: <a href=\"mailto:info@aimsfundacio.cat\">info@aimsfundacio.cat<\/a><\/p>\n<p>[\/et_pb_text][\/et_pb_column][\/et_pb_row][\/et_pb_section]<\/p>\n","protected":false},"excerpt":{"rendered":"<p>Nota sobre responsabilitat Les dades i tota la informaci\u00f3 continguts a les nostres p\u00e0gines d&#8217;Internet han estat recopilats amb la m\u00e0xima dilig\u00e8ncia possible. No obstant aix\u00f2, la\u00a0Fundaci\u00f3 de l\u2019Acad\u00e8mia Internacional [&hellip;]<\/p>\n","protected":false},"author":2,"featured_media":0,"parent":0,"menu_order":0,"comment_status":"closed","ping_status":"closed","template":"","meta":{"_acf_changed":false,"_et_pb_use_builder":"on","_et_pb_old_content":"","_et_gb_content_width":"","footnotes":"","_links_to":"","_links_to_target":""},"class_list":["post-1123","page","type-page","status-publish","hentry"],"acf":[],"_links":{"self":[{"href":"https:\/\/aims.cat\/ca\/wp-json\/wp\/v2\/pages\/1123","targetHints":{"allow":["GET"]}}],"collection":[{"href":"https:\/\/aims.cat\/ca\/wp-json\/wp\/v2\/pages"}],"about":[{"href":"https:\/\/aims.cat\/ca\/wp-json\/wp\/v2\/types\/page"}],"author":[{"embeddable":true,"href":"https:\/\/aims.cat\/ca\/wp-json\/wp\/v2\/users\/2"}],"replies":[{"embeddable":true,"href":"https:\/\/aims.cat\/ca\/wp-json\/wp\/v2\/comments?post=1123"}],"version-history":[{"count":0,"href":"https:\/\/aims.cat\/ca\/wp-json\/wp\/v2\/pages\/1123\/revisions"}],"wp:attachment":[{"href":"https:\/\/aims.cat\/ca\/wp-json\/wp\/v2\/media?parent=1123"}],"curies":[{"name":"wp","href":"https:\/\/api.w.org\/{rel}","templated":true}]}}