{"id":13916,"date":"2022-06-28T14:50:27","date_gmt":"2022-06-28T14:50:27","guid":{"rendered":"https:\/\/aims.cat\/?page_id=13916"},"modified":"2022-06-30T17:39:05","modified_gmt":"2022-06-30T17:39:05","slug":"cecilia-bercovich","status":"publish","type":"page","link":"https:\/\/aims.cat\/ca\/aims-academia\/professorat\/cecilia-bercovich\/","title":{"rendered":"Cecilia Bercovich"},"content":{"rendered":"<p>[et_pb_section fb_built=&#8221;1&#8243; custom_padding_last_edited=&#8221;on|desktop&#8221; _builder_version=&#8221;3.22&#8243; custom_padding_tablet=&#8221;50px|0|50px|0&#8243; custom_padding_phone=&#8221;&#8221; custom_css_main_element=&#8221;padding-bottom:0px;&#8221; transparent_background=&#8221;off&#8221; padding_mobile=&#8221;off&#8221;][et_pb_row _builder_version=&#8221;3.25&#8243; background_size=&#8221;initial&#8221; background_position=&#8221;top_left&#8221; background_repeat=&#8221;repeat&#8221;][et_pb_column type=&#8221;4_4&#8243; _builder_version=&#8221;3.25&#8243; custom_padding=&#8221;|||&#8221; custom_padding__hover=&#8221;|||&#8221;][et_pb_post_title meta=&#8221;off&#8221; featured_image=&#8221;off&#8221; text_color=&#8221;light&#8221; text_background=&#8221;on&#8221; text_bg_color=&#8221;#222222&#8243; admin_label=&#8221;T\u00edtulo de publicaci\u00f3n&#8221; _builder_version=&#8221;3.0.74&#8243; title_font_size=&#8221;18px&#8221; title_all_caps=&#8221;off&#8221; background_color=&#8221;rgba(255,255,255,0)&#8221; parallax=&#8221;on&#8221; parallax_method=&#8221;off&#8221; parallax_effect=&#8221;on&#8221; module_bg_color=&#8221;rgba(255,255,255,0)&#8221;][\/et_pb_post_title][\/et_pb_column][\/et_pb_row][\/et_pb_section][et_pb_section fb_built=&#8221;1&#8243; custom_padding_last_edited=&#8221;on|desktop&#8221; _builder_version=&#8221;3.22&#8243; custom_padding_tablet=&#8221;50px|0|50px|0&#8243; custom_padding_phone=&#8221;&#8221; custom_css_main_element=&#8221;padding-top:0px;&#8221; transparent_background=&#8221;off&#8221; padding_mobile=&#8221;off&#8221;][et_pb_row column_structure=&#8221;2_3,1_3&#8243; _builder_version=&#8221;3.25&#8243; background_size=&#8221;initial&#8221; background_position=&#8221;top_left&#8221; background_repeat=&#8221;repeat&#8221;][et_pb_column type=&#8221;2_3&#8243; _builder_version=&#8221;3.25&#8243; custom_padding=&#8221;|||&#8221; custom_padding__hover=&#8221;|||&#8221;][et_pb_image src=&#8221;https:\/\/aims.cat\/wp-content\/uploads\/2022\/06\/thumbnail_2-Cecilia-Bercovich-2022-.jpg&#8221; title_text=&#8221;thumbnail_2 Cecilia Bercovich 2022&#8243; show_in_lightbox=&#8221;on&#8221; align_tablet=&#8221;center&#8221; align_phone=&#8221;&#8221; align_last_edited=&#8221;on|desktop&#8221; _builder_version=&#8221;4.9.4&#8243; animation_direction=&#8221;off&#8221; animation=&#8221;off&#8221;][\/et_pb_image][\/et_pb_column][et_pb_column type=&#8221;1_3&#8243; _builder_version=&#8221;3.25&#8243; custom_padding=&#8221;|||&#8221; custom_padding__hover=&#8221;|||&#8221;][et_pb_button button_url=&#8221;https:\/\/aims.cat\/ca\/aims-academia\/inscripcio-pagament\/&#8221; button_text=&#8221;Registration form&#8221; button_alignment=&#8221;left&#8221; _builder_version=&#8221;4.9.4&#8243; custom_button=&#8221;on&#8221; button_text_size=&#8221;13&#8243; button_text_color=&#8221;#000000&#8243; button_bg_color=&#8221;#eeeeee&#8221; button_border_color=&#8221;#eeeeee&#8221; button_icon=&#8221;%%75%%&#8221; button_icon_placement=&#8221;left&#8221; button_on_hover=&#8221;off&#8221; button_text_size_last_edited=&#8221;off|desktop&#8221; button_text_color_hover=&#8221;#ffffff&#8221; button_border_color_hover=&#8221;#ea4951&#8243; button_bg_color_hover=&#8221;#ea4951&#8243; button_text_size__hover_enabled=&#8221;off&#8221; button_one_text_size__hover_enabled=&#8221;off&#8221; button_two_text_size__hover_enabled=&#8221;off&#8221; button_text_color__hover_enabled=&#8221;on&#8221; button_text_color__hover=&#8221;#ffffff&#8221; button_one_text_color__hover_enabled=&#8221;off&#8221; button_two_text_color__hover_enabled=&#8221;off&#8221; button_border_width__hover_enabled=&#8221;off&#8221; button_one_border_width__hover_enabled=&#8221;off&#8221; button_two_border_width__hover_enabled=&#8221;off&#8221; button_border_color__hover_enabled=&#8221;on&#8221; button_border_color__hover=&#8221;#ea4951&#8243; button_one_border_color__hover_enabled=&#8221;off&#8221; button_two_border_color__hover_enabled=&#8221;off&#8221; button_border_radius__hover_enabled=&#8221;off&#8221; button_one_border_radius__hover_enabled=&#8221;off&#8221; button_two_border_radius__hover_enabled=&#8221;off&#8221; button_letter_spacing__hover_enabled=&#8221;off&#8221; button_one_letter_spacing__hover_enabled=&#8221;off&#8221; button_two_letter_spacing__hover_enabled=&#8221;off&#8221; button_bg_color__hover_enabled=&#8221;on&#8221; button_bg_color__hover=&#8221;#ea4951&#8243; button_one_bg_color__hover_enabled=&#8221;off&#8221; button_two_bg_color__hover_enabled=&#8221;off&#8221;][\/et_pb_button][et_pb_text admin_label=&#8221;Highlights&#8221; module_class=&#8221;highlights&#8221; _builder_version=&#8221;4.9.4&#8243; background_size=&#8221;initial&#8221; background_position=&#8221;top_left&#8221; background_repeat=&#8221;repeat&#8221; module_alignment=&#8221;left&#8221; hover_enabled=&#8221;0&#8243; sticky_enabled=&#8221;0&#8243;]<\/p>\n<h3>Viola<\/h3>\n<h3>Centre Superior Katarina Gurska de Madrid<\/h3>\n<h3>AIMS Academy O4-16\/O8\/2O22<\/h3>\n<p>[\/et_pb_text][\/et_pb_column][\/et_pb_row][et_pb_row _builder_version=&#8221;4.4.9&#8243;][et_pb_column type=&#8221;4_4&#8243; _builder_version=&#8221;4.4.9&#8243;][et_pb_text _builder_version=&#8221;4.9.4&#8243;]<\/p>\n<ul>\n<li>Individual master classes for viola<\/li>\n<li>Audition training<\/li>\n<li>Opportunities to perform on stage as a soloist or in chamber groups<\/li>\n<li>Selected students will experience the Festival Orchestra\u00a0<\/li>\n<\/ul>\n<p>&nbsp;<\/p>\n<p>[\/et_pb_text][et_pb_text admin_label=&#8221;Texto&#8221; _builder_version=&#8221;4.9.4&#8243; background_size=&#8221;initial&#8221; background_position=&#8221;top_left&#8221; background_repeat=&#8221;repeat&#8221; module_alignment=&#8221;left&#8221;]<\/p>\n<p class=\"x_MsoNormal\"><span lang=\"CA\">Nascuda a Madrid, Cecilia Bercovich \u00e9s una int\u00e8rpret molt vers\u00e0til de viol\u00ed, viola i viola d\u2019amore. Mantenint un itinerari musical molt variat, ha actuat com a concertino i l\u00edder de secci\u00f3 sota la direcci\u00f3 dels mestres Pierre Boulez, Riccardo Chailly, Matthias Pintscher, Heinz Holliger i Krzysztof Penderecki als festivals de Lucerna, Salzburg i el Wagner Festpiele de Bayreuth, entre altres. La m\u00fasica de cambra i la improvisaci\u00f3 ocupen gran part de la seva traject\u00f2ria art\u00edstica, en qu\u00e8 ha col\u00b7laborat amb Maria Jo\u00e3o Pires, Sabine Meyer, Asier Polo, Cristina Montes o Lucy Shelton. Entusiasta de les idees del nostre temps, els seus programes de concert tenen un indubtable sentit creatiu i inclouen, sovint, transcripcions pr\u00f2pies i estrenes.<\/span><\/p>\n<p class=\"x_MsoNormal\"><span lang=\"CA\">Formada amb V\u00edctor Bercovich, es va graduar m\u00e9s endavant en viol\u00ed i viola amb Matr\u00edcula d&#8217;Honor al Musikene i ha estat alumna d&#8217;Isaac Stern i Itzhak Perlman. Molt involucrada en nombrosos projectes educatius orquestrals, la Cecilia \u00e9s, a m\u00e9s, professora del Conservatori Superior de M\u00fasica d&#8217;Arag\u00f3 i del Centre Superior Katarina Gurska de Madrid. Integra els ensembles Meitar (Tel Aviv) i Variances (Par\u00eds), sent tamb\u00e9 artista associada del Quantum de Tenerife.<\/span><\/p>\n<p class=\"x_MsoNormal\"><span lang=\"CA\">Ha enregistrat en prim\u00edcia nombroses obres de cambra i concerts instrumentals per a Deutsche Grammophon, Naxos i IBS entre altres segells discogr\u00e0fics. Aquesta temporada dirigeix \u200b\u200b\u201cEl Sobre Verde\u201d al Teatre de la Zarzuela i col\u00b7labora com a concertino de l&#8217;Orquestra Simf\u00f2nica de Navarra i \u00e9s co-curadora del Festival Forward. Aquest estiu, torna al Festival de Lucerna i actuar\u00e0 per primera vegada al Malta International Summer Festival i a Les Musicales de Normandie.<\/span><\/p>\n<p>[\/et_pb_text][\/et_pb_column][\/et_pb_row][\/et_pb_section]<\/p>\n","protected":false},"excerpt":{"rendered":"<p>Viola Centre Superior Katarina Gurska de Madrid AIMS Academy O4-16\/O8\/2O22 Individual master classes for viola Audition training Opportunities to perform on stage as a soloist or in chamber groups Selected [&hellip;]<\/p>\n","protected":false},"author":2,"featured_media":0,"parent":1465,"menu_order":0,"comment_status":"closed","ping_status":"closed","template":"","meta":{"_acf_changed":false,"_et_pb_use_builder":"on","_et_pb_old_content":"","_et_gb_content_width":"","footnotes":"","_links_to":"","_links_to_target":""},"class_list":["post-13916","page","type-page","status-publish","hentry"],"acf":[],"_links":{"self":[{"href":"https:\/\/aims.cat\/ca\/wp-json\/wp\/v2\/pages\/13916","targetHints":{"allow":["GET"]}}],"collection":[{"href":"https:\/\/aims.cat\/ca\/wp-json\/wp\/v2\/pages"}],"about":[{"href":"https:\/\/aims.cat\/ca\/wp-json\/wp\/v2\/types\/page"}],"author":[{"embeddable":true,"href":"https:\/\/aims.cat\/ca\/wp-json\/wp\/v2\/users\/2"}],"replies":[{"embeddable":true,"href":"https:\/\/aims.cat\/ca\/wp-json\/wp\/v2\/comments?post=13916"}],"version-history":[{"count":5,"href":"https:\/\/aims.cat\/ca\/wp-json\/wp\/v2\/pages\/13916\/revisions"}],"predecessor-version":[{"id":13956,"href":"https:\/\/aims.cat\/ca\/wp-json\/wp\/v2\/pages\/13916\/revisions\/13956"}],"up":[{"embeddable":true,"href":"https:\/\/aims.cat\/ca\/wp-json\/wp\/v2\/pages\/1465"}],"wp:attachment":[{"href":"https:\/\/aims.cat\/ca\/wp-json\/wp\/v2\/media?parent=13916"}],"curies":[{"name":"wp","href":"https:\/\/api.w.org\/{rel}","templated":true}]}}