{"id":13959,"date":"2022-07-09T18:18:17","date_gmt":"2022-07-09T18:18:17","guid":{"rendered":"https:\/\/aims.cat\/?page_id=13959"},"modified":"2025-11-11T10:30:38","modified_gmt":"2025-11-11T10:30:38","slug":"astrid-steinschaden","status":"publish","type":"page","link":"https:\/\/aims.cat\/ca\/aims-academia\/professorat\/astrid-steinschaden\/","title":{"rendered":"Astrid Steinschaden"},"content":{"rendered":"<p>[et_pb_section fb_built=&#8221;1&#8243; custom_padding_last_edited=&#8221;on|desktop&#8221; _builder_version=&#8221;4.16&#8243; custom_padding_tablet=&#8221;50px|0|50px|0&#8243; custom_padding_phone=&#8221;&#8221; custom_css_main_element=&#8221;padding-bottom:0px;&#8221; transparent_background=&#8221;off&#8221; padding_mobile=&#8221;off&#8221; global_colors_info=&#8221;{}&#8221;][et_pb_row _builder_version=&#8221;4.16&#8243; background_size=&#8221;initial&#8221; background_position=&#8221;top_left&#8221; background_repeat=&#8221;repeat&#8221; global_colors_info=&#8221;{}&#8221;][et_pb_column type=&#8221;4_4&#8243; _builder_version=&#8221;4.16&#8243; custom_padding=&#8221;|||&#8221; global_colors_info=&#8221;{}&#8221; custom_padding__hover=&#8221;|||&#8221;][et_pb_post_title meta=&#8221;off&#8221; featured_image=&#8221;off&#8221; text_color=&#8221;light&#8221; text_background=&#8221;on&#8221; text_bg_color=&#8221;#222222&#8243; admin_label=&#8221;T\u00edtulo de publicaci\u00f3n&#8221; _builder_version=&#8221;4.16&#8243; title_font_size=&#8221;18px&#8221; title_all_caps=&#8221;off&#8221; background_color=&#8221;rgba(255,255,255,0)&#8221; parallax=&#8221;on&#8221; parallax_method=&#8221;off&#8221; parallax_effect=&#8221;on&#8221; module_bg_color=&#8221;rgba(255,255,255,0)&#8221; global_colors_info=&#8221;{}&#8221;]<\/p>\n<p>\n&nbsp;<\/p>\n<p>[\/et_pb_post_title][\/et_pb_column][\/et_pb_row][\/et_pb_section][et_pb_section fb_built=&#8221;1&#8243; custom_padding_last_edited=&#8221;on|desktop&#8221; _builder_version=&#8221;4.16&#8243; custom_padding_tablet=&#8221;50px|0|50px|0&#8243; custom_padding_phone=&#8221;&#8221; custom_css_main_element=&#8221;padding-top:0px;&#8221; transparent_background=&#8221;off&#8221; padding_mobile=&#8221;off&#8221; global_colors_info=&#8221;{}&#8221;][et_pb_row column_structure=&#8221;1_2,1_2&#8243; _builder_version=&#8221;4.27.0&#8243; background_size=&#8221;initial&#8221; background_position=&#8221;top_left&#8221; background_repeat=&#8221;repeat&#8221; custom_margin=&#8221;|auto|-72px|auto||&#8221; global_colors_info=&#8221;{}&#8221;][et_pb_column type=&#8221;1_2&#8243; _builder_version=&#8221;4.16&#8243; custom_padding=&#8221;|||&#8221; global_colors_info=&#8221;{}&#8221; custom_padding__hover=&#8221;|||&#8221;][et_pb_image src=&#8221;https:\/\/aims.cat\/wp-content\/uploads\/2025\/11\/Astrid-Steinshcaden.jpg&#8221; title_text=&#8221;Astrid Steinshcaden&#8221; show_in_lightbox=&#8221;on&#8221; align_tablet=&#8221;center&#8221; align_phone=&#8221;&#8221; align_last_edited=&#8221;on|desktop&#8221; _builder_version=&#8221;4.27.0&#8243; always_center_on_mobile=&#8221;on&#8221; global_colors_info=&#8221;{}&#8221;]<\/p>\n<p>\n&nbsp;<\/p>\n<p>[\/et_pb_image][\/et_pb_column][et_pb_column type=&#8221;1_2&#8243; _builder_version=&#8221;4.16&#8243; custom_padding=&#8221;|||&#8221; global_colors_info=&#8221;{}&#8221; custom_padding__hover=&#8221;|||&#8221;][et_pb_text admin_label=&#8221;Texto&#8221; _builder_version=&#8221;4.16&#8243; background_size=&#8221;initial&#8221; background_position=&#8221;top_left&#8221; background_repeat=&#8221;repeat&#8221; global_colors_info=&#8221;{}&#8221;]<\/p>\n<p style=\"text-align: justify;\">La pianista austr\u00edaca Astrid Steinschaden neix a Salzburg on rep la seva formaci\u00f3 musical amb els professors Anton Czjzek, Karl-Heinz K\u00e4mmerling i Cordelia H\u00f6fer-Teutsch. Aviat s\u2019especialitza en m\u00fasica de cambra en totes les formacions possibles, i en l\u2019acompanyament instrumental i vocal amb una gran varietat de repertori. Rep consells valuosos i assisteix a classes magistrals de Sergei Dorensky, Stanislav Pochekin i Elisabeth Leonskaya, entre d\u2019altres.<\/p>\n<p style=\"text-align: justify;\">Realitza concerts en sales europees i estatunidenques tan destacades com la Filharmonia de Berl\u00edn, el Palau de la M\u00fasica Catalana, el Gran Teatre del Liceu, el Mozarteum de Salzburg o el Conservatori de Sant Petersburg.<\/p>\n<p style=\"text-align: justify;\">\u00c9s guardonada amb diversos premis de concursos nacionals i internacionals com a solista per\u00f2 tamb\u00e9 com a pianista acompanyant.<\/p>\n<p style=\"text-align: justify;\">\n<p>[\/et_pb_text][\/et_pb_column][\/et_pb_row][et_pb_row _builder_version=&#8221;4.27.0&#8243; _module_preset=&#8221;default&#8221; global_colors_info=&#8221;{}&#8221;][et_pb_column type=&#8221;4_4&#8243; _builder_version=&#8221;4.27.0&#8243; _module_preset=&#8221;default&#8221; global_colors_info=&#8221;{}&#8221;][et_pb_text _builder_version=&#8221;4.27.0&#8243; _module_preset=&#8221;default&#8221; global_colors_info=&#8221;{}&#8221;]<\/p>\n<p style=\"text-align: justify;\">Actualment, \u00e9s col\u00b7laboradora habitual del Gran Teatre del Liceu i l\u2019orquestra OBC, i compagina les seves actuacions amb la pedagogia a l\u2019Escola Superior de M\u00fasica de Barcelona (ESMUC), amb una extensa activitat art\u00edstica. Regularment, acompanya classes magistrals instrumentals i vocals amb professors de la talla de Luciana Serra, Nelly Miriciouou, Gustav Rivinius, Gary Hoffman, Maria de Macedo, Amir Eldan, entre molts altres.<\/p>\n<p>[\/et_pb_text][\/et_pb_column][\/et_pb_row][\/et_pb_section]<\/p>\n","protected":false},"excerpt":{"rendered":"<p>&nbsp; &nbsp; La pianista austr\u00edaca Astrid Steinschaden neix a Salzburg on rep la seva formaci\u00f3 musical amb els professors Anton Czjzek, Karl-Heinz K\u00e4mmerling i Cordelia H\u00f6fer-Teutsch. Aviat s\u2019especialitza en m\u00fasica [&hellip;]<\/p>\n","protected":false},"author":2,"featured_media":0,"parent":1465,"menu_order":0,"comment_status":"closed","ping_status":"closed","template":"","meta":{"_acf_changed":false,"_et_pb_use_builder":"on","_et_pb_old_content":"","_et_gb_content_width":"","footnotes":"","_links_to":"","_links_to_target":""},"class_list":["post-13959","page","type-page","status-publish","hentry"],"acf":[],"_links":{"self":[{"href":"https:\/\/aims.cat\/ca\/wp-json\/wp\/v2\/pages\/13959","targetHints":{"allow":["GET"]}}],"collection":[{"href":"https:\/\/aims.cat\/ca\/wp-json\/wp\/v2\/pages"}],"about":[{"href":"https:\/\/aims.cat\/ca\/wp-json\/wp\/v2\/types\/page"}],"author":[{"embeddable":true,"href":"https:\/\/aims.cat\/ca\/wp-json\/wp\/v2\/users\/2"}],"replies":[{"embeddable":true,"href":"https:\/\/aims.cat\/ca\/wp-json\/wp\/v2\/comments?post=13959"}],"version-history":[{"count":6,"href":"https:\/\/aims.cat\/ca\/wp-json\/wp\/v2\/pages\/13959\/revisions"}],"predecessor-version":[{"id":17890,"href":"https:\/\/aims.cat\/ca\/wp-json\/wp\/v2\/pages\/13959\/revisions\/17890"}],"up":[{"embeddable":true,"href":"https:\/\/aims.cat\/ca\/wp-json\/wp\/v2\/pages\/1465"}],"wp:attachment":[{"href":"https:\/\/aims.cat\/ca\/wp-json\/wp\/v2\/media?parent=13959"}],"curies":[{"name":"wp","href":"https:\/\/api.w.org\/{rel}","templated":true}]}}