{"id":1412,"date":"2016-01-27T09:42:59","date_gmt":"2016-01-27T09:42:59","guid":{"rendered":"https:\/\/aims.cat\/ca\/andriy-viytovych\/"},"modified":"2022-01-14T17:27:23","modified_gmt":"2022-01-14T17:27:23","slug":"andriy-viytovych","status":"publish","type":"page","link":"https:\/\/aims.cat\/ca\/aims-academia\/professorat\/andriy-viytovych\/","title":{"rendered":"Andriy Viytovych"},"content":{"rendered":"<p>[et_pb_section fb_built=&#8221;1&#8243; custom_padding_last_edited=&#8221;on|desktop&#8221; _builder_version=&#8221;3.22&#8243; custom_padding_tablet=&#8221;50px|0|50px|0&#8243; custom_padding_phone=&#8221;&#8221; custom_css_main_element=&#8221;padding-bottom:0px;&#8221; transparent_background=&#8221;off&#8221; padding_mobile=&#8221;off&#8221;][et_pb_row _builder_version=&#8221;3.25&#8243; background_size=&#8221;initial&#8221; background_position=&#8221;top_left&#8221; background_repeat=&#8221;repeat&#8221;][et_pb_column type=&#8221;4_4&#8243; _builder_version=&#8221;3.25&#8243; custom_padding=&#8221;|||&#8221; custom_padding__hover=&#8221;|||&#8221;][et_pb_post_title meta=&#8221;off&#8221; featured_image=&#8221;off&#8221; text_color=&#8221;light&#8221; text_background=&#8221;on&#8221; text_bg_color=&#8221;#222222&#8243; admin_label=&#8221;T\u00edtulo de publicaci\u00f3n&#8221; _builder_version=&#8221;3.0.74&#8243; title_font_size=&#8221;18px&#8221; title_all_caps=&#8221;off&#8221; background_color=&#8221;rgba(255,255,255,0)&#8221; parallax=&#8221;on&#8221; parallax_method=&#8221;off&#8221; parallax_effect=&#8221;on&#8221; module_bg_color=&#8221;rgba(255,255,255,0)&#8221;][\/et_pb_post_title][\/et_pb_column][\/et_pb_row][\/et_pb_section][et_pb_section fb_built=&#8221;1&#8243; custom_padding_last_edited=&#8221;on|desktop&#8221; _builder_version=&#8221;3.22&#8243; custom_padding_tablet=&#8221;50px|0|50px|0&#8243; custom_padding_phone=&#8221;&#8221; custom_css_main_element=&#8221;padding-top:0px;&#8221; transparent_background=&#8221;off&#8221; padding_mobile=&#8221;off&#8221;][et_pb_row column_structure=&#8221;2_3,1_3&#8243; _builder_version=&#8221;3.25&#8243; background_size=&#8221;initial&#8221; background_position=&#8221;top_left&#8221; background_repeat=&#8221;repeat&#8221;][et_pb_column type=&#8221;2_3&#8243; _builder_version=&#8221;3.25&#8243; custom_padding=&#8221;|||&#8221; custom_padding__hover=&#8221;|||&#8221;][et_pb_image src=&#8221;https:\/\/aims.cat\/wp-content\/uploads\/2016\/02\/Andriy-1101.jpg&#8221; title_text=&#8221;Andriy-1101&#8243; show_in_lightbox=&#8221;on&#8221; align_tablet=&#8221;center&#8221; align_phone=&#8221;&#8221; align_last_edited=&#8221;on|desktop&#8221; _builder_version=&#8221;4.9.4&#8243; animation_direction=&#8221;off&#8221; hover_enabled=&#8221;0&#8243; animation=&#8221;off&#8221; sticky_enabled=&#8221;0&#8243;][\/et_pb_image][\/et_pb_column][et_pb_column type=&#8221;1_3&#8243; _builder_version=&#8221;3.25&#8243; custom_padding=&#8221;|||&#8221; custom_padding__hover=&#8221;|||&#8221;][et_pb_button button_url=&#8221;https:\/\/aims.cat\/ca\/aims-academia\/inscripcio-pagament\/&#8221; button_text=&#8221;Formulari d&#8217;inscripci\u00f3&#8221; button_alignment=&#8221;left&#8221; _builder_version=&#8221;4.9.4&#8243; custom_button=&#8221;on&#8221; button_text_size=&#8221;13&#8243; button_text_color=&#8221;#000000&#8243; button_bg_color=&#8221;#eeeeee&#8221; button_border_color=&#8221;#eeeeee&#8221; button_icon=&#8221;%%75%%&#8221; button_icon_placement=&#8221;left&#8221; button_on_hover=&#8221;off&#8221; hover_enabled=&#8221;0&#8243; button_text_size_last_edited=&#8221;off|desktop&#8221; button_text_color_hover=&#8221;#ffffff&#8221; button_border_color_hover=&#8221;#ea4951&#8243; button_bg_color_hover=&#8221;#ea4951&#8243; button_text_size__hover_enabled=&#8221;off&#8221; button_one_text_size__hover_enabled=&#8221;off&#8221; button_two_text_size__hover_enabled=&#8221;off&#8221; button_text_color__hover_enabled=&#8221;on&#8221; button_text_color__hover=&#8221;#ffffff&#8221; button_one_text_color__hover_enabled=&#8221;off&#8221; button_two_text_color__hover_enabled=&#8221;off&#8221; button_border_width__hover_enabled=&#8221;off&#8221; button_one_border_width__hover_enabled=&#8221;off&#8221; button_two_border_width__hover_enabled=&#8221;off&#8221; button_border_color__hover_enabled=&#8221;on&#8221; button_border_color__hover=&#8221;#ea4951&#8243; button_one_border_color__hover_enabled=&#8221;off&#8221; button_two_border_color__hover_enabled=&#8221;off&#8221; button_border_radius__hover_enabled=&#8221;off&#8221; button_one_border_radius__hover_enabled=&#8221;off&#8221; button_two_border_radius__hover_enabled=&#8221;off&#8221; button_letter_spacing__hover_enabled=&#8221;off&#8221; button_one_letter_spacing__hover_enabled=&#8221;off&#8221; button_two_letter_spacing__hover_enabled=&#8221;off&#8221; button_bg_color__hover_enabled=&#8221;on&#8221; button_bg_color__hover=&#8221;#ea4951&#8243; button_one_bg_color__hover_enabled=&#8221;off&#8221; button_two_bg_color__hover_enabled=&#8221;off&#8221; sticky_enabled=&#8221;0&#8243;][\/et_pb_button][et_pb_text admin_label=&#8221;Highlights&#8221; module_class=&#8221;highlights&#8221; _builder_version=&#8221;4.9.4&#8243; background_size=&#8221;initial&#8221; background_position=&#8221;top_left&#8221; background_repeat=&#8221;repeat&#8221; module_alignment=&#8221;left&#8221; hover_enabled=&#8221;0&#8243; sticky_enabled=&#8221;0&#8243;]<\/p>\n<h3>Viola<\/h3>\n<h3>Viola solista a l\u2019Orquestra de la Comunitat Valenciana (OCV)\u00a0<\/h3>\n<h3>AIMS Acad\u00e8mia O4-16\/O8\/2O22<\/h3>\n<p>[\/et_pb_text][\/et_pb_column][\/et_pb_row][et_pb_row _builder_version=&#8221;4.4.9&#8243;][et_pb_column type=&#8221;4_4&#8243; _builder_version=&#8221;4.4.9&#8243;][et_pb_text _builder_version=&#8221;4.9.4&#8243;]<\/p>\n<ul>\n<li>Classes magistrals individuals per a viola<\/li>\n<li>Entrenament d\u2019audici\u00f3<\/li>\n<li>Oportunitats per actuar a l\u2019escenari com a solista o en grups de cambra<\/li>\n<li>Alumnes seleccionats experimentaran l\u2019Orquestra de Festival<\/li>\n<\/ul>\n<p>[\/et_pb_text][et_pb_text admin_label=&#8221;Texto&#8221; _builder_version=&#8221;3.27.4&#8243; background_size=&#8221;initial&#8221; background_position=&#8221;top_left&#8221; background_repeat=&#8221;repeat&#8221; module_alignment=&#8221;left&#8221;] Nascut a Ucra\u00efna, Andriy Viytovych va rebre la seva formaci\u00f3 musical al Conservatori de Lviv, Ucra\u00efna, i a l&#8217;Acad\u00e8mia Internacional de M\u00fasica Jehudi Menuhin de Su\u00efssa. Va tenir com a professors principals Alberto Lysy i Johannes Eskaer amb els quals va col\u00b7laborar com a int\u00e8rpret en nombrosos concerts i gravacions. Amb la Camerata Lysy va actuar a Su\u00efssa, Alemanya, It\u00e0lia, Espanya, Ucra\u00efna, Fran\u00e7a i l&#8217;Argentina. El 1996, Andriy Viytovych es va traslladar a Londres on s&#8217;incorpor\u00e0 a l&#8217;Orquestra Simf\u00f2nica de Londres com a solista de viola. Tamb\u00e9 va col\u00b7laborar com a viola solista amb l&#8217;Orquestra Simf\u00f2nica de la BBC, l&#8217;Orquestra de Cambra d&#8217;Esc\u00f2cia, i la Sinfonietta de Londres. Va tocar sota les batutes de Rostropovich, Pierre Boulez, Sir Colin Davis, Bernard Haitink i Sir Georg Solti, entre altres directors. L&#8217;entusiasme per la m\u00fasica de cambra va portar Andriy Viytovych a formar part de nombroses formacions d&#8217;aquest g\u00e8nere com ara la Camerata Lysy, la London Symphony Orchestra Chamber Players, el Razumovsky Ensemble i els Solistes de Covent Garden. L&#8217;any 2000 Andriy Viytovych va guanyar les oposicions per la pla\u00e7a de primer solista de l&#8217;Orquestra de l&#8217;\u00d2pera Reial Covent Garden de Londres. En la seva vessant pedag\u00f2gica, Andriy Viytovych exerceix de professor de grau superior del Royal College of Music de Londres.<br \/>\n[\/et_pb_text][\/et_pb_column][\/et_pb_row][\/et_pb_section]<\/p>\n","protected":false},"excerpt":{"rendered":"<p>Viola Viola solista a l\u2019Orquestra de la Comunitat Valenciana (OCV)\u00a0 AIMS Acad\u00e8mia O4-16\/O8\/2O22 Classes magistrals individuals per a viola Entrenament d\u2019audici\u00f3 Oportunitats per actuar a l\u2019escenari com a solista o [&hellip;]<\/p>\n","protected":false},"author":2,"featured_media":0,"parent":1465,"menu_order":0,"comment_status":"closed","ping_status":"closed","template":"","meta":{"_acf_changed":false,"_et_pb_use_builder":"on","_et_pb_old_content":"","_et_gb_content_width":"","footnotes":"","_links_to":"","_links_to_target":""},"class_list":["post-1412","page","type-page","status-publish","hentry"],"acf":[],"_links":{"self":[{"href":"https:\/\/aims.cat\/ca\/wp-json\/wp\/v2\/pages\/1412","targetHints":{"allow":["GET"]}}],"collection":[{"href":"https:\/\/aims.cat\/ca\/wp-json\/wp\/v2\/pages"}],"about":[{"href":"https:\/\/aims.cat\/ca\/wp-json\/wp\/v2\/types\/page"}],"author":[{"embeddable":true,"href":"https:\/\/aims.cat\/ca\/wp-json\/wp\/v2\/users\/2"}],"replies":[{"embeddable":true,"href":"https:\/\/aims.cat\/ca\/wp-json\/wp\/v2\/comments?post=1412"}],"version-history":[{"count":3,"href":"https:\/\/aims.cat\/ca\/wp-json\/wp\/v2\/pages\/1412\/revisions"}],"predecessor-version":[{"id":13023,"href":"https:\/\/aims.cat\/ca\/wp-json\/wp\/v2\/pages\/1412\/revisions\/13023"}],"up":[{"embeddable":true,"href":"https:\/\/aims.cat\/ca\/wp-json\/wp\/v2\/pages\/1465"}],"wp:attachment":[{"href":"https:\/\/aims.cat\/ca\/wp-json\/wp\/v2\/media?parent=1412"}],"curies":[{"name":"wp","href":"https:\/\/api.w.org\/{rel}","templated":true}]}}