{"id":14261,"date":"2022-11-12T17:09:14","date_gmt":"2022-11-12T17:09:14","guid":{"rendered":"https:\/\/aims.cat\/?page_id=14261"},"modified":"2022-11-15T09:58:02","modified_gmt":"2022-11-15T09:58:02","slug":"emilio-colon","status":"publish","type":"page","link":"https:\/\/aims.cat\/ca\/aims-academia\/professorat\/emilio-colon\/","title":{"rendered":"Emilio Col\u00f3n"},"content":{"rendered":"<p>[et_pb_section fb_built=&#8221;1&#8243; custom_padding_last_edited=&#8221;on|desktop&#8221; _builder_version=&#8221;4.16&#8243; custom_padding_tablet=&#8221;50px|0|50px|0&#8243; custom_padding_phone=&#8221;&#8221; custom_css_main_element=&#8221;padding-bottom:0px;&#8221; transparent_background=&#8221;off&#8221; padding_mobile=&#8221;off&#8221; global_colors_info=&#8221;{}&#8221;][et_pb_row _builder_version=&#8221;4.16&#8243; background_size=&#8221;initial&#8221; background_position=&#8221;top_left&#8221; background_repeat=&#8221;repeat&#8221; global_colors_info=&#8221;{}&#8221;][et_pb_column type=&#8221;4_4&#8243; _builder_version=&#8221;4.16&#8243; custom_padding=&#8221;|||&#8221; global_colors_info=&#8221;{}&#8221; custom_padding__hover=&#8221;|||&#8221;][et_pb_post_title meta=&#8221;off&#8221; featured_image=&#8221;off&#8221; text_color=&#8221;light&#8221; text_background=&#8221;on&#8221; text_bg_color=&#8221;#222222&#8243; admin_label=&#8221;T\u00edtulo de publicaci\u00f3n&#8221; _builder_version=&#8221;4.16&#8243; title_font_size=&#8221;18px&#8221; title_all_caps=&#8221;off&#8221; background_color=&#8221;rgba(255,255,255,0)&#8221; parallax=&#8221;on&#8221; parallax_effect=&#8221;on&#8221; module_bg_color=&#8221;rgba(255,255,255,0)&#8221; global_colors_info=&#8221;{}&#8221;][\/et_pb_post_title][\/et_pb_column][\/et_pb_row][\/et_pb_section][et_pb_section fb_built=&#8221;1&#8243; custom_padding_last_edited=&#8221;on|desktop&#8221; _builder_version=&#8221;4.16&#8243; custom_padding_tablet=&#8221;50px|0|50px|0&#8243; custom_padding_phone=&#8221;&#8221; custom_css_main_element=&#8221;padding-top:0px;&#8221; transparent_background=&#8221;off&#8221; padding_mobile=&#8221;off&#8221; global_colors_info=&#8221;{}&#8221;][et_pb_row column_structure=&#8221;2_3,1_3&#8243; _builder_version=&#8221;4.16&#8243; background_size=&#8221;initial&#8221; background_position=&#8221;top_left&#8221; background_repeat=&#8221;repeat&#8221; global_colors_info=&#8221;{}&#8221;][et_pb_column type=&#8221;2_3&#8243; _builder_version=&#8221;4.16&#8243; custom_padding=&#8221;|||&#8221; global_colors_info=&#8221;{}&#8221; custom_padding__hover=&#8221;|||&#8221;][et_pb_image src=&#8221;https:\/\/aims.cat\/wp-content\/uploads\/2022\/11\/EmilioColon-scaled.jpg&#8221; title_text=&#8221;OLYMPUS DIGITAL CAMERA&#8221; show_in_lightbox=&#8221;on&#8221; align_tablet=&#8221;center&#8221; align_phone=&#8221;&#8221; align_last_edited=&#8221;on|desktop&#8221; _builder_version=&#8221;4.18.0&#8243; z_index_tablet=&#8221;500&#8243; box_shadow_horizontal_tablet=&#8221;0px&#8221; box_shadow_vertical_tablet=&#8221;0px&#8221; box_shadow_blur_tablet=&#8221;40px&#8221; box_shadow_spread_tablet=&#8221;0px&#8221; global_colors_info=&#8221;{}&#8221;][\/et_pb_image][\/et_pb_column][et_pb_column type=&#8221;1_3&#8243; _builder_version=&#8221;4.16&#8243; custom_padding=&#8221;|||&#8221; global_colors_info=&#8221;{}&#8221; custom_padding__hover=&#8221;|||&#8221;][et_pb_button button_url=&#8221;https:\/\/aims.cat\/ca\/aims-academia\/formulari-inscripcio\/&#8221; button_text=&#8221;Registration form&#8221; button_alignment=&#8221;left&#8221; _builder_version=&#8221;4.19.0&#8243; custom_button=&#8221;on&#8221; button_text_size=&#8221;13px&#8221; button_text_color=&#8221;#000000&#8243; button_bg_color=&#8221;#eeeeee&#8221; button_border_color=&#8221;#eeeeee&#8221; button_icon=&#8221;&#x6c;||divi||400&#8243; button_icon_placement=&#8221;left&#8221; button_on_hover=&#8221;off&#8221; hover_enabled=&#8221;0&#8243; button_text_size_last_edited=&#8221;off|desktop&#8221; z_index_tablet=&#8221;500&#8243; button_text_shadow_horizontal_length_tablet=&#8221;0px&#8221; button_text_shadow_vertical_length_tablet=&#8221;0px&#8221; button_text_shadow_blur_strength_tablet=&#8221;1px&#8221; box_shadow_horizontal_tablet=&#8221;0px&#8221; box_shadow_vertical_tablet=&#8221;0px&#8221; box_shadow_blur_tablet=&#8221;40px&#8221; box_shadow_spread_tablet=&#8221;0px&#8221; button_text_color_hover=&#8221;#ffffff&#8221; button_border_color_hover=&#8221;#ea4951&#8243; button_bg_color_hover=&#8221;#ea4951&#8243; global_colors_info=&#8221;{}&#8221; button_text_size__hover_enabled=&#8221;off&#8221; button_text_size__hover=&#8221;null&#8221; button_one_text_size__hover_enabled=&#8221;off&#8221; button_one_text_size__hover=&#8221;null&#8221; button_two_text_size__hover_enabled=&#8221;off&#8221; button_two_text_size__hover=&#8221;null&#8221; button_text_color__hover_enabled=&#8221;on&#8221; button_text_color__hover=&#8221;#ffffff&#8221; button_one_text_color__hover_enabled=&#8221;off&#8221; button_one_text_color__hover=&#8221;null&#8221; button_two_text_color__hover_enabled=&#8221;off&#8221; button_two_text_color__hover=&#8221;null&#8221; button_border_width__hover_enabled=&#8221;off&#8221; button_border_width__hover=&#8221;null&#8221; button_one_border_width__hover_enabled=&#8221;off&#8221; button_one_border_width__hover=&#8221;null&#8221; button_two_border_width__hover_enabled=&#8221;off&#8221; button_two_border_width__hover=&#8221;null&#8221; button_border_color__hover_enabled=&#8221;on&#8221; button_border_color__hover=&#8221;#ea4951&#8243; button_one_border_color__hover_enabled=&#8221;off&#8221; button_one_border_color__hover=&#8221;null&#8221; button_two_border_color__hover_enabled=&#8221;off&#8221; button_two_border_color__hover=&#8221;null&#8221; button_border_radius__hover_enabled=&#8221;off&#8221; button_border_radius__hover=&#8221;null&#8221; button_one_border_radius__hover_enabled=&#8221;off&#8221; button_one_border_radius__hover=&#8221;null&#8221; button_two_border_radius__hover_enabled=&#8221;off&#8221; button_two_border_radius__hover=&#8221;null&#8221; button_letter_spacing__hover_enabled=&#8221;off&#8221; button_letter_spacing__hover=&#8221;null&#8221; button_one_letter_spacing__hover_enabled=&#8221;off&#8221; button_one_letter_spacing__hover=&#8221;null&#8221; button_two_letter_spacing__hover_enabled=&#8221;off&#8221; button_two_letter_spacing__hover=&#8221;null&#8221; button_bg_color__hover_enabled=&#8221;on&#8221; button_bg_color__hover=&#8221;#ea4951&#8243; button_one_bg_color__hover_enabled=&#8221;off&#8221; button_one_bg_color__hover=&#8221;null&#8221; button_two_bg_color__hover_enabled=&#8221;off&#8221; button_two_bg_color__hover=&#8221;null&#8221; sticky_enabled=&#8221;0&#8243;][\/et_pb_button][et_pb_text admin_label=&#8221;Highlights&#8221; module_class=&#8221;highlights&#8221; _builder_version=&#8221;4.18.0&#8243; background_size=&#8221;initial&#8221; background_position=&#8221;top_left&#8221; background_repeat=&#8221;repeat&#8221; z_index_tablet=&#8221;500&#8243; text_text_shadow_horizontal_length_tablet=&#8221;0px&#8221; text_text_shadow_vertical_length_tablet=&#8221;0px&#8221; text_text_shadow_blur_strength_tablet=&#8221;1px&#8221; link_text_shadow_horizontal_length_tablet=&#8221;0px&#8221; link_text_shadow_vertical_length_tablet=&#8221;0px&#8221; link_text_shadow_blur_strength_tablet=&#8221;1px&#8221; ul_text_shadow_horizontal_length_tablet=&#8221;0px&#8221; ul_text_shadow_vertical_length_tablet=&#8221;0px&#8221; ul_text_shadow_blur_strength_tablet=&#8221;1px&#8221; ol_text_shadow_horizontal_length_tablet=&#8221;0px&#8221; ol_text_shadow_vertical_length_tablet=&#8221;0px&#8221; ol_text_shadow_blur_strength_tablet=&#8221;1px&#8221; quote_text_shadow_horizontal_length_tablet=&#8221;0px&#8221; quote_text_shadow_vertical_length_tablet=&#8221;0px&#8221; quote_text_shadow_blur_strength_tablet=&#8221;1px&#8221; header_text_shadow_horizontal_length_tablet=&#8221;0px&#8221; header_text_shadow_vertical_length_tablet=&#8221;0px&#8221; header_text_shadow_blur_strength_tablet=&#8221;1px&#8221; header_2_text_shadow_horizontal_length_tablet=&#8221;0px&#8221; header_2_text_shadow_vertical_length_tablet=&#8221;0px&#8221; header_2_text_shadow_blur_strength_tablet=&#8221;1px&#8221; header_3_text_shadow_horizontal_length_tablet=&#8221;0px&#8221; header_3_text_shadow_vertical_length_tablet=&#8221;0px&#8221; header_3_text_shadow_blur_strength_tablet=&#8221;1px&#8221; header_4_text_shadow_horizontal_length_tablet=&#8221;0px&#8221; header_4_text_shadow_vertical_length_tablet=&#8221;0px&#8221; header_4_text_shadow_blur_strength_tablet=&#8221;1px&#8221; header_5_text_shadow_horizontal_length_tablet=&#8221;0px&#8221; header_5_text_shadow_vertical_length_tablet=&#8221;0px&#8221; header_5_text_shadow_blur_strength_tablet=&#8221;1px&#8221; header_6_text_shadow_horizontal_length_tablet=&#8221;0px&#8221; header_6_text_shadow_vertical_length_tablet=&#8221;0px&#8221; header_6_text_shadow_blur_strength_tablet=&#8221;1px&#8221; box_shadow_horizontal_tablet=&#8221;0px&#8221; box_shadow_vertical_tablet=&#8221;0px&#8221; box_shadow_blur_tablet=&#8221;40px&#8221; box_shadow_spread_tablet=&#8221;0px&#8221; global_colors_info=&#8221;{}&#8221;]<\/p>\n<h3>Cello<\/h3>\n<h3>Professor a la Jacobs School of Music a la Univesitat de Indiana<\/h3>\n<h3>AIMS Acad\u00e8mia O1-13\/O8\/2O23<\/h3>\n<p>[\/et_pb_text][\/et_pb_column][\/et_pb_row][et_pb_row _builder_version=&#8221;4.16&#8243; background_size=&#8221;initial&#8221; background_position=&#8221;top_left&#8221; background_repeat=&#8221;repeat&#8221; global_colors_info=&#8221;{}&#8221;][et_pb_column type=&#8221;4_4&#8243; _builder_version=&#8221;4.16&#8243; custom_padding=&#8221;|||&#8221; global_colors_info=&#8221;{}&#8221; custom_padding__hover=&#8221;|||&#8221;][et_pb_text _builder_version=&#8221;4.16&#8243; z_index_tablet=&#8221;500&#8243; text_text_shadow_horizontal_length_tablet=&#8221;0px&#8221; text_text_shadow_vertical_length_tablet=&#8221;0px&#8221; text_text_shadow_blur_strength_tablet=&#8221;1px&#8221; link_text_shadow_horizontal_length_tablet=&#8221;0px&#8221; link_text_shadow_vertical_length_tablet=&#8221;0px&#8221; link_text_shadow_blur_strength_tablet=&#8221;1px&#8221; ul_text_shadow_horizontal_length_tablet=&#8221;0px&#8221; ul_text_shadow_vertical_length_tablet=&#8221;0px&#8221; ul_text_shadow_blur_strength_tablet=&#8221;1px&#8221; ol_text_shadow_horizontal_length_tablet=&#8221;0px&#8221; ol_text_shadow_vertical_length_tablet=&#8221;0px&#8221; ol_text_shadow_blur_strength_tablet=&#8221;1px&#8221; quote_text_shadow_horizontal_length_tablet=&#8221;0px&#8221; quote_text_shadow_vertical_length_tablet=&#8221;0px&#8221; quote_text_shadow_blur_strength_tablet=&#8221;1px&#8221; header_text_shadow_horizontal_length_tablet=&#8221;0px&#8221; header_text_shadow_vertical_length_tablet=&#8221;0px&#8221; header_text_shadow_blur_strength_tablet=&#8221;1px&#8221; header_2_text_shadow_horizontal_length_tablet=&#8221;0px&#8221; header_2_text_shadow_vertical_length_tablet=&#8221;0px&#8221; header_2_text_shadow_blur_strength_tablet=&#8221;1px&#8221; header_3_text_shadow_horizontal_length_tablet=&#8221;0px&#8221; header_3_text_shadow_vertical_length_tablet=&#8221;0px&#8221; header_3_text_shadow_blur_strength_tablet=&#8221;1px&#8221; header_4_text_shadow_horizontal_length_tablet=&#8221;0px&#8221; header_4_text_shadow_vertical_length_tablet=&#8221;0px&#8221; header_4_text_shadow_blur_strength_tablet=&#8221;1px&#8221; header_5_text_shadow_horizontal_length_tablet=&#8221;0px&#8221; header_5_text_shadow_vertical_length_tablet=&#8221;0px&#8221; header_5_text_shadow_blur_strength_tablet=&#8221;1px&#8221; header_6_text_shadow_horizontal_length_tablet=&#8221;0px&#8221; header_6_text_shadow_vertical_length_tablet=&#8221;0px&#8221; header_6_text_shadow_blur_strength_tablet=&#8221;1px&#8221; box_shadow_horizontal_tablet=&#8221;0px&#8221; box_shadow_vertical_tablet=&#8221;0px&#8221; box_shadow_blur_tablet=&#8221;40px&#8221; box_shadow_spread_tablet=&#8221;0px&#8221; global_colors_info=&#8221;{}&#8221;]<\/p>\n<ul>\n<li class=\"MsoNormal\" style=\"line-height: 19.5pt; background: white; vertical-align: baseline;\"><span lang=\"EN-US\" style=\"font-size: 10.5pt; font-family: 'Arial',sans-serif; mso-fareast-font-family: 'Times New Roman'; color: #666666; mso-ansi-language: EN-US; mso-fareast-language: DE-AT;\">Individual master classes for cello<\/span><\/li>\n<li class=\"MsoNormal\" style=\"line-height: 19.5pt; background: white; vertical-align: baseline;\"><span lang=\"EN-US\" style=\"font-size: 10.5pt; font-family: 'Arial',sans-serif; mso-fareast-font-family: 'Times New Roman'; color: #666666; mso-ansi-language: EN-US; mso-fareast-language: DE-AT;\">Audition training<\/span><\/li>\n<li class=\"MsoNormal\" style=\"line-height: 19.5pt; background: white; vertical-align: baseline;\"><span lang=\"EN-US\" style=\"font-size: 10.5pt; font-family: 'Arial',sans-serif; mso-fareast-font-family: 'Times New Roman'; color: #666666; mso-ansi-language: EN-US; mso-fareast-language: DE-AT;\">Opportunities to perform on stage as a soloist or in chamber groups<\/span><\/li>\n<li class=\"MsoNormal\" style=\"line-height: 19.5pt; background: white; vertical-align: baseline;\"><span lang=\"EN-US\" style=\"font-size: 10.5pt; font-family: 'Arial',sans-serif; mso-fareast-font-family: 'Times New Roman'; color: #666666; mso-ansi-language: EN-US; mso-fareast-language: DE-AT;\">Selected students will experience the Festival Orchestra<\/span><\/li>\n<\/ul>\n<p>[\/et_pb_text][et_pb_text admin_label=&#8221;Texto&#8221; _builder_version=&#8221;4.18.0&#8243; background_size=&#8221;initial&#8221; background_position=&#8221;top_left&#8221; background_repeat=&#8221;repeat&#8221; global_colors_info=&#8221;{}&#8221;]<\/p>\n<p>Emilio Col\u00f3n \u00e9s violoncel\u00b7lista, director i compositor.<\/p>\n<p>Als 26 anys va ser nomenat membre de la facultat de la Jacobs School of Music a la Universitat d\u2019Indiana i, des d\u2019aleshores, s&#8217;ha establert com a pedagog d&#8217;alta demanda. Ha estat convidat a oferir classes als Conservatoris de Par\u00eds, Ginebra, a la Franz Liszt Academy of Music a Budapest, Royal Academy of Music a Londres, Hochsch\u00fcle f\u00fcr Musik a Stuttgart, Yonsei University a Se\u00fcl i Toho Gakuen a T\u00f2quio. Colom ha participat com a membre del jurat al prestigi\u00f3s Concurs Internacional de Violoncel Pau Casals a Budapest i el Concurs Internacional de Cordes Stulberg a Michigan, entre d&#8217;altres.<\/p>\n<p>Com a int\u00e8rpret, Emilio ha estat convidat com a solista en diferents orquestres com la Reno Chamber Orchestra, National Symphony of the Ukraine, Istanbul State Symphony Orchestra, International Symphony Orchestra of Lviv, Orquestres Simf\u00f2niques de Guayaquil, Puerto Rico i Guatemala, la Huntsville L&#8217;Hermitage Foundation a Los Angeles, La Music International Chamber Festival a Sarasota (Florida), Miami Music Festival,\u2026 i ha fet diverses gires per Europa i \u00c0sia.<\/p>\n<p>El distingit m\u00fasic va apar\u00e8ixer interpretant \u201cEl Pessebre\u201d a la pel\u00b7l\u00edcula \u201cUn poema a l&#8217;exili\u201d, de Pau Casals i Joan Alavedra. Va rebre un premi a la millor pel\u00b7l\u00edcula al Reus International Festival 2014 (Catalunya). Els seus enregistraments es poden trobar als segells Enharmonic, Centaur, Zephyr, Klavier i Lyras.<\/p>\n<p>Colom ha estat artista convidat en ambaixades nacionals i estrangeres, rebent el Premi a la Diplom\u00e0cia Cultural de l&#8217;Ambaixada dels EUA pel seu treball per millorar les relacions entre els EUA i els pa\u00efsos estrangers.<\/p>\n<p>Com a presentador i productor de les s\u00e8ries de televisi\u00f3 \u201cBeethoven in the Caribbean\u201d i \u201cMusic and Puerto Rico,\u201d, Emilio advoca perqu\u00e8 la m\u00fasica cl\u00e0ssica sigui accessible al m\u00f3n digital, apareixent a CBS, ABC, NBC i CW als mercats del Carib, Estats Units, Canad\u00e0 i Guam.<\/p>\n<p>Emilio toca un violoncel Amati fabricat a Cremona el 1690 en combinaci\u00f3 amb el seu arc Dominique Peccatte.<\/p>\n<p>[\/et_pb_text][\/et_pb_column][\/et_pb_row][\/et_pb_section]<\/p>\n","protected":false},"excerpt":{"rendered":"<p>Cello Professor a la Jacobs School of Music a la Univesitat de Indiana AIMS Acad\u00e8mia O1-13\/O8\/2O23 Individual master classes for cello Audition training Opportunities to perform on stage as a [&hellip;]<\/p>\n","protected":false},"author":2,"featured_media":0,"parent":1465,"menu_order":0,"comment_status":"closed","ping_status":"closed","template":"","meta":{"_acf_changed":false,"_et_pb_use_builder":"on","_et_pb_old_content":"","_et_gb_content_width":"","footnotes":"","_links_to":"","_links_to_target":""},"class_list":["post-14261","page","type-page","status-publish","hentry"],"acf":[],"_links":{"self":[{"href":"https:\/\/aims.cat\/ca\/wp-json\/wp\/v2\/pages\/14261","targetHints":{"allow":["GET"]}}],"collection":[{"href":"https:\/\/aims.cat\/ca\/wp-json\/wp\/v2\/pages"}],"about":[{"href":"https:\/\/aims.cat\/ca\/wp-json\/wp\/v2\/types\/page"}],"author":[{"embeddable":true,"href":"https:\/\/aims.cat\/ca\/wp-json\/wp\/v2\/users\/2"}],"replies":[{"embeddable":true,"href":"https:\/\/aims.cat\/ca\/wp-json\/wp\/v2\/comments?post=14261"}],"version-history":[{"count":8,"href":"https:\/\/aims.cat\/ca\/wp-json\/wp\/v2\/pages\/14261\/revisions"}],"predecessor-version":[{"id":14807,"href":"https:\/\/aims.cat\/ca\/wp-json\/wp\/v2\/pages\/14261\/revisions\/14807"}],"up":[{"embeddable":true,"href":"https:\/\/aims.cat\/ca\/wp-json\/wp\/v2\/pages\/1465"}],"wp:attachment":[{"href":"https:\/\/aims.cat\/ca\/wp-json\/wp\/v2\/media?parent=14261"}],"curies":[{"name":"wp","href":"https:\/\/api.w.org\/{rel}","templated":true}]}}