{"id":1432,"date":"2016-01-27T09:44:57","date_gmt":"2016-01-27T09:44:57","guid":{"rendered":"https:\/\/aims.cat\/ca\/johannes-geffert\/"},"modified":"2020-12-11T11:41:25","modified_gmt":"2020-12-11T11:41:25","slug":"johannes-geffert","status":"publish","type":"page","link":"https:\/\/aims.cat\/ca\/aims-academia\/professorat\/johannes-geffert\/","title":{"rendered":"Johannes Geffert"},"content":{"rendered":"<p>[et_pb_section fb_built=&#8221;1&#8243; custom_padding_last_edited=&#8221;on|desktop&#8221; _builder_version=&#8221;3.22&#8243; custom_padding_tablet=&#8221;50px|0|50px|0&#8243; custom_padding_phone=&#8221;&#8221; custom_css_main_element=&#8221;padding-bottom:0px;&#8221; transparent_background=&#8221;off&#8221; padding_mobile=&#8221;off&#8221; make_fullwidth=&#8221;off&#8221; use_custom_width=&#8221;off&#8221; width_unit=&#8221;on&#8221;][et_pb_row _builder_version=&#8221;3.25&#8243; background_size=&#8221;initial&#8221; background_position=&#8221;top_left&#8221; background_repeat=&#8221;repeat&#8221; column_structure=&#8221;1_4,3_4&#8243;][et_pb_column type=&#8221;1_4&#8243; _builder_version=&#8221;3.25&#8243; custom_padding=&#8221;|||&#8221; custom_padding__hover=&#8221;|||&#8221;][et_pb_text admin_label=&#8221;Texto&#8221; _builder_version=&#8221;3.27.4&#8243; text_font_size=&#8221;18&#8243; background_color=&#8221;#ea4951&#8243; background_size=&#8221;initial&#8221; background_position=&#8221;top_left&#8221; background_repeat=&#8221;repeat&#8221; background_layout=&#8221;dark&#8221; custom_padding=&#8221;14px|21px|21px|24px&#8221; use_border_color=&#8221;off&#8221; border_color=&#8221;#ffffff&#8221; border_style=&#8221;solid&#8221;]<\/p>\n<p>\nAIMS\u00a0Acad\u00e8mia<\/p>\n<p>[\/et_pb_text][\/et_pb_column][et_pb_column type=&#8221;3_4&#8243; _builder_version=&#8221;3.25&#8243; custom_padding=&#8221;|||&#8221; custom_padding__hover=&#8221;|||&#8221;][et_pb_post_title meta=&#8221;off&#8221; featured_image=&#8221;off&#8221; text_color=&#8221;light&#8221; text_background=&#8221;on&#8221; text_bg_color=&#8221;#222222&#8243; admin_label=&#8221;T\u00edtulo de publicaci\u00f3n&#8221; _builder_version=&#8221;3.0.87&#8243; title_font_size=&#8221;18px&#8221; title_all_caps=&#8221;off&#8221; background_color=&#8221;rgba(255,255,255,0)&#8221; parallax=&#8221;on&#8221; use_border_color=&#8221;off&#8221; border_color=&#8221;#ffffff&#8221; border_style=&#8221;solid&#8221; parallax_effect=&#8221;on&#8221; module_bg_color=&#8221;rgba(255,255,255,0)&#8221;]<br \/>\n[\/et_pb_post_title][\/et_pb_column][\/et_pb_row][\/et_pb_section][et_pb_section fb_built=&#8221;1&#8243; custom_padding_last_edited=&#8221;on|desktop&#8221; _builder_version=&#8221;3.22&#8243; custom_padding_tablet=&#8221;50px|0|50px|0&#8243; custom_padding_phone=&#8221;&#8221; custom_css_main_element=&#8221;padding-top:0px;&#8221; transparent_background=&#8221;off&#8221; padding_mobile=&#8221;off&#8221; make_fullwidth=&#8221;off&#8221; use_custom_width=&#8221;off&#8221; width_unit=&#8221;on&#8221;][et_pb_row _builder_version=&#8221;3.25&#8243; background_size=&#8221;initial&#8221; background_position=&#8221;top_left&#8221; background_repeat=&#8221;repeat&#8221; column_structure=&#8221;1_4,1_4,1_2&#8243;][et_pb_column type=&#8221;1_4&#8243; _builder_version=&#8221;3.25&#8243; custom_padding=&#8221;|||&#8221; custom_padding__hover=&#8221;|||&#8221;][et_pb_sidebar area=&#8221;et_pb_widget_area_3&#8243; admin_label=&#8221;MENU&#8221; module_id=&#8221;AcademyMenu&#8221; _builder_version=&#8221;3.0.74&#8243; remove_border=&#8221;off&#8221;]<br \/>\n[\/et_pb_sidebar][\/et_pb_column][et_pb_column type=&#8221;1_4&#8243; _builder_version=&#8221;3.25&#8243; custom_padding=&#8221;|||&#8221; custom_padding__hover=&#8221;|||&#8221;][et_pb_image src=&#8221;https:\/\/aims.cat\/wp-content\/uploads\/2016\/01\/Johannes-Geffert.jpg&#8221; show_in_lightbox=&#8221;on&#8221; align_tablet=&#8221;center&#8221; align_last_edited=&#8221;on|desktop&#8221; _builder_version=&#8221;3.23&#8243; use_border_color=&#8221;off&#8221; border_color=&#8221;#ffffff&#8221; border_style=&#8221;solid&#8221; animation=&#8221;off&#8221; sticky=&#8221;off&#8221; always_center_on_mobile=&#8221;on&#8221;]<br \/>\n[\/et_pb_image][et_pb_text admin_label=&#8221;Highlights&#8221; module_class=&#8221;highlights&#8221; _builder_version=&#8221;3.27.4&#8243; background_size=&#8221;initial&#8221; background_position=&#8221;top_left&#8221; background_repeat=&#8221;repeat&#8221; use_border_color=&#8221;off&#8221; border_color=&#8221;#ffffff&#8221; border_style=&#8221;solid&#8221;]<\/p>\n<h3>Johannes Geffert<\/h3>\n<h3>Orgue i improvisaci\u00f3<\/h3>\n<h3>Alemanya<\/h3>\n<h3>Universitat de la M\u00fasica i la Dansa de Col\u00f2nia, Alemanya<\/h3>\n<p>[\/et_pb_text][\/et_pb_column][et_pb_column type=&#8221;1_2&#8243; _builder_version=&#8221;3.25&#8243; custom_padding=&#8221;|||&#8221; custom_padding__hover=&#8221;|||&#8221;][et_pb_text admin_label=&#8221;Texto&#8221; _builder_version=&#8221;3.27.4&#8243; background_size=&#8221;initial&#8221; background_position=&#8221;top_left&#8221; background_repeat=&#8221;repeat&#8221; use_border_color=&#8221;off&#8221;]<\/p>\n<p><strong>Johannes Geffert<\/strong> \u00e9s catedr\u00e0tic d\u2019orgue i improvisaci\u00f3 al Conservatori Superior de M\u00fasica de Col\u00f2nia, d\u2019on \u00e9s tamb\u00e9 cap de departament de m\u00fasica sacra protestant. Nascut el 1951, va cr\u00e9ixer envoltat per la tradici\u00f3 de la professi\u00f3 al ser fill d\u2019un reconegut organista i director de m\u00fasica sacra. El llegendari Dr. Michael Schneider, que combina l\u2019art de l\u2019orgue franc\u00e8s i alemany a trav\u00e9s dels seus famosos professors Karl Straube i Marcel Dupr\u00e8, va esdevenir el seu professor mentre estudiava m\u00fasica sacra a Col\u00f2nia, entre 1962 y 1972. Geffert va prosseguir la seva formaci\u00f3 amb el concertista brit\u00e0nic Nicolas Kynaston.<\/p>\n<p>Des del 1974 fins el 1979 Johannes Geffert fou organista a Achen i director de la societat Aachen Bach, on va fundar el Festival \u201cAachener Bachtage\u201d. Des del 1980 fins el 1997 fou director de m\u00fasica sacra a la Kreuzkirche Bonn, coneguda pel seu alt nivell musical en els seus serveis religiosos i els seus cicles de concerts amb tradicionals representacions d\u2019oratoris, cantates, m\u00fasica de cambra i recitals d\u2019orgue. A Bonn, Geffert \u00e9s tamb\u00e9 organista titular de l\u2019auditori municipal \u201cBeethovenhalle\u201d.<\/p>\n<p>Johannes Geffert ha participat en molts festivals internacionals d\u2019orgue d\u2019Europa, Jap\u00f3, Am\u00e8rica del Sud, \u00cdndies Occidentals i dels Estats Units. Les seves retransmissions i CDs han rebut les millors aclamacions. Des de 1978 Geffert ha estat ensenyant a la Schumann-Hochschule de D\u00fcsseldorf, aix\u00ed com tamb\u00e9 ha impartit classes magistrals per arreu d\u2019Alemanya i l\u2019estranger. Ha estat sol\u00b7licitat per ser membre del jurat de nombrosos concursos d\u2019orgue. El 1991 Geffert va fundar la &#8220;Johann Christian Bach-Academy&#8221;, una orquestra amb instruments hist\u00f2rics que ha interpretat tots els oratoris de Bach i gran part del repertori de m\u00fasica sacra m\u00e9s habitual en moltes esgl\u00e9sies hist\u00f2riques alemanyes. Com a editor, supervisa s\u00e8ries de publicacions de m\u00fasica per a orgue de compositors alemanys i brit\u00e0nics.<\/p>\n<p>Johannes Geffert est\u00e0 considerat un dels m\u00e9s grans mestres de l\u2019art de la improvisaci\u00f3.\u00a0<\/p>\n<p>[\/et_pb_text][\/et_pb_column][\/et_pb_row][\/et_pb_section]<\/p>\n","protected":false},"excerpt":{"rendered":"<p>AIMS\u00a0Acad\u00e8mia Johannes Geffert Orgue i improvisaci\u00f3 Alemanya Universitat de la M\u00fasica i la Dansa de Col\u00f2nia, Alemanya Johannes Geffert \u00e9s catedr\u00e0tic d\u2019orgue i improvisaci\u00f3 al Conservatori Superior de M\u00fasica de [&hellip;]<\/p>\n","protected":false},"author":2,"featured_media":0,"parent":1465,"menu_order":0,"comment_status":"closed","ping_status":"closed","template":"","meta":{"_acf_changed":false,"_et_pb_use_builder":"on","_et_pb_old_content":"","_et_gb_content_width":"","footnotes":"","_links_to":"","_links_to_target":""},"class_list":["post-1432","page","type-page","status-publish","hentry"],"acf":[],"_links":{"self":[{"href":"https:\/\/aims.cat\/ca\/wp-json\/wp\/v2\/pages\/1432","targetHints":{"allow":["GET"]}}],"collection":[{"href":"https:\/\/aims.cat\/ca\/wp-json\/wp\/v2\/pages"}],"about":[{"href":"https:\/\/aims.cat\/ca\/wp-json\/wp\/v2\/types\/page"}],"author":[{"embeddable":true,"href":"https:\/\/aims.cat\/ca\/wp-json\/wp\/v2\/users\/2"}],"replies":[{"embeddable":true,"href":"https:\/\/aims.cat\/ca\/wp-json\/wp\/v2\/comments?post=1432"}],"version-history":[{"count":0,"href":"https:\/\/aims.cat\/ca\/wp-json\/wp\/v2\/pages\/1432\/revisions"}],"up":[{"embeddable":true,"href":"https:\/\/aims.cat\/ca\/wp-json\/wp\/v2\/pages\/1465"}],"wp:attachment":[{"href":"https:\/\/aims.cat\/ca\/wp-json\/wp\/v2\/media?parent=1432"}],"curies":[{"name":"wp","href":"https:\/\/api.w.org\/{rel}","templated":true}]}}