{"id":1482,"date":"2016-01-26T09:56:10","date_gmt":"2016-01-26T09:56:10","guid":{"rendered":"https:\/\/aims.cat\/ca\/aims-academia\/staff\/"},"modified":"2025-06-26T08:45:10","modified_gmt":"2025-06-26T08:45:10","slug":"equip","status":"publish","type":"page","link":"https:\/\/aims.cat\/ca\/aims-academia\/equip\/","title":{"rendered":"Equip"},"content":{"rendered":"<p>[et_pb_section fb_built=&#8221;1&#8243; specialty=&#8221;on&#8221; custom_padding_last_edited=&#8221;on|desktop&#8221; parallax_method_1=&#8221;off&#8221; parallax_method_2=&#8221;off&#8221; _builder_version=&#8221;4.16&#8243; custom_padding_tablet=&#8221;50px|0|50px|0&#8243; custom_padding_phone=&#8221;&#8221; custom_css_main_element=&#8221;padding-top:0px;&#8221; transparent_background=&#8221;off&#8221; padding_mobile=&#8221;off&#8221; make_fullwidth=&#8221;off&#8221; use_custom_width=&#8221;off&#8221; width_unit=&#8221;on&#8221; global_colors_info=&#8221;{}&#8221;][et_pb_column type=&#8221;1_4&#8243; _builder_version=&#8221;4.16&#8243; custom_padding=&#8221;|||&#8221; global_colors_info=&#8221;{}&#8221; custom_padding__hover=&#8221;|||&#8221;][et_pb_sidebar area=&#8221;et_pb_widget_area_3&#8243; admin_label=&#8221;MENU&#8221; module_id=&#8221;AcademyMenu&#8221; _builder_version=&#8221;4.16&#8243; remove_border=&#8221;off&#8221; global_colors_info=&#8221;{}&#8221;]<br \/>\n[\/et_pb_sidebar][\/et_pb_column][et_pb_column type=&#8221;3_4&#8243; specialty_columns=&#8221;3&#8243; _builder_version=&#8221;4.16&#8243; custom_padding=&#8221;|||&#8221; global_colors_info=&#8221;{}&#8221; custom_padding__hover=&#8221;|||&#8221;][et_pb_row_inner _builder_version=&#8221;4.16&#8243; background_size=&#8221;initial&#8221; background_position=&#8221;top_left&#8221; background_repeat=&#8221;repeat&#8221; global_colors_info=&#8221;{}&#8221;][et_pb_column_inner saved_specialty_column_type=&#8221;3_4&#8243; _builder_version=&#8221;4.16&#8243; custom_padding=&#8221;|||&#8221; global_colors_info=&#8221;{}&#8221; custom_padding__hover=&#8221;|||&#8221;][et_pb_post_title meta=&#8221;off&#8221; featured_image=&#8221;off&#8221; text_color=&#8221;light&#8221; text_background=&#8221;on&#8221; text_bg_color=&#8221;#222222&#8243; admin_label=&#8221;T\u00edtulo de publicaci\u00f3n&#8221; _builder_version=&#8221;4.16&#8243; title_font_size=&#8221;18px&#8221; title_all_caps=&#8221;off&#8221; background_color=&#8221;rgba(255,255,255,0)&#8221; parallax=&#8221;on&#8221; parallax_method=&#8221;off&#8221; parallax_effect=&#8221;on&#8221; module_bg_color=&#8221;rgba(255,255,255,0)&#8221; use_border_color=&#8221;off&#8221; border_color=&#8221;#ffffff&#8221; border_style=&#8221;solid&#8221; global_colors_info=&#8221;{}&#8221;]<br \/>\n[\/et_pb_post_title][\/et_pb_column_inner][\/et_pb_row_inner][et_pb_row_inner column_structure=&#8221;1_3,1_3,1_3&#8243; admin_label=&#8221;Row&#8221; _builder_version=&#8221;4.16&#8243; background_size=&#8221;initial&#8221; background_position=&#8221;top_left&#8221; background_repeat=&#8221;repeat&#8221; global_colors_info=&#8221;{}&#8221;][et_pb_column_inner type=&#8221;1_3&#8243; saved_specialty_column_type=&#8221;3_4&#8243; _builder_version=&#8221;4.16&#8243; custom_padding=&#8221;|||&#8221; global_colors_info=&#8221;{}&#8221; custom_padding__hover=&#8221;|||&#8221;][et_pb_team_member name=&#8221;Peter Thiemann&#8221; position=&#8221;President de la Fundaci\u00f3 AIMS i Co-Director Art\u00edstic de l&#8217;Acad\u00e8mia de Cordes i Piano&#8221; image_url=&#8221;https:\/\/aims.cat\/wp-content\/uploads\/2020\/12\/peter.jpg&#8221; admin_label=&#8221;Peter Thiemann&#8221; _builder_version=&#8221;4.16&#8243; background_size=&#8221;initial&#8221; background_position=&#8221;top_left&#8221; background_repeat=&#8221;repeat&#8221; custom_css_member_image=&#8221;display:block;||float:none !important;||text-align:center !important;||width:100% !important;||margin: 0 0 0 12px !important;&#8221; custom_css_member_description=&#8221;text-align:center;||display:block;&#8221; custom_css_title=&#8221;font-weight:bold;&#8221; custom_css_member_position=&#8221;color:#EA4951&#8243; use_border_color=&#8221;off&#8221; border_color=&#8221;#ffffff&#8221; border_style=&#8221;solid&#8221; global_colors_info=&#8221;{}&#8221;][\/et_pb_team_member][\/et_pb_column_inner][et_pb_column_inner type=&#8221;1_3&#8243; saved_specialty_column_type=&#8221;3_4&#8243; _builder_version=&#8221;4.16&#8243; custom_padding=&#8221;|||&#8221; global_colors_info=&#8221;{}&#8221; custom_padding__hover=&#8221;|||&#8221;][et_pb_team_member name=&#8221;Simone Zgraggen&#8221; position=&#8221;Co-Directora Art\u00edstica de l&#8217;Acad\u00e8mia de Cordes i Piano&#8221; image_url=&#8221;https:\/\/aims.cat\/wp-content\/uploads\/2022\/01\/simone-1.png&#8221; admin_label=&#8221;Simone Zgraggen&#8221; _builder_version=&#8221;4.16&#8243; background_size=&#8221;initial&#8221; background_position=&#8221;top_left&#8221; background_repeat=&#8221;repeat&#8221; custom_css_member_image=&#8221;display:block;||float:none !important;||text-align:center !important;||width:100% !important;||margin: 0 0 0 12px !important;&#8221; custom_css_member_description=&#8221;text-align:center;||display:block;&#8221; custom_css_title=&#8221;font-weight:bold;&#8221; custom_css_member_position=&#8221;color:#EA4951&#8243; use_border_color=&#8221;off&#8221; border_color=&#8221;#ffffff&#8221; border_style=&#8221;solid&#8221; global_colors_info=&#8221;{}&#8221;][\/et_pb_team_member][\/et_pb_column_inner][et_pb_column_inner type=&#8221;1_3&#8243; saved_specialty_column_type=&#8221;3_4&#8243; _builder_version=&#8221;4.16&#8243; custom_padding=&#8221;|||&#8221; global_colors_info=&#8221;{}&#8221; custom_padding__hover=&#8221;|||&#8221;][et_pb_team_member name=&#8221;Seon-hee Myong&#8221; position=&#8221;Tresoreria&#8221; image_url=&#8221;https:\/\/aims.cat\/wp-content\/uploads\/2018\/11\/Board-Seon.png&#8221; admin_label=&#8221;Seon-hee Myong&#8221; _builder_version=&#8221;4.18.0&#8243; background_size=&#8221;initial&#8221; background_position=&#8221;top_left&#8221; background_repeat=&#8221;repeat&#8221; custom_css_member_image=&#8221;display:block;||float:none !important;||text-align:center !important;||width:100% !important;||margin: 0 0 0 12px !important;&#8221; custom_css_member_description=&#8221;text-align:center;||display:block;&#8221; custom_css_title=&#8221;font-weight:bold;&#8221; custom_css_member_position=&#8221;color:#EA4951&#8243; use_border_color=&#8221;off&#8221; border_color=&#8221;#ffffff&#8221; border_style=&#8221;solid&#8221; global_colors_info=&#8221;{}&#8221;][\/et_pb_team_member][\/et_pb_column_inner][\/et_pb_row_inner][et_pb_row_inner column_structure=&#8221;1_3,1_3,1_3&#8243; admin_label=&#8221;Row&#8221; _builder_version=&#8221;4.16&#8243; background_size=&#8221;initial&#8221; background_position=&#8221;top_left&#8221; background_repeat=&#8221;repeat&#8221; global_colors_info=&#8221;{}&#8221;][et_pb_column_inner type=&#8221;1_3&#8243; saved_specialty_column_type=&#8221;3_4&#8243; _builder_version=&#8221;4.16&#8243; custom_padding=&#8221;|||&#8221; global_colors_info=&#8221;{}&#8221; custom_padding__hover=&#8221;|||&#8221;][et_pb_team_member name=&#8221;Paula Jan\u00e9&#8221; position=&#8221;Coordinaci\u00f3 general, comunicaci\u00f3 i producci\u00f3&#8221; image_url=&#8221;https:\/\/aims.cat\/wp-content\/uploads\/2025\/06\/Paula-Jane_foto-cercle-e1750880339507.png&#8221; admin_label=&#8221;Alex B\u00e1scones &#8221; _builder_version=&#8221;4.27.0&#8243; background_size=&#8221;initial&#8221; background_position=&#8221;top_left&#8221; background_repeat=&#8221;repeat&#8221; custom_css_member_image=&#8221;display:block;||float:none !important;||text-align:center !important;||width:100% !important;||margin: 0 0 0 12px !important;&#8221; custom_css_member_description=&#8221;text-align:center;||display:block;&#8221; custom_css_title=&#8221;font-weight:bold;&#8221; custom_css_member_position=&#8221;color:#EA4951&#8243; use_border_color=&#8221;off&#8221; border_color=&#8221;#ffffff&#8221; border_style=&#8221;solid&#8221; global_colors_info=&#8221;{}&#8221;][\/et_pb_team_member][\/et_pb_column_inner][et_pb_column_inner type=&#8221;1_3&#8243; saved_specialty_column_type=&#8221;3_4&#8243; _builder_version=&#8221;4.16&#8243; custom_padding=&#8221;|||&#8221; global_colors_info=&#8221;{}&#8221; custom_padding__hover=&#8221;|||&#8221;][et_pb_team_member name=&#8221;Arnau Abella&#8221; position=&#8221;Audiovisuals &#8221; image_url=&#8221;https:\/\/aims.cat\/wp-content\/uploads\/2025\/06\/Arnau_foto-cercle-e1750872236315.png&#8221; admin_label=&#8221;Arnau Abella&#8221; _builder_version=&#8221;4.27.0&#8243; custom_css_member_image=&#8221;display:block;||float:none !important;||text-align:center !important;||width:100% !important;||margin: 0 0 0 12px !important;&#8221; custom_css_member_description=&#8221;text-align:center;||display:block;&#8221; custom_css_title=&#8221;font-weight:bold;&#8221; custom_css_member_position=&#8221;color:#EA4951&#8243; border_color_all=&#8221;#ffffff&#8221; use_border_color=&#8221;off&#8221; global_colors_info=&#8221;{}&#8221;][\/et_pb_team_member][\/et_pb_column_inner][et_pb_column_inner type=&#8221;1_3&#8243; saved_specialty_column_type=&#8221;3_4&#8243; _builder_version=&#8221;4.16&#8243; custom_padding=&#8221;|||&#8221; global_colors_info=&#8221;{}&#8221; custom_padding__hover=&#8221;|||&#8221;][et_pb_team_member name=&#8221;Alex B\u00e1scones &#8221; position=&#8221;Log\u00edstica&#8221; image_url=&#8221;https:\/\/aims.cat\/wp-content\/uploads\/2016\/01\/team_Alex.jpg&#8221; admin_label=&#8221;Alex B\u00e1scones &#8221; _builder_version=&#8221;4.16&#8243; background_size=&#8221;initial&#8221; background_position=&#8221;top_left&#8221; background_repeat=&#8221;repeat&#8221; custom_css_member_image=&#8221;display:block;||float:none !important;||text-align:center !important;||width:100% !important;||margin: 0 0 0 12px !important;&#8221; custom_css_member_description=&#8221;text-align:center;||display:block;&#8221; custom_css_title=&#8221;font-weight:bold;&#8221; custom_css_member_position=&#8221;color:#EA4951&#8243; use_border_color=&#8221;off&#8221; border_color=&#8221;#ffffff&#8221; border_style=&#8221;solid&#8221; global_colors_info=&#8221;{}&#8221;][\/et_pb_team_member][\/et_pb_column_inner][\/et_pb_row_inner][et_pb_row_inner column_structure=&#8221;1_3,1_3,1_3&#8243; admin_label=&#8221;Row&#8221; _builder_version=&#8221;4.16&#8243; background_size=&#8221;initial&#8221; background_position=&#8221;top_left&#8221; background_repeat=&#8221;repeat&#8221; global_colors_info=&#8221;{}&#8221;][et_pb_column_inner type=&#8221;1_3&#8243; saved_specialty_column_type=&#8221;3_4&#8243; _builder_version=&#8221;4.16&#8243; custom_padding=&#8221;|||&#8221; global_colors_info=&#8221;{}&#8221; custom_padding__hover=&#8221;|||&#8221;][et_pb_team_member name=&#8221;Miquel P\u00e9rez&#8221; position=&#8221;Producci\u00f3&#8221; image_url=&#8221;https:\/\/aims.cat\/wp-content\/uploads\/2025\/06\/Miquel_foto-cercle-e1750872345228.png&#8221; admin_label=&#8221;Alex B\u00e1scones &#8221; _builder_version=&#8221;4.27.0&#8243; background_size=&#8221;initial&#8221; background_position=&#8221;top_left&#8221; background_repeat=&#8221;repeat&#8221; custom_css_member_image=&#8221;display:block;||float:none !important;||text-align:center !important;||width:100% !important;||margin: 0 0 0 12px !important;&#8221; custom_css_member_description=&#8221;text-align:center;||display:block;&#8221; custom_css_title=&#8221;font-weight:bold;&#8221; custom_css_member_position=&#8221;color:#EA4951&#8243; use_border_color=&#8221;off&#8221; border_color=&#8221;#ffffff&#8221; border_style=&#8221;solid&#8221; global_colors_info=&#8221;{}&#8221;][\/et_pb_team_member][\/et_pb_column_inner][et_pb_column_inner type=&#8221;1_3&#8243; saved_specialty_column_type=&#8221;3_4&#8243; _builder_version=&#8221;4.16&#8243; custom_padding=&#8221;|||&#8221; global_colors_info=&#8221;{}&#8221; custom_padding__hover=&#8221;|||&#8221;][et_pb_team_member name=&#8221;Cl\u00e0udia Rafart&#8221; position=&#8221;Supervisi\u00f3 de l&#8217;alumnat i xarxes socials&#8221; image_url=&#8221;https:\/\/aims.cat\/wp-content\/uploads\/2025\/06\/Claudia_foto-cercle-e1750872646801.png&#8221; admin_label=&#8221;Arnau Abella&#8221; _builder_version=&#8221;4.27.0&#8243; hover_enabled=&#8221;0&#8243; custom_css_member_image=&#8221;display:block;||float:none !important;||text-align:center !important;||width:100% !important;||margin: 0 0 0 12px !important;&#8221; custom_css_member_description=&#8221;text-align:center;||display:block;&#8221; custom_css_title=&#8221;font-weight:bold;&#8221; custom_css_member_position=&#8221;color:#EA4951&#8243; border_color_all=&#8221;#ffffff&#8221; use_border_color=&#8221;off&#8221; global_colors_info=&#8221;{}&#8221; sticky_enabled=&#8221;0&#8243;][\/et_pb_team_member][\/et_pb_column_inner][et_pb_column_inner type=&#8221;1_3&#8243; saved_specialty_column_type=&#8221;3_4&#8243; _builder_version=&#8221;4.16&#8243; custom_padding=&#8221;|||&#8221; global_colors_info=&#8221;{}&#8221; custom_padding__hover=&#8221;|||&#8221;][et_pb_team_member name=&#8221;Tom\u00e1s Figueroa&#8221; position=&#8221;Log\u00edstica i assistent de producci\u00f3&#8221; image_url=&#8221;https:\/\/aims.cat\/wp-content\/uploads\/2025\/06\/Tom_foto-cercle-e1750872719224.png&#8221; admin_label=&#8221;Alex B\u00e1scones &#8221; _builder_version=&#8221;4.27.0&#8243; background_size=&#8221;initial&#8221; background_position=&#8221;top_left&#8221; background_repeat=&#8221;repeat&#8221; custom_css_member_image=&#8221;display:block;||float:none !important;||text-align:center !important;||width:100% !important;||margin: 0 0 0 12px !important;&#8221; custom_css_member_description=&#8221;text-align:center;||display:block;&#8221; custom_css_title=&#8221;font-weight:bold;&#8221; custom_css_member_position=&#8221;color:#EA4951&#8243; use_border_color=&#8221;off&#8221; border_color=&#8221;#ffffff&#8221; border_style=&#8221;solid&#8221; global_colors_info=&#8221;{}&#8221;][\/et_pb_team_member][\/et_pb_column_inner][\/et_pb_row_inner][\/et_pb_column][\/et_pb_section]<\/p>\n","protected":false},"excerpt":{"rendered":"","protected":false},"author":2,"featured_media":0,"parent":1021,"menu_order":0,"comment_status":"closed","ping_status":"closed","template":"","meta":{"_acf_changed":false,"_et_pb_use_builder":"on","_et_pb_old_content":"","_et_gb_content_width":"","footnotes":"","_links_to":"","_links_to_target":""},"class_list":["post-1482","page","type-page","status-publish","hentry"],"acf":[],"_links":{"self":[{"href":"https:\/\/aims.cat\/ca\/wp-json\/wp\/v2\/pages\/1482","targetHints":{"allow":["GET"]}}],"collection":[{"href":"https:\/\/aims.cat\/ca\/wp-json\/wp\/v2\/pages"}],"about":[{"href":"https:\/\/aims.cat\/ca\/wp-json\/wp\/v2\/types\/page"}],"author":[{"embeddable":true,"href":"https:\/\/aims.cat\/ca\/wp-json\/wp\/v2\/users\/2"}],"replies":[{"embeddable":true,"href":"https:\/\/aims.cat\/ca\/wp-json\/wp\/v2\/comments?post=1482"}],"version-history":[{"count":15,"href":"https:\/\/aims.cat\/ca\/wp-json\/wp\/v2\/pages\/1482\/revisions"}],"predecessor-version":[{"id":17429,"href":"https:\/\/aims.cat\/ca\/wp-json\/wp\/v2\/pages\/1482\/revisions\/17429"}],"up":[{"embeddable":true,"href":"https:\/\/aims.cat\/ca\/wp-json\/wp\/v2\/pages\/1021"}],"wp:attachment":[{"href":"https:\/\/aims.cat\/ca\/wp-json\/wp\/v2\/media?parent=1482"}],"curies":[{"name":"wp","href":"https:\/\/api.w.org\/{rel}","templated":true}]}}