{"id":1494,"date":"2016-01-26T09:55:50","date_gmt":"2016-01-26T09:55:50","guid":{"rendered":"https:\/\/aims.cat\/ca\/aims-academia\/locationaccommodationtravel\/"},"modified":"2025-11-10T11:01:57","modified_gmt":"2025-11-10T11:01:57","slug":"informacio","status":"publish","type":"page","link":"https:\/\/aims.cat\/ca\/aims-academia\/informacio\/","title":{"rendered":"Informaci\u00f3, Inscripcions i Calendari"},"content":{"rendered":"<p>[et_pb_section fb_built=&#8221;1&#8243; admin_label=&#8221;section&#8221; _builder_version=&#8221;4.16&#8243; global_colors_info=&#8221;{}&#8221;][et_pb_row column_structure=&#8221;1_4,3_4&#8243; admin_label=&#8221;row&#8221; _builder_version=&#8221;4.16&#8243; background_size=&#8221;initial&#8221; background_position=&#8221;top_left&#8221; background_repeat=&#8221;repeat&#8221; global_colors_info=&#8221;{}&#8221;][et_pb_column type=&#8221;1_4&#8243; _builder_version=&#8221;4.16&#8243; custom_padding=&#8221;|||&#8221; global_colors_info=&#8221;{}&#8221; custom_padding__hover=&#8221;|||&#8221;][et_pb_sidebar area=&#8221;et_pb_widget_area_3&#8243; admin_label=&#8221;MENU&#8221; module_id=&#8221;AcademyMenu&#8221; _builder_version=&#8221;4.16&#8243; remove_border=&#8221;off&#8221; global_colors_info=&#8221;{}&#8221;][\/et_pb_sidebar][\/et_pb_column][et_pb_column type=&#8221;3_4&#8243; _builder_version=&#8221;4.16&#8243; custom_padding=&#8221;|||&#8221; global_colors_info=&#8221;{}&#8221; custom_padding__hover=&#8221;|||&#8221;][et_pb_text admin_label=&#8221;Texto&#8221; _builder_version=&#8221;4.20.4&#8243; background_size=&#8221;initial&#8221; background_position=&#8221;top_left&#8221; background_repeat=&#8221;repeat&#8221; module_alignment=&#8221;left&#8221; use_border_color=&#8221;off&#8221; border_color=&#8221;#ffffff&#8221; border_style=&#8221;solid&#8221; global_colors_info=&#8221;{}&#8221;]<\/p>\n<h4>Informaci\u00f3<\/h4>\n<p>L\u2019AIMS \u00e9s una Acad\u00e8mia Internacional d\u2019alt nivell amb 24 anys d\u2019experi\u00e8ncia que s&#8217;ha convertit en una oportunitat per con\u00e8ixer futurs\/es professors\/es i viure una experi\u00e8ncia \u00fanica en un entorn estimulant amb gent vinguda de tot el m\u00f3n, de m\u00e9s de 25 nacionalitats!<\/p>\n<p>L\u2019AIMS Festival t\u2019oferir\u00e0 nombroses oportunitats per presentar-te a l\u2019escenari com a solista, tocant amb l&#8217;orquestra o amb un grup de cambra. Rebr\u00e0s classes magistrals de professorat de les universitats i conservatoris de m\u00fasica m\u00e9s rellevants i de m\u00e9s renom d\u2019Europa, i els nostres pianistes acompanyants (altament qualificats) t\u2019assessoraran durant els assajos.<\/p>\n<p>M\u00e9s informaci\u00f3 al nostre apartat de Preguntes Freq\u00fcents (<a href=\"https:\/\/aims.cat\/ca\/aims-academia\/aims-faqs\/\">FAQs<\/a>).<\/p>\n<p>[\/et_pb_text][et_pb_text admin_label=&#8221;Texto&#8221; _builder_version=&#8221;4.20.4&#8243; background_size=&#8221;initial&#8221; background_position=&#8221;top_left&#8221; background_repeat=&#8221;repeat&#8221; module_alignment=&#8221;left&#8221; use_border_color=&#8221;off&#8221; border_color=&#8221;#ffffff&#8221; border_style=&#8221;solid&#8221; global_colors_info=&#8221;{}&#8221;]<\/p>\n<h4>Dates<\/h4>\n<ul>\n<li>Arribada al Seminari de Solsona (Pujada del Seminari, 15-16, 25280, Solsona) el <strong>5 d&#8217;agost de 2026 abans de les 18\u202fh.<\/strong><\/li>\n<li>Sortida el <strong>15 d\u2019agost de 2026 al mat\u00ed<\/strong> (despr\u00e9s d\u2019esmorzar).<\/li>\n<\/ul>\n<p>L&#8217;alumnat que hagi estat seleccionat per a tocar a l&#8217;Orquestra Simf\u00f2nica de l&#8217;AIMS combinar\u00e0 l&#8217;activitat de l&#8217;Acad\u00e8mia de Corda amb l&#8217;Orquestra.<\/p>\n<p>[\/et_pb_text][et_pb_text admin_label=&#8221;Texto&#8221; _builder_version=&#8221;4.20.4&#8243; background_size=&#8221;initial&#8221; background_position=&#8221;top_left&#8221; background_repeat=&#8221;repeat&#8221; module_alignment=&#8221;left&#8221; use_border_color=&#8221;off&#8221; border_color=&#8221;#ffffff&#8221; border_style=&#8221;solid&#8221; global_colors_info=&#8221;{}&#8221;]<\/p>\n<h4>Terminis d&#8217;Inscripci\u00f3<\/h4>\n<ul>\n<li>La sol\u00b7licitud de beques s&#8217;haur\u00e0 de fer constar a la inscripci\u00f3 abans del <strong>31 de mar\u00e7 del 2026<\/strong>. No s\u2019acceptaran sol\u00b7licituds de beques despr\u00e9s d\u2019aquesta data.<\/li>\n<li>Data l\u00edmit d\u2019inscripci\u00f3:<strong> 30 d\u2019abril de 2026<\/strong>.<\/li>\n<li>A partir del 30 d&#8217;abril es comunicar\u00e0 l&#8217;acceptaci\u00f3 de l&#8217;alumnat tant a l&#8217;Acad\u00e8mia com a l&#8217;Orquestra i l&#8217;obtenci\u00f3 de beques, en cas d&#8217;haver-ne sol\u00b7licitat.<\/li>\n<li>A aquelles persones que hagin sol\u00b7licitat l&#8217;opci\u00f3 de fer m\u00fasica de cambra, se&#8217;ls confirmar\u00e0 abans del <strong>20 de juliol<\/strong> i se&#8217;ls comunicar\u00e0 el grup i professor\/a assignats.<\/li>\n<li>El dia <strong>15 de juliol<\/strong> \u00e9s l&#8217;\u00faltim dia perqu\u00e8 l&#8217;alumnat que participi en l&#8217;Acad\u00e8mia comuniqui el repertori que desitja treballar.<\/li>\n<\/ul>\n<p>&nbsp;<\/p>\n<p>[\/et_pb_text][\/et_pb_column][\/et_pb_row][et_pb_row column_structure=&#8221;1_3,1_3,1_3&#8243; _builder_version=&#8221;4.16&#8243; _module_preset=&#8221;default&#8221; global_colors_info=&#8221;{}&#8221;][et_pb_column type=&#8221;1_3&#8243; _builder_version=&#8221;4.16&#8243; _module_preset=&#8221;default&#8221; global_colors_info=&#8221;{}&#8221;][\/et_pb_column][et_pb_column type=&#8221;1_3&#8243; _builder_version=&#8221;4.16&#8243; _module_preset=&#8221;default&#8221; global_colors_info=&#8221;{}&#8221;][et_pb_button button_url=&#8221;https:\/\/aims.cat\/ca\/aims-academia\/formulari-inscripcio\/&#8221; button_text=&#8221;Formulari d&#8217;Inscripci\u00f3&#8221; _builder_version=&#8221;4.19.0&#8243; _module_preset=&#8221;default&#8221; global_colors_info=&#8221;{}&#8221;][\/et_pb_button][\/et_pb_column][et_pb_column type=&#8221;1_3&#8243; _builder_version=&#8221;4.16&#8243; _module_preset=&#8221;default&#8221; global_colors_info=&#8221;{}&#8221;][et_pb_button button_url=&#8221;https:\/\/aims.cat\/ca\/aims-academia\/formulari-pagament\/&#8221; button_text=&#8221;Formulari de Pagament&#8221; _builder_version=&#8221;4.19.0&#8243; _module_preset=&#8221;default&#8221; global_colors_info=&#8221;{}&#8221;][\/et_pb_button][\/et_pb_column][\/et_pb_row][\/et_pb_section]<\/p>\n","protected":false},"excerpt":{"rendered":"<p>Informaci\u00f3 L\u2019AIMS \u00e9s una Acad\u00e8mia Internacional d\u2019alt nivell amb 24 anys d\u2019experi\u00e8ncia que s&#8217;ha convertit en una oportunitat per con\u00e8ixer futurs\/es professors\/es i viure una experi\u00e8ncia \u00fanica en un entorn [&hellip;]<\/p>\n","protected":false},"author":2,"featured_media":0,"parent":1021,"menu_order":0,"comment_status":"closed","ping_status":"closed","template":"","meta":{"_acf_changed":false,"_et_pb_use_builder":"on","_et_pb_old_content":"","_et_gb_content_width":"","footnotes":"","_links_to":"","_links_to_target":""},"class_list":["post-1494","page","type-page","status-publish","hentry"],"acf":[],"_links":{"self":[{"href":"https:\/\/aims.cat\/ca\/wp-json\/wp\/v2\/pages\/1494","targetHints":{"allow":["GET"]}}],"collection":[{"href":"https:\/\/aims.cat\/ca\/wp-json\/wp\/v2\/pages"}],"about":[{"href":"https:\/\/aims.cat\/ca\/wp-json\/wp\/v2\/types\/page"}],"author":[{"embeddable":true,"href":"https:\/\/aims.cat\/ca\/wp-json\/wp\/v2\/users\/2"}],"replies":[{"embeddable":true,"href":"https:\/\/aims.cat\/ca\/wp-json\/wp\/v2\/comments?post=1494"}],"version-history":[{"count":14,"href":"https:\/\/aims.cat\/ca\/wp-json\/wp\/v2\/pages\/1494\/revisions"}],"predecessor-version":[{"id":17856,"href":"https:\/\/aims.cat\/ca\/wp-json\/wp\/v2\/pages\/1494\/revisions\/17856"}],"up":[{"embeddable":true,"href":"https:\/\/aims.cat\/ca\/wp-json\/wp\/v2\/pages\/1021"}],"wp:attachment":[{"href":"https:\/\/aims.cat\/ca\/wp-json\/wp\/v2\/media?parent=1494"}],"curies":[{"name":"wp","href":"https:\/\/api.w.org\/{rel}","templated":true}]}}