{"id":1504,"date":"2016-01-26T09:53:35","date_gmt":"2016-01-26T09:53:35","guid":{"rendered":"https:\/\/aims.cat\/ca\/aims-academia\/general-info\/"},"modified":"2025-11-08T19:07:19","modified_gmt":"2025-11-08T19:07:19","slug":"aims-2023","status":"publish","type":"page","link":"https:\/\/aims.cat\/ca\/aims-academia\/aims-2023\/","title":{"rendered":"AIMS ACAD\u00c8MIA DE CORDES I PIANO 2023"},"content":{"rendered":"<p>[et_pb_section fb_built=&#8221;1&#8243; specialty=&#8221;on&#8221; _builder_version=&#8221;4.16&#8243; global_colors_info=&#8221;{}&#8221;][et_pb_column type=&#8221;1_4&#8243; _builder_version=&#8221;4.16&#8243; custom_padding=&#8221;|||&#8221; global_colors_info=&#8221;{}&#8221; custom_padding__hover=&#8221;|||&#8221;][et_pb_sidebar area=&#8221;et_pb_widget_area_3&#8243; admin_label=&#8221;MENU&#8221; module_id=&#8221;AcademyMenu&#8221; _builder_version=&#8221;4.16&#8243; remove_border=&#8221;off&#8221; global_colors_info=&#8221;{}&#8221;][\/et_pb_sidebar][\/et_pb_column][et_pb_column type=&#8221;3_4&#8243; specialty_columns=&#8221;3&#8243; _builder_version=&#8221;4.16&#8243; custom_padding=&#8221;|||&#8221; global_colors_info=&#8221;{}&#8221; custom_padding__hover=&#8221;|||&#8221;][et_pb_row_inner admin_label=&#8221;Row&#8221; _builder_version=&#8221;4.16&#8243; global_colors_info=&#8221;{}&#8221;][et_pb_column_inner saved_specialty_column_type=&#8221;3_4&#8243; _builder_version=&#8221;4.16&#8243; custom_padding=&#8221;|||&#8221; global_colors_info=&#8221;{}&#8221; custom_padding__hover=&#8221;|||&#8221;][et_pb_text _builder_version=&#8221;4.20.4&#8243; global_colors_info=&#8221;{}&#8221;]<\/p>\n<p>Estimats amics i amigues,<\/p>\n<p>Despr\u00e9s de 24 anys de l\u2019AIMS tinc moltes ganes de seguir amb el projecte que vam iniciar l\u2019any 2002 amb la visi\u00f3 de crear una acad\u00e8mia i un festival internacional de m\u00fasica excepcionals.<\/p>\n<p>Durant els darrers anys, milers d\u2019estudiants de tots els continents amb un talent extraordinari s\u2019han trobat a Solsona a l\u2019agost per aprendre m\u00e9s amb nosaltres, per actuar en els nostres nombrosos concerts als llocs m\u00e9s bonics, per con\u00e8ixer-se i fer amistat amb altres persones, per provar nous idiomes o, fins i tot, per gaudir de l\u2019estiu dels entorns de Solsona, del sol i dels preciosos paisatges de muntanya.<\/p>\n<p>Per aquest 2026 estem treballant per aconseguir un esdeveniment el m\u00e9s llu\u00eft possible, amb el repte d\u2019aconseguir, cada any, millors nivells, veure de nou cares conegudes, con\u00e8ixer-ne de noves i\u2026 com cada any, amb novetats tant a l\u2019Acad\u00e8mia com al festival (amb nous escenaris impressionants!). Per comen\u00e7ar, feu un cop d\u2019ull al nostre prestigi\u00f3s claustre de professors i imagineu-vos ser un dels int\u00e8rprets de m\u00e9s dels 40 concerts!<\/p>\n<p>Apunteu-vos i animeu-vos a con\u00e8ixer l\u2019AIMS, aquesta comunitat \u00fanica de m\u00fasics professionals, estudiants excel\u00b7lents, que cada any augmenta el p\u00fablic que gaudeix de la millor m\u00fasica a llocs preciosos.<\/p>\n<p>No deixeu escapar aquesta oportunitat i esperem trobar-vos l\u2019estiu vinent a Solsona!<\/p>\n<p style=\"text-align: center;\"><img loading=\"lazy\" decoding=\"async\" class=\"wp-image-9638 alignnone \" src=\"https:\/\/aims.cat\/wp-content\/uploads\/2020\/07\/Signature-Peter-Thiemann-300x150.png\" alt=\"\" width=\"276\" height=\"138\" \/><br \/>Peter Thiemann<br \/>President de la Fundaci\u00f3 AIMS<\/p>\n<hr \/>\n<p>&nbsp;<\/p>\n<p>[\/et_pb_text][\/et_pb_column_inner][\/et_pb_row_inner][et_pb_row_inner column_structure=&#8221;1_2,1_2&#8243; padding_mobile=&#8221;off&#8221; column_padding_mobile=&#8221;on&#8221; admin_label=&#8221;Row&#8221; _builder_version=&#8221;4.16&#8243; global_colors_info=&#8221;{}&#8221;][et_pb_column_inner type=&#8221;1_2&#8243; saved_specialty_column_type=&#8221;3_4&#8243; _builder_version=&#8221;4.16&#8243; custom_padding=&#8221;|||&#8221; global_colors_info=&#8221;{}&#8221; custom_padding__hover=&#8221;|||&#8221;][et_pb_testimonial author=&#8221;Ekaterina Manafova &#8221; job_title=&#8221;alumna de viola &#8221; company_name=&#8221;Universit\u00e4t der K\u00fcnste (Berlin)&#8221; _builder_version=&#8221;4.16&#8243; border_style=&#8221;solid&#8221; global_colors_info=&#8221;{}&#8221;]<\/p>\n<p>\nAIMS \u00e9s com una gran fam\u00edlia de m\u00fasics. \u00c9s molt intens, amb molta diversi\u00f3 i oportunitats de presentar-tee. Un cop arribes, vols tornar cada estiu.<\/p>\n<p>[\/et_pb_testimonial][\/et_pb_column_inner][et_pb_column_inner type=&#8221;1_2&#8243; saved_specialty_column_type=&#8221;3_4&#8243; _builder_version=&#8221;4.16&#8243; custom_padding=&#8221;|||&#8221; global_colors_info=&#8221;{}&#8221; custom_padding__hover=&#8221;|||&#8221;][et_pb_testimonial author=&#8221;Anna Litvinenko&#8221; job_title=&#8221;alumna de violoncel &#8221; company_name=&#8221;The Juilliard School (Nova York)&#8221; _builder_version=&#8221;4.16&#8243; border_style=&#8221;solid&#8221; global_colors_info=&#8221;{}&#8221;]<\/p>\n<p>Uns dels dies m\u00e9s intensos, ocupats i s\u00faper divertits amb el millor grup de nois i professors. No ho puc recomanar prou perqu\u00e8 m&#8217;ha fascinat.<\/p>\n<p>[\/et_pb_testimonial][\/et_pb_column_inner][\/et_pb_row_inner][\/et_pb_column][\/et_pb_section]<\/p>\n","protected":false},"excerpt":{"rendered":"<p>Estimats amics i amigues, Despr\u00e9s de 24 anys de l\u2019AIMS tinc moltes ganes de seguir amb el projecte que vam iniciar l\u2019any 2002 amb la visi\u00f3 de crear una acad\u00e8mia [&hellip;]<\/p>\n","protected":false},"author":2,"featured_media":0,"parent":1021,"menu_order":0,"comment_status":"closed","ping_status":"closed","template":"","meta":{"_acf_changed":false,"_et_pb_use_builder":"on","_et_pb_old_content":"","_et_gb_content_width":"","footnotes":"","_links_to":"","_links_to_target":""},"class_list":["post-1504","page","type-page","status-publish","hentry"],"acf":[],"_links":{"self":[{"href":"https:\/\/aims.cat\/ca\/wp-json\/wp\/v2\/pages\/1504","targetHints":{"allow":["GET"]}}],"collection":[{"href":"https:\/\/aims.cat\/ca\/wp-json\/wp\/v2\/pages"}],"about":[{"href":"https:\/\/aims.cat\/ca\/wp-json\/wp\/v2\/types\/page"}],"author":[{"embeddable":true,"href":"https:\/\/aims.cat\/ca\/wp-json\/wp\/v2\/users\/2"}],"replies":[{"embeddable":true,"href":"https:\/\/aims.cat\/ca\/wp-json\/wp\/v2\/comments?post=1504"}],"version-history":[{"count":15,"href":"https:\/\/aims.cat\/ca\/wp-json\/wp\/v2\/pages\/1504\/revisions"}],"predecessor-version":[{"id":17838,"href":"https:\/\/aims.cat\/ca\/wp-json\/wp\/v2\/pages\/1504\/revisions\/17838"}],"up":[{"embeddable":true,"href":"https:\/\/aims.cat\/ca\/wp-json\/wp\/v2\/pages\/1021"}],"wp:attachment":[{"href":"https:\/\/aims.cat\/ca\/wp-json\/wp\/v2\/media?parent=1504"}],"curies":[{"name":"wp","href":"https:\/\/api.w.org\/{rel}","templated":true}]}}