{"id":1513,"date":"2016-01-26T09:54:49","date_gmt":"2016-01-26T09:54:49","guid":{"rendered":"https:\/\/aims.cat\/ca\/aims-academia\/financial-aid\/"},"modified":"2025-11-10T10:36:33","modified_gmt":"2025-11-10T10:36:33","slug":"ajuts-economics","status":"publish","type":"page","link":"https:\/\/aims.cat\/ca\/aims-academia\/ajuts-economics\/","title":{"rendered":"Ajuts econ\u00f2mics"},"content":{"rendered":"<p>[et_pb_section fb_built=&#8221;1&#8243; admin_label=&#8221;section&#8221; _builder_version=&#8221;4.16&#8243; global_colors_info=&#8221;{}&#8221;][et_pb_row column_structure=&#8221;1_4,3_4&#8243; admin_label=&#8221;row&#8221; _builder_version=&#8221;4.16&#8243; background_size=&#8221;initial&#8221; background_position=&#8221;top_left&#8221; background_repeat=&#8221;repeat&#8221; global_colors_info=&#8221;{}&#8221;][et_pb_column type=&#8221;1_4&#8243; _builder_version=&#8221;4.16&#8243; custom_padding=&#8221;|||&#8221; global_colors_info=&#8221;{}&#8221; custom_padding__hover=&#8221;|||&#8221;][et_pb_sidebar area=&#8221;et_pb_widget_area_3&#8243; admin_label=&#8221;MENU&#8221; module_id=&#8221;AcademyMenu&#8221; _builder_version=&#8221;4.16&#8243; remove_border=&#8221;off&#8221; global_colors_info=&#8221;{}&#8221;][\/et_pb_sidebar][\/et_pb_column][et_pb_column type=&#8221;3_4&#8243; _builder_version=&#8221;4.16&#8243; custom_padding=&#8221;|||&#8221; global_colors_info=&#8221;{}&#8221; custom_padding__hover=&#8221;|||&#8221;][et_pb_text admin_label=&#8221;Texto&#8221; _builder_version=&#8221;4.18.0&#8243; background_size=&#8221;initial&#8221; background_position=&#8221;top_left&#8221; background_repeat=&#8221;repeat&#8221; module_alignment=&#8221;left&#8221; z_index_tablet=&#8221;500&#8243; text_text_shadow_horizontal_length_tablet=&#8221;0px&#8221; text_text_shadow_vertical_length_tablet=&#8221;0px&#8221; text_text_shadow_blur_strength_tablet=&#8221;1px&#8221; link_text_shadow_horizontal_length_tablet=&#8221;0px&#8221; link_text_shadow_vertical_length_tablet=&#8221;0px&#8221; link_text_shadow_blur_strength_tablet=&#8221;1px&#8221; ul_text_shadow_horizontal_length_tablet=&#8221;0px&#8221; ul_text_shadow_vertical_length_tablet=&#8221;0px&#8221; ul_text_shadow_blur_strength_tablet=&#8221;1px&#8221; ol_text_shadow_horizontal_length_tablet=&#8221;0px&#8221; ol_text_shadow_vertical_length_tablet=&#8221;0px&#8221; ol_text_shadow_blur_strength_tablet=&#8221;1px&#8221; quote_text_shadow_horizontal_length_tablet=&#8221;0px&#8221; quote_text_shadow_vertical_length_tablet=&#8221;0px&#8221; quote_text_shadow_blur_strength_tablet=&#8221;1px&#8221; header_text_shadow_horizontal_length_tablet=&#8221;0px&#8221; header_text_shadow_vertical_length_tablet=&#8221;0px&#8221; header_text_shadow_blur_strength_tablet=&#8221;1px&#8221; header_2_text_shadow_horizontal_length_tablet=&#8221;0px&#8221; header_2_text_shadow_vertical_length_tablet=&#8221;0px&#8221; header_2_text_shadow_blur_strength_tablet=&#8221;1px&#8221; header_3_text_shadow_horizontal_length_tablet=&#8221;0px&#8221; header_3_text_shadow_vertical_length_tablet=&#8221;0px&#8221; header_3_text_shadow_blur_strength_tablet=&#8221;1px&#8221; header_4_text_shadow_horizontal_length_tablet=&#8221;0px&#8221; header_4_text_shadow_vertical_length_tablet=&#8221;0px&#8221; header_4_text_shadow_blur_strength_tablet=&#8221;1px&#8221; header_5_text_shadow_horizontal_length_tablet=&#8221;0px&#8221; header_5_text_shadow_vertical_length_tablet=&#8221;0px&#8221; header_5_text_shadow_blur_strength_tablet=&#8221;1px&#8221; header_6_text_shadow_horizontal_length_tablet=&#8221;0px&#8221; header_6_text_shadow_vertical_length_tablet=&#8221;0px&#8221; header_6_text_shadow_blur_strength_tablet=&#8221;1px&#8221; box_shadow_horizontal_tablet=&#8221;0px&#8221; box_shadow_vertical_tablet=&#8221;0px&#8221; box_shadow_blur_tablet=&#8221;40px&#8221; box_shadow_spread_tablet=&#8221;0px&#8221; global_colors_info=&#8221;{}&#8221;]<\/p>\n<h4>Ajuts econ\u00f2mics<\/h4>\n<p>Per a l\u2019edici\u00f3 2026 de l\u2019Acad\u00e8mia de Cordes, s\u2019ha establert un fons de beques destinat a donar suport als estudiants que ho necessitin. Malauradament, els recursos disponibles s\u00f3n molt limitats i no ser\u00e0 possible oferir ajudes econ\u00f2miques de gran import. Aix\u00ed i tot, s\u2019encoratja els interessats a presentar la seva sol\u00b7licitud. Aquest fons ha estat possible gr\u00e0cies a la col\u00b7laboraci\u00f3 de <a href=\"https:\/\/aims.cat\/ca\/aims-amics-dels-eua\/\">Friends of AIMS US Inc.<\/a> i l\u2019AIMS Fundaci\u00f3 expressa el seu sincer agra\u00efment per la seva generositat i suport continuat.<\/p>\n<p><strong>Requisits b\u00e0sics per sol\u00b7licitar la beca:<\/strong><\/p>\n<p>Per a sol\u00b7licitar un ajut de l\u2019AIMS Fundaci\u00f3 cal enviar el formulari d\u2019inscripci\u00f3 + un correu electr\u00f2nic a info@aims.cat abans del 31 de mar\u00e7 amb:<\/p>\n<ul>\n<li>Una carta breu de motivaci\u00f3.<\/li>\n<li>Un v\u00eddeo de 10 minuts interpretant dues obres de la teva elecci\u00f3 de diferents per\u00edodes i estils (enviar l\u2019arxiu a trav\u00e9s d&#8217;un enlla\u00e7 obert com Drive, YouTube o similar).<\/li>\n<\/ul>\n<p>No has d\u2019enviar la quota d\u2019inscripci\u00f3 de 220\u202f\u20ac fins que hi hagi la resoluci\u00f3 de la beca.<\/p>\n<p>L\u2019AIMS Fundaci\u00f3 es reserva el dret de demanar informaci\u00f3 fiable sobre la situaci\u00f3 econ\u00f2mica familiar.<\/p>\n<p><strong>Data l\u00edmit de sol\u00b7licitud: 31 de mar\u00e7 del 2026<\/strong><\/p>\n<p>\u200b<\/p>\n<p>&nbsp;<\/p>\n<p>[\/et_pb_text][\/et_pb_column][\/et_pb_row][\/et_pb_section]<\/p>\n","protected":false},"excerpt":{"rendered":"<p>Ajuts econ\u00f2mics Per a l\u2019edici\u00f3 2026 de l\u2019Acad\u00e8mia de Cordes, s\u2019ha establert un fons de beques destinat a donar suport als estudiants que ho necessitin. Malauradament, els recursos disponibles s\u00f3n [&hellip;]<\/p>\n","protected":false},"author":2,"featured_media":0,"parent":1021,"menu_order":0,"comment_status":"closed","ping_status":"closed","template":"","meta":{"_acf_changed":false,"_et_pb_use_builder":"on","_et_pb_old_content":"","_et_gb_content_width":"","footnotes":"","_links_to":"","_links_to_target":""},"class_list":["post-1513","page","type-page","status-publish","hentry"],"acf":[],"_links":{"self":[{"href":"https:\/\/aims.cat\/ca\/wp-json\/wp\/v2\/pages\/1513","targetHints":{"allow":["GET"]}}],"collection":[{"href":"https:\/\/aims.cat\/ca\/wp-json\/wp\/v2\/pages"}],"about":[{"href":"https:\/\/aims.cat\/ca\/wp-json\/wp\/v2\/types\/page"}],"author":[{"embeddable":true,"href":"https:\/\/aims.cat\/ca\/wp-json\/wp\/v2\/users\/2"}],"replies":[{"embeddable":true,"href":"https:\/\/aims.cat\/ca\/wp-json\/wp\/v2\/comments?post=1513"}],"version-history":[{"count":6,"href":"https:\/\/aims.cat\/ca\/wp-json\/wp\/v2\/pages\/1513\/revisions"}],"predecessor-version":[{"id":17846,"href":"https:\/\/aims.cat\/ca\/wp-json\/wp\/v2\/pages\/1513\/revisions\/17846"}],"up":[{"embeddable":true,"href":"https:\/\/aims.cat\/ca\/wp-json\/wp\/v2\/pages\/1021"}],"wp:attachment":[{"href":"https:\/\/aims.cat\/ca\/wp-json\/wp\/v2\/media?parent=1513"}],"curies":[{"name":"wp","href":"https:\/\/api.w.org\/{rel}","templated":true}]}}