{"id":1535,"date":"2016-02-11T11:24:40","date_gmt":"2016-02-11T11:24:40","guid":{"rendered":"https:\/\/aims.cat\/ca\/aims-festival\/calendar-and-programs\/"},"modified":"2025-11-06T17:32:47","modified_gmt":"2025-11-06T17:32:47","slug":"calendari-i-programes","status":"publish","type":"page","link":"https:\/\/aims.cat\/ca\/aims-festival\/calendari-i-programes\/","title":{"rendered":"Calendari i programes"},"content":{"rendered":"<p>[et_pb_section fb_built=&#8221;1&#8243; specialty=&#8221;on&#8221; _builder_version=&#8221;4.16&#8243; global_colors_info=&#8221;{}&#8221;][et_pb_column type=&#8221;1_4&#8243; _builder_version=&#8221;4.16&#8243; custom_padding=&#8221;|||&#8221; global_colors_info=&#8221;{}&#8221; custom_padding__hover=&#8221;|||&#8221;][et_pb_sidebar area=&#8221;et_pb_widget_area_4&#8243; admin_label=&#8221;MENU&#8221; module_id=&#8221;FestivalMenu&#8221; _builder_version=&#8221;4.16&#8243; remove_border=&#8221;off&#8221; global_colors_info=&#8221;{}&#8221;][\/et_pb_sidebar][\/et_pb_column][et_pb_column type=&#8221;3_4&#8243; specialty_columns=&#8221;3&#8243; _builder_version=&#8221;4.16&#8243; custom_padding=&#8221;|||&#8221; global_colors_info=&#8221;{}&#8221; custom_padding__hover=&#8221;|||&#8221;][et_pb_row_inner disabled_on=&#8221;off|off|off&#8221; _builder_version=&#8221;4.20.4&#8243; _module_preset=&#8221;default&#8221; custom_margin=&#8221;||0px|0px|false|false&#8221; custom_padding=&#8221;|0px|0px|0px|false|false&#8221; global_colors_info=&#8221;{}&#8221;][et_pb_column_inner saved_specialty_column_type=&#8221;3_4&#8243; _builder_version=&#8221;4.20.4&#8243; _module_preset=&#8221;default&#8221; custom_padding=&#8221;0px|0px|0px|0px|false|false&#8221; global_colors_info=&#8221;{}&#8221;][et_pb_code _builder_version=&#8221;4.27.0&#8243; _module_preset=&#8221;default&#8221; custom_margin=&#8221;0px|0px|0px|0px|true|true&#8221; custom_padding=&#8221;0px|0px|0px|0px|true|true&#8221; global_colors_info=&#8221;{}&#8221;]<\/p>\n<div style=\"display:flex; gap:20px; justify-content:flex-end\"><!-- [et_pb_line_break_holder] -->  <a class=\"et_pb_button et_pb_button_0 et_pb_bg_layout_light\" href=\"https:\/\/entradessolsones.com\/\" target=\"_blank\" rel=\"noopener\">Entrades<\/a><!-- [et_pb_line_break_holder] -->  <a class=\"et_pb_button et_pb_button_0 et_pb_bg_layout_light\" href=\"https:\/\/aims.cat\/wp-content\/uploads\/2025\/07\/Llibret_AIMS_25_digital.pdf\" target=\"_blank\" rel=\"noopener\">Programa<\/a><!-- [et_pb_line_break_holder] -->  <!-- [et_pb_line_break_holder] -->  <!-- [et_pb_line_break_holder] -->  <!-- [et_pb_line_break_holder] --><\/div>\n<p>[\/et_pb_code][\/et_pb_column_inner][\/et_pb_row_inner][et_pb_row_inner use_custom_gutter=&#8221;on&#8221; gutter_width=&#8221;1&#8243; make_equal=&#8221;on&#8221; admin_label=&#8221;Row&#8221; _builder_version=&#8221;4.16&#8243; custom_margin=&#8221;||0px|&#8221; custom_padding=&#8221;||0px|&#8221; z_index_tablet=&#8221;500&#8243; box_shadow_horizontal_tablet=&#8221;0px&#8221; box_shadow_vertical_tablet=&#8221;0px&#8221; box_shadow_blur_tablet=&#8221;40px&#8221; box_shadow_spread_tablet=&#8221;0px&#8221; global_colors_info=&#8221;{}&#8221;][et_pb_column_inner saved_specialty_column_type=&#8221;3_4&#8243; _builder_version=&#8221;4.16&#8243; custom_padding=&#8221;|||&#8221; global_colors_info=&#8221;{}&#8221; custom_padding__hover=&#8221;|||&#8221;][et_pb_post_title meta=&#8221;off&#8221; featured_image=&#8221;off&#8221; text_color=&#8221;light&#8221; text_background=&#8221;on&#8221; text_bg_color=&#8221;#222222&#8243; disabled_on=&#8221;off|off|off&#8221; admin_label=&#8221;T\u00edtulo de publicaci\u00f3n&#8221; _builder_version=&#8221;4.16&#8243; title_font_size=&#8221;18px&#8221; background_color=&#8221;rgba(255,255,255,0)&#8221; parallax=&#8221;on&#8221; parallax_method=&#8221;off&#8221; use_border_color=&#8221;off&#8221; global_colors_info=&#8221;{}&#8221;][\/et_pb_post_title][\/et_pb_column_inner][\/et_pb_row_inner][et_pb_row_inner disabled_on=&#8221;off|off|off&#8221; _builder_version=&#8221;4.20.4&#8243; _module_preset=&#8221;default&#8221; global_colors_info=&#8221;{}&#8221;][et_pb_column_inner saved_specialty_column_type=&#8221;3_4&#8243; _builder_version=&#8221;4.16&#8243; _module_preset=&#8221;default&#8221; global_colors_info=&#8221;{}&#8221;][et_pb_text disabled_on=&#8221;off|off|off&#8221; _builder_version=&#8221;4.27.0&#8243; _module_preset=&#8221;default&#8221; hover_enabled=&#8221;0&#8243; global_colors_info=&#8221;{}&#8221; sticky_enabled=&#8221;0&#8243;]<\/p>\n<p><strong>Properament publicarem m\u00e9s informaci\u00f3 sobre el Festival 2026. Mentrestant, podeu consultar la informaci\u00f3 del Festival 2025.<\/strong><\/p>\n<p>[\/et_pb_text][\/et_pb_column_inner][\/et_pb_row_inner][et_pb_row_inner disabled_on=&#8221;off|off|off&#8221; _builder_version=&#8221;4.20.4&#8243; global_colors_info=&#8221;{}&#8221;][et_pb_column_inner saved_specialty_column_type=&#8221;3_4&#8243; _builder_version=&#8221;4.16&#8243; global_colors_info=&#8221;{}&#8221;][et_pb_code disabled_on=&#8221;off|off|off&#8221; _builder_version=&#8221;4.16&#8243; custom_margin=&#8221;-52px||90px|||&#8221; custom_padding=&#8221;||0px|||&#8221; global_colors_info=&#8221;{}&#8221;]<style>\n#festival-filter {\n\tmargin-bottom: 10px;\n\t}\n#festival-filter a {\n\tdisplay:inline-block;\n\tpadding: 10px;\n\tcolor:#fff;\n\tbackground-color:#EA4951;\t\n\tfont-size:0.9em;\n\tmargin: 0 10px 10px 0;\n\t}\n#festival-filter a:hover {\n\ttext-decoration: underline;\n\t}\n#festival-filter a.in {\n\tbackground-color:#000;\n\t}\n.festival-event-list .item.hidden\n\t{\n\tdisplay: none !important;\n\t}\n.festival-event-list .item {\n\tfloat:left;\n\twidth:30%;\n\tmargin-right:3% !important;\n\tmargin-bottom: 3% !important;\n\t}\n.festival-event-list .item a {\n\tdisplay:block;\n\tpadding: 10px;\n\theight: 120px;\n\tposition:relative;\n\t}\n.festival-event-list .item.festival a {\n\tbackground:#ddd;\n\tborder:solid 1px #cfcfcf;\n\tcolor:#222;\n\t}\n.festival-event-list .item.festival_wind a {\n\tbackground:#efefef;\n\tborder:solid 1px #cfcfcf;\n\tcolor:#222;\n\t}\n.festival-event-list .item a:hover {\n\ttext-decoration:none;\n\tbackground-color:#ea4951;\n\tcolor:#fff;\n\t}\n.festival-event-list .item .eventTitle {\n\ttext-transform:uppercase;\n\tfont-weight:bold;\n\tfont-size: 16px;\n\tbackground-color:rgba(0,0,0,0.1);\n\t}\n.festival-event-list .item .eventMeta {\n\tposition: absolute;\n\tfont-size:10px;\n\tline-height:14px;\n\ttext-align:right;\n\tbottom:10px;\n\tright:10px;\n\t}\n.festival-event-list .item .eventFecha {\n\tdisplay:block;\n\tfont-size:12px;\n\t}\n.festival-event-list .item .eventHora.eventNoEmpty:before {\n\tcontent:' - ';\n\t}\n@media all and (max-width: 767px) {\n\t.festival-event-list .item {\n\t\twidth:47%;\n\t\tmargin-right:3% !important;\n\t\tmargin-bottom: 3% !important;\n\t\t}\n}\n@media all and (max-width: 479px) {\n\t.festival-event-list .item {\n    \twidth:100%;\n    \tfloat:none;\n    \tmargin-right:0 !important;\n    \tmargin-bottom: 5% !important;\n\t}\n}<\/style><script>jQuery(document).ready(function( $ ) {\n    jQuery('#festival-filter a').click(function(event){\n       event.preventDefault();\n       val = jQuery(this).attr('data-toggle');\n       jQuery('#festival-filter a').removeClass('in');\n       jQuery(this).addClass('in');\n       jQuery('.festival-event-list .item').removeClass('hidden'); \n\t\tconsole.log(val);\n       if(val!='all') \n            { \n            jQuery('.festival-event-list .item').addClass('hidden'); \n            jQuery('.festival-event-list .item.'+val).removeClass('hidden');\n            }\n       \n    });\n});<\/script><div class='festival-event-list'><div class='item all festival'><a href='https:\/\/aims.cat\/ca\/festival\/solsona-concert-inaugural\/'><span class='eventTitle'>SOLSONA &#8211; CONCERT INAUGURAL<\/span><div class='eventMeta'><span class='eventField eventFecha'>Divendres 1 d\u2019agost<\/span><span class='eventField eventLugar eventNoEmpty'>Teatre Comarcal de Solsona<\/span><span class='eventField eventHora eventNoEmpty'>20:00 h<\/span><\/div><\/a><\/div><div class='item all festival'><a href='https:\/\/aims.cat\/ca\/festival\/sallent-vetllada-dharmonies-patrimonials\/'><span class='eventTitle'>SALLENT &#8211; VETLLADA D\u2019HARMONIES PATRIMONIALS<\/span><div class='eventMeta'><span class='eventField eventFecha'>Dissabte 2 d'agost<\/span><span class='eventField eventLugar eventNoEmpty'>SALLENT - Casa Museu Torres Amat<\/span><span class='eventField eventHora eventNoEmpty'>20:00 h<\/span><\/div><\/a><\/div><div class='item all festival'><a href='https:\/\/aims.cat\/ca\/festival\/naves-a-la-falda-de-busa\/'><span class='eventTitle'>NAV\u00c8S &#8211; A LA FALDA DE BUSA<\/span><div class='eventMeta'><span class='eventField eventFecha'>Diumenge 3 d'agost<\/span><span class='eventField eventLugar eventNoEmpty'>NAV\u00c8S - Esgl\u00e9sia de Sant Climent de la Selva<\/span><span class='eventField eventHora eventNoEmpty'>12:00h<\/span><\/div><\/a><\/div><div class='item all festival'><a href='https:\/\/aims.cat\/ca\/festival\/solsona-lorgue-de-la-catedral-amb-johannes-geffert-2\/'><span class='eventTitle'>SOLSONA &#8211; L\u2019ORGUE DE LA CATEDRAL AMB JOHANNES GEFFERT<\/span><div class='eventMeta'><span class='eventField eventFecha'>Diumenge 3 d'agost<\/span><span class='eventField eventLugar eventNoEmpty'>SOLSONA - Catedral de Solsona<\/span><span class='eventField eventHora eventNoEmpty'>19:00 h<\/span><\/div><\/a><\/div><div class='item all festival'><a href='https:\/\/aims.cat\/ca\/festival\/solsona-musica-entre-art-octet-de-corda-al-museu\/'><span class='eventTitle'>SOLSONA &#8211; M\u00daSICA ENTRE ART: OCTET DE CORDA AL MUSEU<\/span><div class='eventMeta'><span class='eventField eventFecha'>Dimarts, 5 d'agost<\/span><span class='eventField eventLugar eventNoEmpty'>SOLSONA - Museu Dioces\u00e0 i Comarcal<\/span><span class='eventField eventHora eventNoEmpty'>20:30 h<\/span><\/div><\/a><\/div><div class='item all festival'><a href='https:\/\/aims.cat\/ca\/festival\/castellar-de-la-ribera-gala-de-guanyadors-del-concurs-de-lacademia\/'><span class='eventTitle'>CASTELLAR DE LA RIBERA &#8211; GALA DE GUANYADORS DEL CONCURS DE L\u2019ACAD\u00c8MIA<\/span><div class='eventMeta'><span class='eventField eventFecha'>Dimecres, 6 d'agost<\/span><span class='eventField eventLugar eventNoEmpty'>CASTELLAR DE LA RIBERA  - Sant Andreu de Clar\u00e0<\/span><span class='eventField eventHora eventNoEmpty'>21:00 h<\/span><\/div><\/a><\/div><div class='item all festival'><a href='https:\/\/aims.cat\/ca\/festival\/guixers-on-el-so-fa-estada\/'><span class='eventTitle'>GUIXERS &#8211; ON EL SO FA ESTADA<\/span><div class='eventMeta'><span class='eventField eventFecha'>Dijous 7 d'agost<\/span><span class='eventField eventLugar eventNoEmpty'>GUIXERS - Hotel Monegal<\/span><span class='eventField eventHora eventNoEmpty'>21:00h<\/span><\/div><\/a><\/div><div class='item all festival'><a href='https:\/\/aims.cat\/ca\/festival\/solsona-lhora-de-lalumnat-i\/'><span class='eventTitle'>SOLSONA &#8211; L\u2019HORA DE L\u2019ALUMNAT I<\/span><div class='eventMeta'><span class='eventField eventFecha'>Divendres 8 d\u2019agost<\/span><span class='eventField eventLugar eventNoEmpty'>SOLSONA - Auditori de la Sala Polivalent<\/span><span class='eventField eventHora eventNoEmpty'>12:00 h<\/span><\/div><\/a><\/div><div class='item all festival'><a href='https:\/\/aims.cat\/ca\/festival\/solsona-la-vuitena-de-beethoven-amb-lorquestra-simfonica-de-laims\/'><span class='eventTitle'>SOLSONA &#8211; LA VUITENA DE BEETHOVEN AMB L\u2019ORQUESTRA SIMF\u00d2NICA DE L\u2019AIMS<\/span><div class='eventMeta'><span class='eventField eventFecha'>Divendres 8 d'agost<\/span><span class='eventField eventLugar eventNoEmpty'>SOLSONA - Sala Polivalent<\/span><span class='eventField eventHora eventNoEmpty'>21:00 h<\/span><\/div><\/a><\/div><div class='item all festival'><a href='https:\/\/aims.cat\/ca\/festival\/solsona-lhora-de-lalumnat-ii\/'><span class='eventTitle'>SOLSONA &#8211; L\u2019HORA DE L\u2019ALUMNAT II<\/span><div class='eventMeta'><span class='eventField eventFecha'>Dissabte 9 d'agost<\/span><span class='eventField eventLugar eventNoEmpty'>SOLSONA - Auditori de la Sala Polivalent<\/span><span class='eventField eventHora eventNoEmpty'>12:00 h<\/span><\/div><\/a><\/div><div class='item all festival'><a href='https:\/\/aims.cat\/ca\/festival\/clariana-de-cardaner-melodies-en-aigues-tranquil%c2%b7les\/'><span class='eventTitle'>CLARIANA DE CARDENER &#8211; MELODIES EN AIG\u00dcES TRANQUIL\u00b7LES<\/span><div class='eventMeta'><span class='eventField eventFecha'>Dissabte 9 d'agost<\/span><span class='eventField eventLugar eventNoEmpty'>CLARIANA DE CARDENER - Embassament de Sant Pon\u00e7<\/span><span class='eventField eventHora eventNoEmpty'>20:00h<\/span><\/div><\/a><\/div><div class='item all festival'><a href='https:\/\/aims.cat\/ca\/festival\/moia-arcs-i-vents-del-quintet-al-nonet\/'><span class='eventTitle'>MOI\u00c0 &#8211; ARCS I VENTS: DEL QUINTET AL NONET<\/span><div class='eventMeta'><span class='eventField eventFecha'>Dissabte 9 d'agost<\/span><span class='eventField eventLugar eventNoEmpty'>MOI\u00c0 - Espai Cultural Les Faixes<\/span><span class='eventField eventHora eventNoEmpty'>20:00 h<\/span><\/div><\/a><\/div><div class='item all festival'><a href='https:\/\/aims.cat\/ca\/festival\/cardona-arcs-i-vents-sota-les-voltes-del-romanic\/'><span class='eventTitle'>CARDONA &#8211; ARCS I VENTS: SOTA LES VOLTES DEL ROM\u00c0NIC<\/span><div class='eventMeta'><span class='eventField eventFecha'>Diumenge 10 d'agost<\/span><span class='eventField eventLugar eventNoEmpty'>CARDONA - Col\u00b7legiata de Sant Vicen\u00e7<\/span><span class='eventField eventHora eventNoEmpty'>20:00h<\/span><\/div><\/a><\/div><div class='item all festival'><a href='https:\/\/aims.cat\/ca\/festival\/tora-entre-cel-i-terra\/'><span class='eventTitle'>TOR\u00c0 &#8211; ENTRE CEL I TERRA<\/span><div class='eventMeta'><span class='eventField eventFecha'>Dilluns 11 d'agost<\/span><span class='eventField eventLugar eventNoEmpty'>TOR\u00c0 - Capella de Santa Maria de l\u2019Aguda<\/span><span class='eventField eventHora eventNoEmpty'>19:00h<\/span><\/div><\/a><\/div><div class='item all festival'><a href='https:\/\/aims.cat\/ca\/festival\/olius-un-classic-de-laims\/'><span class='eventTitle'>OLIUS &#8211; UN CL\u00c0SSIC DE L\u2019AIMS<\/span><div class='eventMeta'><span class='eventField eventFecha'>Dimarts 12 d\u2019agost<\/span><span class='eventField eventLugar eventNoEmpty'>OLIUS - Parr\u00f2quia de Sant Esteve d\u2019Olius<\/span><span class='eventField eventHora eventNoEmpty'>21:00h<\/span><\/div><\/a><\/div><div class='item all festival'><a href='https:\/\/aims.cat\/ca\/festival\/organya-tret-de-sortida-a-la-festa-major\/'><span class='eventTitle'>ORGANY\u00c0 &#8211; TRET DE SORTIDA A LA FESTA MAJOR<\/span><div class='eventMeta'><span class='eventField eventFecha'>Dimecres 13 d'agost<\/span><span class='eventField eventLugar eventNoEmpty'>ORGANY\u00c0 - Pla\u00e7a de l\u2019Esgl\u00e9sia<\/span><span class='eventField eventHora eventNoEmpty'>20:00 h<\/span><\/div><\/a><\/div><div class='item all festival'><a href='https:\/\/aims.cat\/ca\/festival\/pinell-de-solsones-joves-promeses-a-la-vila-closa\/'><span class='eventTitle'>PINELL DE SOLSON\u00c8S &#8211; JOVES PROMESES A LA VILA CLOSA<\/span><div class='eventMeta'><span class='eventField eventFecha'>Dijous 14 d'agost<\/span><span class='eventField eventLugar eventNoEmpty'>PINELL DE SOLSON\u00c8S - Vila Closa de Sant Climen\u00e7<\/span><span class='eventField eventHora eventNoEmpty'>20:00h<\/span><\/div><\/a><\/div><div class='item all festival'><a href='https:\/\/aims.cat\/ca\/festival\/solsona-lhora-de-lalumnat-iii\/'><span class='eventTitle'>SOLSONA &#8211; L\u2019HORA DE L\u2019ALUMNAT III<\/span><div class='eventMeta'><span class='eventField eventFecha'>Divendres 15 d\u2019agost<\/span><span class='eventField eventLugar eventNoEmpty'>SOLSONA - Auditori de la Sala Polivalent<\/span><span class='eventField eventHora eventNoEmpty'>12:00 h<\/span><\/div><\/a><\/div><div class='item all festival'><a href='https:\/\/aims.cat\/ca\/festival\/oden-oda-a-les-muntanyes\/'><span class='eventTitle'>OD\u00c8N &#8211; ODA A LES MUNTANYES<\/span><div class='eventMeta'><span class='eventField eventFecha'>Divendres , 15 d'agost<\/span><span class='eventField eventLugar eventNoEmpty'>OD\u00c8N - Ermita de Santa Cec\u00edlia d\u2019Od\u00e8n<\/span><span class='eventField eventHora eventNoEmpty'>20:00 h<\/span><\/div><\/a><\/div><div class='item all festival'><a href='https:\/\/aims.cat\/ca\/festival\/solsona-lhora-de-lalumnat-iv\/'><span class='eventTitle'>SOLSONA &#8211; L\u2019HORA DE L\u2019ALUMNAT IV<\/span><div class='eventMeta'><span class='eventField eventFecha'>Dissabte, 16 d'agost<\/span><span class='eventField eventLugar eventNoEmpty'>SOLSONA - Auditori de la Sala Polivalent<\/span><span class='eventField eventHora eventNoEmpty'>12:00 h<\/span><\/div><\/a><\/div><div class='item all festival'><a href='https:\/\/aims.cat\/ca\/festival\/riner-escales-de-vent-a-cel-obert\/'><span class='eventTitle'>RINER &#8211; ESCALES DE VENT A CEL OBERT<\/span><div class='eventMeta'><span class='eventField eventFecha'>Dissabte, 16 d'agost<\/span><span class='eventField eventLugar eventNoEmpty'>RINER - Casa Gran del Miracle<\/span><span class='eventField eventHora eventNoEmpty'>19:00h<\/span><\/div><\/a><\/div><div class='item all festival'><a href='https:\/\/aims.cat\/ca\/festival\/solsona-concert-de-cloenda\/'><span class='eventTitle'>SOLSONA &#8211; CONCERT DE CLOENDA<\/span><div class='eventMeta'><span class='eventField eventFecha'>Diumenge 17 d'agost<\/span><span class='eventField eventLugar eventNoEmpty'>SOLSONA - Teatre Comarcal<\/span><span class='eventField eventHora eventNoEmpty'>20:00 h<\/span><\/div><\/a><\/div><div class='item all festival'><a href='https:\/\/aims.cat\/ca\/festival\/aims-social\/'><span class='eventTitle'>AIMS SOCIAL<\/span><div class='eventMeta'><span class='eventField eventFecha'>Durant el decurs de tot l'any i el Festival<\/span><span class='eventField eventLugar eventNoEmpty'>Diferents espais <\/span><span class='eventField eventHora eventNoEmpty'>-<\/span><\/div><\/a><\/div><div class='item all festival'><a href='https:\/\/aims.cat\/ca\/festival\/aims-al-carrer\/'><span class='eventTitle'>L&#8217;AIMS AL CARRER<\/span><div class='eventMeta'><span class='eventField eventFecha'>Del 4 al 7 i de l\u201911 al 14 d\u2019agost<\/span><span class='eventField eventLugar eventNoEmpty'>SOLSONA - Pla\u00e7a de la Catedral<\/span><span class='eventField eventHora eventNoEmpty'>19:00 h<\/span><\/div><\/a><\/div><\/div>[\/et_pb_code][\/et_pb_column_inner][\/et_pb_row_inner][\/et_pb_column][\/et_pb_section]<\/p>\n","protected":false},"excerpt":{"rendered":"<p>AIMS\u00a0Festival AIMS AL CARRER De dilluns a dijous durant tot el festival. Del 4 al 7 i de l\u201911 al 14 d\u2019agost, a les 19h Pla\u00e7a de la Catedral 8 [&hellip;]<\/p>\n","protected":false},"author":2,"featured_media":0,"parent":1027,"menu_order":0,"comment_status":"closed","ping_status":"closed","template":"","meta":{"_acf_changed":false,"_et_pb_use_builder":"on","_et_pb_old_content":"","_et_gb_content_width":"","footnotes":"","_links_to":"","_links_to_target":""},"class_list":["post-1535","page","type-page","status-publish","hentry"],"acf":[],"_links":{"self":[{"href":"https:\/\/aims.cat\/ca\/wp-json\/wp\/v2\/pages\/1535","targetHints":{"allow":["GET"]}}],"collection":[{"href":"https:\/\/aims.cat\/ca\/wp-json\/wp\/v2\/pages"}],"about":[{"href":"https:\/\/aims.cat\/ca\/wp-json\/wp\/v2\/types\/page"}],"author":[{"embeddable":true,"href":"https:\/\/aims.cat\/ca\/wp-json\/wp\/v2\/users\/2"}],"replies":[{"embeddable":true,"href":"https:\/\/aims.cat\/ca\/wp-json\/wp\/v2\/comments?post=1535"}],"version-history":[{"count":30,"href":"https:\/\/aims.cat\/ca\/wp-json\/wp\/v2\/pages\/1535\/revisions"}],"predecessor-version":[{"id":17835,"href":"https:\/\/aims.cat\/ca\/wp-json\/wp\/v2\/pages\/1535\/revisions\/17835"}],"up":[{"embeddable":true,"href":"https:\/\/aims.cat\/ca\/wp-json\/wp\/v2\/pages\/1027"}],"wp:attachment":[{"href":"https:\/\/aims.cat\/ca\/wp-json\/wp\/v2\/media?parent=1535"}],"curies":[{"name":"wp","href":"https:\/\/api.w.org\/{rel}","templated":true}]}}