{"id":15879,"date":"2023-12-18T06:55:23","date_gmt":"2023-12-18T06:55:23","guid":{"rendered":"https:\/\/aims.cat\/?page_id=15879"},"modified":"2025-11-03T11:46:52","modified_gmt":"2025-11-03T11:46:52","slug":"joel-marosi","status":"publish","type":"page","link":"https:\/\/aims.cat\/ca\/aims-academia\/professorat\/joel-marosi\/","title":{"rendered":"Jo\u00ebl Marosi"},"content":{"rendered":"<p>[et_pb_section fb_built=&#8221;1&#8243; custom_padding_last_edited=&#8221;on|desktop&#8221; _builder_version=&#8221;4.16&#8243; custom_padding_tablet=&#8221;50px|0|50px|0&#8243; custom_padding_phone=&#8221;&#8221; custom_css_main_element=&#8221;padding-bottom:0px;&#8221; transparent_background=&#8221;off&#8221; padding_mobile=&#8221;off&#8221; global_colors_info=&#8221;{}&#8221;][et_pb_row _builder_version=&#8221;4.16&#8243; background_size=&#8221;initial&#8221; background_position=&#8221;top_left&#8221; background_repeat=&#8221;repeat&#8221; global_colors_info=&#8221;{}&#8221;][et_pb_column type=&#8221;4_4&#8243; _builder_version=&#8221;4.16&#8243; custom_padding=&#8221;|||&#8221; global_colors_info=&#8221;{}&#8221; custom_padding__hover=&#8221;|||&#8221;][et_pb_post_title meta=&#8221;off&#8221; featured_image=&#8221;off&#8221; text_color=&#8221;light&#8221; text_background=&#8221;on&#8221; text_bg_color=&#8221;#222222&#8243; admin_label=&#8221;T\u00edtulo de publicaci\u00f3n&#8221; _builder_version=&#8221;4.16&#8243; title_font_size=&#8221;18px&#8221; title_all_caps=&#8221;off&#8221; background_color=&#8221;rgba(255,255,255,0)&#8221; parallax=&#8221;on&#8221; parallax_method=&#8221;off&#8221; parallax_effect=&#8221;on&#8221; module_bg_color=&#8221;rgba(255,255,255,0)&#8221; global_colors_info=&#8221;{}&#8221;][\/et_pb_post_title][\/et_pb_column][\/et_pb_row][\/et_pb_section][et_pb_section fb_built=&#8221;1&#8243; custom_padding_last_edited=&#8221;on|desktop&#8221; _builder_version=&#8221;4.16&#8243; custom_padding_tablet=&#8221;50px|0|50px|0&#8243; custom_padding_phone=&#8221;&#8221; custom_css_main_element=&#8221;padding-top:0px;&#8221; transparent_background=&#8221;off&#8221; padding_mobile=&#8221;off&#8221; global_colors_info=&#8221;{}&#8221;][et_pb_row column_structure=&#8221;1_2,1_2&#8243; _builder_version=&#8221;4.27.0&#8243; background_size=&#8221;initial&#8221; background_position=&#8221;top_left&#8221; background_repeat=&#8221;repeat&#8221; global_colors_info=&#8221;{}&#8221;][et_pb_column type=&#8221;1_2&#8243; _builder_version=&#8221;4.16&#8243; custom_padding=&#8221;|||&#8221; global_colors_info=&#8221;{}&#8221; custom_padding__hover=&#8221;|||&#8221;][et_pb_image src=&#8221;https:\/\/aims.cat\/wp-content\/uploads\/2025\/11\/Joel-Marosi-2.jpg&#8221; title_text=&#8221;Jo\u00ebl Marosi 2&#8243; show_in_lightbox=&#8221;on&#8221; align_tablet=&#8221;center&#8221; align_phone=&#8221;&#8221; align_last_edited=&#8221;on|desktop&#8221; _builder_version=&#8221;4.27.0&#8243; animation_direction=&#8221;off&#8221; animation=&#8221;off&#8221; global_colors_info=&#8221;{}&#8221;][\/et_pb_image][\/et_pb_column][et_pb_column type=&#8221;1_2&#8243; _builder_version=&#8221;4.16&#8243; custom_padding=&#8221;|||&#8221; global_colors_info=&#8221;{}&#8221; custom_padding__hover=&#8221;|||&#8221;][et_pb_button button_url=&#8221;https:\/\/aims.cat\/ca\/aims-academia\/inscripcio-pagament\/&#8221; button_text=&#8221;Registration form&#8221; button_alignment=&#8221;left&#8221; _builder_version=&#8221;4.16&#8243; custom_button=&#8221;on&#8221; button_text_size=&#8221;13&#8243; button_text_color=&#8221;#000000&#8243; button_bg_color=&#8221;#eeeeee&#8221; button_border_color=&#8221;#eeeeee&#8221; button_icon=&#8221;&#x6c;||divi||400&#8243; button_icon_placement=&#8221;left&#8221; button_on_hover=&#8221;off&#8221; button_text_size_last_edited=&#8221;off|desktop&#8221; button_text_color_hover=&#8221;#ffffff&#8221; button_border_color_hover=&#8221;#ea4951&#8243; button_bg_color_hover=&#8221;#ea4951&#8243; global_colors_info=&#8221;{}&#8221; button_text_size__hover_enabled=&#8221;off&#8221; button_one_text_size__hover_enabled=&#8221;off&#8221; button_two_text_size__hover_enabled=&#8221;off&#8221; button_text_color__hover_enabled=&#8221;on&#8221; button_text_color__hover=&#8221;#ffffff&#8221; button_one_text_color__hover_enabled=&#8221;off&#8221; button_two_text_color__hover_enabled=&#8221;off&#8221; button_border_width__hover_enabled=&#8221;off&#8221; button_one_border_width__hover_enabled=&#8221;off&#8221; button_two_border_width__hover_enabled=&#8221;off&#8221; button_border_color__hover_enabled=&#8221;on&#8221; button_border_color__hover=&#8221;#ea4951&#8243; button_one_border_color__hover_enabled=&#8221;off&#8221; button_two_border_color__hover_enabled=&#8221;off&#8221; button_border_radius__hover_enabled=&#8221;off&#8221; button_one_border_radius__hover_enabled=&#8221;off&#8221; button_two_border_radius__hover_enabled=&#8221;off&#8221; button_letter_spacing__hover_enabled=&#8221;off&#8221; button_one_letter_spacing__hover_enabled=&#8221;off&#8221; button_two_letter_spacing__hover_enabled=&#8221;off&#8221; button_bg_color__hover_enabled=&#8221;on&#8221; button_bg_color__hover=&#8221;#ea4951&#8243; button_one_bg_color__hover_enabled=&#8221;off&#8221; button_two_bg_color__hover_enabled=&#8221;off&#8221;][\/et_pb_button][et_pb_text admin_label=&#8221;Highlights&#8221; module_class=&#8221;highlights&#8221; _builder_version=&#8221;4.20.4&#8243; background_size=&#8221;initial&#8221; background_position=&#8221;top_left&#8221; background_repeat=&#8221;repeat&#8221; module_alignment=&#8221;left&#8221; global_colors_info=&#8221;{}&#8221;]<\/p>\n<h3>Violoncel<\/h3>\n<h3>Universitat de Lucerna<\/h3>\n<h3>AIMS Acad\u00e8mia 2026<br \/>Del 5 al 15 d&#8217;agost<\/h3>\n<p>[\/et_pb_text][et_pb_text _builder_version=&#8221;4.27.0&#8243; _module_preset=&#8221;default&#8221; global_colors_info=&#8221;{}&#8221;]<\/p>\n<p data-start=\"149\" data-end=\"716\" style=\"text-align: justify;\">Joel Marosi, nascut a Zuric, va estudiar amb Nancy Chumachenco a Zuric, Heinrich Schiff a Basilea, Claus Kanngiesser a Col\u00f2nia i Arto Noras a l\u2019Acad\u00e8mia Sibelius d\u2019H\u00e8lsinki. L\u2019any 1996 va obtenir els t\u00edtols de Solista i M\u00fasica de Cambra amb distinci\u00f3. Ha participat en classes magistrals amb Janos Starker, Yo-Yo Ma, Harvey Shapiro, David Geringas i Ralph Kirschbaum, i ha estat guardonat en nombrosos concursos nacionals i internacionals, com Lausana 1991, el Concurs Mendelssohn de Berl\u00edn 1992 i Osaka 1996.<\/p>\n<p data-start=\"718\" data-end=\"1191\" style=\"text-align: justify;\">Joel Marosi actua regularment com a violoncel solista amb la Camerata Bern i la Camerata Salzburg, i ha estat solista convidat en diverses orquestres, com la DSO Berlin o la Luzerner Sinfonieorchester. Entre 2000 i 2003 va ser solista de violoncel a la Sinfonieorchester Basel, i des de 2005 ocupa el mateix c\u00e0rrec a l\u2019Orchestre de Chambre de Lausanne. Des de 2019, tamb\u00e9 \u00e9s solista a la Verbier Festival Chamber Orchestra.<\/p>\n<p data-start=\"1193\" data-end=\"1642\" style=\"text-align: justify;\">Com a solista, Joel Marosi ha actuat amb orquestres com l\u2019Orchestre de Chambre de Lausanne, la Prague Chamber Orchestra, la G\u00f6ttinger Symphonieorchester, la Hannoversche Orchestervereinigung, el Musikkollegium Winterthur i l\u2019Athens State Symphony Orchestra, sota la direcci\u00f3 de Ton Koopman, Heinrich Schiff, Christoph M\u00fcller, Christian Zacharias, Hannu Lintu, Thomas Zehetmair, Mario Venzago i Loukas Karytinos.<\/p>\n<p data-start=\"2690\" data-end=\"3141\" style=\"text-align: justify;\">\n<p>[\/et_pb_text][\/et_pb_column][\/et_pb_row][et_pb_row _builder_version=&#8221;4.16&#8243; global_colors_info=&#8221;{}&#8221;][et_pb_column type=&#8221;4_4&#8243; _builder_version=&#8221;4.16&#8243; global_colors_info=&#8221;{}&#8221;][et_pb_text admin_label=&#8221;Texto&#8221; _builder_version=&#8221;4.27.0&#8243; background_size=&#8221;initial&#8221; background_position=&#8221;top_left&#8221; background_repeat=&#8221;repeat&#8221; module_alignment=&#8221;left&#8221; global_colors_info=&#8221;{}&#8221;]<\/p>\n<p data-start=\"1644\" data-end=\"1941\" style=\"text-align: justify;\">Apasionat per la m\u00fasica de cambra, ha col\u00b7laborat en nombrosos concerts amb artistes com G\u00e1bor Tak\u00e1cs, Ursula Holliger, J\u00fcrg D\u00e4hler, Irene Abrigo, Dimitri Ashkenazy, Ilya Gringolts, Davide Bandieri, Li-Wei Qin, Isabelle van Keulen, Renaud Capu\u00e7on, James Ehnes i Pablo S\u00e1inz-Villegas.<\/p>\n<p data-start=\"1943\" data-end=\"2281\" style=\"text-align: justify;\">Joel Marosi \u00e9s membre fundador del Zurich Piano Trio, que va oferir el seu concert de debut al Carnegie Hall per invitaci\u00f3 d\u2019Isaac Stern l\u2019any 1997, iniciant aix\u00ed una destacada carrera internacional. Entre 2018 i 2023, va formar part del Swiss Piano Trio, agrupaci\u00f3 amb m\u00e9s de vint anys de traject\u00f2ria internacional.<\/p>\n<p data-start=\"2283\" data-end=\"2688\" style=\"text-align: justify;\">Ha enregistrat nombrosos discos per segells com Claves, Audite, Harmonia Mundi, Warner Music Korea i Prospero Classical. El seu \u00e0lbum m\u00e9s recent, dedicat a les obres completes per a violoncel i piano de Fanny i Felix Mendelssohn, gravat amb la pianista Esther Walker, va ser produ\u00eft l\u2019any 2021 per First Hand Records (Londres) i va rebre excel\u00b7lents cr\u00edtiques internacionals.<\/p>\n<p data-start=\"2690\" data-end=\"3141\" style=\"text-align: justify;\">Joel Marosi imparteix classes magistrals regularment a Europa i \u00c0sia, i entre 2019 i 2021 va ocupar una c\u00e0tedra interina de m\u00fasica de cambra a la Acad\u00e9mie de Musique de Gen\u00e8ve-Neuch\u00e2tel. L\u2019any 2023 va iniciar una col\u00b7laboraci\u00f3 amb la Underground Youth Orchestra d\u2019Atenes, que inclou classes magistrals i projectes de formaci\u00f3. El mateix any va ser nomenat professor de violoncel a la Universitat de M\u00fasica de Lucerna.<\/p>\n<p>[\/et_pb_text][\/et_pb_column][\/et_pb_row][\/et_pb_section]<\/p>\n","protected":false},"excerpt":{"rendered":"<p>Violoncel Universitat de Lucerna AIMS Acad\u00e8mia 2026Del 5 al 15 d&#8217;agostJoel Marosi, nascut a Zuric, va estudiar amb Nancy Chumachenco a Zuric, Heinrich Schiff a Basilea, Claus Kanngiesser a Col\u00f2nia [&hellip;]<\/p>\n","protected":false},"author":2,"featured_media":0,"parent":1465,"menu_order":0,"comment_status":"closed","ping_status":"closed","template":"","meta":{"_acf_changed":false,"_et_pb_use_builder":"on","_et_pb_old_content":"","_et_gb_content_width":"","footnotes":"","_links_to":"","_links_to_target":""},"class_list":["post-15879","page","type-page","status-publish","hentry"],"acf":[],"_links":{"self":[{"href":"https:\/\/aims.cat\/ca\/wp-json\/wp\/v2\/pages\/15879","targetHints":{"allow":["GET"]}}],"collection":[{"href":"https:\/\/aims.cat\/ca\/wp-json\/wp\/v2\/pages"}],"about":[{"href":"https:\/\/aims.cat\/ca\/wp-json\/wp\/v2\/types\/page"}],"author":[{"embeddable":true,"href":"https:\/\/aims.cat\/ca\/wp-json\/wp\/v2\/users\/2"}],"replies":[{"embeddable":true,"href":"https:\/\/aims.cat\/ca\/wp-json\/wp\/v2\/comments?post=15879"}],"version-history":[{"count":9,"href":"https:\/\/aims.cat\/ca\/wp-json\/wp\/v2\/pages\/15879\/revisions"}],"predecessor-version":[{"id":17757,"href":"https:\/\/aims.cat\/ca\/wp-json\/wp\/v2\/pages\/15879\/revisions\/17757"}],"up":[{"embeddable":true,"href":"https:\/\/aims.cat\/ca\/wp-json\/wp\/v2\/pages\/1465"}],"wp:attachment":[{"href":"https:\/\/aims.cat\/ca\/wp-json\/wp\/v2\/media?parent=15879"}],"curies":[{"name":"wp","href":"https:\/\/api.w.org\/{rel}","templated":true}]}}