{"id":1686,"date":"2016-02-22T06:30:24","date_gmt":"2016-02-22T06:30:24","guid":{"rendered":"https:\/\/aims.cat\/ca\/privacy-policy\/"},"modified":"2021-01-26T16:41:24","modified_gmt":"2021-01-26T16:41:24","slug":"politica-de-privacitat","status":"publish","type":"page","link":"https:\/\/aims.cat\/ca\/politica-de-privacitat\/","title":{"rendered":"Pol\u00edtica de privacitat"},"content":{"rendered":"<p>[et_pb_section fb_built=&#8221;1&#8243; admin_label=&#8221;section&#8221; _builder_version=&#8221;3.22&#8243;][et_pb_row column_structure=&#8221;1_4,3_4&#8243; admin_label=&#8221;row&#8221; _builder_version=&#8221;3.25&#8243; background_size=&#8221;initial&#8221; background_position=&#8221;top_left&#8221; background_repeat=&#8221;repeat&#8221;][et_pb_column type=&#8221;1_4&#8243; _builder_version=&#8221;3.25&#8243; custom_padding=&#8221;|||&#8221; custom_padding__hover=&#8221;|||&#8221;][et_pb_post_title meta=&#8221;off&#8221; featured_image=&#8221;off&#8221; text_color=&#8221;light&#8221; text_background=&#8221;on&#8221; text_bg_color=&#8221;#ea4951&#8243; admin_label=&#8221;T\u00edtulo de publicaci\u00f3n&#8221; _builder_version=&#8221;3.0.87&#8243; title_all_caps=&#8221;off&#8221; background_color=&#8221;rgba(255,255,255,0)&#8221; parallax=&#8221;on&#8221; parallax_method=&#8221;off&#8221; parallax_effect=&#8221;on&#8221; module_bg_color=&#8221;rgba(255,255,255,0)&#8221; use_border_color=&#8221;off&#8221; border_color=&#8221;#ffffff&#8221; border_style=&#8221;solid&#8221;] [\/et_pb_post_title][\/et_pb_column][et_pb_column type=&#8221;3_4&#8243; _builder_version=&#8221;3.25&#8243; custom_padding=&#8221;|||&#8221; custom_padding__hover=&#8221;|||&#8221;][et_pb_text admin_label=&#8221;Texto&#8221; _builder_version=&#8221;4.4.9&#8243; background_size=&#8221;initial&#8221; background_position=&#8221;top_left&#8221; background_repeat=&#8221;repeat&#8221; hover_enabled=&#8221;0&#8243; use_border_color=&#8221;off&#8221; border_color=&#8221;#ffffff&#8221; border_style=&#8221;solid&#8221;]<\/p>\n<p><strong>1. Introducci\u00f3<\/strong><\/p>\n<p>En general, el lloc web www.aims.cat es pot visitar sense necessitat de proporcionar cap tipus d&#8217;informaci\u00f3 personal. Ocasionalment recopilem informaci\u00f3 personalitzada a partir de les dades que proporcionen els Usuaris de la Web o clients dels nostres serveis.<\/p>\n<p>En aquests casos, la FUNDACI\u00d3 DE L&#8217;ACAD\u00c8MIA INTERNACIONAL DE M\u00daSICA DE SOLSONA-AIMS FUNDACI\u00d3 garanteix el compliment del Reglament de Protecci\u00f3 de Dades de les persones f\u00edsiques 2016\/679\/UE de 27 d\u2019abril, la Llei Org\u00e0nica 3\/2018 de 5 de desembre (LOPDGDD) i dem\u00e9s normativa legal vigent en mat\u00e8ria de protecci\u00f3 de dades personals.<\/p>\n<p>La FUNDACI\u00d3 DE L&#8217;ACAD\u00c8MIA INTERNACIONAL DE M\u00daSICA DE SOLSONA-AIMS FUNDACI\u00d3 es compromet a protegir la informaci\u00f3 emmagatzemada en els seus sistemes considerada com a dades de car\u00e0cter personal.<\/p>\n<p>A efectes informatius, es considera \u201cDada Personal\u201d qualsevol dada o informaci\u00f3 num\u00e8rica, alfab\u00e8tica, gr\u00e0fica, fotogr\u00e0fica, ac\u00fastica o de qualsevol tipus concernent a persones f\u00edsiques identificades o identificables.<\/p>\n<p>La FUNDACI\u00d3 DE L&#8217;ACAD\u00c8MIA INTERNACIONAL DE M\u00daSICA DE SOLSONA-AIMS FUNDACI\u00d3 ha adoptat les mesures de seguretat d&#8217;\u00edndole t\u00e8cnica i organitzativa que v\u00e9nen exigides en la legislaci\u00f3 vigent en mat\u00e8ria de protecci\u00f3 de dades de car\u00e0cter personal. Amb aquest objectiu s&#8217;han establert tots els mitjans i mecanismes necessaris per evitar l&#8217;alteraci\u00f3, p\u00e8rdua, mal \u00fas, tractament i acc\u00e9s no autoritzat o robatori dels mateixos. No obstant aix\u00f2, l&#8217;Usuari haur\u00e0 de tenir en compte que les mesures en Internet, a causa de la seva naturalesa i car\u00e0cter global, no s\u00f3n inexpugnables.<\/p>\n<p><strong>2. Recollida, Finalitat i Tractament<\/strong><\/p>\n<p>2.1.- En compliment de la normativa vigent en mat\u00e8ria de Protecci\u00f3 de Dades li informem que la nostra p\u00e0gina web inclou enlla\u00e7os a comptes de correu electr\u00f2nic i formularis que vost\u00e8 pot utilitzar per contactar amb la nostra empresa.<\/p>\n<p>2.2.- La seva utilitzaci\u00f3 suposa que ens atorga el seu consentiment expr\u00e9s perqu\u00e8 la FUNDACI\u00d3 DE L&#8217;ACAD\u00c8MIA INTERNACIONAL DE M\u00daSICA DE SOLSONA-AIMS FUNDACI\u00d3 tracti les seves dades personals amb les finalitats seg\u00fcents: proporcionar informaci\u00f3 als nostres serveis de contractaci\u00f3 per facilitar el proc\u00e9s de selecci\u00f3, oferir-li i informar-li sobre els nostres serveis; respondre a les seves consultes enviades a trav\u00e9s del Lloc web; enviar-li informaci\u00f3 d&#8217;utilitat o inter\u00e8s relativa a articles, esdeveniments i publicacions, publicitaris i d&#8217;informaci\u00f3 comercial sobre la Fundaci\u00f3, les seves activitats, concursos, productes, serveis, aix\u00ed com documentaci\u00f3 de diversa naturalesa; tractar les seves Dades per a la prestaci\u00f3 de serveis d&#8217;informaci\u00f3 sobre els serveis contractats; per a la gesti\u00f3 dels serveis oferts a trav\u00e9s del Lloc web; per a la gesti\u00f3, desenvolupament i compliment de la relaci\u00f3 establerta entre la FUNDACI\u00d3 DE L&#8217;ACAD\u00c8MIA INTERNACIONAL DE M\u00daSICA DE SOLSONA-AIMS FUNDACI\u00d3 i els qui aportin les seves dades personals a trav\u00e9s del Lloc web; tractar les seves Dades per a la contractaci\u00f3 de serveis de manteniment i, finalment, per tractar les seves Dades per a controls de qualitat de l&#8217;\u00c0rea de Clients.<\/p>\n<p>Ocasionalment sol\u00b7licitarem el teu consentiment per processar, utilitzar o mostrar la seva informaci\u00f3 per a qualsevol motiu que no aparegui en la llista anterior.<\/p>\n<p>2.3.- La FUNDACI\u00d3 DE L&#8217;ACAD\u00c8MIA INTERNACIONAL DE M\u00daSICA DE SOLSONA-AIMS FUNDACI\u00d3 no utilitzar\u00e0 les seves dades personals amb finalitats incompatibles a les quals figuren en aquesta cl\u00e0usula o queden descrites al peu de cada formulari present a la nostra p\u00e0gina web.<\/p>\n<p>2.4.- La FUNDACI\u00d3 DE L&#8217;ACAD\u00c8MIA INTERNACIONAL DE M\u00daSICA DE SOLSONA-AIMS FUNDACI\u00d3 informa als Usuaris de la Web que les seves dades de car\u00e0cter personal nom\u00e9s podran obtenir-se per al seu tractament quan siguin adequats, pertinents i no excessius en relaci\u00f3 amb l&#8217;\u00e0mbit i les finalitats determinades, expl\u00edcites i leg\u00edtimes per les quals s&#8217;hagin obtingut. Seran cancel\u00b7lats quan hagin deixat de ser necessaris o pertinents per a aquesta finalitat, o quan ho sol\u00b7liciti el titular en l&#8217;exercici del seu dret de cancel\u00b7laci\u00f3.<\/p>\n<p>2.5.- La FUNDACI\u00d3 DE L&#8217;ACAD\u00c8MIA INTERNACIONAL DE M\u00daSICA DE SOLSONA-AIMS FUNDACI\u00d3 informa als Usuaris que per completar el formulari \u00e9s necessari aportar certes dades personals amb car\u00e0cter obligatori quedant a la seva elecci\u00f3 l&#8217;opci\u00f3 d&#8217;emplenar aquelles dades que no tinguin aquesta consideraci\u00f3. El tractament de les dades, ja sigui automatitzat o manual, resulta imprescindible per al compliment de les finalitats detallades.<\/p>\n<p>2.6.- L&#8217;Usuari garanteix que les dades aportades s\u00f3n veritables, exactes i complets, sent responsable de qualsevol dany o perjudici, directe o indirecte, que pogu\u00e9s ocasionar-se com a conseq\u00fc\u00e8ncia de l&#8217;incompliment de tal obligaci\u00f3. En aquest sentit, ser\u00e0 obligaci\u00f3 dels Usuaris mantenir actualitzats les dades de forma tal que corresponguin a la realitat a cada moment.<\/p>\n<p>En el cas que les dades aportades pertanyessin a un tercer, l&#8217;Usuari garanteix que ha informat a dita tercera dels aspectes continguts en aquesta Pol\u00edtica i obtingut la seva autoritzaci\u00f3 per facilitar-los a la FUNDACI\u00d3 DE L&#8217;ACAD\u00c8MIA INTERNACIONAL DE M\u00daSICA DE SOLSONA-AIMS FUNDACI\u00d3 per a les finalitats assenyalades.<\/p>\n<p>L&#8217;Usuari ser\u00e0 l&#8217;\u00fanic responsable a causa de l&#8217;emplenament dels formularis amb dades falses, inexactes, incomplets o no actualitzats.<\/p>\n<p><strong>3. Drets dels Usuaris<\/strong><\/p>\n<p>Els Usuaris de la Web estan legitimats per exercir els drets d&#8217;acc\u00e9s, rectificaci\u00f3, cancel\u00b7laci\u00f3 i oposici\u00f3 prevists en la normativa legal i reglament\u00e0ria sobre protecci\u00f3 de dades personals.<\/p>\n<p>L&#8217;exercici d&#8217;aquests drets podr\u00e0 fer-se mitjan\u00e7ant enviament d&#8217;una sol\u00b7licitud escrita i signada a l&#8217;adre\u00e7a postal que apareix en l&#8217;av\u00eds legal o a l&#8217;email info@aims.cat juntament amb la seg\u00fcent informaci\u00f3: nom i cognoms de l&#8217;Usuari, domicili a l&#8217;efecte de notificacions, fotoc\u00f2pia del Document Nacional d&#8217;Identitat i petici\u00f3 en la qual es concreti la sol\u00b7licitud.<\/p>\n<p>&nbsp;<\/p>\n<p>[\/et_pb_text][\/et_pb_column][\/et_pb_row][\/et_pb_section]<\/p>\n","protected":false},"excerpt":{"rendered":"<p>1. Introducci\u00f3 En general, el lloc web www.aims.cat es pot visitar sense necessitat de proporcionar cap tipus d&#8217;informaci\u00f3 personal. Ocasionalment recopilem informaci\u00f3 personalitzada a partir de les dades que proporcionen [&hellip;]<\/p>\n","protected":false},"author":2,"featured_media":0,"parent":0,"menu_order":0,"comment_status":"closed","ping_status":"closed","template":"","meta":{"_acf_changed":false,"_et_pb_use_builder":"on","_et_pb_old_content":"","_et_gb_content_width":"","footnotes":"","_links_to":"","_links_to_target":""},"class_list":["post-1686","page","type-page","status-publish","hentry"],"acf":[],"_links":{"self":[{"href":"https:\/\/aims.cat\/ca\/wp-json\/wp\/v2\/pages\/1686","targetHints":{"allow":["GET"]}}],"collection":[{"href":"https:\/\/aims.cat\/ca\/wp-json\/wp\/v2\/pages"}],"about":[{"href":"https:\/\/aims.cat\/ca\/wp-json\/wp\/v2\/types\/page"}],"author":[{"embeddable":true,"href":"https:\/\/aims.cat\/ca\/wp-json\/wp\/v2\/users\/2"}],"replies":[{"embeddable":true,"href":"https:\/\/aims.cat\/ca\/wp-json\/wp\/v2\/comments?post=1686"}],"version-history":[{"count":1,"href":"https:\/\/aims.cat\/ca\/wp-json\/wp\/v2\/pages\/1686\/revisions"}],"predecessor-version":[{"id":11207,"href":"https:\/\/aims.cat\/ca\/wp-json\/wp\/v2\/pages\/1686\/revisions\/11207"}],"wp:attachment":[{"href":"https:\/\/aims.cat\/ca\/wp-json\/wp\/v2\/media?parent=1686"}],"curies":[{"name":"wp","href":"https:\/\/api.w.org\/{rel}","templated":true}]}}