{"id":18191,"date":"2026-01-20T12:21:05","date_gmt":"2026-01-20T12:21:05","guid":{"rendered":"https:\/\/aims.cat\/?page_id=18191"},"modified":"2026-01-23T09:49:39","modified_gmt":"2026-01-23T09:49:39","slug":"genevieve-strosser","status":"publish","type":"page","link":"https:\/\/aims.cat\/ca\/genevieve-strosser\/","title":{"rendered":"Genevi\u00e8ve Strosser"},"content":{"rendered":"<p>[et_pb_section fb_built=&#8221;1&#8243; custom_padding_last_edited=&#8221;on|desktop&#8221; _builder_version=&#8221;4.16&#8243; custom_padding_tablet=&#8221;50px|0|50px|0&#8243; custom_padding_phone=&#8221;&#8221; custom_css_main_element=&#8221;padding-bottom:0px;&#8221; transparent_background=&#8221;off&#8221; padding_mobile=&#8221;off&#8221; global_colors_info=&#8221;{}&#8221;][et_pb_row _builder_version=&#8221;4.16&#8243; background_size=&#8221;initial&#8221; background_position=&#8221;top_left&#8221; background_repeat=&#8221;repeat&#8221; global_colors_info=&#8221;{}&#8221;][et_pb_column type=&#8221;4_4&#8243; _builder_version=&#8221;4.16&#8243; custom_padding=&#8221;|||&#8221; global_colors_info=&#8221;{}&#8221; custom_padding__hover=&#8221;|||&#8221;][et_pb_post_title meta=&#8221;off&#8221; featured_image=&#8221;off&#8221; text_color=&#8221;light&#8221; text_background=&#8221;on&#8221; text_bg_color=&#8221;#222222&#8243; admin_label=&#8221;T\u00edtulo de publicaci\u00f3n&#8221; _builder_version=&#8221;4.27.0&#8243; title_font_size=&#8221;18px&#8221; title_all_caps=&#8221;off&#8221; background_color=&#8221;rgba(255,255,255,0)&#8221; parallax=&#8221;on&#8221; parallax_method=&#8221;off&#8221; parallax_effect=&#8221;on&#8221; module_bg_color=&#8221;rgba(255,255,255,0)&#8221; global_colors_info=&#8221;{}&#8221;][\/et_pb_post_title][\/et_pb_column][\/et_pb_row][\/et_pb_section][et_pb_section fb_built=&#8221;1&#8243; custom_padding_last_edited=&#8221;on|desktop&#8221; _builder_version=&#8221;4.16&#8243; custom_padding_tablet=&#8221;50px|0|50px|0&#8243; custom_padding_phone=&#8221;&#8221; custom_css_main_element=&#8221;padding-top:0px;&#8221; transparent_background=&#8221;off&#8221; padding_mobile=&#8221;off&#8221; global_colors_info=&#8221;{}&#8221;][et_pb_row column_structure=&#8221;2_3,1_3&#8243; _builder_version=&#8221;4.16&#8243; background_size=&#8221;initial&#8221; background_position=&#8221;top_left&#8221; background_repeat=&#8221;repeat&#8221; global_colors_info=&#8221;{}&#8221;][et_pb_column type=&#8221;2_3&#8243; _builder_version=&#8221;4.16&#8243; custom_padding=&#8221;|||&#8221; global_colors_info=&#8221;{}&#8221; custom_padding__hover=&#8221;|||&#8221;][et_pb_image src=&#8221;https:\/\/aims.cat\/wp-content\/uploads\/2026\/01\/genevieve-strossier2.jpg&#8221; title_text=&#8221;genevieve strossier2&#8243; show_in_lightbox=&#8221;on&#8221; align_tablet=&#8221;center&#8221; align_phone=&#8221;&#8221; align_last_edited=&#8221;on|desktop&#8221; _builder_version=&#8221;4.27.0&#8243; animation_direction=&#8221;off&#8221; animation=&#8221;off&#8221; global_colors_info=&#8221;{}&#8221; custom_margin=&#8221;||0px|||&#8221;][\/et_pb_image][et_pb_text _builder_version=&#8221;4.27.0&#8243; _module_preset=&#8221;default&#8221; hover_enabled=&#8221;0&#8243; sticky_enabled=&#8221;0&#8243; custom_padding=&#8221;0px|||||&#8221; min_height=&#8221;15.8px&#8221;]<\/p>\n<p><span>\u00a9 Florian Kleinefenn<\/span><\/p>\n<p>[\/et_pb_text][\/et_pb_column][et_pb_column type=&#8221;1_3&#8243; _builder_version=&#8221;4.16&#8243; custom_padding=&#8221;|||&#8221; global_colors_info=&#8221;{}&#8221; custom_padding__hover=&#8221;|||&#8221;][et_pb_button button_url=&#8221;https:\/\/aims.cat\/aims-string-academy\/registration-payment\/&#8221; button_text=&#8221;Registration form&#8221; button_alignment=&#8221;left&#8221; _builder_version=&#8221;4.27.0&#8243; custom_button=&#8221;on&#8221; button_text_size=&#8221;13&#8243; button_text_color=&#8221;#000000&#8243; button_bg_color=&#8221;#eeeeee&#8221; button_border_color=&#8221;#eeeeee&#8221; button_icon=&#8221;&#x6c;||divi||400&#8243; button_icon_placement=&#8221;left&#8221; button_on_hover=&#8221;off&#8221; button_text_size_last_edited=&#8221;off|desktop&#8221; button_text_color_hover=&#8221;#ffffff&#8221; button_border_color_hover=&#8221;#ea4951&#8243; button_bg_color_hover=&#8221;#ea4951&#8243; global_colors_info=&#8221;{}&#8221; button_text_size__hover_enabled=&#8221;off&#8221; button_one_text_size__hover_enabled=&#8221;off&#8221; button_two_text_size__hover_enabled=&#8221;off&#8221; button_text_color__hover_enabled=&#8221;on&#8221; button_text_color__hover=&#8221;#ffffff&#8221; button_one_text_color__hover_enabled=&#8221;off&#8221; button_two_text_color__hover_enabled=&#8221;off&#8221; button_border_width__hover_enabled=&#8221;off&#8221; button_one_border_width__hover_enabled=&#8221;off&#8221; button_two_border_width__hover_enabled=&#8221;off&#8221; button_border_color__hover_enabled=&#8221;on&#8221; button_border_color__hover=&#8221;#ea4951&#8243; button_one_border_color__hover_enabled=&#8221;off&#8221; button_two_border_color__hover_enabled=&#8221;off&#8221; button_border_radius__hover_enabled=&#8221;off&#8221; button_one_border_radius__hover_enabled=&#8221;off&#8221; button_two_border_radius__hover_enabled=&#8221;off&#8221; button_letter_spacing__hover_enabled=&#8221;off&#8221; button_one_letter_spacing__hover_enabled=&#8221;off&#8221; button_two_letter_spacing__hover_enabled=&#8221;off&#8221; button_bg_color__hover_enabled=&#8221;on&#8221; button_bg_color__hover=&#8221;#ea4951&#8243; button_one_bg_color__hover_enabled=&#8221;off&#8221; button_two_bg_color__hover_enabled=&#8221;off&#8221;][\/et_pb_button][et_pb_text admin_label=&#8221;Highlights&#8221; module_class=&#8221;highlights&#8221; _builder_version=&#8221;4.27.0&#8243; background_size=&#8221;initial&#8221; background_position=&#8221;top_left&#8221; background_repeat=&#8221;repeat&#8221; module_alignment=&#8221;left&#8221; global_colors_info=&#8221;{}&#8221;]<\/p>\n<h3>Viola<\/h3>\n<h3>Professora de la Musikhochschule de Basilea<\/h3>\n<h3>Acad\u00e8mia AIMS 2026<br \/>Del 5 al 15 d&#8217;agost<\/h3>\n<p>[\/et_pb_text][\/et_pb_column][\/et_pb_row][et_pb_row _builder_version=&#8221;4.16&#8243; global_colors_info=&#8221;{}&#8221;][et_pb_column type=&#8221;4_4&#8243; _builder_version=&#8221;4.16&#8243; global_colors_info=&#8221;{}&#8221;][et_pb_text admin_label=&#8221;Texto&#8221; _builder_version=&#8221;4.27.0&#8243; background_size=&#8221;initial&#8221; background_position=&#8221;top_left&#8221; background_repeat=&#8221;repeat&#8221; module_alignment=&#8221;left&#8221; custom_padding=&#8221;||0px|||&#8221; global_colors_info=&#8221;{}&#8221;]<\/p>\n<p data-start=\"45\" data-end=\"134\">Genevi\u00e8ve Strosser \u00e9s una de les violistes m\u00e9s interessants i destacades de l\u2019actualitat.<\/p>\n<p data-start=\"136\" data-end=\"549\">Com a solista, actua amb orquestres com la Simf\u00f2nica de la R\u00e0dio de Baviera, el Gewandhaus de Leipzig, Ensemble Resonanz, NDR Elbphilharmonie, la Simf\u00f2nica de T\u00f2quio, La Verdi de Mil\u00e0, SWR, WDR, la Residentie Orkest de l\u2019Haia, l\u2019Orquestra del Festival de Budapest i l\u2019Orquestra Filharm\u00f2nica d\u2019Estrasburg, sota la direcci\u00f3 de Peter E\u00f6tv\u00f6s, Brad Lubman, Heinz Holliger, Bas Wiegers, Emilio Pomarico i Stefan Asbury.<\/p>\n<p data-start=\"551\" data-end=\"639\">\u00c9s convidada regularment a oferir recitals a Fran\u00e7a, It\u00e0lia, Alemanya, Pol\u00f2nia i Su\u00efssa.<\/p>\n<p data-start=\"641\" data-end=\"1063\">Genevi\u00e8ve Strosser \u00e9s una fervent defensora de la m\u00fasica del nostre temps. Amb un gran eclecticisme en les seves opcions est\u00e8tiques, \u00e9s una de les violistes m\u00e9s reconegudes i sol\u00b7licitades en la interpretaci\u00f3 del repertori dels segles XX i XXI. Ha estrenat nombroses obres, col\u00b7laborant amb compositors com Helmut Lachenmann, Franco Donatoni, Heinz Holliger, Isabel Mundry, Alberto Posadas, Peter E\u00f6tv\u00f6s i George Benjamin.<\/p>\n<p data-start=\"1065\" data-end=\"1422\">Stefano Gervasoni, Hugues Dufourt i Laurent Cuniot li han dedicat cadascun un concert per a viola. Genevi\u00e8ve col\u00b7labora amb els principals conjunts europeus de m\u00fasica contempor\u00e0nia, participant en projectes dirigits per Pierre Boulez, Oliver Knussen, Sylvain Cambreling, Jonathan Nott i George Benjamin. Va ser membre d\u2019Ensemble Modern i Ensemble Recherche.<\/p>\n<p data-start=\"1424\" data-end=\"1822\">La seva manera de tocar ha inspirat especialment Georges Aperghis, que ha escrit per a ella diverses obres solistes i de cambra. Ha participat en tres de les seves peces de teatre musical: <em data-start=\"1613\" data-end=\"1627\">Commentaires<\/em>, <em data-start=\"1629\" data-end=\"1643\">Machinations<\/em> i <em data-start=\"1646\" data-end=\"1660\">Un Temps Bis<\/em>. Aquesta intensa col\u00b7laboraci\u00f3 amb Georges Aperghis l\u2019ha portat a desenvolupar una faceta m\u00e9s teatral, incorporant la veu i el moviment al seu repertori esc\u00e8nic.<\/p>\n<p data-start=\"1824\" data-end=\"2276\">Durant m\u00e9s d\u2019una d\u00e8cada, Genevi\u00e8ve Strosser va formar part de la Chamber Orchestra of Europe, treballant amb directors com Nikolaus Harnoncourt, Claudio Abbado, Carlo Maria Giulini i Sir Georg Solti, entre d\u2019altres. Actualment \u00e9s convidada regularment com a viola solista principal en orquestres com la Philharmonia Orchestra, BBC Wales, l\u2019Orchestre National de France, la Sinfonieorchester Basel i l\u2019Orquestra del Th\u00e9\u00e2tre de la Monnaie de Brussel\u00b7les.<\/p>\n<p data-start=\"2278\" data-end=\"2409\">Genevi\u00e8ve Strosser va ser membre del Vellinger String Quartet a Londres (amb Gordan Nikolitch, Philippe Honor\u00e9 i Sally Pendlebury).<\/p>\n<p data-start=\"2411\" data-end=\"2557\">El seu disc monogr\u00e0fic ha estat publicat pel segell Aeon, i altres enregistraments seus han aparegut als segells ECM, Kairos i Hungaroton Classic.<\/p>\n<p data-start=\"2559\" data-end=\"2854\">Paral\u00b7lelament a la seva activitat concert\u00edstica, Genevi\u00e8ve \u00e9s tamb\u00e9 una professora molt sol\u00b7licitada. Pedagoga compromesa, ha impartit classes al Trinity Laban Conservatoire of Music and Dance i va ser assistent de Jean Sulem al Conservatoire National Sup\u00e9rieur de Musique et de Danse de Par\u00eds.<\/p>\n<p data-start=\"2856\" data-end=\"3065\">Actualment \u00e9s professora de viola a la Musikhochschule de Basilea, a Su\u00efssa, i \u00e9s convidada regularment a impartir classes magistrals i tallers en destacats festivals, cursos de corda i conservatoris europeus.<\/p>\n<p data-start=\"3067\" data-end=\"3365\">Genevi\u00e8ve Strosser va n\u00e9ixer a Estrasburg. Va estudiar viola amb Claude Ducrocq i posteriorment amb Serge Collot i Jean Sulem al Conservatoire National Sup\u00e9rieur de Musique et de Danse de Par\u00eds, i va ampliar la seva formaci\u00f3 amb classes de Nobuko Imai, Yuri Bashmet, Bruno Giuranna i Gy\u00f6rgy Kurt\u00e1g.<\/p>\n<p data-start=\"3367\" data-end=\"3424\" data-is-last-node=\"\" data-is-only-node=\"\">Toca una viola constru\u00efda per Matthias Albani l\u2019any 1660.<\/p>\n<p>[\/et_pb_text][\/et_pb_column][\/et_pb_row][\/et_pb_section]<\/p>\n","protected":false},"excerpt":{"rendered":"<p>\u00a9 Florian KleinefennViola Professora de la Musikhochschule de Basilea Acad\u00e8mia AIMS 2026Del 5 al 15 d&#8217;agostGenevi\u00e8ve Strosser \u00e9s una de les violistes m\u00e9s interessants i destacades de l\u2019actualitat. Com a [&hellip;]<\/p>\n","protected":false},"author":3,"featured_media":0,"parent":0,"menu_order":0,"comment_status":"closed","ping_status":"closed","template":"","meta":{"_acf_changed":false,"_et_pb_use_builder":"on","_et_pb_old_content":"","_et_gb_content_width":"","footnotes":"","_links_to":"","_links_to_target":""},"class_list":["post-18191","page","type-page","status-publish","hentry"],"acf":[],"_links":{"self":[{"href":"https:\/\/aims.cat\/ca\/wp-json\/wp\/v2\/pages\/18191","targetHints":{"allow":["GET"]}}],"collection":[{"href":"https:\/\/aims.cat\/ca\/wp-json\/wp\/v2\/pages"}],"about":[{"href":"https:\/\/aims.cat\/ca\/wp-json\/wp\/v2\/types\/page"}],"author":[{"embeddable":true,"href":"https:\/\/aims.cat\/ca\/wp-json\/wp\/v2\/users\/3"}],"replies":[{"embeddable":true,"href":"https:\/\/aims.cat\/ca\/wp-json\/wp\/v2\/comments?post=18191"}],"version-history":[{"count":5,"href":"https:\/\/aims.cat\/ca\/wp-json\/wp\/v2\/pages\/18191\/revisions"}],"predecessor-version":[{"id":18216,"href":"https:\/\/aims.cat\/ca\/wp-json\/wp\/v2\/pages\/18191\/revisions\/18216"}],"wp:attachment":[{"href":"https:\/\/aims.cat\/ca\/wp-json\/wp\/v2\/media?parent=18191"}],"curies":[{"name":"wp","href":"https:\/\/api.w.org\/{rel}","templated":true}]}}