{"id":18234,"date":"2026-03-10T19:05:44","date_gmt":"2026-03-10T19:05:44","guid":{"rendered":"https:\/\/aims.cat\/?page_id=18234"},"modified":"2026-03-10T19:33:26","modified_gmt":"2026-03-10T19:33:26","slug":"maryellen-woodside","status":"publish","type":"page","link":"https:\/\/aims.cat\/ca\/maryellen-woodside\/","title":{"rendered":"Mary Ellen Woodside"},"content":{"rendered":"<p>[et_pb_section fb_built=&#8221;1&#8243; custom_padding_last_edited=&#8221;on|desktop&#8221; _builder_version=&#8221;4.16&#8243; custom_padding_tablet=&#8221;50px|0|50px|0&#8243; custom_padding_phone=&#8221;&#8221; custom_css_main_element=&#8221;padding-bottom:0px;&#8221; transparent_background=&#8221;off&#8221; padding_mobile=&#8221;off&#8221; global_colors_info=&#8221;{}&#8221;][et_pb_row _builder_version=&#8221;4.16&#8243; background_size=&#8221;initial&#8221; background_position=&#8221;top_left&#8221; background_repeat=&#8221;repeat&#8221; global_colors_info=&#8221;{}&#8221;][et_pb_column type=&#8221;4_4&#8243; _builder_version=&#8221;4.16&#8243; custom_padding=&#8221;|||&#8221; global_colors_info=&#8221;{}&#8221; custom_padding__hover=&#8221;|||&#8221;][et_pb_post_title meta=&#8221;off&#8221; featured_image=&#8221;off&#8221; text_color=&#8221;light&#8221; text_background=&#8221;on&#8221; text_bg_color=&#8221;#222222&#8243; admin_label=&#8221;T\u00edtulo de publicaci\u00f3n&#8221; _builder_version=&#8221;4.16&#8243; title_font_size=&#8221;18px&#8221; title_all_caps=&#8221;off&#8221; background_color=&#8221;rgba(255,255,255,0)&#8221; parallax=&#8221;on&#8221; parallax_method=&#8221;off&#8221; parallax_effect=&#8221;on&#8221; module_bg_color=&#8221;rgba(255,255,255,0)&#8221; global_colors_info=&#8221;{}&#8221;][\/et_pb_post_title][\/et_pb_column][\/et_pb_row][\/et_pb_section][et_pb_section fb_built=&#8221;1&#8243; custom_padding_last_edited=&#8221;on|desktop&#8221; _builder_version=&#8221;4.16&#8243; custom_padding_tablet=&#8221;50px|0|50px|0&#8243; custom_padding_phone=&#8221;&#8221; custom_css_main_element=&#8221;padding-top:0px;&#8221; transparent_background=&#8221;off&#8221; padding_mobile=&#8221;off&#8221; global_colors_info=&#8221;{}&#8221;][et_pb_row column_structure=&#8221;2_3,1_3&#8243; _builder_version=&#8221;4.16&#8243; background_size=&#8221;initial&#8221; background_position=&#8221;top_left&#8221; background_repeat=&#8221;repeat&#8221; global_colors_info=&#8221;{}&#8221;][et_pb_column type=&#8221;2_3&#8243; _builder_version=&#8221;4.16&#8243; custom_padding=&#8221;|||&#8221; global_colors_info=&#8221;{}&#8221; custom_padding__hover=&#8221;|||&#8221;][et_pb_image src=&#8221;https:\/\/aims.cat\/wp-content\/uploads\/2026\/03\/Disseny-sense-titol-1.png&#8221; title_text=&#8221;Disseny sense t\u00edtol&#8221; show_in_lightbox=&#8221;on&#8221; align_tablet=&#8221;center&#8221; align_phone=&#8221;&#8221; align_last_edited=&#8221;on|desktop&#8221; admin_label=&#8221;Image&#8221; _builder_version=&#8221;4.27.6&#8243; animation_direction=&#8221;off&#8221; animation=&#8221;off&#8221; global_colors_info=&#8221;{}&#8221;][\/et_pb_image][\/et_pb_column][et_pb_column type=&#8221;1_3&#8243; _builder_version=&#8221;4.16&#8243; custom_padding=&#8221;|||&#8221; global_colors_info=&#8221;{}&#8221; custom_padding__hover=&#8221;|||&#8221;][et_pb_button button_url=&#8221;https:\/\/aims.cat\/aims-string-academy\/registration-payment\/&#8221; button_text=&#8221;Registration form&#8221; button_alignment=&#8221;left&#8221; _builder_version=&#8221;4.27.6&#8243; custom_button=&#8221;on&#8221; button_text_size=&#8221;13&#8243; button_text_color=&#8221;#000000&#8243; button_bg_color=&#8221;#eeeeee&#8221; button_border_color=&#8221;#eeeeee&#8221; button_icon=&#8221;&#x6c;||divi||400&#8243; button_icon_placement=&#8221;left&#8221; button_on_hover=&#8221;off&#8221; button_text_size_last_edited=&#8221;off|desktop&#8221; button_text_color_hover=&#8221;#ffffff&#8221; button_border_color_hover=&#8221;#ea4951&#8243; button_bg_color_hover=&#8221;#ea4951&#8243; global_colors_info=&#8221;{}&#8221; button_text_size__hover_enabled=&#8221;off&#8221; button_one_text_size__hover_enabled=&#8221;off&#8221; button_two_text_size__hover_enabled=&#8221;off&#8221; button_text_color__hover_enabled=&#8221;on&#8221; button_text_color__hover=&#8221;#ffffff&#8221; button_one_text_color__hover_enabled=&#8221;off&#8221; button_two_text_color__hover_enabled=&#8221;off&#8221; button_border_width__hover_enabled=&#8221;off&#8221; button_one_border_width__hover_enabled=&#8221;off&#8221; button_two_border_width__hover_enabled=&#8221;off&#8221; button_border_color__hover_enabled=&#8221;on&#8221; button_border_color__hover=&#8221;#ea4951&#8243; button_one_border_color__hover_enabled=&#8221;off&#8221; button_two_border_color__hover_enabled=&#8221;off&#8221; button_border_radius__hover_enabled=&#8221;off&#8221; button_one_border_radius__hover_enabled=&#8221;off&#8221; button_two_border_radius__hover_enabled=&#8221;off&#8221; button_letter_spacing__hover_enabled=&#8221;off&#8221; button_one_letter_spacing__hover_enabled=&#8221;off&#8221; button_two_letter_spacing__hover_enabled=&#8221;off&#8221; button_bg_color__hover_enabled=&#8221;on&#8221; button_bg_color__hover=&#8221;#ea4951&#8243; button_one_bg_color__hover_enabled=&#8221;off&#8221; button_two_bg_color__hover_enabled=&#8221;off&#8221;][\/et_pb_button][et_pb_text admin_label=&#8221;Highlights&#8221; module_class=&#8221;highlights&#8221; _builder_version=&#8221;4.27.6&#8243; background_size=&#8221;initial&#8221; background_position=&#8221;top_left&#8221; background_repeat=&#8221;repeat&#8221; module_alignment=&#8221;left&#8221; global_colors_info=&#8221;{}&#8221;]<\/p>\n<h3>Viol\u00ed<\/h3>\n<h3>Quartet Merel i Orquestra Tonhalle<\/h3>\n<h3>AIMS Acad\u00e8mia 2026<br \/>Del 5 al 15 d&#8217;agost<\/h3>\n<p>[\/et_pb_text][\/et_pb_column][\/et_pb_row][et_pb_row _builder_version=&#8221;4.16&#8243; global_colors_info=&#8221;{}&#8221;][et_pb_column type=&#8221;4_4&#8243; _builder_version=&#8221;4.16&#8243; global_colors_info=&#8221;{}&#8221;][et_pb_text admin_label=&#8221;Texto&#8221; _builder_version=&#8221;4.27.6&#8243; background_size=&#8221;initial&#8221; background_position=&#8221;top_left&#8221; background_repeat=&#8221;repeat&#8221; module_alignment=&#8221;left&#8221; global_colors_info=&#8221;{}&#8221;]<\/p>\n<p data-start=\"2318\" data-end=\"2881\">Primera violinista del Quartet Merel, M. E. Woodside \u00e9s una apassionada m\u00fasica de cambra que ha actuat a la Wigmore Hall de Londres, a la Tonhalle de Zuric i en festivals com el Salzburger Festspiele, el Menuhin Festival Gstaad, el Lucerne Festival, els Ittingen Whitsun Concerts i Omaggio a Palladio a Vicenza. Entre els seus companys de m\u00fasica de cambra hi ha Sir Andr\u00e1s Schiff, Julian Pr\u00e9gardien, Ian Bostridge, Yura Lee, Patrick Demenga, Julian Bliss i D\u00e9nes V\u00e1rjon, i ha actuat com a primera violinista convidada amb els quartets Signum, G\u00e9meaux i Amati.<\/p>\n<p data-start=\"2883\" data-end=\"3383\">La Sra. Woodside tamb\u00e9 ha actuat com a solista, incloent-hi dobles concerts amb Tabea Zimmermann, Hariolf Schlichtig i Adelina Oprean, i va estrenar concerts per a viol\u00ed d\u2019Aaron Jay Kernis i Martin Derungs amb l\u2019Orquestra Tonhalle de Zuric. Amb el Quartet Merel ha enregistrat per als segells Genuin, Solo Musica i Prospero obres de Schumann, Jan\u00e1\u010dek, Mendelssohn, Schubert, Sch\u00f6nberg i Dvo\u0159\u00e1k. Tamb\u00e9 t\u00e9 nombrosos enregistraments radiof\u00f2nics per a la r\u00e0dio su\u00efssa DRS2 i per a la r\u00e0dio alemanya SWR2.<\/p>\n<p data-start=\"3385\" data-end=\"3740\">M. E. Woodside ha actuat com a concertino convidada i l\u00edder dels segons violins amb la Camerata Z\u00fcrich, l\u2019Orquestra de Cambra de Basilea i l\u2019English Chamber Orchestra. Durant molts anys va ocupar el lloc de principal dels segons violins a l\u2019Orquestra Tonhalle de Zuric i anteriorment va ser assistent de concertino de l\u2019Orquestra de Cambra de W\u00fcrttemberg.<\/p>\n<p data-start=\"3742\" data-end=\"4418\">La Sra. Woodside va estudiar a la Eastman School of Music amb Charles Castleman, on es va graduar amb les m\u00e0ximes distincions i va obtenir el prestigi\u00f3s Performer\u2019s Certificate. Va guanyar nombrosos premis abans de traslladar-se a Europa per continuar els seus estudis a la Guildhall School de Londres amb Yfrah Neaman. Va obtenir el segon premi al Bryan Young Artists Competition i va ser finalista al Washington International Competition i al Concurs Kulenkampff de Col\u00f2nia, Alemanya. Un punt central de la seva formaci\u00f3 posterior van ser les classes de m\u00fasica de cambra amb mentors com S\u00e1ndor V\u00e9gh, Andr\u00e1s Schiff, Gy\u00f6rgy Kurt\u00e1g, Robert Levin, Alfred Brendel i Ferenc Rados.<\/p>\n<p data-start=\"4420\" data-end=\"4598\" data-is-last-node=\"\" data-is-only-node=\"\">El 2015 la Sra. Woodside va fundar el Festival de M\u00fasica de Cambra Zwischent\u00f6ne a Engelberg, Su\u00efssa, del qual \u00e9s directora art\u00edstica i on el Quartet Merel \u00e9s el conjunt resident.<\/p>\n<p>[\/et_pb_text][\/et_pb_column][\/et_pb_row][\/et_pb_section]<\/p>\n","protected":false},"excerpt":{"rendered":"<p>Viol\u00ed Quartet Merel i Orquestra Tonhalle AIMS Acad\u00e8mia 2026Del 5 al 15 d&#8217;agostPrimera violinista del Quartet Merel, M. E. Woodside \u00e9s una apassionada m\u00fasica de cambra que ha actuat a [&hellip;]<\/p>\n","protected":false},"author":3,"featured_media":0,"parent":0,"menu_order":0,"comment_status":"closed","ping_status":"closed","template":"","meta":{"_acf_changed":false,"_et_pb_use_builder":"on","_et_pb_old_content":"","_et_gb_content_width":"","footnotes":"","_links_to":"","_links_to_target":""},"class_list":["post-18234","page","type-page","status-publish","hentry"],"acf":[],"_links":{"self":[{"href":"https:\/\/aims.cat\/ca\/wp-json\/wp\/v2\/pages\/18234","targetHints":{"allow":["GET"]}}],"collection":[{"href":"https:\/\/aims.cat\/ca\/wp-json\/wp\/v2\/pages"}],"about":[{"href":"https:\/\/aims.cat\/ca\/wp-json\/wp\/v2\/types\/page"}],"author":[{"embeddable":true,"href":"https:\/\/aims.cat\/ca\/wp-json\/wp\/v2\/users\/3"}],"replies":[{"embeddable":true,"href":"https:\/\/aims.cat\/ca\/wp-json\/wp\/v2\/comments?post=18234"}],"version-history":[{"count":4,"href":"https:\/\/aims.cat\/ca\/wp-json\/wp\/v2\/pages\/18234\/revisions"}],"predecessor-version":[{"id":18256,"href":"https:\/\/aims.cat\/ca\/wp-json\/wp\/v2\/pages\/18234\/revisions\/18256"}],"wp:attachment":[{"href":"https:\/\/aims.cat\/ca\/wp-json\/wp\/v2\/media?parent=18234"}],"curies":[{"name":"wp","href":"https:\/\/api.w.org\/{rel}","templated":true}]}}