{"id":18344,"date":"2026-03-15T17:38:15","date_gmt":"2026-03-15T17:38:15","guid":{"rendered":"https:\/\/aims.cat\/?page_id=18344"},"modified":"2026-03-15T17:38:50","modified_gmt":"2026-03-15T17:38:50","slug":"amedeo_salvato","status":"publish","type":"page","link":"https:\/\/aims.cat\/ca\/amedeo_salvato\/","title":{"rendered":"Amedeo Salvato"},"content":{"rendered":"<p>[et_pb_section fb_built=&#8221;1&#8243; custom_padding_last_edited=&#8221;on|desktop&#8221; _builder_version=&#8221;4.16&#8243; custom_padding_tablet=&#8221;50px|0|50px|0&#8243; custom_padding_phone=&#8221;&#8221; custom_css_main_element=&#8221;padding-bottom:0px;&#8221; transparent_background=&#8221;off&#8221; padding_mobile=&#8221;off&#8221; global_colors_info=&#8221;{}&#8221;][et_pb_row _builder_version=&#8221;4.16&#8243; background_size=&#8221;initial&#8221; background_position=&#8221;top_left&#8221; background_repeat=&#8221;repeat&#8221; global_colors_info=&#8221;{}&#8221;][et_pb_column type=&#8221;4_4&#8243; _builder_version=&#8221;4.16&#8243; custom_padding=&#8221;|||&#8221; global_colors_info=&#8221;{}&#8221; custom_padding__hover=&#8221;|||&#8221;][et_pb_post_title meta=&#8221;off&#8221; featured_image=&#8221;off&#8221; text_color=&#8221;light&#8221; text_background=&#8221;on&#8221; text_bg_color=&#8221;#222222&#8243; admin_label=&#8221;T\u00edtulo de publicaci\u00f3n&#8221; _builder_version=&#8221;4.16&#8243; title_font_size=&#8221;18px&#8221; title_all_caps=&#8221;off&#8221; background_color=&#8221;rgba(255,255,255,0)&#8221; parallax=&#8221;on&#8221; parallax_effect=&#8221;on&#8221; module_bg_color=&#8221;rgba(255,255,255,0)&#8221; global_colors_info=&#8221;{}&#8221;]<br \/>\n[\/et_pb_post_title][\/et_pb_column][\/et_pb_row][\/et_pb_section][et_pb_section fb_built=&#8221;1&#8243; custom_padding_last_edited=&#8221;on|desktop&#8221; _builder_version=&#8221;4.16&#8243; custom_padding_tablet=&#8221;50px|0|50px|0&#8243; custom_padding_phone=&#8221;&#8221; custom_css_main_element=&#8221;padding-top:0px;&#8221; transparent_background=&#8221;off&#8221; padding_mobile=&#8221;off&#8221; global_colors_info=&#8221;{}&#8221;][et_pb_row column_structure=&#8221;1_3,2_3&#8243; _builder_version=&#8221;4.16&#8243; background_size=&#8221;initial&#8221; background_position=&#8221;top_left&#8221; background_repeat=&#8221;repeat&#8221; global_colors_info=&#8221;{}&#8221;][et_pb_column type=&#8221;1_3&#8243; _builder_version=&#8221;4.16&#8243; custom_padding=&#8221;|||&#8221; global_colors_info=&#8221;{}&#8221; custom_padding__hover=&#8221;|||&#8221;][et_pb_image src=&#8221;https:\/\/aims.cat\/wp-content\/uploads\/2021\/07\/amedeo.jpg&#8221; title_text=&#8221;amedeo&#8221; show_in_lightbox=&#8221;on&#8221; align_tablet=&#8221;center&#8221; align_phone=&#8221;&#8221; align_last_edited=&#8221;on|desktop&#8221; _builder_version=&#8221;4.16&#8243; animation=&#8221;off&#8221; always_center_on_mobile=&#8221;on&#8221; global_colors_info=&#8221;{}&#8221;]<br \/>\n[\/et_pb_image][\/et_pb_column][et_pb_column type=&#8221;2_3&#8243; _builder_version=&#8221;4.16&#8243; custom_padding=&#8221;|||&#8221; global_colors_info=&#8221;{}&#8221; custom_padding__hover=&#8221;|||&#8221;][et_pb_text admin_label=&#8221;Texto&#8221; _builder_version=&#8221;4.27.6&#8243; background_size=&#8221;initial&#8221; background_position=&#8221;top_left&#8221; background_repeat=&#8221;repeat&#8221; global_colors_info=&#8221;{}&#8221;]<\/p>\n<p class=\"x_MsoNormal\"><span lang=\"CA\">Realitza els seus estudis musicals amb Paolo Spagnolo al Conservatori S. Pietro a Majella de N\u00e0pols. Posteriorment ha seguit masterclass amb Andrej Jasinski, Sergio Fiorentino, Aldo Ciccolini y Alain Meunier. Premiat en diversos concursos, desenvolupa la seva activitat tant com a solista o en formacions de cambra, tocant a It\u00e0lia o a l&#8217;estranger (Teatre San Carlo a N\u00e0pols, Parco della Musica a Roma, Teatre Carlo Felice de G\u00e8nova, Teatre Comunale i Teatre Manzoni a Bolonya, Teatre Olimpico a Vicenza, Wiener Saal a Salzburg, Cuvilles Theatre de Munich, Palau de la M\u00fasica a Val\u00e8ncia, Teatre dels Camps Elisis a Bilbao, Italian Cultural Institute de Londres, Opera Theatre a Clermont-Ferrand i Rouen, Turina Concert Hall a Sevilla, Old Parliament Hall de Budapest, Opera Theatre a Tirana, Concert Hall of the Gnessin Academy of Music de Mosc\u00fa, Oji Hall de T\u00f2quio, Fedora Aleman Concert Hall a Caracas).<br \/><\/span><span lang=\"CA\">Amedeo Salvato \u00e9s pianista acompanyant de les Convencions de flauta d&#8217;It\u00e0lia, Eslov\u00e8nia i Espanya, del Concurs Internacional de flauta &#8220;Severino Gazzelloni&#8221;, del Festival de M\u00fasica d\u2019Estiu de X\u00e0bia i ha estat pianista del Festival d\u2019Obo\u00e8 de Caracas i del Galway Flute Festival.<br \/><\/span>Ha tocat amb artistes com Sir James Galway, Emmanuel Pahud, Vicens Prats, Jos\u00e9 Luis Estell\u00e9s, Albrecht Mayer, Wenzel Fuchs, Thomas Indermh\u00fcle. Amedeo Salvato \u00e9s tamb\u00e9 mestre concertador, col\u00b7labora amb cantants i companyies d&#8217;\u00f2pera i \u00e9s professor a la &#8220;Scuola dell&#8217;Opera Italiana&#8221; del Teatre Comunale de Bolonya i al Conservatori de Bolonya.<\/p>\n<p>[\/et_pb_text][\/et_pb_column][\/et_pb_row][\/et_pb_section]<\/p>\n","protected":false},"excerpt":{"rendered":"<p>Realitza els seus estudis musicals amb Paolo Spagnolo al Conservatori S. Pietro a Majella de N\u00e0pols. Posteriorment ha seguit masterclass amb Andrej Jasinski, Sergio Fiorentino, Aldo Ciccolini y Alain Meunier. [&hellip;]<\/p>\n","protected":false},"author":3,"featured_media":0,"parent":0,"menu_order":0,"comment_status":"closed","ping_status":"closed","template":"","meta":{"_acf_changed":false,"_et_pb_use_builder":"on","_et_pb_old_content":"","_et_gb_content_width":"","footnotes":"","_links_to":"","_links_to_target":""},"class_list":["post-18344","page","type-page","status-publish","hentry"],"acf":[],"_links":{"self":[{"href":"https:\/\/aims.cat\/ca\/wp-json\/wp\/v2\/pages\/18344","targetHints":{"allow":["GET"]}}],"collection":[{"href":"https:\/\/aims.cat\/ca\/wp-json\/wp\/v2\/pages"}],"about":[{"href":"https:\/\/aims.cat\/ca\/wp-json\/wp\/v2\/types\/page"}],"author":[{"embeddable":true,"href":"https:\/\/aims.cat\/ca\/wp-json\/wp\/v2\/users\/3"}],"replies":[{"embeddable":true,"href":"https:\/\/aims.cat\/ca\/wp-json\/wp\/v2\/comments?post=18344"}],"version-history":[{"count":3,"href":"https:\/\/aims.cat\/ca\/wp-json\/wp\/v2\/pages\/18344\/revisions"}],"predecessor-version":[{"id":18631,"href":"https:\/\/aims.cat\/ca\/wp-json\/wp\/v2\/pages\/18344\/revisions\/18631"}],"wp:attachment":[{"href":"https:\/\/aims.cat\/ca\/wp-json\/wp\/v2\/media?parent=18344"}],"curies":[{"name":"wp","href":"https:\/\/api.w.org\/{rel}","templated":true}]}}