{"id":18382,"date":"2026-03-14T12:54:51","date_gmt":"2026-03-14T12:54:51","guid":{"rendered":"https:\/\/aims.cat\/?page_id=18382"},"modified":"2026-03-14T12:55:24","modified_gmt":"2026-03-14T12:55:24","slug":"gustav-rivinius","status":"publish","type":"page","link":"https:\/\/aims.cat\/ca\/gustav-rivinius\/","title":{"rendered":"Gustav Rivinius"},"content":{"rendered":"<p>[et_pb_section fb_built=&#8221;1&#8243; custom_padding_last_edited=&#8221;on|desktop&#8221; _builder_version=&#8221;4.16&#8243; custom_padding_tablet=&#8221;50px|0|50px|0&#8243; custom_padding_phone=&#8221;&#8221; custom_css_main_element=&#8221;padding-bottom:0px;&#8221; transparent_background=&#8221;off&#8221; padding_mobile=&#8221;off&#8221; global_colors_info=&#8221;{}&#8221;][et_pb_row _builder_version=&#8221;4.16&#8243; background_size=&#8221;initial&#8221; background_position=&#8221;top_left&#8221; background_repeat=&#8221;repeat&#8221; global_colors_info=&#8221;{}&#8221;][et_pb_column type=&#8221;4_4&#8243; _builder_version=&#8221;4.16&#8243; custom_padding=&#8221;|||&#8221; global_colors_info=&#8221;{}&#8221; custom_padding__hover=&#8221;|||&#8221;][et_pb_post_title meta=&#8221;off&#8221; featured_image=&#8221;off&#8221; text_color=&#8221;light&#8221; text_background=&#8221;on&#8221; text_bg_color=&#8221;#222222&#8243; admin_label=&#8221;T\u00edtulo de publicaci\u00f3n&#8221; _builder_version=&#8221;4.16&#8243; title_font_size=&#8221;18px&#8221; title_all_caps=&#8221;off&#8221; background_color=&#8221;rgba(255,255,255,0)&#8221; parallax=&#8221;on&#8221; parallax_method=&#8221;off&#8221; parallax_effect=&#8221;on&#8221; module_bg_color=&#8221;rgba(255,255,255,0)&#8221; global_colors_info=&#8221;{}&#8221;]<br \/>\n[\/et_pb_post_title][\/et_pb_column][\/et_pb_row][\/et_pb_section][et_pb_section fb_built=&#8221;1&#8243; custom_padding_last_edited=&#8221;on|desktop&#8221; _builder_version=&#8221;4.16&#8243; custom_padding_tablet=&#8221;50px|0|50px|0&#8243; custom_padding_phone=&#8221;&#8221; custom_css_main_element=&#8221;padding-top:0px;&#8221; transparent_background=&#8221;off&#8221; padding_mobile=&#8221;off&#8221; global_colors_info=&#8221;{}&#8221;][et_pb_row column_structure=&#8221;1_3,2_3&#8243; _builder_version=&#8221;4.16&#8243; background_size=&#8221;initial&#8221; background_position=&#8221;top_left&#8221; background_repeat=&#8221;repeat&#8221; global_colors_info=&#8221;{}&#8221;][et_pb_column type=&#8221;1_3&#8243; _builder_version=&#8221;4.16&#8243; custom_padding=&#8221;|||&#8221; global_colors_info=&#8221;{}&#8221; custom_padding__hover=&#8221;|||&#8221;][et_pb_image src=&#8221;https:\/\/aims.cat\/wp-content\/uploads\/2026\/03\/Gustav-Rivinius_Foto-von-Bjorn-Klein-1.jpg&#8221; title_text=&#8221;Gustav Rivinius_Foto von Bj\u00f6rn Klein&#8221; show_in_lightbox=&#8221;on&#8221; align_tablet=&#8221;center&#8221; align_phone=&#8221;&#8221; align_last_edited=&#8221;on|desktop&#8221; _builder_version=&#8221;4.27.6&#8243; animation=&#8221;off&#8221; always_center_on_mobile=&#8221;on&#8221; global_colors_info=&#8221;{}&#8221;]<br \/>\n[\/et_pb_image][\/et_pb_column][et_pb_column type=&#8221;2_3&#8243; _builder_version=&#8221;4.16&#8243; custom_padding=&#8221;|||&#8221; global_colors_info=&#8221;{}&#8221; custom_padding__hover=&#8221;|||&#8221;][et_pb_text admin_label=&#8221;Texto&#8221; _builder_version=&#8221;4.27.6&#8243; background_size=&#8221;initial&#8221; background_position=&#8221;top_left&#8221; background_repeat=&#8221;repeat&#8221; global_colors_info=&#8221;{}&#8221;]<\/p>\n<p data-start=\"11\" data-end=\"194\"><em>\u00abRealment pot fer que el violoncel canti com una veu humana. El seu toc sensible arriba directament al cor; \u00e9s d\u2019una bellesa i una puresa que rarament s\u2019escolten amb tanta perfecci\u00f3.\u00bb<\/em><\/p>\n<p data-start=\"196\" data-end=\"582\">Gustav Rivinius \u00e9s el primer i \u00fanic m\u00fasic alemany que ha estat guardonat amb la Medalla d\u2019Or del Primer Premi al Concurs Internacional Txaikovski de Moscou l\u2019any 1990. A m\u00e9s, va rebre un premi especial per la millor interpretaci\u00f3 d\u2019una composici\u00f3 de Txaikovski, superant tots els altres concursants. Des de llavors ha actuat amb destacats m\u00fasics, orquestres i directors d\u2019arreu del m\u00f3n.<\/p>\n<p data-start=\"584\" data-end=\"1113\">Entre els nombrosos moments destacats d\u2019una carrera il\u00b7lustre, Gustav Rivinius ha actuat amb l\u2019Orquestra Simf\u00f2nica de la R\u00e0dio de Baviera, sota la direcci\u00f3 de Lorin Maazel, Ingo Metzmacher i Hans Zender. En les celebracions de la reobertura de la Sala Espanyola del Castell de Praga, Gustav Rivinius es va unir a l\u2019Orquestra Filharm\u00f2nica Txeca sota la direcci\u00f3 de V\u00e1clav Neumann, i tamb\u00e9 va participar en una gala pel 50\u00e8 aniversari de l\u2019Orquestra Simf\u00f2nica de Bamberg, amb la qual ha estat convidat moltes vegades com a solista.<\/p>\n<p data-start=\"1115\" data-end=\"1873\">Als Estats Units, Gustav Rivinius ha actuat amb l\u2019Orquestra Simf\u00f2nica de Pittsburgh i amb orquestres de Saint Louis, Cincinnati, Washington D.C. i amb la Houston Symphony. A T\u00f2quio va actuar amb la Filharm\u00f2nica de Moscou, a Se\u00fcl amb la KBS Symphony Orchestra i a Pequ\u00edn amb la National Ballet Orchestra. Ha treballat amb directors com Marek Janowski, Christoph Eschenbach i Dmitri Kitajenko. Tamb\u00e9 ha actuat amb orquestres de Lisboa, Tolosa, Li\u00f3, la Filharm\u00f2nica d\u2019H\u00e8lsinki i l\u2019Orquestra de la R\u00e0dio Sueca, aix\u00ed com a Lucerna amb la Tonhalle Orchester Z\u00fcrich. Gustav Rivinius ha actuat amb totes les orquestres simf\u00f2niques de r\u00e0dio d\u2019Alemanya, aix\u00ed com amb la Deutsches Symphonie-Orchester, la Gewandhausorchester de Leipzig i la Konzerthausorchester Berlin.<\/p>\n<p data-start=\"1875\" data-end=\"2338\">Paral\u00b7lelament a la seva carrera solista, Gustav Rivinius sent una gran passi\u00f3 per la m\u00fasica de cambra. Toca regularment amb els seus germans al Rivinius Piano Quartet i ofereix recitals amb el seu germ\u00e0 Paul al piano. Gustav Rivinius tamb\u00e9 participa anualment en el festival Spannungen de Heimbach, on actua amb amics m\u00fasics com Lars Vogt, Christian Tetzlaff, Antje Weithaas, Isabelle Faust i Sharon Kam, aix\u00ed com en nombrosos enregistraments de CD del festival.<\/p>\n<p data-start=\"2340\" data-end=\"3000\">Rivinius va fundar el Gasparo da Sal\u00f3 Trio, el Bartholdy String Quintet i el Tammuz Piano Quartet, que va enregistrar els dos quartets amb piano del compositor George Enescu per al segell cpo. Aquest mateix segell tamb\u00e9 va publicar la interpretaci\u00f3 de Rivinius del Concert per a violoncel d\u2019Ermanno Wolf-Ferrari amb l\u2019Orquestra Simf\u00f2nica de la R\u00e0dio de Frankfurt sota la direcci\u00f3 d\u2019Alan Francis. L\u2019obra <em data-start=\"2743\" data-end=\"2765\">Ode to the West Wind<\/em> de Henze amb la RSO Saarbr\u00fccken dirigida per Stanislaw Skrowaczewski va ser publicada per Arte Nova. Gustav Rivinius tamb\u00e9 va enregistrar el Trio per a clarinet de Brahms amb Sharon Kam i Martin Helmchen per al segell Berlin Classics.<\/p>\n<p data-start=\"3002\" data-end=\"3502\">Durant molts anys, Gustav Rivinius ha estat professor a la Universitat de M\u00fasica de Saarbr\u00fccken. \u00c9s cofundador de les Kammermusiktage Mettlach i, d\u2019aquesta manera, ha influ\u00eft en el panorama musical del seu Saarland natal durant m\u00e9s de 30 anys. Cada any imparteix diverses classes magistrals, entre elles al Schleswig-Holstein Music Festival, i \u00e9s membre habitual de jurats en importants concursos internacionals, com el Concurs Internacional Txaikovski de Moscou, on va formar part del jurat el 2011.<\/p>\n<p>[\/et_pb_text][\/et_pb_column][\/et_pb_row][\/et_pb_section]<\/p>\n","protected":false},"excerpt":{"rendered":"<p>\u00abRealment pot fer que el violoncel canti com una veu humana. El seu toc sensible arriba directament al cor; \u00e9s d\u2019una bellesa i una puresa que rarament s\u2019escolten amb tanta [&hellip;]<\/p>\n","protected":false},"author":3,"featured_media":0,"parent":0,"menu_order":0,"comment_status":"closed","ping_status":"closed","template":"","meta":{"_acf_changed":false,"_et_pb_use_builder":"on","_et_pb_old_content":"","_et_gb_content_width":"","footnotes":"","_links_to":"","_links_to_target":""},"class_list":["post-18382","page","type-page","status-publish","hentry"],"acf":[],"_links":{"self":[{"href":"https:\/\/aims.cat\/ca\/wp-json\/wp\/v2\/pages\/18382","targetHints":{"allow":["GET"]}}],"collection":[{"href":"https:\/\/aims.cat\/ca\/wp-json\/wp\/v2\/pages"}],"about":[{"href":"https:\/\/aims.cat\/ca\/wp-json\/wp\/v2\/types\/page"}],"author":[{"embeddable":true,"href":"https:\/\/aims.cat\/ca\/wp-json\/wp\/v2\/users\/3"}],"replies":[{"embeddable":true,"href":"https:\/\/aims.cat\/ca\/wp-json\/wp\/v2\/comments?post=18382"}],"version-history":[{"count":4,"href":"https:\/\/aims.cat\/ca\/wp-json\/wp\/v2\/pages\/18382\/revisions"}],"predecessor-version":[{"id":18390,"href":"https:\/\/aims.cat\/ca\/wp-json\/wp\/v2\/pages\/18382\/revisions\/18390"}],"wp:attachment":[{"href":"https:\/\/aims.cat\/ca\/wp-json\/wp\/v2\/media?parent=18382"}],"curies":[{"name":"wp","href":"https:\/\/api.w.org\/{rel}","templated":true}]}}