{"id":18398,"date":"2026-03-14T13:05:48","date_gmt":"2026-03-14T13:05:48","guid":{"rendered":"https:\/\/aims.cat\/?page_id=18398"},"modified":"2026-03-14T13:06:07","modified_gmt":"2026-03-14T13:06:07","slug":"carla-conangla","status":"publish","type":"page","link":"https:\/\/aims.cat\/ca\/carla-conangla\/","title":{"rendered":"Carla Conangla"},"content":{"rendered":"<p>[et_pb_section fb_built=&#8221;1&#8243; custom_padding_last_edited=&#8221;on|desktop&#8221; _builder_version=&#8221;4.16&#8243; custom_padding_tablet=&#8221;50px|0|50px|0&#8243; custom_padding_phone=&#8221;&#8221; custom_css_main_element=&#8221;padding-bottom:0px;&#8221; transparent_background=&#8221;off&#8221; padding_mobile=&#8221;off&#8221; global_colors_info=&#8221;{}&#8221;][et_pb_row _builder_version=&#8221;4.16&#8243; background_size=&#8221;initial&#8221; background_position=&#8221;top_left&#8221; background_repeat=&#8221;repeat&#8221; global_colors_info=&#8221;{}&#8221;][et_pb_column type=&#8221;4_4&#8243; _builder_version=&#8221;4.16&#8243; custom_padding=&#8221;|||&#8221; global_colors_info=&#8221;{}&#8221; custom_padding__hover=&#8221;|||&#8221;][et_pb_post_title meta=&#8221;off&#8221; featured_image=&#8221;off&#8221; text_color=&#8221;light&#8221; text_background=&#8221;on&#8221; text_bg_color=&#8221;#222222&#8243; admin_label=&#8221;T\u00edtulo de publicaci\u00f3n&#8221; _builder_version=&#8221;4.16&#8243; title_font_size=&#8221;18px&#8221; title_all_caps=&#8221;off&#8221; background_color=&#8221;rgba(255,255,255,0)&#8221; parallax=&#8221;on&#8221; parallax_method=&#8221;off&#8221; parallax_effect=&#8221;on&#8221; module_bg_color=&#8221;rgba(255,255,255,0)&#8221; global_colors_info=&#8221;{}&#8221;]<br \/>\n[\/et_pb_post_title][\/et_pb_column][\/et_pb_row][\/et_pb_section][et_pb_section fb_built=&#8221;1&#8243; custom_padding_last_edited=&#8221;on|desktop&#8221; _builder_version=&#8221;4.16&#8243; custom_padding_tablet=&#8221;50px|0|50px|0&#8243; custom_padding_phone=&#8221;&#8221; custom_css_main_element=&#8221;padding-top:0px;&#8221; transparent_background=&#8221;off&#8221; padding_mobile=&#8221;off&#8221; global_colors_info=&#8221;{}&#8221;][et_pb_row column_structure=&#8221;1_3,2_3&#8243; _builder_version=&#8221;4.16&#8243; background_size=&#8221;initial&#8221; background_position=&#8221;top_left&#8221; background_repeat=&#8221;repeat&#8221; global_colors_info=&#8221;{}&#8221;][et_pb_column type=&#8221;1_3&#8243; _builder_version=&#8221;4.16&#8243; custom_padding=&#8221;|||&#8221; global_colors_info=&#8221;{}&#8221; custom_padding__hover=&#8221;|||&#8221;][et_pb_image src=&#8221;https:\/\/aims.cat\/wp-content\/uploads\/2026\/03\/Carla-Conangla-2.jpeg&#8221; title_text=&#8221;Carla Conangla&#8221; show_in_lightbox=&#8221;on&#8221; align_tablet=&#8221;center&#8221; align_phone=&#8221;&#8221; align_last_edited=&#8221;on|desktop&#8221; _builder_version=&#8221;4.27.6&#8243; animation=&#8221;off&#8221; always_center_on_mobile=&#8221;on&#8221; global_colors_info=&#8221;{}&#8221;]<br \/>\n[\/et_pb_image][\/et_pb_column][et_pb_column type=&#8221;2_3&#8243; _builder_version=&#8221;4.16&#8243; custom_padding=&#8221;|||&#8221; global_colors_info=&#8221;{}&#8221; custom_padding__hover=&#8221;|||&#8221;][et_pb_text admin_label=&#8221;Texto&#8221; _builder_version=&#8221;4.27.6&#8243; background_size=&#8221;initial&#8221; background_position=&#8221;top_left&#8221; background_repeat=&#8221;repeat&#8221; global_colors_info=&#8221;{}&#8221;]<\/p>\n<p>Carla Conangla \u00e9s, des d\u2019abril de 2025, violoncel\u00b7lista de l\u2019Orquestra del Gran Teatre del Liceu de Barcelona.<\/p>\n<p>Va comen\u00e7ar els seus estudis musicals al Conservatori Superior del Liceu amb el professor Peter Thiemann, i els va finalitzar al Conservatori de Maastricht amb el professor Gustav Rivinius. Va completar la seva formaci\u00f3 a la Universit\u00e4t Mozarteum Salzburg amb el professor Giovanni Gnocchi.<\/p>\n<p>\u00c9s guanyadora del Guard\u00f3 Internacional Pau Casals 2018 i del premi del Concurs Internacional Mainardi 2022. Ha debutat al Palau de la M\u00fasica Catalana com a finalista del concurs\u00a0<em>El Primer Palau<\/em>\u00a02023.<\/p>\n<p>Durant la seva formaci\u00f3 ha assistit a nombrosos cursos de perfeccionament amb professors com Frans Helmerson, Antonio Meneses, Gary Hoffman i Claudio Boh\u00f3rquez.<br \/>Des del 2022 desenvolupa una intensa activitat tant simf\u00f2nica com camer\u00edstica, col\u00b7laborant amb les principals orquestres espanyoles com l\u2019Orquestra de la Comunitat Valenciana \u2013 Les Arts i l\u2019OBC. A m\u00e9s, forma un duo amb la pianista Clara Santacana, amb qui ha estat convidada al Barcelona Obertura Festival 2025.<\/p>\n<p>[\/et_pb_text][\/et_pb_column][\/et_pb_row][\/et_pb_section]<\/p>\n","protected":false},"excerpt":{"rendered":"<p>Carla Conangla \u00e9s, des d\u2019abril de 2025, violoncel\u00b7lista de l\u2019Orquestra del Gran Teatre del Liceu de Barcelona. Va comen\u00e7ar els seus estudis musicals al Conservatori Superior del Liceu amb el [&hellip;]<\/p>\n","protected":false},"author":3,"featured_media":0,"parent":0,"menu_order":0,"comment_status":"closed","ping_status":"closed","template":"","meta":{"_acf_changed":false,"_et_pb_use_builder":"on","_et_pb_old_content":"","_et_gb_content_width":"","footnotes":"","_links_to":"","_links_to_target":""},"class_list":["post-18398","page","type-page","status-publish","hentry"],"acf":[],"_links":{"self":[{"href":"https:\/\/aims.cat\/ca\/wp-json\/wp\/v2\/pages\/18398","targetHints":{"allow":["GET"]}}],"collection":[{"href":"https:\/\/aims.cat\/ca\/wp-json\/wp\/v2\/pages"}],"about":[{"href":"https:\/\/aims.cat\/ca\/wp-json\/wp\/v2\/types\/page"}],"author":[{"embeddable":true,"href":"https:\/\/aims.cat\/ca\/wp-json\/wp\/v2\/users\/3"}],"replies":[{"embeddable":true,"href":"https:\/\/aims.cat\/ca\/wp-json\/wp\/v2\/comments?post=18398"}],"version-history":[{"count":4,"href":"https:\/\/aims.cat\/ca\/wp-json\/wp\/v2\/pages\/18398\/revisions"}],"predecessor-version":[{"id":18409,"href":"https:\/\/aims.cat\/ca\/wp-json\/wp\/v2\/pages\/18398\/revisions\/18409"}],"wp:attachment":[{"href":"https:\/\/aims.cat\/ca\/wp-json\/wp\/v2\/media?parent=18398"}],"curies":[{"name":"wp","href":"https:\/\/api.w.org\/{rel}","templated":true}]}}