{"id":18419,"date":"2026-03-24T19:49:24","date_gmt":"2026-03-24T19:49:24","guid":{"rendered":"https:\/\/aims.cat\/?page_id=18419"},"modified":"2026-03-24T19:49:28","modified_gmt":"2026-03-24T19:49:28","slug":"david-fonseca","status":"publish","type":"page","link":"https:\/\/aims.cat\/ca\/david-fonseca\/","title":{"rendered":"David Fonseca-Bibescu"},"content":{"rendered":"<p>[et_pb_section fb_built=&#8221;1&#8243; custom_padding_last_edited=&#8221;on|desktop&#8221; _builder_version=&#8221;4.16&#8243; custom_padding_tablet=&#8221;50px|0|50px|0&#8243; custom_padding_phone=&#8221;&#8221; custom_css_main_element=&#8221;padding-bottom:0px;&#8221; transparent_background=&#8221;off&#8221; padding_mobile=&#8221;off&#8221; global_colors_info=&#8221;{}&#8221;][et_pb_row _builder_version=&#8221;4.16&#8243; background_size=&#8221;initial&#8221; background_position=&#8221;top_left&#8221; background_repeat=&#8221;repeat&#8221; global_colors_info=&#8221;{}&#8221;][et_pb_column type=&#8221;4_4&#8243; _builder_version=&#8221;4.16&#8243; custom_padding=&#8221;|||&#8221; global_colors_info=&#8221;{}&#8221; custom_padding__hover=&#8221;|||&#8221;][et_pb_post_title meta=&#8221;off&#8221; featured_image=&#8221;off&#8221; text_color=&#8221;light&#8221; text_background=&#8221;on&#8221; text_bg_color=&#8221;#222222&#8243; admin_label=&#8221;T\u00edtulo de publicaci\u00f3n&#8221; _builder_version=&#8221;4.16&#8243; title_font_size=&#8221;18px&#8221; title_all_caps=&#8221;off&#8221; background_color=&#8221;rgba(255,255,255,0)&#8221; parallax=&#8221;on&#8221; parallax_method=&#8221;off&#8221; parallax_effect=&#8221;on&#8221; module_bg_color=&#8221;rgba(255,255,255,0)&#8221; global_colors_info=&#8221;{}&#8221;][\/et_pb_post_title][\/et_pb_column][\/et_pb_row][\/et_pb_section][et_pb_section fb_built=&#8221;1&#8243; custom_padding_last_edited=&#8221;on|desktop&#8221; _builder_version=&#8221;4.16&#8243; custom_padding_tablet=&#8221;50px|0|50px|0&#8243; custom_padding_phone=&#8221;&#8221; custom_css_main_element=&#8221;padding-top:0px;&#8221; transparent_background=&#8221;off&#8221; padding_mobile=&#8221;off&#8221; global_colors_info=&#8221;{}&#8221;][et_pb_row column_structure=&#8221;1_3,2_3&#8243; _builder_version=&#8221;4.16&#8243; background_size=&#8221;initial&#8221; background_position=&#8221;top_left&#8221; background_repeat=&#8221;repeat&#8221; global_colors_info=&#8221;{}&#8221;][et_pb_column type=&#8221;1_3&#8243; _builder_version=&#8221;4.16&#8243; custom_padding=&#8221;|||&#8221; global_colors_info=&#8221;{}&#8221; custom_padding__hover=&#8221;|||&#8221;][et_pb_image src=&#8221;https:\/\/aims.cat\/wp-content\/uploads\/2026\/03\/David-Fontaseca-2-e1773491283712.jpg&#8221; title_text=&#8221;David Fontaseca&#8221; show_in_lightbox=&#8221;on&#8221; align_tablet=&#8221;center&#8221; align_phone=&#8221;&#8221; align_last_edited=&#8221;on|desktop&#8221; _builder_version=&#8221;4.27.6&#8243; animation=&#8221;off&#8221; always_center_on_mobile=&#8221;on&#8221; global_colors_info=&#8221;{}&#8221;][\/et_pb_image][\/et_pb_column][et_pb_column type=&#8221;2_3&#8243; _builder_version=&#8221;4.16&#8243; custom_padding=&#8221;|||&#8221; global_colors_info=&#8221;{}&#8221; custom_padding__hover=&#8221;|||&#8221;][et_pb_text admin_label=&#8221;Texto&#8221; _builder_version=&#8221;4.27.6&#8243; background_size=&#8221;initial&#8221; background_position=&#8221;top_left&#8221; background_repeat=&#8221;repeat&#8221; hover_enabled=&#8221;0&#8243; global_colors_info=&#8221;{}&#8221; sticky_enabled=&#8221;0&#8243;]<\/p>\n<p>David Fonseca-Bibescu, natural de Barcelona, va iniciar la seva formaci\u00f3 musical a l\u2019IEA Oriol Martorell, on va estudiar amb el seu pare, Heriberto Fonseca, obtenint les m\u00e0ximes qualificacions i el Premi d\u2019Honor. Posteriorment va cursar el Grau Superior al Conservatori Superior de M\u00fasica del Liceu gr\u00e0cies a una beca de la Fundaci\u00f3 de M\u00fasica Ferrer-Salat, sota la tutela de Kai Gleusteen i Corrado Bolsi. Durant l\u2019\u00faltim curs, el conservatori i la fundaci\u00f3 li van cedir un viol\u00ed Joseph Gagliano (1798) durant un any. Va continuar la seva formaci\u00f3 al mateix centre amb el M\u00e0ster d\u2019Interpretaci\u00f3 de M\u00fasica Cl\u00e0ssica i Contempor\u00e0nia, novament amb una beca del conservatori, sota la direcci\u00f3 de Corrado Bolsi i obtenint les m\u00e0ximes qualificacions. Va completar els seus estudis amb un postgrau a l\u2019Accademia Musicale Santa Cecilia de B\u00e8rgam, treballant amb Pavel Vernikov, Svetlana Makarova i Igor Volochine, i es va perfeccionar tamb\u00e9 amb Roberto Vald\u00e9s.<br \/>Ha obtingut reconeixements en concursos nacionals i internacionals. Destaquen el 1r Premi al Concurs ARJAU de Barcelona (2012), 1r Premi al VII Concurs Cordes de Barcelona (2015), 1r Premi als XIV Premis d\u2019Interpretaci\u00f3 Musical de Girona (2015), 3r Premi a la fase auton\u00f2mica del concurs Intercentros Mel\u00f3mano (2015), 1r Premi al 5\u00e8 Concurs Internacional \u201cNote sul mare\u201d a Roma, It\u00e0lia (2016). En aquest concurs vaser guardonat amb el Primer Premi Absolut i amb el Premi Especial d\u2019Instruments d\u2019Arc, obtenint una puntuaci\u00f3 de 100\/100, PREMI BBVA DE M\u00daSICA Premi al talent individual (2016) amb una Menci\u00f3 Especial i el Premi Especial de l\u2019Associaci\u00f3 de Conservatoris de Catalunya (ACCat) a la millor interpretaci\u00f3 d\u2019una obra d\u2019un compositor catal\u00e0., 1r Premi al V Concurs de Solistes (2018) de la Jove Orquestra InterComarcal (JOIC), 1r Premi al 17\u00e8 Concurs Internacional de M\u00fasica \u201cPremio Citta\u2019 di Padova\u201d (2019) a Padua (It\u00e0lia) i 3r Premi al 20\u00e8 Concurs Internacional \u201cVirtuosite\u2019 Prize\u201d a Padova, It\u00e0lia (2023). Aix\u00ed com en diversos concursos de m\u00fasica de cambra com el 1r Premi al concurs Concerto Competition en el curs de quartets Q4Stage a Lleida amb el Lux Quartet (2016), 2n Premi al I Concurs Internacional Cambra Rom\u00e0nica (2019) a Andorra amb el Quartet Toldr\u00e0 I 3r Premi al V Rookie Chamber Music Online Competition (2020) amb el Quartet B\u00e9cquer.<\/p>\n<p>La seva activitat com a int\u00e8rpret inclou actuacions com a solista amb orquestra i recitals a Espanya, Andorra, It\u00e0lia, Alemanya i Portugal. Va actuar com a solista amb la Jove Orquestra Nacional d\u2019Andorra dirigida per Gerard Claret, la Jove Orquestra InterComarcal amb Marcel Ortega, l\u2019Orquestra de Guitarres de Barcelona al Palau de la M\u00fasica Catalana, l\u2019Orquestra del Blackmore International Music Academy a Berl\u00edn dirigida per Guy Braunstein, la Camerata Pirineus al nord de Catalunya i la Douro String Academy Orchestra al Teatre de Vila Real (Portugal). En l\u2019\u00e0mbit cambr\u00edstic ha col\u00b7laborat amb m\u00fasics com Yo-Yo Ma, Sergey Ostrovsky, Andriy Viytovich i Zvi Plessler. Ha enregistrat per a Catalunya M\u00fasica amb el Trio Montsalvatge i per a R\u00e0dio Nacional d\u2019Espanya amb el Quartet B\u00e9cquer.<br \/>En l\u2019\u00e0mbit orquestral, ha sigut convidat com a concertino en formacions com l\u2019Orquestra Simf\u00f2nica del Vall\u00e8s, l\u2019Orquestra Cl\u00e1ssica de Espinho (Portugal), la Camerata Eduard Toldr\u00e0, l\u2019Orquestra Filharm\u00f2nica del Mediterrani, la Jove Orquestra Nacional d\u2019Espanya, la Jove Orquestra Nacional de Catalunya i la Jove Orquestra Nacional d\u2019Andorra. Ha format part de l\u2019acad\u00e8mia de la Mahler Chamber Orchestra, ha sigut convidat com a assistent de concertino a l\u2019Orquestra de la Comunitat Valenciana (Les Arts) i com a assistent de solista de segons violins a l\u2019Orquestra Simf\u00f2nica de Castella i Lle\u00f3. A m\u00e9s, ha col\u00b7laborat amb la Mahler Chamber Orchestra i amb l\u2019Orquestra del Gran Teatre del Liceu.<br \/>Ha rebut classes magistrals i consells de violinistes com Salvatore Accardo, Oleg Kaskiv, Vilmos Szabadi, Vera Mart\u00ednez, Sergey Ostrovsky, Latica Honda-Rosenberg, Patrice Fontanarosa, Gordan Nikolich, Lukas Hagen, Guy Braunstein i Marco Rizzi, entre altres.<br \/>Ha sigut professor convidat a la Jove Orquestra Nacional de Catalunya.<\/p>\n<p>[\/et_pb_text][\/et_pb_column][\/et_pb_row][\/et_pb_section]<\/p>\n","protected":false},"excerpt":{"rendered":"<p>David Fonseca-Bibescu, natural de Barcelona, va iniciar la seva formaci\u00f3 musical a l\u2019IEA Oriol Martorell, on va estudiar amb el seu pare, Heriberto Fonseca, obtenint les m\u00e0ximes qualificacions i el [&hellip;]<\/p>\n","protected":false},"author":3,"featured_media":0,"parent":0,"menu_order":0,"comment_status":"closed","ping_status":"closed","template":"","meta":{"_acf_changed":false,"_et_pb_use_builder":"on","_et_pb_old_content":"","_et_gb_content_width":"","footnotes":"","_links_to":"","_links_to_target":""},"class_list":["post-18419","page","type-page","status-publish","hentry"],"acf":[],"_links":{"self":[{"href":"https:\/\/aims.cat\/ca\/wp-json\/wp\/v2\/pages\/18419","targetHints":{"allow":["GET"]}}],"collection":[{"href":"https:\/\/aims.cat\/ca\/wp-json\/wp\/v2\/pages"}],"about":[{"href":"https:\/\/aims.cat\/ca\/wp-json\/wp\/v2\/types\/page"}],"author":[{"embeddable":true,"href":"https:\/\/aims.cat\/ca\/wp-json\/wp\/v2\/users\/3"}],"replies":[{"embeddable":true,"href":"https:\/\/aims.cat\/ca\/wp-json\/wp\/v2\/comments?post=18419"}],"version-history":[{"count":2,"href":"https:\/\/aims.cat\/ca\/wp-json\/wp\/v2\/pages\/18419\/revisions"}],"predecessor-version":[{"id":18804,"href":"https:\/\/aims.cat\/ca\/wp-json\/wp\/v2\/pages\/18419\/revisions\/18804"}],"wp:attachment":[{"href":"https:\/\/aims.cat\/ca\/wp-json\/wp\/v2\/media?parent=18419"}],"curies":[{"name":"wp","href":"https:\/\/api.w.org\/{rel}","templated":true}]}}