{"id":18422,"date":"2026-03-14T15:50:19","date_gmt":"2026-03-14T15:50:19","guid":{"rendered":"https:\/\/aims.cat\/?page_id=18422"},"modified":"2026-03-15T17:32:39","modified_gmt":"2026-03-15T17:32:39","slug":"nuria-ganet","status":"publish","type":"page","link":"https:\/\/aims.cat\/ca\/nuria-ganet\/","title":{"rendered":"Nuria Ga\u00f1et Benavente"},"content":{"rendered":"<p>[et_pb_section fb_built=&#8221;1&#8243; custom_padding_last_edited=&#8221;on|desktop&#8221; _builder_version=&#8221;4.16&#8243; custom_padding_tablet=&#8221;50px|0|50px|0&#8243; custom_padding_phone=&#8221;&#8221; custom_css_main_element=&#8221;padding-bottom:0px;&#8221; transparent_background=&#8221;off&#8221; padding_mobile=&#8221;off&#8221; global_colors_info=&#8221;{}&#8221;][et_pb_row _builder_version=&#8221;4.16&#8243; background_size=&#8221;initial&#8221; background_position=&#8221;top_left&#8221; background_repeat=&#8221;repeat&#8221; global_colors_info=&#8221;{}&#8221;][et_pb_column type=&#8221;4_4&#8243; _builder_version=&#8221;4.16&#8243; custom_padding=&#8221;|||&#8221; global_colors_info=&#8221;{}&#8221; custom_padding__hover=&#8221;|||&#8221;][et_pb_post_title meta=&#8221;off&#8221; featured_image=&#8221;off&#8221; text_color=&#8221;light&#8221; text_background=&#8221;on&#8221; text_bg_color=&#8221;#222222&#8243; admin_label=&#8221;T\u00edtulo de publicaci\u00f3n&#8221; _builder_version=&#8221;4.16&#8243; title_font_size=&#8221;18px&#8221; title_all_caps=&#8221;off&#8221; background_color=&#8221;rgba(255,255,255,0)&#8221; parallax=&#8221;on&#8221; parallax_method=&#8221;off&#8221; parallax_effect=&#8221;on&#8221; module_bg_color=&#8221;rgba(255,255,255,0)&#8221; global_colors_info=&#8221;{}&#8221;]<br \/>\n[\/et_pb_post_title][\/et_pb_column][\/et_pb_row][\/et_pb_section][et_pb_section fb_built=&#8221;1&#8243; custom_padding_last_edited=&#8221;on|desktop&#8221; _builder_version=&#8221;4.16&#8243; custom_padding_tablet=&#8221;50px|0|50px|0&#8243; custom_padding_phone=&#8221;&#8221; custom_css_main_element=&#8221;padding-top:0px;&#8221; transparent_background=&#8221;off&#8221; padding_mobile=&#8221;off&#8221; global_colors_info=&#8221;{}&#8221;][et_pb_row column_structure=&#8221;1_3,2_3&#8243; _builder_version=&#8221;4.16&#8243; background_size=&#8221;initial&#8221; background_position=&#8221;top_left&#8221; background_repeat=&#8221;repeat&#8221; global_colors_info=&#8221;{}&#8221;][et_pb_column type=&#8221;1_3&#8243; _builder_version=&#8221;4.16&#8243; custom_padding=&#8221;|||&#8221; global_colors_info=&#8221;{}&#8221; custom_padding__hover=&#8221;|||&#8221;][et_pb_image src=&#8221;https:\/\/aims.cat\/wp-content\/uploads\/2026\/03\/Nuria-Ganet.jpg&#8221; title_text=&#8221;Nuria Ga\u00f1et&#8221; show_in_lightbox=&#8221;on&#8221; align_tablet=&#8221;center&#8221; align_phone=&#8221;&#8221; align_last_edited=&#8221;on|desktop&#8221; admin_label=&#8221;Image&#8221; _builder_version=&#8221;4.27.6&#8243; animation=&#8221;off&#8221; always_center_on_mobile=&#8221;on&#8221; global_colors_info=&#8221;{}&#8221;]<br \/>\n[\/et_pb_image][\/et_pb_column][et_pb_column type=&#8221;2_3&#8243; _builder_version=&#8221;4.16&#8243; custom_padding=&#8221;|||&#8221; global_colors_info=&#8221;{}&#8221; custom_padding__hover=&#8221;|||&#8221;][et_pb_text admin_label=&#8221;Texto&#8221; _builder_version=&#8221;4.27.6&#8243; background_size=&#8221;initial&#8221; background_position=&#8221;top_left&#8221; background_repeat=&#8221;repeat&#8221; global_colors_info=&#8221;{}&#8221;]<\/p>\n<p>La Nuria Ga\u00f1et \u00e9s Professora Titular de Violoncel al Conservatori Professional de M\u00fasica d&#8217;Alcany\u00eds, Llicenciada en Hist\u00f2ria i Ci\u00e8ncies de la M\u00fasica i Doctora en Educaci\u00f3 per la Universitat de Saragossa.<br \/>Alumna de Peter Thiemann durant 5 anys, Nuria va ser guardonada a la seva etapa de formaci\u00f3 en diferents concursos nacionals, va actuar com a solista amb diverses orquestres i va formar part d&#8217;orquestres juvenils com la JONC i la JONDE.<\/p>\n<p>Actualment compagina la tasca docent amb l&#8217;activitat camer\u00edstica com a membre del Trio Salduie, del qual forma part des de fa m\u00e9s de 15 anys, i amb l&#8217;orquestral, en l&#8217;Orquestra Reino de Arag\u00f3n.<\/p>\n<p>La N\u00faria est\u00e0 casada amb el Pablo, tamb\u00e9 m\u00fasic, s\u00f3n pares de dos fills i els encanta la muntanya, la bicicleta i l&#8217;esqu\u00ed. Finalment, Nuria \u00e9s tamb\u00e9 Directora Art\u00edstica del Concurs Nacional de Violoncel \u201cJaime Dobato Benavente\u201d que se celebra anualment a Alcany\u00eds per donar suport als joves violoncel\u00b7listes espanyols.<\/p>\n<p>[\/et_pb_text][\/et_pb_column][\/et_pb_row][\/et_pb_section]<\/p>\n","protected":false},"excerpt":{"rendered":"<p>La Nuria Ga\u00f1et \u00e9s Professora Titular de Violoncel al Conservatori Professional de M\u00fasica d&#8217;Alcany\u00eds, Llicenciada en Hist\u00f2ria i Ci\u00e8ncies de la M\u00fasica i Doctora en Educaci\u00f3 per la Universitat de [&hellip;]<\/p>\n","protected":false},"author":3,"featured_media":0,"parent":0,"menu_order":0,"comment_status":"closed","ping_status":"closed","template":"","meta":{"_acf_changed":false,"_et_pb_use_builder":"on","_et_pb_old_content":"","_et_gb_content_width":"","footnotes":"","_links_to":"","_links_to_target":""},"class_list":["post-18422","page","type-page","status-publish","hentry"],"acf":[],"_links":{"self":[{"href":"https:\/\/aims.cat\/ca\/wp-json\/wp\/v2\/pages\/18422","targetHints":{"allow":["GET"]}}],"collection":[{"href":"https:\/\/aims.cat\/ca\/wp-json\/wp\/v2\/pages"}],"about":[{"href":"https:\/\/aims.cat\/ca\/wp-json\/wp\/v2\/types\/page"}],"author":[{"embeddable":true,"href":"https:\/\/aims.cat\/ca\/wp-json\/wp\/v2\/users\/3"}],"replies":[{"embeddable":true,"href":"https:\/\/aims.cat\/ca\/wp-json\/wp\/v2\/comments?post=18422"}],"version-history":[{"count":5,"href":"https:\/\/aims.cat\/ca\/wp-json\/wp\/v2\/pages\/18422\/revisions"}],"predecessor-version":[{"id":18623,"href":"https:\/\/aims.cat\/ca\/wp-json\/wp\/v2\/pages\/18422\/revisions\/18623"}],"wp:attachment":[{"href":"https:\/\/aims.cat\/ca\/wp-json\/wp\/v2\/media?parent=18422"}],"curies":[{"name":"wp","href":"https:\/\/api.w.org\/{rel}","templated":true}]}}