{"id":18451,"date":"2026-03-14T16:14:38","date_gmt":"2026-03-14T16:14:38","guid":{"rendered":"https:\/\/aims.cat\/?page_id=18451"},"modified":"2026-03-14T16:15:21","modified_gmt":"2026-03-14T16:15:21","slug":"celia-roca","status":"publish","type":"page","link":"https:\/\/aims.cat\/ca\/celia-roca\/","title":{"rendered":"C\u00e8lia Roca Matamala"},"content":{"rendered":"<p>[et_pb_section fb_built=&#8221;1&#8243; custom_padding_last_edited=&#8221;on|desktop&#8221; _builder_version=&#8221;4.16&#8243; custom_padding_tablet=&#8221;50px|0|50px|0&#8243; custom_padding_phone=&#8221;&#8221; custom_css_main_element=&#8221;padding-bottom:0px;&#8221; transparent_background=&#8221;off&#8221; padding_mobile=&#8221;off&#8221; global_colors_info=&#8221;{}&#8221;][et_pb_row _builder_version=&#8221;4.16&#8243; background_size=&#8221;initial&#8221; background_position=&#8221;top_left&#8221; background_repeat=&#8221;repeat&#8221; global_colors_info=&#8221;{}&#8221;][et_pb_column type=&#8221;4_4&#8243; _builder_version=&#8221;4.16&#8243; custom_padding=&#8221;|||&#8221; global_colors_info=&#8221;{}&#8221; custom_padding__hover=&#8221;|||&#8221;][et_pb_post_title meta=&#8221;off&#8221; featured_image=&#8221;off&#8221; text_color=&#8221;light&#8221; text_background=&#8221;on&#8221; text_bg_color=&#8221;#222222&#8243; admin_label=&#8221;T\u00edtulo de publicaci\u00f3n&#8221; _builder_version=&#8221;4.16&#8243; title_font_size=&#8221;18px&#8221; title_all_caps=&#8221;off&#8221; background_color=&#8221;rgba(255,255,255,0)&#8221; parallax=&#8221;on&#8221; parallax_method=&#8221;off&#8221; parallax_effect=&#8221;on&#8221; module_bg_color=&#8221;rgba(255,255,255,0)&#8221; global_colors_info=&#8221;{}&#8221;]<br \/>\n[\/et_pb_post_title][\/et_pb_column][\/et_pb_row][\/et_pb_section][et_pb_section fb_built=&#8221;1&#8243; custom_padding_last_edited=&#8221;on|desktop&#8221; _builder_version=&#8221;4.16&#8243; custom_padding_tablet=&#8221;50px|0|50px|0&#8243; custom_padding_phone=&#8221;&#8221; custom_css_main_element=&#8221;padding-top:0px;&#8221; transparent_background=&#8221;off&#8221; padding_mobile=&#8221;off&#8221; global_colors_info=&#8221;{}&#8221;][et_pb_row column_structure=&#8221;1_3,2_3&#8243; _builder_version=&#8221;4.16&#8243; background_size=&#8221;initial&#8221; background_position=&#8221;top_left&#8221; background_repeat=&#8221;repeat&#8221; global_colors_info=&#8221;{}&#8221;][et_pb_column type=&#8221;1_3&#8243; _builder_version=&#8221;4.16&#8243; custom_padding=&#8221;|||&#8221; global_colors_info=&#8221;{}&#8221; custom_padding__hover=&#8221;|||&#8221;][et_pb_image src=&#8221;https:\/\/aims.cat\/wp-content\/uploads\/2026\/03\/Celia-Roca-2-e1773504373935.jpg&#8221; title_text=&#8221;C\u00e8lia Roca&#8221; show_in_lightbox=&#8221;on&#8221; align_tablet=&#8221;center&#8221; align_phone=&#8221;&#8221; align_last_edited=&#8221;on|desktop&#8221; _builder_version=&#8221;4.27.6&#8243; animation=&#8221;off&#8221; always_center_on_mobile=&#8221;on&#8221; global_colors_info=&#8221;{}&#8221;]<br \/>\n[\/et_pb_image][\/et_pb_column][et_pb_column type=&#8221;2_3&#8243; _builder_version=&#8221;4.16&#8243; custom_padding=&#8221;|||&#8221; global_colors_info=&#8221;{}&#8221; custom_padding__hover=&#8221;|||&#8221;][et_pb_text admin_label=&#8221;Texto&#8221; _builder_version=&#8221;4.27.6&#8243; background_size=&#8221;initial&#8221; background_position=&#8221;top_left&#8221; background_repeat=&#8221;repeat&#8221; global_colors_info=&#8221;{}&#8221;]<\/p>\n<p data-start=\"1588\" data-end=\"2053\">C\u00e8lia Roca Matamala \u00e9s una violoncel\u00b7lista catalana que actualment cursa el Grau en Violoncel Cl\u00e0ssic al Conservatorium Maastricht, on estudia amb el reconegut violoncel\u00b7lista Gustav Rivinius. Anteriorment, va completar el Grau Professional de M\u00fasica al Conservatori Municipal de Manresa, on es va especialitzar en violoncel amb Anna Costa, mentre tamb\u00e9 estudiava amb Peter Thiemann, que es va convertir en un mentor important en el seu desenvolupament musical.<\/p>\n<p data-start=\"2055\" data-end=\"2306\">Paral\u00b7lelament als seus estudis principals, C\u00e8lia ha explorat diversos \u00e0mbits musicals, com el cant de jazz, el tromb\u00f3 i el piano tant cl\u00e0ssic com modern, experi\u00e8ncies que han contribu\u00eft a configurar la seva veu art\u00edstica i la seva curiositat musical.<\/p>\n<p data-start=\"2308\" data-end=\"2670\">Ha participat en diverses acad\u00e8mies i festivals internacionals, com l\u2019Acad\u00e9mie Musicale de Morges, la NJO (Nationale Jeugdorkesten Nederland), la International Music Academy of Solsona (AIMS), el festival Allegro Vivo Kammermusik i la Vic Chamber Music Academy, on ha treballat amb m\u00fasics com L\u00e1szl\u00f3 Feny\u0151, Mathias Johansen, German Tcakulov i el Quartet Gerhard.<\/p>\n<p data-start=\"2672\" data-end=\"3050\">La m\u00fasica de cambra ocupa un lloc especialment important en la seva vida art\u00edstica, ja que li permet explorar el profund sentit de connexi\u00f3 i llibertat que troba en el fet de fer m\u00fasica. En el seu cam\u00ed musical, C\u00e8lia aspira a continuar desenvolupant-se tant com a m\u00fasic com a persona, amb un fort inter\u00e8s per la comunicaci\u00f3 expressiva i la connexi\u00f3 humana a trav\u00e9s de la m\u00fasica.<\/p>\n<p>[\/et_pb_text][\/et_pb_column][\/et_pb_row][\/et_pb_section]<\/p>\n","protected":false},"excerpt":{"rendered":"<p>C\u00e8lia Roca Matamala \u00e9s una violoncel\u00b7lista catalana que actualment cursa el Grau en Violoncel Cl\u00e0ssic al Conservatorium Maastricht, on estudia amb el reconegut violoncel\u00b7lista Gustav Rivinius. Anteriorment, va completar el [&hellip;]<\/p>\n","protected":false},"author":3,"featured_media":0,"parent":0,"menu_order":0,"comment_status":"closed","ping_status":"closed","template":"","meta":{"_acf_changed":false,"_et_pb_use_builder":"on","_et_pb_old_content":"","_et_gb_content_width":"","footnotes":"","_links_to":"","_links_to_target":""},"class_list":["post-18451","page","type-page","status-publish","hentry"],"acf":[],"_links":{"self":[{"href":"https:\/\/aims.cat\/ca\/wp-json\/wp\/v2\/pages\/18451","targetHints":{"allow":["GET"]}}],"collection":[{"href":"https:\/\/aims.cat\/ca\/wp-json\/wp\/v2\/pages"}],"about":[{"href":"https:\/\/aims.cat\/ca\/wp-json\/wp\/v2\/types\/page"}],"author":[{"embeddable":true,"href":"https:\/\/aims.cat\/ca\/wp-json\/wp\/v2\/users\/3"}],"replies":[{"embeddable":true,"href":"https:\/\/aims.cat\/ca\/wp-json\/wp\/v2\/comments?post=18451"}],"version-history":[{"count":4,"href":"https:\/\/aims.cat\/ca\/wp-json\/wp\/v2\/pages\/18451\/revisions"}],"predecessor-version":[{"id":18474,"href":"https:\/\/aims.cat\/ca\/wp-json\/wp\/v2\/pages\/18451\/revisions\/18474"}],"wp:attachment":[{"href":"https:\/\/aims.cat\/ca\/wp-json\/wp\/v2\/media?parent=18451"}],"curies":[{"name":"wp","href":"https:\/\/api.w.org\/{rel}","templated":true}]}}