{"id":18476,"date":"2026-03-14T16:21:20","date_gmt":"2026-03-14T16:21:20","guid":{"rendered":"https:\/\/aims.cat\/?page_id=18476"},"modified":"2026-03-14T16:27:19","modified_gmt":"2026-03-14T16:27:19","slug":"david-rebull","status":"publish","type":"page","link":"https:\/\/aims.cat\/ca\/david-rebull\/","title":{"rendered":"David Rebull"},"content":{"rendered":"<p>[et_pb_section fb_built=&#8221;1&#8243; custom_padding_last_edited=&#8221;on|desktop&#8221; _builder_version=&#8221;4.16&#8243; custom_padding_tablet=&#8221;50px|0|50px|0&#8243; custom_padding_phone=&#8221;&#8221; custom_css_main_element=&#8221;padding-bottom:0px;&#8221; transparent_background=&#8221;off&#8221; padding_mobile=&#8221;off&#8221; global_colors_info=&#8221;{}&#8221;][et_pb_row _builder_version=&#8221;4.16&#8243; background_size=&#8221;initial&#8221; background_position=&#8221;top_left&#8221; background_repeat=&#8221;repeat&#8221; global_colors_info=&#8221;{}&#8221;][et_pb_column type=&#8221;4_4&#8243; _builder_version=&#8221;4.16&#8243; custom_padding=&#8221;|||&#8221; global_colors_info=&#8221;{}&#8221; custom_padding__hover=&#8221;|||&#8221;][et_pb_post_title meta=&#8221;off&#8221; featured_image=&#8221;off&#8221; text_color=&#8221;light&#8221; text_background=&#8221;on&#8221; text_bg_color=&#8221;#222222&#8243; admin_label=&#8221;T\u00edtulo de publicaci\u00f3n&#8221; _builder_version=&#8221;4.16&#8243; title_font_size=&#8221;18px&#8221; title_all_caps=&#8221;off&#8221; background_color=&#8221;rgba(255,255,255,0)&#8221; parallax=&#8221;on&#8221; parallax_method=&#8221;off&#8221; parallax_effect=&#8221;on&#8221; module_bg_color=&#8221;rgba(255,255,255,0)&#8221; global_colors_info=&#8221;{}&#8221;]<br \/>\n[\/et_pb_post_title][\/et_pb_column][\/et_pb_row][\/et_pb_section][et_pb_section fb_built=&#8221;1&#8243; custom_padding_last_edited=&#8221;on|desktop&#8221; _builder_version=&#8221;4.16&#8243; custom_padding_tablet=&#8221;50px|0|50px|0&#8243; custom_padding_phone=&#8221;&#8221; custom_css_main_element=&#8221;padding-top:0px;&#8221; transparent_background=&#8221;off&#8221; padding_mobile=&#8221;off&#8221; global_colors_info=&#8221;{}&#8221;][et_pb_row column_structure=&#8221;1_3,2_3&#8243; _builder_version=&#8221;4.16&#8243; background_size=&#8221;initial&#8221; background_position=&#8221;top_left&#8221; background_repeat=&#8221;repeat&#8221; hover_enabled=&#8221;0&#8243; global_colors_info=&#8221;{}&#8221; sticky_enabled=&#8221;0&#8243;][et_pb_column type=&#8221;1_3&#8243; _builder_version=&#8221;4.16&#8243; custom_padding=&#8221;|||&#8221; global_colors_info=&#8221;{}&#8221; custom_padding__hover=&#8221;|||&#8221;][et_pb_image src=&#8221;https:\/\/aims.cat\/wp-content\/uploads\/2026\/03\/david-rebull-1-e1773505228291.jpg&#8221; title_text=&#8221;david rebull&#8221; show_in_lightbox=&#8221;on&#8221; align_tablet=&#8221;center&#8221; align_phone=&#8221;&#8221; align_last_edited=&#8221;on|desktop&#8221; _builder_version=&#8221;4.27.6&#8243; animation=&#8221;off&#8221; always_center_on_mobile=&#8221;on&#8221; global_colors_info=&#8221;{}&#8221;]<br \/>\n[\/et_pb_image][\/et_pb_column][et_pb_column type=&#8221;2_3&#8243; _builder_version=&#8221;4.16&#8243; custom_padding=&#8221;|||&#8221; global_colors_info=&#8221;{}&#8221; custom_padding__hover=&#8221;|||&#8221;][et_pb_text admin_label=&#8221;Texto&#8221; _builder_version=&#8221;4.27.6&#8243; background_size=&#8221;initial&#8221; background_position=&#8221;top_left&#8221; background_repeat=&#8221;repeat&#8221; global_colors_info=&#8221;{}&#8221; custom_padding=&#8221;||35px|||&#8221;]<\/p>\n<p data-start=\"11\" data-end=\"267\">David Rebull (Amposta, 2004) \u00e9s un violoncel\u00b7lista guardonat internacionalment i alumne de Gustav Rivinius a la Hochschule f\u00fcr Musik Saar (Alemanya), on estudia des del 2022 gr\u00e0cies a la beca Ezequ\u00edas Wardwell de la Fundaci\u00f3 Alexander von Humboldt.<\/p>\n<p data-start=\"269\" data-end=\"635\">Ha estat premiat en concursos com el David Popper International Cello Competition (tercer premi, Hongria, 2023), el Premi Extraordinari de Formaci\u00f3 Professional Art\u00edstica de Catalunya (2022), el Gran Premio Virtuoso Par\u00eds Online (2020), el Concurs Jaime Dobato Benavente (2019) i el Premi d\u2019Interpretaci\u00f3 Musical de Girona (2017), entre d\u2019altres.<\/p>\n<p data-start=\"637\" data-end=\"900\">El 2025 va ser seleccionat per al prestigi\u00f3s Kalamata International Music Festival, on va treballar amb Jean-Guihen Queyras, i ha rebut classes magistrals de violoncel\u00b7listes com Asier Polo, Timora Rosler, Johannes Moser i Gustav Rivinius.<\/p>\n<p data-start=\"902\" data-end=\"1160\">Com a solista, destaquen la seva interpretaci\u00f3 del <em data-start=\"953\" data-end=\"971\">Cant dels Ocells<\/em> en el centenari de l\u2019Orquestra Pau Casals (Barcelona, 2021) i la seva participaci\u00f3 en el cicle de concerts de la Universitat de Lleida (2022), juntament amb la pianista Seon-hee Myong.<\/p>\n<p data-start=\"1162\" data-end=\"1643\">Va iniciar els seus estudis de violoncel als cinc anys amb Naiade Mart\u00ednez a la Lira Ampostina, i posteriorment es va formar amb I\u00f1aki Etxepare i Oriol Aymat. El 2024 protagonitzar\u00e0 el Concert per a violoncel i orquestra de vent de Friedrich Gulda en el concert de Cap d\u2019Any a la Capella de l\u2019Aldea. Tamb\u00e9 ha participat en prestigiosos festivals de m\u00fasica de cambra, com el Delta Chamber Music Festival, despr\u00e9s de guanyar el 2022 el concurs <em data-start=\"1628\" data-end=\"1642\">Young Talent<\/em>.<\/p>\n<p>[\/et_pb_text][\/et_pb_column][\/et_pb_row][\/et_pb_section]<\/p>\n","protected":false},"excerpt":{"rendered":"<p>David Rebull (Amposta, 2004) \u00e9s un violoncel\u00b7lista guardonat internacionalment i alumne de Gustav Rivinius a la Hochschule f\u00fcr Musik Saar (Alemanya), on estudia des del 2022 gr\u00e0cies a la beca [&hellip;]<\/p>\n","protected":false},"author":3,"featured_media":0,"parent":0,"menu_order":0,"comment_status":"closed","ping_status":"closed","template":"","meta":{"_acf_changed":false,"_et_pb_use_builder":"on","_et_pb_old_content":"","_et_gb_content_width":"","footnotes":"","_links_to":"","_links_to_target":""},"class_list":["post-18476","page","type-page","status-publish","hentry"],"acf":[],"_links":{"self":[{"href":"https:\/\/aims.cat\/ca\/wp-json\/wp\/v2\/pages\/18476","targetHints":{"allow":["GET"]}}],"collection":[{"href":"https:\/\/aims.cat\/ca\/wp-json\/wp\/v2\/pages"}],"about":[{"href":"https:\/\/aims.cat\/ca\/wp-json\/wp\/v2\/types\/page"}],"author":[{"embeddable":true,"href":"https:\/\/aims.cat\/ca\/wp-json\/wp\/v2\/users\/3"}],"replies":[{"embeddable":true,"href":"https:\/\/aims.cat\/ca\/wp-json\/wp\/v2\/comments?post=18476"}],"version-history":[{"count":4,"href":"https:\/\/aims.cat\/ca\/wp-json\/wp\/v2\/pages\/18476\/revisions"}],"predecessor-version":[{"id":18501,"href":"https:\/\/aims.cat\/ca\/wp-json\/wp\/v2\/pages\/18476\/revisions\/18501"}],"wp:attachment":[{"href":"https:\/\/aims.cat\/ca\/wp-json\/wp\/v2\/media?parent=18476"}],"curies":[{"name":"wp","href":"https:\/\/api.w.org\/{rel}","templated":true}]}}