{"id":18504,"date":"2026-03-14T17:01:55","date_gmt":"2026-03-14T17:01:55","guid":{"rendered":"https:\/\/aims.cat\/?page_id=18504"},"modified":"2026-03-14T17:07:02","modified_gmt":"2026-03-14T17:07:02","slug":"theresa-klose","status":"publish","type":"page","link":"https:\/\/aims.cat\/ca\/theresa-klose\/","title":{"rendered":"Theresa Klose"},"content":{"rendered":"<p>[et_pb_section fb_built=&#8221;1&#8243; custom_padding_last_edited=&#8221;on|desktop&#8221; _builder_version=&#8221;4.16&#8243; custom_padding_tablet=&#8221;50px|0|50px|0&#8243; custom_padding_phone=&#8221;&#8221; custom_css_main_element=&#8221;padding-bottom:0px;&#8221; transparent_background=&#8221;off&#8221; padding_mobile=&#8221;off&#8221; global_colors_info=&#8221;{}&#8221;][et_pb_row _builder_version=&#8221;4.16&#8243; background_size=&#8221;initial&#8221; background_position=&#8221;top_left&#8221; background_repeat=&#8221;repeat&#8221; global_colors_info=&#8221;{}&#8221;][et_pb_column type=&#8221;4_4&#8243; _builder_version=&#8221;4.16&#8243; custom_padding=&#8221;|||&#8221; global_colors_info=&#8221;{}&#8221; custom_padding__hover=&#8221;|||&#8221;][et_pb_post_title meta=&#8221;off&#8221; featured_image=&#8221;off&#8221; text_color=&#8221;light&#8221; text_background=&#8221;on&#8221; text_bg_color=&#8221;#222222&#8243; admin_label=&#8221;T\u00edtulo de publicaci\u00f3n&#8221; _builder_version=&#8221;4.16&#8243; title_font_size=&#8221;18px&#8221; title_all_caps=&#8221;off&#8221; background_color=&#8221;rgba(255,255,255,0)&#8221; parallax=&#8221;on&#8221; parallax_method=&#8221;off&#8221; parallax_effect=&#8221;on&#8221; module_bg_color=&#8221;rgba(255,255,255,0)&#8221; global_colors_info=&#8221;{}&#8221;]<br \/>\n[\/et_pb_post_title][\/et_pb_column][\/et_pb_row][\/et_pb_section][et_pb_section fb_built=&#8221;1&#8243; custom_padding_last_edited=&#8221;on|desktop&#8221; _builder_version=&#8221;4.16&#8243; custom_padding_tablet=&#8221;50px|0|50px|0&#8243; custom_padding_phone=&#8221;&#8221; custom_css_main_element=&#8221;padding-top:0px;&#8221; transparent_background=&#8221;off&#8221; padding_mobile=&#8221;off&#8221; global_colors_info=&#8221;{}&#8221;][et_pb_row column_structure=&#8221;1_3,2_3&#8243; _builder_version=&#8221;4.16&#8243; background_size=&#8221;initial&#8221; background_position=&#8221;top_left&#8221; background_repeat=&#8221;repeat&#8221; global_colors_info=&#8221;{}&#8221;][et_pb_column type=&#8221;1_3&#8243; _builder_version=&#8221;4.16&#8243; custom_padding=&#8221;|||&#8221; global_colors_info=&#8221;{}&#8221; custom_padding__hover=&#8221;|||&#8221;][et_pb_image src=&#8221;https:\/\/aims.cat\/wp-content\/uploads\/2026\/03\/Foto-Theresa-Klose-1.jpg&#8221; title_text=&#8221;Foto Theresa Klose&#8221; show_in_lightbox=&#8221;on&#8221; align_tablet=&#8221;center&#8221; align_phone=&#8221;&#8221; align_last_edited=&#8221;on|desktop&#8221; _builder_version=&#8221;4.27.6&#8243; animation=&#8221;off&#8221; always_center_on_mobile=&#8221;on&#8221; global_colors_info=&#8221;{}&#8221;]<br \/>\n[\/et_pb_image][\/et_pb_column][et_pb_column type=&#8221;2_3&#8243; _builder_version=&#8221;4.16&#8243; custom_padding=&#8221;|||&#8221; global_colors_info=&#8221;{}&#8221; custom_padding__hover=&#8221;|||&#8221;][et_pb_text admin_label=&#8221;Texto&#8221; _builder_version=&#8221;4.27.6&#8243; background_size=&#8221;initial&#8221; background_position=&#8221;top_left&#8221; background_repeat=&#8221;repeat&#8221; global_colors_info=&#8221;{}&#8221;]<\/p>\n<p data-start=\"111\" data-end=\"530\">Theresa Klose s\u2019ha consolidat en els darrers anys com una cantant molt sol\u00b7licitada, especialment en els \u00e0mbits del lied, l\u2019oratori i el concert. Actua regularment en grans catedrals, sales de concert i festivals com el Leipziger Bachfest, el Beethovenfest Bonn o el Festival Alte Musik de Knechtsteden. Les seves gires de concerts l\u2019han portat a Anglaterra, Fran\u00e7a, It\u00e0lia, Noruega i als Pa\u00efsos Baixos.<\/p>\n<p data-start=\"532\" data-end=\"1031\">El seu repertori abasta m\u00fasica del segle XVII, aix\u00ed com obres rom\u00e0ntiques i contempor\u00e0nies. Diversos enregistraments documenten la seva activitat art\u00edstica. A m\u00e9s d\u2019un CD en solitari publicat el 2022 (<em data-start=\"733\" data-end=\"740\">Augen<\/em>), ha participat en nombroses gravacions per a Deutschlandfunk i WDR. Ha actuat amb orquestres de prestigi com els Bochumer Symphoniker, el G\u00fcrzenich-Orchester K\u00f6ln, el C\u00f6lner Barockorchester, la Neue Hofkapelle Osnabr\u00fcck i amb membres dels Bamberger Symphoniker.<\/p>\n<p data-start=\"1033\" data-end=\"1572\">Despr\u00e9s de completar estudis de pedagogia musical i filologia alemanya, Theresa Klose va estudiar cant amb el professor Kai Wessel a la Hochschule f\u00fcr Musik und Tanz K\u00f6ln, on es va graduar el 2020 amb la m\u00e0xima qualificaci\u00f3. Posteriorment va continuar la seva formaci\u00f3 amb la soprano Juanita Lascarro a Frankfurt. L\u2019octubre de 2022 va iniciar tamb\u00e9 un m\u00e0ster d\u2019especialitzaci\u00f3 amb el professor Thilo Dahlmann a la Hochschule f\u00fcr Musik und Darstellende Kunst Frankfurt, que va finalitzar el juliol de 2024 amb distinci\u00f3.<\/p>\n<p data-start=\"1574\" data-end=\"1782\">Paral\u00b7lelament a la seva activitat art\u00edstica, des del 2017 treballa com a formadora vocal dels K\u00f6lner Domch\u00f6re, i des del semestre d\u2019hivern de 2024 \u00e9s professora associada de cant a la HMDK Stuttgart.<\/p>\n<p>[\/et_pb_text][\/et_pb_column][\/et_pb_row][\/et_pb_section]<\/p>\n","protected":false},"excerpt":{"rendered":"<p>Theresa Klose s\u2019ha consolidat en els darrers anys com una cantant molt sol\u00b7licitada, especialment en els \u00e0mbits del lied, l\u2019oratori i el concert. Actua regularment en grans catedrals, sales de [&hellip;]<\/p>\n","protected":false},"author":3,"featured_media":0,"parent":0,"menu_order":0,"comment_status":"closed","ping_status":"closed","template":"","meta":{"_acf_changed":false,"_et_pb_use_builder":"on","_et_pb_old_content":"","_et_gb_content_width":"","footnotes":"","_links_to":"","_links_to_target":""},"class_list":["post-18504","page","type-page","status-publish","hentry"],"acf":[],"_links":{"self":[{"href":"https:\/\/aims.cat\/ca\/wp-json\/wp\/v2\/pages\/18504","targetHints":{"allow":["GET"]}}],"collection":[{"href":"https:\/\/aims.cat\/ca\/wp-json\/wp\/v2\/pages"}],"about":[{"href":"https:\/\/aims.cat\/ca\/wp-json\/wp\/v2\/types\/page"}],"author":[{"embeddable":true,"href":"https:\/\/aims.cat\/ca\/wp-json\/wp\/v2\/users\/3"}],"replies":[{"embeddable":true,"href":"https:\/\/aims.cat\/ca\/wp-json\/wp\/v2\/comments?post=18504"}],"version-history":[{"count":4,"href":"https:\/\/aims.cat\/ca\/wp-json\/wp\/v2\/pages\/18504\/revisions"}],"predecessor-version":[{"id":18520,"href":"https:\/\/aims.cat\/ca\/wp-json\/wp\/v2\/pages\/18504\/revisions\/18520"}],"wp:attachment":[{"href":"https:\/\/aims.cat\/ca\/wp-json\/wp\/v2\/media?parent=18504"}],"curies":[{"name":"wp","href":"https:\/\/api.w.org\/{rel}","templated":true}]}}