{"id":1861,"date":"2016-03-22T12:44:01","date_gmt":"2016-03-22T12:44:01","guid":{"rendered":"https:\/\/aims.cat\/ca\/aims-academia\/professorat\/natalia-grines\/"},"modified":"2019-04-04T10:17:10","modified_gmt":"2019-04-04T10:17:10","slug":"natalia-grines","status":"publish","type":"page","link":"https:\/\/aims.cat\/ca\/aims-academia\/professorat\/natalia-grines\/","title":{"rendered":"Natalia Grines"},"content":{"rendered":"<p>[et_pb_section bb_built=&#8221;1&#8243; custom_padding_last_edited=&#8221;on|desktop&#8221; _builder_version=&#8221;3.0.47&#8243; custom_padding_tablet=&#8221;50px|0|50px|0&#8243; custom_css_main_element=&#8221;padding-bottom:0px;&#8221; transparent_background=&#8221;off&#8221; padding_mobile=&#8221;off&#8221; prev_background_color=&#8221;#000000&#8243; next_background_color=&#8221;#ffffff&#8221;][et_pb_row _builder_version=&#8221;3.0.47&#8243; background_size=&#8221;initial&#8221; background_position=&#8221;top_left&#8221; background_repeat=&#8221;repeat&#8221;][et_pb_column type=&#8221;1_4&#8243;][et_pb_text admin_label=&#8221;Texto&#8221; background_layout=&#8221;dark&#8221; _builder_version=&#8221;3.0.86&#8243; text_font_size=&#8221;18&#8243; background_color=&#8221;#ea4951&#8243; background_size=&#8221;initial&#8221; background_position=&#8221;top_left&#8221; background_repeat=&#8221;repeat&#8221; custom_padding=&#8221;14px|21px|21px|24px&#8221;]<\/p>\n<p>AIMS\u00a0Acad\u00e8mia de Cordes<\/p>\n<p>[\/et_pb_text][\/et_pb_column][et_pb_column type=&#8221;1_2&#8243;][et_pb_post_title admin_label=&#8221;T\u00edtulo de publicaci\u00f3n&#8221; meta=&#8221;off&#8221; featured_image=&#8221;off&#8221; text_color=&#8221;light&#8221; text_background=&#8221;on&#8221; text_bg_color=&#8221;#222222&#8243; _builder_version=&#8221;3.0.47&#8243; title_font_size=&#8221;18px&#8221; title_all_caps=&#8221;off&#8221; background_color=&#8221;rgba(255,255,255,0)&#8221; parallax=&#8221;on&#8221; parallax_method=&#8221;on&#8221; parallax_effect=&#8221;on&#8221; module_bg_color=&#8221;rgba(255,255,255,0)&#8221;]<\/p>\n<p><\/p>\n<p>[\/et_pb_post_title][\/et_pb_column][et_pb_column type=&#8221;1_4&#8243;][et_pb_button button_url=&#8221;https:\/\/aims.cat\/ca\/aims-academia\/formulari-dinscripcio\/&#8221; button_text=&#8221;Formulari d\u2019inscripci\u00f3&#8221; button_alignment=&#8221;right&#8221; _builder_version=&#8221;3.0.47&#8243; custom_button=&#8221;on&#8221; button_text_size=&#8221;13&#8243; button_text_color=&#8221;#000000&#8243; button_bg_color=&#8221;#eeeeee&#8221; button_border_color=&#8221;#eeeeee&#8221; button_use_icon=&#8221;default&#8221; button_icon=&#8221;%%75%%&#8221; button_icon_placement=&#8221;left&#8221; button_on_hover=&#8221;off&#8221; button_text_color_hover=&#8221;#ffffff&#8221; button_bg_color_hover=&#8221;#ea4951&#8243; button_border_color_hover=&#8221;#ea4951&#8243; button_text_size_last_edited=&#8221;off|desktop&#8221; button_text_size__hover_enabled=&#8221;off&#8221; button_text_size__hover=&#8221;null&#8221; button_one_text_size__hover_enabled=&#8221;off&#8221; button_one_text_size__hover=&#8221;null&#8221; button_two_text_size__hover_enabled=&#8221;off&#8221; button_two_text_size__hover=&#8221;null&#8221; button_text_color__hover_enabled=&#8221;on&#8221; button_text_color__hover=&#8221;#ffffff&#8221; button_one_text_color__hover_enabled=&#8221;off&#8221; button_one_text_color__hover=&#8221;null&#8221; button_two_text_color__hover_enabled=&#8221;off&#8221; button_two_text_color__hover=&#8221;null&#8221; button_border_width__hover_enabled=&#8221;off&#8221; button_border_width__hover=&#8221;null&#8221; button_one_border_width__hover_enabled=&#8221;off&#8221; button_one_border_width__hover=&#8221;null&#8221; button_two_border_width__hover_enabled=&#8221;off&#8221; button_two_border_width__hover=&#8221;null&#8221; button_border_color__hover_enabled=&#8221;on&#8221; button_border_color__hover=&#8221;#ea4951&#8243; button_one_border_color__hover_enabled=&#8221;off&#8221; button_one_border_color__hover=&#8221;null&#8221; button_two_border_color__hover_enabled=&#8221;off&#8221; button_two_border_color__hover=&#8221;null&#8221; button_border_radius__hover_enabled=&#8221;off&#8221; button_border_radius__hover=&#8221;null&#8221; button_one_border_radius__hover_enabled=&#8221;off&#8221; button_one_border_radius__hover=&#8221;null&#8221; button_two_border_radius__hover_enabled=&#8221;off&#8221; button_two_border_radius__hover=&#8221;null&#8221; button_letter_spacing__hover_enabled=&#8221;off&#8221; button_letter_spacing__hover=&#8221;null&#8221; button_one_letter_spacing__hover_enabled=&#8221;off&#8221; button_one_letter_spacing__hover=&#8221;null&#8221; button_two_letter_spacing__hover_enabled=&#8221;off&#8221; button_two_letter_spacing__hover=&#8221;null&#8221; button_bg_color__hover_enabled=&#8221;on&#8221; button_bg_color__hover=&#8221;#ea4951&#8243; button_one_bg_color__hover_enabled=&#8221;off&#8221; button_one_bg_color__hover=&#8221;null&#8221; button_two_bg_color__hover_enabled=&#8221;off&#8221; button_two_bg_color__hover=&#8221;null&#8221;]<\/p>\n<p><\/p>\n<p>[\/et_pb_button][\/et_pb_column][\/et_pb_row][\/et_pb_section][et_pb_section bb_built=&#8221;1&#8243; custom_padding_last_edited=&#8221;on|desktop&#8221; _builder_version=&#8221;3.0.47&#8243; custom_padding_tablet=&#8221;50px|0|50px|0&#8243; custom_css_main_element=&#8221;padding-top:0px;&#8221; transparent_background=&#8221;off&#8221; padding_mobile=&#8221;off&#8221; prev_background_color=&#8221;#ffffff&#8221; next_background_color=&#8221;#000000&#8243;][et_pb_row _builder_version=&#8221;3.0.47&#8243; background_size=&#8221;initial&#8221; background_position=&#8221;top_left&#8221; background_repeat=&#8221;repeat&#8221;][et_pb_column type=&#8221;1_4&#8243;][et_pb_sidebar admin_label=&#8221;MENU&#8221; area=&#8221;et_pb_widget_area_3&#8243; module_id=&#8221;AcademyMenu&#8221; _builder_version=&#8221;3.0.47&#8243; remove_border=&#8221;off&#8221; show_border=&#8221;on&#8221;]<\/p>\n<p><\/p>\n<p>[\/et_pb_sidebar][\/et_pb_column][et_pb_column type=&#8221;1_4&#8243;][et_pb_image src=&#8221;https:\/\/aims.cat\/wp-content\/uploads\/2016\/03\/Natalia-Grines-photo.jpg&#8221; show_in_lightbox=&#8221;on&#8221; _builder_version=&#8221;3.0.47&#8243; animation=&#8221;off&#8221; animation_style=&#8221;none&#8221; animation_duration=&#8221;1000ms&#8221; animation_intensity_slide=&#8221;50%&#8221; show_bottom_space=&#8221;on&#8221;]<\/p>\n<p><\/p>\n<p>[\/et_pb_image][et_pb_text admin_label=&#8221;Highlights&#8221; module_class=&#8221;highlights&#8221; _builder_version=&#8221;3.19.14&#8243; background_size=&#8221;initial&#8221; background_position=&#8221;top_left&#8221; background_repeat=&#8221;repeat&#8221;]<\/p>\n<h3>Natalia Grines<\/h3>\n<h3>Piano<\/h3>\n<h3>M\u00fasica de cambra<\/h3>\n<p>[\/et_pb_text][\/et_pb_column][et_pb_column type=&#8221;1_2&#8243;][et_pb_text admin_label=&#8221;Texto&#8221; _builder_version=&#8221;3.0.47&#8243; background_size=&#8221;initial&#8221; background_position=&#8221;top_left&#8221; background_repeat=&#8221;repeat&#8221;]<\/p>\n<p>Natalia Grines toca amb diferents grups de cambra amb els violinistes Sergei Ostrovsky, Alena Baeva, Daniel Lozakovitj, Vladimir Ivanov, Ilya Gaisin i Elena Korzhenevich; el viola Daniil Grishin; els violoncel\u00b7listes Evgeny Rumyantsev, Anastasya Kobeikina; els clarinetistes Igor Fedorov i Valent\u00edn Urupin i els pianistes Alexei Lubimov, Igor Zhukov i Evgeny Brakhman, entre altres.<\/p>\n<p>Ha realitzat diverses gires per diferents ciutats de R\u00fassia, incloent concerts al Gran Sal\u00f3 del Conservatori de Moscou i del teatre Bolshoi, aix\u00ed com a It\u00e0lia, Espanya, \u00c0ustria i B\u00f2snia.<\/p>\n<p>En 2007 a Natalia se li atorg\u00e0 un diploma a la millor pianista acompanyant en el XIII Concurs Internacional Tchaikovsky de Moscou (secci\u00f3 de violins).<\/p>\n<p>El 2004 es va graduar en el Conservatori Superior Glinka de Nizhny Novgorod com a pianista solista amb la professora Bella Alterman, i el 2006 va realitzar cursos de postgrau en m\u00fasica de cambra amb la professora Natalia Matveeva.<\/p>\n<p>En 1994 se li atorg\u00e0 el diploma en el concurs internacional de piano de Gelendzhik (R\u00fassia), i el 1995 va ser laureada amb el primer premi en el concurs de piano Villuan a Nizhny Novgorod.<\/p>\n<p>Forma un duo de piano amb la seva germana Olga Grines amb el que van obtenir el premi Tatiana Gaidamovich en el concurs de m\u00fasica de cambra Taneev a Moscou (2008). El duo Grines ha participat en importants festivals a R\u00fassia, incloent els festivals dels conservatoris de Moscou i Sant Petersburg.<\/p>\n<p>En l&#8217;actualitat \u00e9s professora del Conservatori Superior Glinka de Nizhny Novgorod.<\/p>\n<p>[\/et_pb_text][\/et_pb_column][\/et_pb_row][\/et_pb_section]<\/p>\n","protected":false},"excerpt":{"rendered":"<p>AIMS\u00a0Acad\u00e8mia de Cordes Natalia GrinesPianoM\u00fasica de cambra Natalia Grines toca amb diferents grups de cambra amb els violinistes Sergei Ostrovsky, Alena Baeva, Daniel Lozakovitj, Vladimir Ivanov, Ilya Gaisin i Elena [&hellip;]<\/p>\n","protected":false},"author":2,"featured_media":0,"parent":1465,"menu_order":0,"comment_status":"closed","ping_status":"closed","template":"","meta":{"_acf_changed":false,"_et_pb_use_builder":"on","_et_pb_old_content":"","_et_gb_content_width":"","footnotes":"","_links_to":"","_links_to_target":""},"class_list":["post-1861","page","type-page","status-publish","hentry"],"acf":[],"_links":{"self":[{"href":"https:\/\/aims.cat\/ca\/wp-json\/wp\/v2\/pages\/1861","targetHints":{"allow":["GET"]}}],"collection":[{"href":"https:\/\/aims.cat\/ca\/wp-json\/wp\/v2\/pages"}],"about":[{"href":"https:\/\/aims.cat\/ca\/wp-json\/wp\/v2\/types\/page"}],"author":[{"embeddable":true,"href":"https:\/\/aims.cat\/ca\/wp-json\/wp\/v2\/users\/2"}],"replies":[{"embeddable":true,"href":"https:\/\/aims.cat\/ca\/wp-json\/wp\/v2\/comments?post=1861"}],"version-history":[{"count":0,"href":"https:\/\/aims.cat\/ca\/wp-json\/wp\/v2\/pages\/1861\/revisions"}],"up":[{"embeddable":true,"href":"https:\/\/aims.cat\/ca\/wp-json\/wp\/v2\/pages\/1465"}],"wp:attachment":[{"href":"https:\/\/aims.cat\/ca\/wp-json\/wp\/v2\/media?parent=1861"}],"curies":[{"name":"wp","href":"https:\/\/api.w.org\/{rel}","templated":true}]}}