{"id":4231,"date":"2017-10-20T11:44:15","date_gmt":"2017-10-20T11:44:15","guid":{"rendered":"https:\/\/aims.cat\/?page_id=4231"},"modified":"2018-11-18T20:52:15","modified_gmt":"2018-11-18T20:52:15","slug":"richard","status":"publish","type":"page","link":"https:\/\/aims.cat\/ca\/aims-academia-de-vent\/professorat\/richard\/","title":{"rendered":"Richard Bissill"},"content":{"rendered":"<p>[et_pb_section bb_built=&#8221;1&#8243; custom_padding_last_edited=&#8221;on|desktop&#8221; _builder_version=&#8221;3.0.47&#8243; custom_padding_tablet=&#8221;50px|0|50px|0&#8243; custom_css_main_element=&#8221;padding-bottom:0px;&#8221; transparent_background=&#8221;off&#8221; padding_mobile=&#8221;off&#8221; prev_background_color=&#8221;#000000&#8243; next_background_color=&#8221;#ffffff&#8221;][et_pb_row _builder_version=&#8221;3.0.47&#8243; background_size=&#8221;initial&#8221; background_position=&#8221;top_left&#8221; background_repeat=&#8221;repeat&#8221;][et_pb_column type=&#8221;1_4&#8243;][et_pb_text admin_label=&#8221;Texto&#8221; background_layout=&#8221;dark&#8221; _builder_version=&#8221;3.0.86&#8243; text_font_size=&#8221;18&#8243; background_color=&#8221;#ea4951&#8243; background_size=&#8221;initial&#8221; background_position=&#8221;top_left&#8221; background_repeat=&#8221;repeat&#8221; module_alignment=&#8221;left&#8221; custom_padding=&#8221;14px|21px|21px|24px&#8221;]<\/p>\n<p>\nAIMS Acad\u00e8mia de Vents<\/p>\n<p>[\/et_pb_text][\/et_pb_column][et_pb_column type=&#8221;3_4&#8243;][et_pb_post_title admin_label=&#8221;T\u00edtulo de publicaci\u00f3n&#8221; meta=&#8221;off&#8221; featured_image=&#8221;off&#8221; text_color=&#8221;light&#8221; text_background=&#8221;on&#8221; text_bg_color=&#8221;#222222&#8243; _builder_version=&#8221;3.0.47&#8243; title_font_size=&#8221;18px&#8221; title_all_caps=&#8221;off&#8221; background_color=&#8221;rgba(255,255,255,0)&#8221; parallax=&#8221;on&#8221; parallax_effect=&#8221;on&#8221; module_bg_color=&#8221;rgba(255,255,255,0)&#8221; parallax_method=&#8221;on&#8221;]<\/p>\n<p>\n&nbsp;<\/p>\n<p>[\/et_pb_post_title][\/et_pb_column][\/et_pb_row][\/et_pb_section][et_pb_section bb_built=&#8221;1&#8243; custom_padding_last_edited=&#8221;on|desktop&#8221; _builder_version=&#8221;3.0.47&#8243; custom_padding_tablet=&#8221;50px|0|50px|0&#8243; custom_css_main_element=&#8221;padding-top:0px;&#8221; transparent_background=&#8221;off&#8221; padding_mobile=&#8221;off&#8221; prev_background_color=&#8221;#ffffff&#8221; next_background_color=&#8221;#000000&#8243;][et_pb_row _builder_version=&#8221;3.0.47&#8243; background_size=&#8221;initial&#8221; background_position=&#8221;top_left&#8221; background_repeat=&#8221;repeat&#8221;][et_pb_column type=&#8221;1_4&#8243;][et_pb_sidebar admin_label=&#8221;MENU&#8221; area=&#8221;et_pb_widget_area_6&#8243; show_border=&#8221;off&#8221; module_id=&#8221;FestivalMenu&#8221; _builder_version=&#8221;3.0.86&#8243; remove_border=&#8221;off&#8221;]<\/p>\n<p>\n&nbsp;<\/p>\n<p>[\/et_pb_sidebar][\/et_pb_column][et_pb_column type=&#8221;1_4&#8243;][et_pb_image src=&#8221;https:\/\/aims.cat\/wp-content\/uploads\/2018\/11\/RB-ROH.jpg&#8221; show_in_lightbox=&#8221;on&#8221; _builder_version=&#8221;3.0.92&#8243; url_new_window=&#8221;off&#8221; use_overlay=&#8221;off&#8221; always_center_on_mobile=&#8221;on&#8221; force_fullwidth=&#8221;off&#8221; show_bottom_space=&#8221;on&#8221;]<\/p>\n<p>\n&nbsp;<\/p>\n<p>[\/et_pb_image][et_pb_text admin_label=&#8221;Highlights&#8221; module_class=&#8221;highlights&#8221; _builder_version=&#8221;3.17.6&#8243; background_size=&#8221;initial&#8221; background_position=&#8221;top_left&#8221; background_repeat=&#8221;repeat&#8221; module_alignment=&#8221;left&#8221;]<\/p>\n<h3>Richard Bissill<\/h3>\n<h3>Trompa<\/h3>\n<h3>Royal Opera House, Covent Garden &#8211; Londres<\/h3>\n<h3>Guildhall School of Music &amp; Drama &#8211; Londres<\/h3>\n<p>[\/et_pb_text][\/et_pb_column][et_pb_column type=&#8221;1_2&#8243;][et_pb_text admin_label=&#8221;Texto&#8221; _builder_version=&#8221;3.0.92&#8243; background_size=&#8221;initial&#8221; background_position=&#8221;top_left&#8221; background_repeat=&#8221;repeat&#8221; module_alignment=&#8221;left&#8221; background_layout=&#8221;light&#8221;]<\/p>\n<p>\nEl professor Richard Bissill, FGS, FRAM \u00e9s un trompista, arranjador i compositor. Va estudiar trompa i piano a la Royal Academy of Music i amb 22 anys\u00a0 es va unir a la London Symphony Orchestra. A partir de 1984, va ser membre principal de la Secci\u00f3 de l&#8217;Orquestra Filharm\u00f2nica de Londres i Orquestra de la Royal Opera House. Des de 1983 ha estat professor de trompa a l&#8217;Escola Guildhall de M\u00fasica i Teatre<\/p>\n<p>Ha aparegut en innombrables bandes sonores de pel\u00b7l\u00edcules com The Return of the Jedi, Gladiator, Shrek, The Lord of the Rings i les \u00faltimes set pel\u00b7l\u00edcules de James Bond, per nomenar-ne algunes. Tamb\u00e9 ha treballat i gravat amb artistes com Paul McCartney, Joni Mitchell i Quincy Jones.<\/p>\n<p>Des de 1990 i com a membre de London Brass, ha participat en alguns dels festivals de m\u00fasica m\u00e9s importants del m\u00f3n i ha impartit classes magistrals a Europa, Jap\u00f3 i Estats Units. Molts dels seus arranjaments virtuosos s&#8217;han registrat per Teldec i s&#8217;han convertit en elements b\u00e0sics del repertori.<\/p>\n<p>Com a compositor ha escrit diverses comissions a gran escala. Per a l&#8217;Orquestra Filharm\u00f2nica de Londres va compondre el <em>Christmas Carnival<\/em> (gravat per les orquestres RPO, RSNO i Hall\u00e9 orquestres, i \u00a0guanyador del primer premi MU \/ YTV Peter Knight), <em>Rhapsody for Piano and Orchestra<\/em> and <em>Excite<\/em>! La London Symphony Orchestra li va encarregar la seva <em>Sinfonia Concertante<\/em> per inaugurar el seu centenari el 2004. Tamb\u00e9 ha escrit nombroses peces de concert per a grups de c\u00e0mera juntament amb m\u00fasica per a cinema i televisi\u00f3, a m\u00e9s d&#8217;una gran quantitat de m\u00fasica educativa de metall que apareix regularment en plans d&#8217;estudi.<\/p>\n<p>Va ser arranjador en cap del reeixit CD London Horn Sound de 2001, que va ser votat com el millor CD de trompes de la hist\u00f2ria per la International Horn Society. El CD seg\u00fcent del 2007, Give it One, va presentar les seves composicions i arranjaments.<\/p>\n<p>Richard ha estat guardonat amb beques de l&#8217;Escola Guildhall de M\u00fasica i Teatre<br \/>i de la Royal Academy of Music i va rebre el t\u00edtol de Professor en 2018.<\/p>\n<p>[\/et_pb_text][\/et_pb_column][\/et_pb_row][\/et_pb_section]<\/p>\n","protected":false},"excerpt":{"rendered":"<p>AIMS Acad\u00e8mia de Vents &nbsp; &nbsp; &nbsp; Richard BissillTrompaRoyal Opera House, Covent Garden &#8211; LondresGuildhall School of Music &amp; Drama &#8211; Londres El professor Richard Bissill, FGS, FRAM \u00e9s un [&hellip;]<\/p>\n","protected":false},"author":2,"featured_media":0,"parent":4508,"menu_order":0,"comment_status":"closed","ping_status":"closed","template":"","meta":{"_acf_changed":false,"_et_pb_use_builder":"on","_et_pb_old_content":"","_et_gb_content_width":"","footnotes":"","_links_to":"","_links_to_target":""},"class_list":["post-4231","page","type-page","status-publish","hentry"],"acf":[],"_links":{"self":[{"href":"https:\/\/aims.cat\/ca\/wp-json\/wp\/v2\/pages\/4231","targetHints":{"allow":["GET"]}}],"collection":[{"href":"https:\/\/aims.cat\/ca\/wp-json\/wp\/v2\/pages"}],"about":[{"href":"https:\/\/aims.cat\/ca\/wp-json\/wp\/v2\/types\/page"}],"author":[{"embeddable":true,"href":"https:\/\/aims.cat\/ca\/wp-json\/wp\/v2\/users\/2"}],"replies":[{"embeddable":true,"href":"https:\/\/aims.cat\/ca\/wp-json\/wp\/v2\/comments?post=4231"}],"version-history":[{"count":0,"href":"https:\/\/aims.cat\/ca\/wp-json\/wp\/v2\/pages\/4231\/revisions"}],"up":[{"embeddable":true,"href":"https:\/\/aims.cat\/ca\/wp-json\/wp\/v2\/pages\/4508"}],"wp:attachment":[{"href":"https:\/\/aims.cat\/ca\/wp-json\/wp\/v2\/media?parent=4231"}],"curies":[{"name":"wp","href":"https:\/\/api.w.org\/{rel}","templated":true}]}}