{"id":4488,"date":"2017-11-03T10:20:52","date_gmt":"2017-11-03T10:20:52","guid":{"rendered":"https:\/\/aims.cat\/?page_id=4488"},"modified":"2025-11-15T17:53:40","modified_gmt":"2025-11-15T17:53:40","slug":"aims-academia-de-vent","status":"publish","type":"page","link":"https:\/\/aims.cat\/ca\/aims-academia-de-vent\/","title":{"rendered":"AIMS Acad\u00e8mia de Vents"},"content":{"rendered":"<p>[et_pb_section fb_built=&#8221;1&#8243; specialty=&#8221;on&#8221; _builder_version=&#8221;4.16&#8243; global_colors_info=&#8221;{}&#8221;][et_pb_column type=&#8221;1_4&#8243; _builder_version=&#8221;4.16&#8243; custom_padding=&#8221;|||&#8221; global_colors_info=&#8221;{}&#8221; custom_padding__hover=&#8221;|||&#8221;][et_pb_sidebar area=&#8221;et_pb_widget_area_6&#8243; show_border=&#8221;off&#8221; admin_label=&#8221;MENU&#8221; module_id=&#8221;AcademyMenu&#8221; _builder_version=&#8221;4.16&#8243; remove_border=&#8221;off&#8221; global_colors_info=&#8221;{}&#8221;][\/et_pb_sidebar][\/et_pb_column][et_pb_column type=&#8221;3_4&#8243; specialty_columns=&#8221;3&#8243; _builder_version=&#8221;4.16&#8243; custom_padding=&#8221;|||&#8221; global_colors_info=&#8221;{}&#8221; custom_padding__hover=&#8221;|||&#8221;][et_pb_row_inner admin_label=&#8221;Row&#8221; _builder_version=&#8221;4.16&#8243; global_colors_info=&#8221;{}&#8221;][et_pb_column_inner saved_specialty_column_type=&#8221;3_4&#8243; _builder_version=&#8221;4.16&#8243; custom_padding=&#8221;|||&#8221; global_colors_info=&#8221;{}&#8221; custom_padding__hover=&#8221;|||&#8221;][et_pb_text _builder_version=&#8221;4.20.4&#8243; global_colors_info=&#8221;{}&#8221;]<\/p>\n<p>Benvolguts estudiants, amics de l\u2019AIMS i p\u00fablic en general,<\/p>\n<p>Em sento honrat i agra\u00eft a la Fundaci\u00f3 AIMS per continuar confiant en mi com a Codirector Art\u00edstic de l&#8217;Acad\u00e8mia de Vent. Un rol que vaig acceptar fa anys amb l&#8217;esperan\u00e7a d&#8217;ajudar tota la comunitat AIMS \u2013estudiants, professionals, p\u00fablic\u2013 a gaudir d&#8217;una experi\u00e8ncia musical i humana aut\u00e8ntica i inspiradora.<\/p>\n<p>Fer m\u00fasica \u00e9s un treball d&#8217;equip, i a l&#8217;AIMS comptem amb una organitzaci\u00f3 que facilita el dia a dia tant dels estudiants com del claustre sensacional d&#8217;artistes convidats. Com a resultat, venir a AIMS \u00e9s una experi\u00e8ncia \u00fanica: amb 24 anys d&#8217;hist\u00f2ria, el Festival t\u00e9 un p\u00fablic entusiasta que recolza els nostres m\u00fasics a tots els concerts programats, tant a Solsona com a tota la bonica comarca i els seus voltants.<\/p>\n<p>Per als m\u00fasics, l&#8217;estiu \u00e9s una \u00e8poca d&#8217;intercanvi i d&#8217;obertura. AIMS us convida a estudiar al m\u00e9s alt nivell possible i a viure la vostra principal passi\u00f3 en un ambient relaxat i veritablement internacional.<\/p>\n<p>Us animo a unir-vos a nosaltres el 2026 i espero que les classes, els assajos, els concerts i els moments compartits siguin inoblidables. No vull que ning\u00fa no perdi aquesta oportunitat: les places s\u00f3n limitades i el temps vola. Inscriu-te, envia&#8217;ns un bon enregistrament&#8230; i assegura&#8217;t ja la teva pla\u00e7a a AIMS!<\/p>\n<p><img loading=\"lazy\" decoding=\"async\" class=\"wp-image-10695 alignright\" style=\"text-align: center;\" src=\"https:\/\/aims.cat\/wp-content\/uploads\/2020\/11\/Unbenannt-297x300.jpg\" alt=\"\" width=\"197\" height=\"199\" \/>Fins aviat! Ens veiem a Solsona!<\/p>\n<p><img loading=\"lazy\" decoding=\"async\" class=\"wp-image-10731 size-medium aligncenter\" src=\"https:\/\/aims.cat\/wp-content\/uploads\/2020\/11\/firma_JLE-2-300x88.png\" alt=\"\" width=\"300\" height=\"88\" \/><\/p>\n<p style=\"text-align: center;\">Jos\u00e9 Luis Estell\u00e9s<br \/>Co-director Art\u00edstic de l\u2019AIMS Acad\u00e8mia de Vents<\/p>\n<hr \/>\n<p>&nbsp;<\/p>\n<p>[\/et_pb_text][\/et_pb_column_inner][\/et_pb_row_inner][et_pb_row_inner column_structure=&#8221;1_2,1_2&#8243; padding_mobile=&#8221;off&#8221; column_padding_mobile=&#8221;on&#8221; admin_label=&#8221;Row&#8221; _builder_version=&#8221;4.16&#8243; global_colors_info=&#8221;{}&#8221;][et_pb_column_inner type=&#8221;1_2&#8243; saved_specialty_column_type=&#8221;3_4&#8243; _builder_version=&#8221;4.16&#8243; custom_padding=&#8221;|||&#8221; global_colors_info=&#8221;{}&#8221; custom_padding__hover=&#8221;|||&#8221;][et_pb_testimonial author=&#8221;Ekaterina Manafova &#8221; job_title=&#8221;alumna de viola &#8221; company_name=&#8221;Universit\u00e4t der K\u00fcnste (Berlin)&#8221; _builder_version=&#8221;4.16&#8243; global_colors_info=&#8221;{}&#8221;]<\/p>\n<p>\nAIMS \u00e9s com una gran fam\u00edlia de m\u00fasics. \u00c9s molt intens, amb molta diversi\u00f3 i oportunitats de presentar-tee. Un cop arribes, vols tornar cada estiu.<\/p>\n<p>[\/et_pb_testimonial][\/et_pb_column_inner][et_pb_column_inner type=&#8221;1_2&#8243; saved_specialty_column_type=&#8221;3_4&#8243; _builder_version=&#8221;4.16&#8243; custom_padding=&#8221;|||&#8221; global_colors_info=&#8221;{}&#8221; custom_padding__hover=&#8221;|||&#8221;][et_pb_testimonial author=&#8221;Anna Litvinenko&#8221; job_title=&#8221;alumna de violoncel &#8221; company_name=&#8221;The Juilliard School (Nova York)&#8221; _builder_version=&#8221;4.16&#8243; global_colors_info=&#8221;{}&#8221;]<\/p>\n<p>Uns dels dies m\u00e9s intensos, ocupats i s\u00faper divertits amb el millor grup de nois i professors. No ho puc recomanar prou perqu\u00e8 m&#8217;ha fascinat.<\/p>\n<p>[\/et_pb_testimonial][\/et_pb_column_inner][\/et_pb_row_inner][\/et_pb_column][\/et_pb_section]<\/p>\n","protected":false},"excerpt":{"rendered":"<p>Benvolguts estudiants, amics de l\u2019AIMS i p\u00fablic en general, Em sento honrat i agra\u00eft a la Fundaci\u00f3 AIMS per continuar confiant en mi com a Codirector Art\u00edstic de l&#8217;Acad\u00e8mia de [&hellip;]<\/p>\n","protected":false},"author":2,"featured_media":0,"parent":0,"menu_order":0,"comment_status":"closed","ping_status":"closed","template":"","meta":{"_acf_changed":false,"_et_pb_use_builder":"on","_et_pb_old_content":"<p>welcome<\/p>","_et_gb_content_width":"","footnotes":"","_links_to":"","_links_to_target":""},"class_list":["post-4488","page","type-page","status-publish","hentry"],"acf":[],"_links":{"self":[{"href":"https:\/\/aims.cat\/ca\/wp-json\/wp\/v2\/pages\/4488","targetHints":{"allow":["GET"]}}],"collection":[{"href":"https:\/\/aims.cat\/ca\/wp-json\/wp\/v2\/pages"}],"about":[{"href":"https:\/\/aims.cat\/ca\/wp-json\/wp\/v2\/types\/page"}],"author":[{"embeddable":true,"href":"https:\/\/aims.cat\/ca\/wp-json\/wp\/v2\/users\/2"}],"replies":[{"embeddable":true,"href":"https:\/\/aims.cat\/ca\/wp-json\/wp\/v2\/comments?post=4488"}],"version-history":[{"count":8,"href":"https:\/\/aims.cat\/ca\/wp-json\/wp\/v2\/pages\/4488\/revisions"}],"predecessor-version":[{"id":17937,"href":"https:\/\/aims.cat\/ca\/wp-json\/wp\/v2\/pages\/4488\/revisions\/17937"}],"wp:attachment":[{"href":"https:\/\/aims.cat\/ca\/wp-json\/wp\/v2\/media?parent=4488"}],"curies":[{"name":"wp","href":"https:\/\/api.w.org\/{rel}","templated":true}]}}