{"id":4497,"date":"2017-11-03T10:24:28","date_gmt":"2017-11-03T10:24:28","guid":{"rendered":"https:\/\/aims.cat\/?page_id=4497"},"modified":"2025-11-15T18:02:20","modified_gmt":"2025-11-15T18:02:20","slug":"informacio-general","status":"publish","type":"page","link":"https:\/\/aims.cat\/ca\/aims-academia-de-vent\/informacio-general\/","title":{"rendered":"Informaci\u00f3, Inscripcions i Calendari"},"content":{"rendered":"<p>[et_pb_section fb_built=&#8221;1&#8243; specialty=&#8221;on&#8221; _builder_version=&#8221;4.16&#8243; global_colors_info=&#8221;{}&#8221;][et_pb_column type=&#8221;1_4&#8243; _builder_version=&#8221;4.16&#8243; custom_padding=&#8221;|||&#8221; global_colors_info=&#8221;{}&#8221; custom_padding__hover=&#8221;|||&#8221;][et_pb_sidebar area=&#8221;et_pb_widget_area_6&#8243; show_border=&#8221;off&#8221; admin_label=&#8221;MENU&#8221; module_id=&#8221;AcademyMenu&#8221; _builder_version=&#8221;4.16&#8243; remove_border=&#8221;off&#8221; global_colors_info=&#8221;{}&#8221;][\/et_pb_sidebar][\/et_pb_column][et_pb_column type=&#8221;3_4&#8243; specialty_columns=&#8221;3&#8243; _builder_version=&#8221;4.16&#8243; custom_padding=&#8221;|||&#8221; global_colors_info=&#8221;{}&#8221; custom_padding__hover=&#8221;|||&#8221;][et_pb_row_inner admin_label=&#8221;Row&#8221; _builder_version=&#8221;4.16&#8243; global_colors_info=&#8221;{}&#8221;][et_pb_column_inner saved_specialty_column_type=&#8221;3_4&#8243; _builder_version=&#8221;4.16&#8243; custom_padding=&#8221;|||&#8221; global_colors_info=&#8221;{}&#8221; custom_padding__hover=&#8221;|||&#8221;][et_pb_text admin_label=&#8221;Texto&#8221; _builder_version=&#8221;4.20.4&#8243; module_alignment=&#8221;left&#8221; z_index_tablet=&#8221;500&#8243; text_text_shadow_horizontal_length_tablet=&#8221;0px&#8221; text_text_shadow_vertical_length_tablet=&#8221;0px&#8221; text_text_shadow_blur_strength_tablet=&#8221;1px&#8221; link_text_shadow_horizontal_length_tablet=&#8221;0px&#8221; link_text_shadow_vertical_length_tablet=&#8221;0px&#8221; link_text_shadow_blur_strength_tablet=&#8221;1px&#8221; ul_text_shadow_horizontal_length_tablet=&#8221;0px&#8221; ul_text_shadow_vertical_length_tablet=&#8221;0px&#8221; ul_text_shadow_blur_strength_tablet=&#8221;1px&#8221; ol_text_shadow_horizontal_length_tablet=&#8221;0px&#8221; ol_text_shadow_vertical_length_tablet=&#8221;0px&#8221; ol_text_shadow_blur_strength_tablet=&#8221;1px&#8221; quote_text_shadow_horizontal_length_tablet=&#8221;0px&#8221; quote_text_shadow_vertical_length_tablet=&#8221;0px&#8221; quote_text_shadow_blur_strength_tablet=&#8221;1px&#8221; header_text_shadow_horizontal_length_tablet=&#8221;0px&#8221; header_text_shadow_vertical_length_tablet=&#8221;0px&#8221; header_text_shadow_blur_strength_tablet=&#8221;1px&#8221; header_2_text_shadow_horizontal_length_tablet=&#8221;0px&#8221; header_2_text_shadow_vertical_length_tablet=&#8221;0px&#8221; header_2_text_shadow_blur_strength_tablet=&#8221;1px&#8221; header_3_text_shadow_horizontal_length_tablet=&#8221;0px&#8221; header_3_text_shadow_vertical_length_tablet=&#8221;0px&#8221; header_3_text_shadow_blur_strength_tablet=&#8221;1px&#8221; header_4_text_shadow_horizontal_length_tablet=&#8221;0px&#8221; header_4_text_shadow_vertical_length_tablet=&#8221;0px&#8221; header_4_text_shadow_blur_strength_tablet=&#8221;1px&#8221; header_5_text_shadow_horizontal_length_tablet=&#8221;0px&#8221; header_5_text_shadow_vertical_length_tablet=&#8221;0px&#8221; header_5_text_shadow_blur_strength_tablet=&#8221;1px&#8221; header_6_text_shadow_horizontal_length_tablet=&#8221;0px&#8221; header_6_text_shadow_vertical_length_tablet=&#8221;0px&#8221; header_6_text_shadow_blur_strength_tablet=&#8221;1px&#8221; box_shadow_horizontal_tablet=&#8221;0px&#8221; box_shadow_vertical_tablet=&#8221;0px&#8221; box_shadow_blur_tablet=&#8221;40px&#8221; box_shadow_spread_tablet=&#8221;0px&#8221; global_colors_info=&#8221;{}&#8221;]<\/p>\n<h4>Informaci\u00f3<\/h4>\n<p style=\"text-align: justify;\">L\u2019AIMS \u00e9s una Acad\u00e8mia Internacional d\u2019alt nivell amb 24 anys d\u2019experi\u00e8ncia que s\u2019ha convertit en una oportunitat per con\u00e8ixer futurs\/es professors\/es i viure una experi\u00e8ncia \u00fanica en un entorn estimulant amb gent vinguda de tot el m\u00f3n, de m\u00e9s de 25 nacionalitats!<\/p>\n<p style=\"text-align: justify;\">L\u2019AIMS Festival t\u2019oferir\u00e0 nombroses oportunitats per presentar-te a l\u2019escenari com a solista, tocant amb l\u2019orquestra o amb un grup de cambra. Rebr\u00e0s classes magistrals de professorat de les universitats i conservatoris de m\u00fasica m\u00e9s rellevants i de m\u00e9s renom d\u2019Europa, i els nostres pianistes acompanyants (altament qualificats) t\u2019assessoraran durant els assajos.<\/p>\n<p>M\u00e9s informaci\u00f3 al nostre apartat de Preguntes Freq\u00fcents (<a href=\"https:\/\/aims.cat\/ca\/aims-academia\/aims-faqs\/\">FAQs<\/a>).<\/p>\n<h4>Dates<\/h4>\n<ul>\n<li><span style=\"font-size: 14px;\">Arribada al Seminari de Solsona (Pujada del Seminari, 15-16, 25280, Solsona) el<\/span><strong><span style=\"font-size: 14px;\"> dissabte 15<\/span>\u00a0d\u2019agost de 2026 abans de les 18\u202fh.<\/strong><\/li>\n<li>Sortida el<strong> dilluns 24\u00a0d\u2019agost de 2026 al mat\u00ed<\/strong><span>\u00a0<\/span>(despr\u00e9s d\u2019esmorzar).<\/li>\n<li>\n<ul><\/ul>\n<p>L\u2019alumnat que hagi estat seleccionat per a tocar a l\u2019Orquestra Simf\u00f2nica de l\u2019AIMS haur\u00e0 d&#8217;arribar amb antelaci\u00f3, el <strong>dimarts 11 d&#8217;agost de 2026 abans de les 18\u202fh<\/strong>.<\/p>\n<\/li>\n<\/ul>\n<h4>Terminis d&#8217;inscripci\u00f3<\/h4>\n<ul>\n<li>La sol\u00b7licitud de beques s\u2019haur\u00e0 de fer constar a la inscripci\u00f3 abans del<span>\u00a0<\/span><strong>31 de mar\u00e7 del 2026<\/strong>. No s\u2019acceptaran sol\u00b7licituds de beques despr\u00e9s d\u2019aquesta data.<\/li>\n<li>Data l\u00edmit d\u2019inscripci\u00f3:<strong><span>\u00a0<\/span>30 d\u2019abril de 2026<\/strong>.<\/li>\n<li>A partir del 30 d\u2019abril es comunicar\u00e0 l\u2019acceptaci\u00f3 de l\u2019alumnat tant a l\u2019Acad\u00e8mia com a l\u2019Orquestra i l\u2019obtenci\u00f3 de beques, en cas d\u2019haver-ne sol\u00b7licitat.<\/li>\n<li>A aquelles persones que hagin sol\u00b7licitat l\u2019opci\u00f3 de fer m\u00fasica de cambra, se\u2019ls confirmar\u00e0 abans del<span>\u00a0<\/span><strong>20 de juliol<\/strong><span>\u00a0<\/span>i se\u2019ls comunicar\u00e0 el grup i professor\/a assignats.<\/li>\n<li>El dia<span>\u00a0<\/span><strong>15 de juliol<\/strong><span>\u00a0<\/span>\u00e9s l\u2019\u00faltim dia perqu\u00e8 l\u2019alumnat que participi en l\u2019Acad\u00e8mia comuniqui el repertori que desitja treballar.<\/li>\n<\/ul>\n<p>[\/et_pb_text][\/et_pb_column_inner][\/et_pb_row_inner][et_pb_row_inner column_structure=&#8221;1_2,1_2&#8243; padding_mobile=&#8221;off&#8221; column_padding_mobile=&#8221;on&#8221; admin_label=&#8221;Row&#8221; _builder_version=&#8221;4.16&#8243; global_colors_info=&#8221;{}&#8221;][et_pb_column_inner type=&#8221;1_2&#8243; saved_specialty_column_type=&#8221;3_4&#8243; _builder_version=&#8221;4.16&#8243; custom_padding=&#8221;|||&#8221; global_colors_info=&#8221;{}&#8221; custom_padding__hover=&#8221;|||&#8221;][et_pb_button button_url=&#8221;https:\/\/aims.cat\/ca\/aims-academia-de-vent\/formulari-inscripcio\/&#8221; button_text=&#8221;Formulari d&#8217;Inscripci\u00f3&#8221; button_alignment=&#8221;center&#8221; _builder_version=&#8221;4.19.0&#8243; _module_preset=&#8221;default&#8221; global_colors_info=&#8221;{}&#8221;][\/et_pb_button][\/et_pb_column_inner][et_pb_column_inner type=&#8221;1_2&#8243; saved_specialty_column_type=&#8221;3_4&#8243; _builder_version=&#8221;4.16&#8243; custom_padding=&#8221;|||&#8221; global_colors_info=&#8221;{}&#8221; custom_padding__hover=&#8221;|||&#8221;][et_pb_button button_url=&#8221;https:\/\/aims.cat\/ca\/aims-academia-de-vent\/formulari-pagament\/&#8221; button_text=&#8221;Formulari de Pagament&#8221; button_alignment=&#8221;center&#8221; _builder_version=&#8221;4.19.0&#8243; _module_preset=&#8221;default&#8221; global_colors_info=&#8221;{}&#8221;][\/et_pb_button][\/et_pb_column_inner][\/et_pb_row_inner][\/et_pb_column][\/et_pb_section]<\/p>\n","protected":false},"excerpt":{"rendered":"<p>Informaci\u00f3 L\u2019AIMS \u00e9s una Acad\u00e8mia Internacional d\u2019alt nivell amb 24 anys d\u2019experi\u00e8ncia que s\u2019ha convertit en una oportunitat per con\u00e8ixer futurs\/es professors\/es i viure una experi\u00e8ncia \u00fanica en un entorn [&hellip;]<\/p>\n","protected":false},"author":2,"featured_media":0,"parent":4488,"menu_order":0,"comment_status":"closed","ping_status":"closed","template":"","meta":{"_acf_changed":false,"_et_pb_use_builder":"on","_et_pb_old_content":"","_et_gb_content_width":"","footnotes":"","_links_to":"","_links_to_target":""},"class_list":["post-4497","page","type-page","status-publish","hentry"],"acf":[],"_links":{"self":[{"href":"https:\/\/aims.cat\/ca\/wp-json\/wp\/v2\/pages\/4497","targetHints":{"allow":["GET"]}}],"collection":[{"href":"https:\/\/aims.cat\/ca\/wp-json\/wp\/v2\/pages"}],"about":[{"href":"https:\/\/aims.cat\/ca\/wp-json\/wp\/v2\/types\/page"}],"author":[{"embeddable":true,"href":"https:\/\/aims.cat\/ca\/wp-json\/wp\/v2\/users\/2"}],"replies":[{"embeddable":true,"href":"https:\/\/aims.cat\/ca\/wp-json\/wp\/v2\/comments?post=4497"}],"version-history":[{"count":13,"href":"https:\/\/aims.cat\/ca\/wp-json\/wp\/v2\/pages\/4497\/revisions"}],"predecessor-version":[{"id":17939,"href":"https:\/\/aims.cat\/ca\/wp-json\/wp\/v2\/pages\/4497\/revisions\/17939"}],"up":[{"embeddable":true,"href":"https:\/\/aims.cat\/ca\/wp-json\/wp\/v2\/pages\/4488"}],"wp:attachment":[{"href":"https:\/\/aims.cat\/ca\/wp-json\/wp\/v2\/media?parent=4497"}],"curies":[{"name":"wp","href":"https:\/\/api.w.org\/{rel}","templated":true}]}}