{"id":5970,"date":"2018-03-05T18:08:21","date_gmt":"2018-03-05T18:08:21","guid":{"rendered":"https:\/\/aims.cat\/?page_id=5970"},"modified":"2025-11-11T10:40:30","modified_gmt":"2025-11-11T10:40:30","slug":"malgorzata","status":"publish","type":"page","link":"https:\/\/aims.cat\/ca\/aims-academia\/professorat\/malgorzata\/","title":{"rendered":"Ma\u0142gorzata Garstka"},"content":{"rendered":"<p>[et_pb_section fb_built=&#8221;1&#8243; custom_padding_last_edited=&#8221;on|desktop&#8221; _builder_version=&#8221;4.16&#8243; custom_padding_tablet=&#8221;50px|0|50px|0&#8243; custom_padding_phone=&#8221;&#8221; custom_css_main_element=&#8221;padding-bottom:0px;&#8221; transparent_background=&#8221;off&#8221; padding_mobile=&#8221;off&#8221; global_colors_info=&#8221;{}&#8221;][et_pb_row _builder_version=&#8221;4.16&#8243; background_size=&#8221;initial&#8221; background_position=&#8221;top_left&#8221; background_repeat=&#8221;repeat&#8221; global_colors_info=&#8221;{}&#8221;][et_pb_column type=&#8221;4_4&#8243; _builder_version=&#8221;4.16&#8243; custom_padding=&#8221;|||&#8221; global_colors_info=&#8221;{}&#8221; custom_padding__hover=&#8221;|||&#8221;][et_pb_post_title meta=&#8221;off&#8221; featured_image=&#8221;off&#8221; text_color=&#8221;light&#8221; text_background=&#8221;on&#8221; text_bg_color=&#8221;#222222&#8243; admin_label=&#8221;T\u00edtulo de publicaci\u00f3n&#8221; _builder_version=&#8221;4.16&#8243; title_font_size=&#8221;18px&#8221; title_all_caps=&#8221;off&#8221; background_color=&#8221;rgba(255,255,255,0)&#8221; parallax=&#8221;on&#8221; parallax_method=&#8221;off&#8221; parallax_effect=&#8221;on&#8221; module_bg_color=&#8221;rgba(255,255,255,0)&#8221; global_colors_info=&#8221;{}&#8221;]<\/p>\n<p>\n&nbsp;<\/p>\n<p>[\/et_pb_post_title][\/et_pb_column][\/et_pb_row][\/et_pb_section][et_pb_section fb_built=&#8221;1&#8243; custom_padding_last_edited=&#8221;on|desktop&#8221; _builder_version=&#8221;4.16&#8243; custom_padding_tablet=&#8221;50px|0|50px|0&#8243; custom_padding_phone=&#8221;&#8221; custom_css_main_element=&#8221;padding-top:0px;&#8221; transparent_background=&#8221;off&#8221; padding_mobile=&#8221;off&#8221; global_colors_info=&#8221;{}&#8221;][et_pb_row column_structure=&#8221;1_3,2_3&#8243; _builder_version=&#8221;4.16&#8243; background_size=&#8221;initial&#8221; background_position=&#8221;top_left&#8221; background_repeat=&#8221;repeat&#8221; global_colors_info=&#8221;{}&#8221;][et_pb_column type=&#8221;1_3&#8243; _builder_version=&#8221;4.16&#8243; custom_padding=&#8221;|||&#8221; global_colors_info=&#8221;{}&#8221; custom_padding__hover=&#8221;|||&#8221;][et_pb_image src=&#8221;https:\/\/aims.cat\/wp-content\/uploads\/2023\/07\/Malgorzata-Garstka-2023-07.jpg&#8221; title_text=&#8221;Malgorzata-Garstka-2023-07&#8243; show_in_lightbox=&#8221;on&#8221; align_tablet=&#8221;center&#8221; align_phone=&#8221;&#8221; align_last_edited=&#8221;on|desktop&#8221; _builder_version=&#8221;4.20.4&#8243; always_center_on_mobile=&#8221;on&#8221; global_colors_info=&#8221;{}&#8221;]<\/p>\n<p>\n&nbsp;<\/p>\n<p>[\/et_pb_image][\/et_pb_column][et_pb_column type=&#8221;2_3&#8243; _builder_version=&#8221;4.16&#8243; custom_padding=&#8221;|||&#8221; global_colors_info=&#8221;{}&#8221; custom_padding__hover=&#8221;|||&#8221;][et_pb_text admin_label=&#8221;Texto&#8221; _builder_version=&#8221;4.16&#8243; background_size=&#8221;initial&#8221; background_position=&#8221;top_left&#8221; background_repeat=&#8221;repeat&#8221; global_colors_info=&#8221;{}&#8221;]<\/p>\n<p data-start=\"28\" data-end=\"476\" style=\"text-align: justify;\">La pianista polonesa-brit\u00e0nica Gosia (Ma\u0142gorzata) Garstka est\u00e0 especialitzada en l\u2019art de la m\u00fasica de cambra. Despr\u00e9s d\u2019haver obtingut un m\u00e0ster amb distinci\u00f3 a la Royal Academy of Music, va ser nomenada Hodgson Fellow d\u2019aquesta instituci\u00f3 durant dos anys consecutius. Aquesta beca va evolucionar fins a convertir-se en el seu paper com a acompanyant resident a l\u2019Acad\u00e8mia, treballant estretament amb el Departament de Corda.<\/p>\n<p data-start=\"478\" data-end=\"1109\" style=\"text-align: justify;\">La Gosia ha actuat com a solista i com a m\u00fasica de cambra en molts espais prestigiosos del Regne Unit, com Wigmore Hall, Bridgewater Hall, St John\u2019s Smith Square i St Martin in the Fields. Ha guanyat primers premis en nombrosos concursos de m\u00fasica solista i de cambra, s\u2019ha convertit en Yeoman de la Musicians\u2019 Company amb el Trio Argenta, i ha estat convidada com a pianista oficial al Concurs Internacional Carl Nielsen (transm\u00e8s arreu del m\u00f3n per medici.tv). Tamb\u00e9 \u00e9s convidada regularment a treballar com a acompanyant en cursos d\u2019estiu internacionals, i forma part de l\u2019AIMS des del 2018.<\/p>\n<p class=\"x_MsoNormal\"><span lang=\"CA\">Per a m\u00e9s informaci\u00f3, visiteu:\u00a0<a href=\"http:\/\/www.malgorzatagarstka.com\/\" target=\"_blank\" rel=\"noopener noreferrer\" data-auth=\"NotApplicable\" data-linkindex=\"1\">www.malgorzatagarstka.com<\/a><\/span><\/p>\n<p>&nbsp;<\/p>\n<p>[\/et_pb_text][\/et_pb_column][\/et_pb_row][\/et_pb_section]<\/p>\n","protected":false},"excerpt":{"rendered":"<p>&nbsp; &nbsp; La pianista polonesa-brit\u00e0nica Gosia (Ma\u0142gorzata) Garstka est\u00e0 especialitzada en l\u2019art de la m\u00fasica de cambra. Despr\u00e9s d\u2019haver obtingut un m\u00e0ster amb distinci\u00f3 a la Royal Academy of Music, [&hellip;]<\/p>\n","protected":false},"author":3,"featured_media":0,"parent":1465,"menu_order":0,"comment_status":"closed","ping_status":"closed","template":"","meta":{"_acf_changed":false,"_et_pb_use_builder":"on","_et_pb_old_content":"","_et_gb_content_width":"","footnotes":"","_links_to":"","_links_to_target":""},"class_list":["post-5970","page","type-page","status-publish","hentry"],"acf":[],"_links":{"self":[{"href":"https:\/\/aims.cat\/ca\/wp-json\/wp\/v2\/pages\/5970","targetHints":{"allow":["GET"]}}],"collection":[{"href":"https:\/\/aims.cat\/ca\/wp-json\/wp\/v2\/pages"}],"about":[{"href":"https:\/\/aims.cat\/ca\/wp-json\/wp\/v2\/types\/page"}],"author":[{"embeddable":true,"href":"https:\/\/aims.cat\/ca\/wp-json\/wp\/v2\/users\/3"}],"replies":[{"embeddable":true,"href":"https:\/\/aims.cat\/ca\/wp-json\/wp\/v2\/comments?post=5970"}],"version-history":[{"count":4,"href":"https:\/\/aims.cat\/ca\/wp-json\/wp\/v2\/pages\/5970\/revisions"}],"predecessor-version":[{"id":17896,"href":"https:\/\/aims.cat\/ca\/wp-json\/wp\/v2\/pages\/5970\/revisions\/17896"}],"up":[{"embeddable":true,"href":"https:\/\/aims.cat\/ca\/wp-json\/wp\/v2\/pages\/1465"}],"wp:attachment":[{"href":"https:\/\/aims.cat\/ca\/wp-json\/wp\/v2\/media?parent=5970"}],"curies":[{"name":"wp","href":"https:\/\/api.w.org\/{rel}","templated":true}]}}