{"id":6601,"date":"2018-11-14T06:35:34","date_gmt":"2018-11-14T06:35:34","guid":{"rendered":"https:\/\/aims.cat\/?page_id=6601"},"modified":"2025-11-18T11:19:32","modified_gmt":"2025-11-18T11:19:32","slug":"aims-projecte-orquestra","status":"publish","type":"page","link":"https:\/\/aims.cat\/ca\/aims-projecte-orquestra\/","title":{"rendered":"Orquestra del Festival"},"content":{"rendered":"<p>[et_pb_section fb_built=&#8221;1&#8243; custom_padding_last_edited=&#8221;on|desktop&#8221; _builder_version=&#8221;4.16&#8243; custom_padding_tablet=&#8221;50px|0|50px|0&#8243; custom_padding_phone=&#8221;&#8221; custom_css_main_element=&#8221;padding-bottom:0px;&#8221; transparent_background=&#8221;off&#8221; padding_mobile=&#8221;off&#8221; global_colors_info=&#8221;{}&#8221;][et_pb_row _builder_version=&#8221;4.16&#8243; background_size=&#8221;initial&#8221; background_position=&#8221;top_left&#8221; background_repeat=&#8221;repeat&#8221; global_colors_info=&#8221;{}&#8221;][et_pb_column type=&#8221;4_4&#8243; _builder_version=&#8221;4.16&#8243; custom_padding=&#8221;|||&#8221; global_colors_info=&#8221;{}&#8221; custom_padding__hover=&#8221;|||&#8221;][et_pb_text _builder_version=&#8221;4.27.0&#8243; _module_preset=&#8221;default&#8221; global_colors_info=&#8221;{}&#8221;]<\/p>\n<h2>ORQUESTRA DEL FESTIVAL AIMS 2026<\/h2>\n<p>[\/et_pb_text][et_pb_text _builder_version=&#8221;4.27.0&#8243; vertical_offset_tablet=&#8221;0&#8243; horizontal_offset_tablet=&#8221;0&#8243; z_index_tablet=&#8221;500&#8243; text_text_shadow_horizontal_length_tablet=&#8221;0px&#8221; text_text_shadow_vertical_length_tablet=&#8221;0px&#8221; text_text_shadow_blur_strength_tablet=&#8221;1px&#8221; link_text_shadow_horizontal_length_tablet=&#8221;0px&#8221; link_text_shadow_vertical_length_tablet=&#8221;0px&#8221; link_text_shadow_blur_strength_tablet=&#8221;1px&#8221; ul_text_shadow_horizontal_length_tablet=&#8221;0px&#8221; ul_text_shadow_vertical_length_tablet=&#8221;0px&#8221; ul_text_shadow_blur_strength_tablet=&#8221;1px&#8221; ol_text_shadow_horizontal_length_tablet=&#8221;0px&#8221; ol_text_shadow_vertical_length_tablet=&#8221;0px&#8221; ol_text_shadow_blur_strength_tablet=&#8221;1px&#8221; quote_text_shadow_horizontal_length_tablet=&#8221;0px&#8221; quote_text_shadow_vertical_length_tablet=&#8221;0px&#8221; quote_text_shadow_blur_strength_tablet=&#8221;1px&#8221; header_text_shadow_horizontal_length_tablet=&#8221;0px&#8221; header_text_shadow_vertical_length_tablet=&#8221;0px&#8221; header_text_shadow_blur_strength_tablet=&#8221;1px&#8221; header_2_text_shadow_horizontal_length_tablet=&#8221;0px&#8221; header_2_text_shadow_vertical_length_tablet=&#8221;0px&#8221; header_2_text_shadow_blur_strength_tablet=&#8221;1px&#8221; header_3_text_shadow_horizontal_length_tablet=&#8221;0px&#8221; header_3_text_shadow_vertical_length_tablet=&#8221;0px&#8221; header_3_text_shadow_blur_strength_tablet=&#8221;1px&#8221; header_4_text_shadow_horizontal_length_tablet=&#8221;0px&#8221; header_4_text_shadow_vertical_length_tablet=&#8221;0px&#8221; header_4_text_shadow_blur_strength_tablet=&#8221;1px&#8221; header_5_text_shadow_horizontal_length_tablet=&#8221;0px&#8221; header_5_text_shadow_vertical_length_tablet=&#8221;0px&#8221; header_5_text_shadow_blur_strength_tablet=&#8221;1px&#8221; header_6_text_shadow_horizontal_length_tablet=&#8221;0px&#8221; header_6_text_shadow_vertical_length_tablet=&#8221;0px&#8221; header_6_text_shadow_blur_strength_tablet=&#8221;1px&#8221; box_shadow_horizontal_tablet=&#8221;0px&#8221; box_shadow_vertical_tablet=&#8221;0px&#8221; box_shadow_blur_tablet=&#8221;40px&#8221; box_shadow_spread_tablet=&#8221;0px&#8221; global_colors_info=&#8221;{}&#8221;]<\/p>\n<ul>\n<li>El m\u00e9s destacat de l\u2019AIMS: L\u2019Orquestra del Festival, 3 dies de treball intens amb un concert l\u2019\u00faltim dia.<\/li>\n<li>Assajos parcials de corda durant l&#8217;acad\u00e8mia de cordes, assajos parcials de vents el 12 d&#8217;agost i assajos de tutti el 13 i 14 d&#8217;agost.<\/li>\n<li>Concert el 14 d&#8217;agost al vespre.<\/li>\n<li><span class=\"HwtZe\" lang=\"ca\"><span class=\"jCAhz ChMk0b\"><span class=\"ryNqvb\">El repertori constar\u00e0 de la <em>Simfonia n\u00fam. 5, op. 67<\/em>, de Ludwig van Beethoven.<\/span><\/span><\/span><\/li>\n<li>Josep Castanyer dirigir\u00e0 l&#8217;orquestra de l&#8217;AIMS Festival 2026.<\/li>\n<\/ul>\n<p><strong>Selecci\u00f3 d&#8217;int\u00e8rprets de corda:<\/strong><\/p>\n<ul>\n<li><span class=\"HwtZe\" lang=\"ca\"><span class=\"jCAhz ChMk0b\"><span class=\"ryNqvb\">El professorat i la direcci\u00f3 de l&#8217;Acad\u00e8mia de Cordes faran una selecci\u00f3 de l&#8217;alumnat<\/span><\/span><span class=\"jCAhz ChMk0b\"><span class=\"ryNqvb\">.<\/span><\/span> <\/span><\/li>\n<li><span class=\"HwtZe\" lang=\"ca\"><span class=\"jCAhz ChMk0b\"><span class=\"ryNqvb\">La participaci\u00f3 en el projecte de l&#8217;orquestra \u00e9s obligat\u00f2ria per a l&#8217;alumnat seleccionat, excepte si hi ha un motiu justificat.<\/span><\/span> <\/span><\/li>\n<li><span class=\"HwtZe\" lang=\"ca\"><span class=\"jCAhz ChMk0b\"><span class=\"ryNqvb\">Preu: incl\u00f2s en el preu total de l&#8217;Acad\u00e8mia de Cordes.<\/span><\/span> <\/span><\/li>\n<\/ul>\n<p><strong>Selecci\u00f3 d&#8217;int\u00e8rprets de vent:<\/strong><\/p>\n<ul>\n<li><span class=\"HwtZe\" lang=\"ca\"><span class=\"jCAhz ChMk0b\"><span class=\"ryNqvb\">El professorat i la direcci\u00f3 de l&#8217;Acad\u00e8mia de Vents faran una selecci\u00f3 de l&#8217;alumnat.<\/span><\/span><\/span><\/li>\n<li><span class=\"HwtZe\" lang=\"ca\"><span class=\"jCAhz ChMk0b\"><span class=\"ryNqvb\">La participaci\u00f3 en el projecte de l&#8217;orquestra \u00e9s obligat\u00f2ria per a l&#8217;alumnat seleccionat, excepte si hi ha un motiu justificat.<\/span><\/span> <\/span><\/li>\n<li><span class=\"HwtZe\" lang=\"ca\"><span class=\"jCAhz ChMk0b\"><span class=\"ryNqvb\">L&#8217;arribada ser\u00e0 abans de l&#8217;inici de l&#8217;Acad\u00e8mia de Vents, el dimarts 11 d&#8217;agost abans de les 18 h.<\/span><\/span> <\/span><\/li>\n<li><span class=\"HwtZe\" lang=\"ca\"><span class=\"jCAhz ChMk0b\"><span class=\"ryNqvb\">Preu: no hi ha costos addicionals.<\/span><\/span> <span class=\"jCAhz ChMk0b\"><span class=\"ryNqvb\">Les persones seleccionades per participar en l&#8217;Orquestra tindran acc\u00e9s a nocturnitat i servei d&#8217;esmorzar del 11 al 15 d&#8217;agost (ambd\u00f3s inclosos) i als dinars del 12 al 15 d&#8217;agost (ambd\u00f3s inclosos).<\/span><\/span><\/span><\/li>\n<\/ul>\n<p>[\/et_pb_text][\/et_pb_column][\/et_pb_row][\/et_pb_section][et_pb_section fb_built=&#8221;1&#8243; custom_padding_last_edited=&#8221;on|desktop&#8221; _builder_version=&#8221;4.16&#8243; custom_padding_tablet=&#8221;50px|0|50px|0&#8243; custom_padding_phone=&#8221;&#8221; custom_css_main_element=&#8221;padding-top:0px;&#8221; transparent_background=&#8221;off&#8221; padding_mobile=&#8221;off&#8221; global_colors_info=&#8221;{}&#8221;][et_pb_row _builder_version=&#8221;4.16&#8243; background_size=&#8221;initial&#8221; background_position=&#8221;top_left&#8221; background_repeat=&#8221;repeat&#8221; global_colors_info=&#8221;{}&#8221;][et_pb_column type=&#8221;4_4&#8243; _builder_version=&#8221;4.16&#8243; _module_preset=&#8221;default&#8221; global_colors_info=&#8221;{}&#8221;][et_pb_text _builder_version=&#8221;4.27.0&#8243; _module_preset=&#8221;default&#8221; text_text_color=&#8221;#FFFFFF&#8221; text_font_size=&#8221;19px&#8221; background_color=&#8221;#000000&#8243; border_width_all=&#8221;10px&#8221; border_color_all=&#8221;#000000&#8243; locked=&#8221;off&#8221; global_colors_info=&#8221;{}&#8221;]<\/p>\n<p><strong>\u00a0 <span style=\"color: #ffffff;\">\u00a0Josep Castanyer<\/span><\/strong><\/p>\n<p>[\/et_pb_text][\/et_pb_column][\/et_pb_row][et_pb_row column_structure=&#8221;1_2,1_2&#8243; _builder_version=&#8221;4.27.0&#8243; _module_preset=&#8221;default&#8221; global_colors_info=&#8221;{}&#8221;][et_pb_column type=&#8221;1_2&#8243; _builder_version=&#8221;4.27.0&#8243; _module_preset=&#8221;default&#8221; global_colors_info=&#8221;{}&#8221;][et_pb_image src=&#8221;https:\/\/aims.cat\/wp-content\/uploads\/2025\/11\/josep-castanyer-e1762280492552.jpg&#8221; title_text=&#8221;josep castanyer&#8221; _builder_version=&#8221;4.27.0&#8243; _module_preset=&#8221;default&#8221; width=&#8221;105.3%&#8221; custom_margin=&#8221;|-43px||||&#8221; custom_padding=&#8221;|0px||||&#8221; locked=&#8221;off&#8221; global_colors_info=&#8221;{}&#8221;][\/et_pb_image][\/et_pb_column][et_pb_column type=&#8221;1_2&#8243; _builder_version=&#8221;4.27.0&#8243; _module_preset=&#8221;default&#8221; global_colors_info=&#8221;{}&#8221;][et_pb_text _builder_version=&#8221;4.27.0&#8243; _module_preset=&#8221;default&#8221; locked=&#8221;off&#8221; global_colors_info=&#8221;{}&#8221;]<\/p>\n<h2>Director<\/h2>\n<p>[\/et_pb_text][et_pb_text _builder_version=&#8221;4.27.0&#8243; _module_preset=&#8221;default&#8221; custom_padding=&#8221;||0px|||&#8221; locked=&#8221;off&#8221; global_colors_info=&#8221;{}&#8221;]<\/p>\n<div data-olk-copy-source=\"MessageBody\" style=\"text-align: justify;\">Josep Castanyer Alonso, nascut a Barcelona l\u2019any 1997, \u00e9s membre de la secci\u00f3 de violoncel de l\u2019Orquestra Filharm\u00f2nica Reial d\u2019Estocolm des del 2019. Va iniciar els seus estudis a la Hochschule f\u00fcr Musik und Tanz de Col\u00f2nia, Alemanya, als 16 anys amb la professora Maria Kliegel, i posteriorment va completar un m\u00e0ster en interpretaci\u00f3 de quartet de corda amb el professor G\u00fcnter Pichler, del Quartet Alban Berg, a l&#8217;Escola Superior de M\u00fasica Reina Sof\u00eda de Madrid. T\u00e9 un t\u00edtol en direcci\u00f3 orquestral del Royal College of Music d\u2019Estocolm i, paral\u00b7lelament, tamb\u00e9 ha estudiat composici\u00f3.<\/div>\n<div data-olk-copy-source=\"MessageBody\" style=\"text-align: justify;\"><\/div>\n<div data-olk-copy-source=\"MessageBody\" style=\"text-align: justify;\"><\/div>\n<div data-olk-copy-source=\"MessageBody\" style=\"text-align: justify;\"><\/div>\n<div>\n<p style=\"text-align: justify;\">A m\u00e9s de la seva activitat com a director, en Josep ha escrit obres per a conjunts com els 12 Violoncel\u00b7listes de la Filharm\u00f2nica de Berl\u00edn, i diversos dels seus arranjaments per a piano \u2013 interpretats i enregistrats per ell mateix \u2013 han obtingut una gran difusi\u00f3 en l\u00ednia i als mitjans, amb llan\u00e7aments discogr\u00e0fics sota el segell de Sony Music Entertainment.<\/p>\n<p style=\"text-align: justify;\">Ha participat en festivals com el Festival de Verbier,\u00a0Su\u00efssa, i ha treballat amb mentors com Andr\u00e1s Schiff, Lynn Harrell i G\u00e1bor Tak\u00e1cs-Nagy. Ha tocat i fet gires amb orquestres com l\u2019Orquestra Simf\u00f2nica de la R\u00e0dio Sueca, l\u2019\u00d2pera Reial Sueca i l\u2019Orquestra Simf\u00f2nica de Trondheim, tant com a violoncel\u00b7lista principal com de tutti.<\/p>\n<p style=\"text-align: justify;\">En Josep va participar com a alumne en diverses edicions de l\u2019AIMS al llarg de la seva formaci\u00f3 i fins i tot va estrenar una obra pr\u00f2pia durant el Festival AIMS 2012, una raps\u00f2dia per a quintet de corda i piano que van interpretar els professors de l\u2019acad\u00e8mia.<\/p>\n<\/div>\n<p>[\/et_pb_text][\/et_pb_column][\/et_pb_row][et_pb_row _builder_version=&#8221;4.27.0&#8243; _module_preset=&#8221;default&#8221; custom_padding=&#8221;0px|||9px||&#8221; global_colors_info=&#8221;{}&#8221;][et_pb_column type=&#8221;4_4&#8243; _builder_version=&#8221;4.27.0&#8243; _module_preset=&#8221;default&#8221; global_colors_info=&#8221;{}&#8221;][et_pb_text _builder_version=&#8221;4.27.0&#8243; _module_preset=&#8221;default&#8221; custom_margin=&#8221;-9px|||||&#8221; locked=&#8221;off&#8221; global_colors_info=&#8221;{}&#8221;]<\/p>\n<p style=\"text-align: justify;\">\n<p style=\"text-align: justify;\">[\/et_pb_text][\/et_pb_column][\/et_pb_row][\/et_pb_section]<\/p>\n","protected":false},"excerpt":{"rendered":"<p>ORQUESTRA DEL FESTIVAL AIMS 2026 El m\u00e9s destacat de l\u2019AIMS: L\u2019Orquestra del Festival, 3 dies de treball intens amb un concert l\u2019\u00faltim dia. Assajos parcials de corda durant l&#8217;acad\u00e8mia de [&hellip;]<\/p>\n","protected":false},"author":2,"featured_media":0,"parent":0,"menu_order":0,"comment_status":"closed","ping_status":"closed","template":"","meta":{"_acf_changed":false,"_et_pb_use_builder":"on","_et_pb_old_content":"<p>welcome<\/p>","_et_gb_content_width":"","footnotes":"","_links_to":"","_links_to_target":""},"class_list":["post-6601","page","type-page","status-publish","hentry"],"acf":[],"_links":{"self":[{"href":"https:\/\/aims.cat\/ca\/wp-json\/wp\/v2\/pages\/6601","targetHints":{"allow":["GET"]}}],"collection":[{"href":"https:\/\/aims.cat\/ca\/wp-json\/wp\/v2\/pages"}],"about":[{"href":"https:\/\/aims.cat\/ca\/wp-json\/wp\/v2\/types\/page"}],"author":[{"embeddable":true,"href":"https:\/\/aims.cat\/ca\/wp-json\/wp\/v2\/users\/2"}],"replies":[{"embeddable":true,"href":"https:\/\/aims.cat\/ca\/wp-json\/wp\/v2\/comments?post=6601"}],"version-history":[{"count":28,"href":"https:\/\/aims.cat\/ca\/wp-json\/wp\/v2\/pages\/6601\/revisions"}],"predecessor-version":[{"id":18139,"href":"https:\/\/aims.cat\/ca\/wp-json\/wp\/v2\/pages\/6601\/revisions\/18139"}],"wp:attachment":[{"href":"https:\/\/aims.cat\/ca\/wp-json\/wp\/v2\/media?parent=6601"}],"curies":[{"name":"wp","href":"https:\/\/api.w.org\/{rel}","templated":true}]}}