{"id":8453,"date":"2019-11-20T08:51:31","date_gmt":"2019-11-20T08:51:31","guid":{"rendered":"https:\/\/aims.cat\/aims-academia\/aims-faqs\/"},"modified":"2025-11-15T20:30:03","modified_gmt":"2025-11-15T20:30:03","slug":"aims-faqs","status":"publish","type":"page","link":"https:\/\/aims.cat\/ca\/aims-academia\/aims-faqs\/","title":{"rendered":"FAQs"},"content":{"rendered":"<p>[et_pb_section fb_built=&#8221;1&#8243; admin_label=&#8221;section&#8221; _builder_version=&#8221;4.16&#8243; global_colors_info=&#8221;{}&#8221;][et_pb_row column_structure=&#8221;1_4,3_4&#8243; admin_label=&#8221;row&#8221; _builder_version=&#8221;4.16&#8243; background_size=&#8221;initial&#8221; background_position=&#8221;top_left&#8221; background_repeat=&#8221;repeat&#8221; global_colors_info=&#8221;{}&#8221;][et_pb_column type=&#8221;1_4&#8243; _builder_version=&#8221;4.16&#8243; custom_padding=&#8221;|||&#8221; global_colors_info=&#8221;{}&#8221; custom_padding__hover=&#8221;|||&#8221;][et_pb_sidebar area=&#8221;et_pb_widget_area_3&#8243; admin_label=&#8221;MENU&#8221; module_id=&#8221;AcademyMenu&#8221; _builder_version=&#8221;4.16&#8243; remove_border=&#8221;off&#8221; global_colors_info=&#8221;{}&#8221;][\/et_pb_sidebar][\/et_pb_column][et_pb_column type=&#8221;3_4&#8243; _builder_version=&#8221;4.16&#8243; custom_padding=&#8221;|||&#8221; global_colors_info=&#8221;{}&#8221; custom_padding__hover=&#8221;|||&#8221;][et_pb_post_title meta=&#8221;off&#8221; featured_image=&#8221;off&#8221; text_color=&#8221;light&#8221; text_background=&#8221;on&#8221; text_bg_color=&#8221;#222222&#8243; admin_label=&#8221;T\u00edtulo de publicaci\u00f3n&#8221; _builder_version=&#8221;4.16&#8243; title_font_size=&#8221;18px&#8221; title_all_caps=&#8221;off&#8221; background_color=&#8221;rgba(255,255,255,0)&#8221; parallax=&#8221;on&#8221; parallax_effect=&#8221;on&#8221; module_bg_color=&#8221;rgba(255,255,255,0)&#8221; use_border_color=&#8221;off&#8221; border_color=&#8221;#ffffff&#8221; border_style=&#8221;solid&#8221; global_colors_info=&#8221;{}&#8221;][\/et_pb_post_title][et_pb_accordion open_toggle_text_color=&#8221;#e02b20&#8243; _builder_version=&#8221;4.27.0&#8243; toggle_text_color=&#8221;#e02b20&#8243; hover_enabled=&#8221;0&#8243; global_colors_info=&#8221;{}&#8221; sticky_enabled=&#8221;0&#8243;][et_pb_accordion_item title=&#8221;INSCRIPCI\u00d3, POL\u00cdTICA DE PREUS I IMPORTS&#8221; _builder_version=&#8221;4.27.0&#8243; hover_enabled=&#8221;0&#8243; global_colors_info=&#8221;{}&#8221; open=&#8221;on&#8221; sticky_enabled=&#8221;0&#8243;]<\/p>\n<p><strong>Com m\u2019inscric?<\/strong><br \/>Els estudiants han de completar el formulari d\u2019inscripci\u00f3 i enviar una taxa d\u2019inscripci\u00f3 de 220\u202f\u20ac. No es pot reservar pla\u00e7a sense que h\u00e0gim rebut aquesta quota d\u2019inscripci\u00f3.<\/p>\n<p><strong>Qu\u00e8 inclou l\u2019import de 940\u202f\u20ac?<\/strong><\/p>\n<ul>\n<li>L\u2019import d\u2019inscripci\u00f3<\/li>\n<li>Un m\u00ednim de quatre classes individuals d&#8217;una hora amb el professor seleccionat<\/li>\n<li>\u2022 Acc\u00e9s com a oient a les classes de tots els professors<\/li>\n<li>Participaci\u00f3 en l&#8217;orquestra (alumnes seleccionats)<\/li>\n<li>Assajos amb pianistes acompanyants<\/li>\n<li><span>10 pernoctes (dormir i esmorzar) del 5 al 15 d\u2019agost al mat\u00ed al Seminari Dioces\u00e0 de Solsona o similar.\u00a0<\/span><\/li>\n<li aria-level=\"1\"><span>9 dinars (del 6 al 14, ambd\u00f3s inclosos).<\/span><\/li>\n<li aria-level=\"1\"><span>4 classes individuals.<\/span><\/li>\n<li>Entrades a tots els concerts del Festival AIMS segons aforament<\/li>\n<li>Transport gratu\u00eft fins a alguns concerts fora de Solsona.<\/li>\n<\/ul>\n<p>Els menors nom\u00e9s es podran despla\u00e7ar sempre que puguin anar acompanyats dels nostres monitors.<\/p>\n<p>Els estudiants marxaran de l\u2019Acad\u00e8mia el 15 d\u2019agost al mat\u00ed.<\/p>\n<p><strong>Qu\u00e8 no inclou l\u2019import de 940\u20ac?<\/strong><br \/>No inclou els sopars. L&#8217;AIMS no ofereix sopars perqu\u00e8 normalment tenim planificats concerts i viatges. Els vespres s\u00f3n un bon moment i oportunitat perqu\u00e8 els estudiants es reuneixin i es coneguin.<\/p>\n<p>Tampoc inclou m\u00fasica de cambra amb grup assignat i professor (la inscripci\u00f3 a m\u00fasica de cambra costa 50\u202f\u20ac extra).<\/p>\n<p><strong>Si no he escollit l\u2019extra de m\u00fasica de cambra, no podr\u00e9 tocar en grup?<\/strong><br \/>S\u00ed que podr\u00e0s tenir un grup i treballar la m\u00fasica de cambra durant l\u2019AIMS, per\u00f2 l\u2019organitzaci\u00f3 no es fa responsable de formar un grup, aconseguir una aula d\u2019estudi, una planificaci\u00f3 d\u2019assajos, un professor responsable del grup ni t\u2019assegura la possibilitat d\u2019actuar en concerts.<\/p>\n<p><strong>Quina \u00e9s la pol\u00edtica de cancel\u00b7laci\u00f3?<\/strong><br \/>L&#8217;AIMS retornar\u00e0 l\u2019import en cas de cancel\u00b7laci\u00f3 per malaltia, motius personals importants o en cas de for\u00e7a major. Els 220\u202f\u20ac de quota d\u2019inscripci\u00f3 nom\u00e9s seran retornats si no s\u2019ha acceptat l\u2019acc\u00e9s a l\u2019Acad\u00e8mia.<\/p>\n<p><strong>El dip\u00f2sit de 220\u202f\u20ac s\u2019afegeix al preu del curs o \u00e9s nom\u00e9s per la sol\u00b7licitud?<\/strong><br \/>S\u2019ha de realitzar el dip\u00f2sit de 220\u202f\u20ac en el moment de l&#8217;inscripci\u00f3 al curs per reservar-ne la pla\u00e7a. Aquest dip\u00f2sit est\u00e0 incl\u00f2s en el preu total.<\/p>\n<p><strong>Qui paga les comissions banc\u00e0ries?<\/strong><br \/>En alguns casos, els bancs cobren comissions de transmissi\u00f3 al nostre compte. AIMS no assumir\u00e0 les despeses banc\u00e0ries. Qualsevol rec\u00e0rrec per comissi\u00f3 o import de transacci\u00f3 \u00e9s responsabilitat del remitent.<\/p>\n<p><strong>Hi ha llista d\u2019espera?<\/strong><br \/>S\u00ed, pot ser que t\u2019afegim a una llista d\u2019espera si la classe que sol\u00b7licites ja est\u00e0 plena. A vegades hi pot haver cancel\u00b7lacions i, si \u00e9s aix\u00ed, ho notificarem als estudiants en llista d&#8217;espera.<\/p>\n<p>[\/et_pb_accordion_item][et_pb_accordion_item title=&#8221;RESTRICCI\u00d3 D\u2019EDAT I MENORS&#8221; _builder_version=&#8221;4.27.0&#8243; hover_enabled=&#8221;0&#8243; global_colors_info=&#8221;{}&#8221; open=&#8221;off&#8221; sticky_enabled=&#8221;0&#8243;]<\/p>\n<p><strong>Hi ha alguna restricci\u00f3 d\u2019edat per accedir a l&#8217;AIMS?<\/strong><br \/>L&#8217;AIMS dona la benvinguda a persones de totes les edats. Els pares o tutors legals han d\u2019enviar una autoritzaci\u00f3 de consentiment i certificats m\u00e8dics quan se\u2019ls hi sol\u00b7liciti.<\/p>\n<p>[\/et_pb_accordion_item][et_pb_accordion_item title=&#8221;AJUTS ECON\u00d2MICS&#8221; _builder_version=&#8221;4.27.0&#8243; hover_enabled=&#8221;0&#8243; global_colors_info=&#8221;{}&#8221; open=&#8221;off&#8221; sticky_enabled=&#8221;0&#8243;]<\/p>\n<p><strong>Com s\u2019avalua qui \u00e9s elegible per a beques o ajuts econ\u00f2mics?<\/strong><br \/>L&#8217;AIMS 2026 ofereix suport a trav\u00e9s de la Fundaci\u00f3 AIMS i els Amics de l&#8217;AIMS EUA (beques totals o parcials).<\/p>\n<p>L\u2019ajuda dep\u00e8n de:<\/p>\n<ul>\n<li>Recursos disponibles de la Fundaci\u00f3.<\/li>\n<li>Resultats de l\u2019avaluaci\u00f3 del v\u00eddeo per part del professor.<\/li>\n<li>Necessitats econ\u00f2miques objectives de cada sol\u00b7licitant, com situaci\u00f3 econ\u00f2mica familiar, despeses de viatge, etc.<\/li>\n<\/ul>\n<p><strong>\u00c9s necessari enviar els 220 \u20ac si sol\u00b7licito una beca \/ ajut econ\u00f2mic?<br \/><\/strong>Si sol\u00b7liciteu una beca no cal que envieu l&#8217;import de 220\u202f\u20ac amb la inscripci\u00f3. L&#8217;haureu d&#8217;abonar m\u00e9s endavant en cas que no se us pugui concedir l&#8217;ajut.<\/p>\n<p>[\/et_pb_accordion_item][et_pb_accordion_item title=&#8221;REPERTORI I CLASSES&#8221; _builder_version=&#8221;4.27.0&#8243; hover_enabled=&#8221;0&#8243; global_colors_info=&#8221;{}&#8221; open=&#8221;off&#8221; sticky_enabled=&#8221;0&#8243;]<\/p>\n<p><strong>Hi ha algunes peces o algun repertori espec\u00edfic per a l\u2019audici\u00f3 d&#8217;acc\u00e9s?<\/strong><br \/>No. Els estudiants s\u00f3n lliures d\u2019escollir els seus propis repertoris.<\/p>\n<p><strong>Quan he de confirmar el meu repertori?<\/strong><br \/>Abans del 15 de juliol del 2026. Aix\u00ed els pianistes acompanyants tindran temps de preparar tots els repertoris.<\/p>\n<p><strong>Les classes d\u2019instrument s\u00f3n privades?<\/strong><br \/>A l\u2019AIMS, totes les classes d\u2019instrument s\u2019imparteixen de manera individual \u201cun a un\u201d, per\u00f2 la resta d&#8217;estudiants hi tenen acc\u00e9s com a oients. Tots els estudiants s\u00f3n lliures d\u2019assistir a les classes de qualsevol professor com a oient.<\/p>\n<p><strong>Puc demanar fer una classe extra amb el\/la professor\/a?<\/strong><br \/>S\u00ed, tot i que dep\u00e8n de la disponibilitat del professor i caldr\u00e0 que ens ho comuniquis al moment d&#8217;inscriure&#8217;t. El cost per una classe extra amb el professor ser\u00e0 de 65\u202f\u20ac. Caldr\u00e0 abonar l\u2019import amb el segon pagament.<\/p>\n<p>[\/et_pb_accordion_item][et_pb_accordion_item title=&#8221;INSTRUMENTS&#8221; _builder_version=&#8221;4.27.0&#8243; global_colors_info=&#8221;{}&#8221; open=&#8221;off&#8221;]<\/p>\n<p><strong>L&#8217;AIMS pot proporcionar instruments?<\/strong><br \/>L&#8217;AIMS pot proporcionar contrabaixos simples i alguns violoncels a aquells estudiants als quals els viatges els dificultin portar els instruments. Qualsevol sol\u00b7licitud d\u2019instrument s\u2019ha de fer amb suficient antelaci\u00f3 i per correu electr\u00f2nic i se n\u2019explicaran les condicions.<\/p>\n<p>L&#8217;AIMS no proporciona cap cobertura d\u2019asseguran\u00e7a per a instruments i no es far\u00e0 responsable en cas de dany, p\u00e8rdua o robatori. Cal que consultis amb la teva companyia d\u2019asseguran\u00e7a (o la dels teus pares) o del propietari per tal d\u2019estar segur que el teu instrument est\u00e0 totalment cobert.<\/p>\n<p><strong>Com puc transportar \/ moure instruments pesats com el contrabaix durant l\u2019AIMS?<br \/><\/strong>Els instruments pesats es transportaran amb cotxe durant el festival i l&#8217;acad\u00e8mia.<\/p>\n<p>[\/et_pb_accordion_item][et_pb_accordion_item title=&#8221;GRUPS DE M\u00daSICA DE CAMBRA&#8221; _builder_version=&#8221;4.27.0&#8243; global_colors_info=&#8221;{}&#8221; open=&#8221;off&#8221;]<\/p>\n<p><strong>He de tocar en grups de m\u00fasica de cambra?<\/strong><br \/>Es formaran grups de cambra per aquells alumnes que ho hagin demanat al moment de fer la inscripci\u00f3. Els grups (i professor assignat) es notificaran per correu electr\u00f2nic abans del 20 de juliol.<\/p>\n<p><strong>He de portar partitures i faristol?<\/strong><br \/>Els estudiants han de portar les seves partitures (i les parts de piano) impreses i els seus propis faristols per estudiar a les aules d\u2019estudi i per les classes de cambra. L&#8217;AIMS no es fa responsable de proveir faristols als estudiants.<\/p>\n<p><strong>Si no m\u2019he inscrit a m\u00fasica de cambra, podr\u00e9 fer-ne?<\/strong><br \/>S\u00ed, per\u00f2 l\u2019organitzaci\u00f3 no ser\u00e0 responsable de crear un grup, ni de buscar un professor ni aula per estudiar. Tot i aix\u00f2, podeu portar les partitures de cambra que us agradaria compartir i si trobeu amb qui ci com, a gaudir!<\/p>\n<p>[\/et_pb_accordion_item][et_pb_accordion_item title=&#8221;ALLOTJAMENT&#8221; _builder_version=&#8221;4.27.0&#8243; hover_enabled=&#8221;0&#8243; global_colors_info=&#8221;{}&#8221; open=&#8221;off&#8221; sticky_enabled=&#8221;0&#8243;]<\/p>\n<p>Els alumnes del curs s\u2019allotjaran a l\u2019edifici del Seminari de la Di\u00f2cesi de Solsona:<\/p>\n<p>SEMINARI DE SOLSONA<br \/>Pujada del Seminari, 15-16<br \/>25280 Solsona (Lleida)<br \/>Espanya<\/p>\n<p><strong>Com s\u00f3n les habitacions del Seminari?<br \/><\/strong>Les habitacions del seminari s\u00f3n dobles, b\u00e0siques i funcionals. Hi ha dos llits individuals i un bany a cada habitaci\u00f3.<\/p>\n<p><strong>Hi ha roba de llit i tovallola al Seminari?<br \/><\/strong>S\u00ed<\/p>\n<p><strong>Hi ha WiFi al Seminari?<br \/><\/strong>S\u00ed<\/p>\n<p><strong>M\u2019he de quedar al Seminari?<br \/><\/strong>No \u00e9s obligatori, per\u00f2 preferim que ho facis per estar amb la resta d\u2019alumnes.<\/p>\n<p><strong>Hi ha allotjament pels pares acompanyants?<br \/><\/strong>Al seminari, no. A Solsona, s\u00ed, gestionant-s\u2019ho pel seu compte. Els familiars poden allotjar-se a:<\/p>\n<ul>\n<li>Hotel Sant Roc (on s\u2019allotgen els professors de l\u2019AIMS)<br \/><a href=\"http:\/\/www.hotelsantroc.com\">http:\/\/www.hotelsantroc.com<\/a><\/li>\n<li>Hotel Solsona Center<br \/><a href=\"http:\/\/www.hotelsolsonacentre.com.es\/\">http:\/\/www.hotelsolsonacentre.com.es\/<\/a><\/li>\n<li>Hotel La Freixera<br \/><a href=\"http:\/\/www.lafreixera.com\">http:\/\/www.lafreixera.com<\/a><\/li>\n<li>Hotel Gran Sol<br \/><a href=\"http:\/\/hotelgransolsolsona.com\/\">http:\/\/hotelgransolsolsona.com\/<\/a><\/li>\n<li>Torre Viladot<br \/><a href=\"http:\/\/hotelgransolsolsona.com\/\">https:\/\/www.torreviladot.com\/es\/index.html<\/a><\/li>\n<li>Trobareu altres allotjaments tur\u00edstics a Solsona i voltants.<\/li>\n<li>En cases particulars. Hi ha fam\u00edlies a Solsona que et rebran, de forma gratu\u00efta, per un intercanvi d\u2019idiomes.<\/li>\n<\/ul>\n<p><strong>Podem llogar un cotxe a Solsona?<br \/><\/strong>S\u00ed, tot i que nom\u00e9s hi ha un lloc a Solsona per llogar cotxe (garatge Citro\u00ebn). Poseu-vos en contacte amb l&#8217;equip de l&#8217;AIMS si necessiteu ajuda per fer una reserva.<\/p>\n<p>[\/et_pb_accordion_item][et_pb_accordion_item title=&#8221;HORARIS D\u2019ESTUDI&#8221; _builder_version=&#8221;4.27.0&#8243; hover_enabled=&#8221;0&#8243; global_colors_info=&#8221;{}&#8221; open=&#8221;off&#8221; sticky_enabled=&#8221;0&#8243;]<\/p>\n<p><strong>Quins s\u00f3n els possibles horaris per estudiar?<\/strong><\/p>\n<p>Aviat informarem dels horaris d&#8217;estudi de l&#8217;Acad\u00e8mia 2026. De moment, podeu consultar els de l&#8217;Acad\u00e8mia 2025:<\/p>\n<ul>\n<li>Seminari: de 9:00 a 14:00 i de 16:00 a 21:00<\/li>\n<li>Escola de m\u00fasica: de 8:30 a 14:00 i de 15:00 a 21:00<\/li>\n<\/ul>\n<p>Des de les 21:00 fins a les 9:00 cal estar en silenci al seminari. Compartim espai amb altres persones que no s\u00f3n de l\u2019AIMS i cal respectar-les.<\/p>\n<p>[\/et_pb_accordion_item][et_pb_accordion_item title=&#8221;DINAR&#8221; open=&#8221;off&#8221; _builder_version=&#8221;4.27.0&#8243; hover_enabled=&#8221;0&#8243; global_colors_info=&#8221;{}&#8221; sticky_enabled=&#8221;0&#8243;]<\/p>\n<p><strong>On dinen els estudiants?<\/strong><br \/>Tots els alumnes i professors dinen a un restaurant del centre de Solsona.<\/p>\n<p><strong>Puc dinar a un altre lloc?<\/strong><br \/>Recomanem a tots els alumnes dinar amb nosaltres. El dinar \u00e9s una bona oportunitat per reunir-se amb estudiants de tot el m\u00f3n i \u00e9s quan els organitzadors de l\u2019AIMS expliquen les activitats di\u00e0ries, els horaris, la log\u00edstica, s&#8217;acoten els repertoris dels concerts, etc. Aix\u00f2 no obstant, els estudiants s\u00f3n lliures de dinar en algun altre lloc pel seu compte, si aix\u00ed ho prefereixen.<\/p>\n<p>[\/et_pb_accordion_item][et_pb_accordion_item title=&#8221;SOLSONA&#8221; _builder_version=&#8221;4.27.0&#8243; global_colors_info=&#8221;{}&#8221; open=&#8221;off&#8221;]<\/p>\n<p><strong>Hi ha bugaderia?<\/strong><br \/>Hi ha algunes bugaderies a Solsona.<\/p>\n<p><strong>\u00c9s una ciutat segura?<\/strong><br \/>Solsona \u00e9s una ciutat molt petita i molt segura. Es pot anar f\u00e0cilment a peu a totes les activitats i llocs.<\/p>\n<p><strong>Quin temps fa a Solsona?<\/strong><br \/>La temperatura a Solsona sol ser alta a l\u2019agost, arribant els 25-30\u202f\u00b0C. Porta roba d\u2019estiu, per\u00f2 tamb\u00e9 alguna pe\u00e7a que t\u2019abrigui una mica perqu\u00e8 les temperatures poden baixar al vespre o despr\u00e9s de les tempestes. Si t\u2019agrada nedar, porta banyador, mai se sap!<\/p>\n<p>[\/et_pb_accordion_item][et_pb_accordion_item title=&#8221;QU\u00c8 CAL PORTAR&#8221; _builder_version=&#8221;4.27.0&#8243; hover_enabled=&#8221;0&#8243; global_colors_info=&#8221;{}&#8221; open=&#8221;off&#8221; sticky_enabled=&#8221;0&#8243;]<\/p>\n<p>\u2713 Formulari d\u2019autoritzaci\u00f3 de menors<br \/>\u2713 Targeta sanit\u00e0ria i\/o d\u2019asseguran\u00e7a m\u00e8dica. L&#8217;AIMS t\u00e9 una asseguran\u00e7a de responsabilitat civil que cobreix a tots els participants; de totes maneres, els estudiants han de tenir la seva asseguran\u00e7a m\u00e8dica (o portar la targeta de la Seguretat Social) que els cobreixi en cas de malaltia o accident.<\/p>\n<p>Cal que tots els estudiants portin el seu faristol, l&#8217;AIMS nom\u00e9s proporciona faristols per als concerts, no per la pr\u00e0ctica dels estudiants o per les classes de cambra.<\/p>\n<p>Cal que tots els estudiants portin les seves partitures ja impreses i les parts de piano per als pianistes tamb\u00e9 impreses. L&#8217;oficina de l&#8217;AIMS no oferir\u00e0 de manera gen\u00e8rica servei d&#8217;impressi\u00f3, nom\u00e9s en cas d&#8217;emerg\u00e8ncia.<\/p>\n<p><strong>Quina \u00e9s la roba de concerts i actuacions?<\/strong><br \/><span>\u2014 Pantalons negres \/ vestit negre \/ faldilla i brusa negres, etc.<\/span><br \/><span>\u2014 Pantalons negres, camisa negra i sabates negres.<\/span><\/p>\n<p>[\/et_pb_accordion_item][et_pb_accordion_item title=&#8221;VIATJAR CAP A I DES DE SOLSONA&#8221; _builder_version=&#8221;4.27.0&#8243; hover_enabled=&#8221;0&#8243; global_colors_info=&#8221;{}&#8221; open=&#8221;off&#8221; sticky_enabled=&#8221;0&#8243;]<\/p>\n<p><strong>Com puc arribar a Solsona?<br \/><\/strong>A Solsona s&#8217;hi accedeix per carretera. Est\u00e0 a tan sols una hora i mitja de Barcelona en cotxe i una mica m\u00e9s de dues hores amb autob\u00fas. Est\u00e0 a poc m\u00e9s de 100 km de Barcelona.<\/p>\n<p>Hi ha dues opcions per arribar a Solsona:<\/p>\n<p>I. Taxi directe des de l&#8217;aeroport<br \/>Si decideixes agafar un taxi directe a Solsona, et costar\u00e0 uns 150 \u20ac que haur\u00e0s de pagar directament al conductor. Si ho desitges, estarem encantats d&#8217;enviar-te un taxi des de Solsona perqu\u00e8 et reculli a l&#8217;aeroport.<\/p>\n<p>II. Autob\u00fas des de la terminal d&#8217;autobusos Estaci\u00f3 del Nord<br \/>Com arribar des de l&#8217;aeroport de Barcelona a la terminal d&#8217;autobusos Estaci\u00f3 del Nord<br \/>a) en taxi<br \/>b) Aerobus + Metro<br \/>c) Bus 46 + Metro<br \/>d) Tren Renfe + Metro<br \/>e) Metro L9<\/p>\n<p>a) Taxi: Un taxi \u00e9s la forma m\u00e9s f\u00e0cil i r\u00e0pida d&#8217;arribar a al centre de Barcelona des de l&#8217;aeroport. Tarda uns 20-25 minuts. El preu oscil\u00b7la entre els 25 \u20ac i els 30 \u20ac (depenent del tr\u00e0nsit). Dins de l&#8217;estaci\u00f3 compra el teu bitllet a Solsona a la taquilla d&#8217;ALSA Alsina Graells.<\/p>\n<p>b) Aerobus: Hi ha un autob\u00fas llan\u00e7adora Aerobus que va des de l&#8217;Aeroport de Barcelona fins al centre de la ciutat de Barcelona. Has de baixar de l&#8217;autob\u00fas a la parada Pla\u00e7a Catalunya (que \u00e9s on acaba el servei). Des d&#8217;all\u00e0, agafa la l\u00ednia 1 de metro (L1) fins a Arc de Triomf.<\/p>\n<p>Baixa a Arc de Triomf. Depenent de la sortida que prenguis, haur\u00e0s de caminar a la dreta (amb l&#8217;Arc de Triomf a l&#8217;esquena) per veure l&#8217;estaci\u00f3 d&#8217;autobusos (Estaci\u00f3 del Nord). Dins de l&#8217;estaci\u00f3 compra el teu bitllet a Solsona a la taquilla d&#8217;ALSA Alsina Graells.<\/p>\n<p>c) Autob\u00fas 46: A l&#8217;arribar, segueix el s\u00edmbol de l&#8217;autob\u00fas i els senyals de connexi\u00f3 i baixa un pis fins a la parada d&#8217;autob\u00fas &#8220;Metropolitans&#8221;.<\/p>\n<p>Agafa l&#8217;autob\u00fas p\u00fablic n\u00ba 46 fins a Pla\u00e7a Espanya. El preu del bitllet senzill \u00e9s de 2 \u20ac que pots comprar a l&#8217;autob\u00fas. Aquest autob\u00fas surt cada 20 minuts i Pla\u00e7a Espanya \u00e9s l&#8217;\u00faltima parada. Per a aquells que arribeu a la Terminal 2 (T2), agafeu l&#8217;autob\u00fas n\u00famero 46. L&#8217;autob\u00fas n\u00famero 46 \u00e9s davant de la T2.<\/p>\n<p>A Pla\u00e7a Espanya has d\u2019agafar la l\u00ednia 1 (L1) del Metro fins a Arc de Triomf. Baixa a Arc de Triomf. Depenent de la sortida que agafis, haur\u00e0s de caminar a la dreta (amb l&#8217;Arc de Triomf a l&#8217;esquena) per veure l&#8217;estaci\u00f3 d&#8217;autobusos (Estaci\u00f3 del Nord). Dins de l&#8217;estaci\u00f3 compra el teu bitllet a Solsona a la taquilla d&#8217;ALSA Alsina Graells.<\/p>\n<p>d) Tren Renfe: L&#8217;aeroport tamb\u00e9 compta amb el tren de rodalies. La l\u00ednia \u00e9s R2 Nord i est\u00e0 operada per Renfe.<\/p>\n<p>L&#8217;estaci\u00f3 de tren est\u00e0 situada prop de la T2 davant de la T2B i est\u00e0 connectada a la terminal per una passarel\u00b7la a\u00e8ria (entrada a el comen\u00e7ament de la T2B, just abans de la T2A, al primer pis). Des de la T1, haur\u00e0s d\u2019agafar l&#8217;autob\u00fas d&#8217;enlla\u00e7 gratu\u00eft que connecta les 2 terminals. \u00c9s un viatge de 10 minuts.<\/p>\n<p>Al centre de la ciutat es recomana baixar a l&#8217;estaci\u00f3 Passeig de Gr\u00e0cia. Des d&#8217;all\u00e0, dirigir-te a Pla\u00e7a Catalunya per agafar la l\u00ednia 1 (L1) de Metro fins a Arc de Triomf.<\/p>\n<p>Baixa a Arc de Triomf. Depenent de la sortida que agafis, haur\u00e0s de caminar a la dreta (amb l&#8217;Arc de Triomf a l&#8217;esquena) per veure l&#8217;estaci\u00f3 d&#8217;autobusos (Estaci\u00f3 del Nord). Dins de l&#8217;estaci\u00f3 compra el bitllet a Solsona a la taquilla d&#8217;ALSA Alsina Graells.<\/p>\n<p>e) Metro: Agafa la L9 Sud (l\u00ednia taronja) fins a la parada Torrassa i des d&#8217;all\u00e0 agafa la l\u00ednia 1 (L1) del Metro fins a Arc de Triomf.<\/p>\n<p>Baixa a Arc de Triomf. Depenent de la sortida que agafis, haur\u00e0s de caminar a la dreta (amb l&#8217;Arc de Triomf a l&#8217;esquena) per veure l&#8217;estaci\u00f3 d&#8217;autobusos (Estaci\u00f3 del Nord). Dins de l&#8217;estaci\u00f3 compra el teu bitllet a Solsona a la taquilla d&#8217;ALSA Alsina Graells.<\/p>\n<p>AIMS no proporciona un servei de transport per a estudiants o les seves fam\u00edlies.<\/p>\n<p><strong>Quan he d\u2019arribar a Solsona?<br \/>Has d\u2019arribar el 5 d&#8217;agost abans de les 18\u202fh.<br \/><\/strong>Si arribes uns dies abans o et quedes uns dies despr\u00e9s de l\u2019Acad\u00e8mia, haur\u00e0s de pagar les nits addicionals. Aviat confirmarem el preu per manutenci\u00f3 extra, per a m\u00e9s informaci\u00f3 pots contactar amb nosaltres a trav\u00e9s de <a href=\"mailto:info@aims.cat\">info@aims.cat<\/a><\/p>\n<p>AIMS necessita estar informat d\u2019aquestes arribades anticipades i\/o sortides tardanes.<\/p>\n<p><strong>A on he d\u2019anar a l\u2019arribar?<br \/><\/strong>Per aquells que arribeu en cotxe o transport privat, heu d\u2019anar al Seminari.<br \/>Els que arribeu en autocar des de Barcelona, l\u2019equip de l\u2019AIMS us recollir\u00e0 a la parada d\u2019autob\u00fas de Solsona per portar-vos al Seminari.<\/p>\n<p><strong>Quan puc marxar de Solsona?<\/strong><br \/>El dia de sortida \u00e9s el 15 d\u2019agost al mat\u00ed.<\/p>\n<p><strong>Qu\u00e8 passa si no em puc quedar a tota la durada del Festival?<br \/><\/strong>Preferim que et quedis durant tot el festival, per\u00f2 pot haver-hi algunes excepcions amb l\u2019acord previ del director de l&#8217;AIMS.<\/p>\n<p>[\/et_pb_accordion_item][et_pb_accordion_item title=&#8221;CERTIFICAT DE PARTICIPACI\u00d3&#8221; _builder_version=&#8221;4.27.0&#8243; hover_enabled=&#8221;0&#8243; global_colors_info=&#8221;{}&#8221; open=&#8221;off&#8221; sticky_enabled=&#8221;0&#8243;]<\/p>\n<p><strong>Rebrem un certificat de participaci\u00f3?<\/strong><br \/>Els estudiants rebreu un diploma oficial de la Universitat de Lleida durant la primera quinzena de setembre al vostre e-mail.<\/p>\n<p>[\/et_pb_accordion_item][et_pb_accordion_item title=&#8221;ASSEGURAN\u00c7A&#8221; _builder_version=&#8221;4.27.0&#8243; global_colors_info=&#8221;{}&#8221; open=&#8221;off&#8221;]<\/p>\n<p><strong>Necessito una asseguran\u00e7a privada?<br \/><\/strong>L&#8217;AIMS compta amb una asseguran\u00e7a de responsabilitat civil que cobreix a tots els participants. Tanmateix, tots els estudiants han de tenir algun tipus d\u2019asseguran\u00e7a m\u00e8dica que els cobreixi de malaltia o accident.<\/p>\n<p><strong>\u00c9s obligatori portar la meva targeta d\u2019asseguran\u00e7a i el carnet o llibre de vacunes?<br \/><\/strong>Tot i que no \u00e9s obligatori, et recomanem que ho facis. En cas que necessitis anar a un metge, com m\u00e9s informaci\u00f3 li puguem proporcionar, millor.<\/p>\n<p>[\/et_pb_accordion_item][\/et_pb_accordion][\/et_pb_column][\/et_pb_row][\/et_pb_section]<\/p>\n","protected":false},"excerpt":{"rendered":"<p>Com m\u2019inscric?Els estudiants han de completar el formulari d\u2019inscripci\u00f3 i enviar una taxa d\u2019inscripci\u00f3 de 220\u202f\u20ac. No es pot reservar pla\u00e7a sense que h\u00e0gim rebut aquesta quota d\u2019inscripci\u00f3. Qu\u00e8 inclou [&hellip;]<\/p>\n","protected":false},"author":3,"featured_media":0,"parent":1021,"menu_order":0,"comment_status":"closed","ping_status":"closed","template":"","meta":{"_acf_changed":false,"_et_pb_use_builder":"on","_et_pb_old_content":"","_et_gb_content_width":"","footnotes":"","_links_to":"","_links_to_target":""},"class_list":["post-8453","page","type-page","status-publish","hentry"],"acf":[],"_links":{"self":[{"href":"https:\/\/aims.cat\/ca\/wp-json\/wp\/v2\/pages\/8453","targetHints":{"allow":["GET"]}}],"collection":[{"href":"https:\/\/aims.cat\/ca\/wp-json\/wp\/v2\/pages"}],"about":[{"href":"https:\/\/aims.cat\/ca\/wp-json\/wp\/v2\/types\/page"}],"author":[{"embeddable":true,"href":"https:\/\/aims.cat\/ca\/wp-json\/wp\/v2\/users\/3"}],"replies":[{"embeddable":true,"href":"https:\/\/aims.cat\/ca\/wp-json\/wp\/v2\/comments?post=8453"}],"version-history":[{"count":9,"href":"https:\/\/aims.cat\/ca\/wp-json\/wp\/v2\/pages\/8453\/revisions"}],"predecessor-version":[{"id":17980,"href":"https:\/\/aims.cat\/ca\/wp-json\/wp\/v2\/pages\/8453\/revisions\/17980"}],"up":[{"embeddable":true,"href":"https:\/\/aims.cat\/ca\/wp-json\/wp\/v2\/pages\/1021"}],"wp:attachment":[{"href":"https:\/\/aims.cat\/ca\/wp-json\/wp\/v2\/media?parent=8453"}],"curies":[{"name":"wp","href":"https:\/\/api.w.org\/{rel}","templated":true}]}}