{"id":962,"date":"2016-01-25T07:16:04","date_gmt":"2016-01-25T07:16:04","guid":{"rendered":"https:\/\/aims.cat\/ca\/about\/"},"modified":"2022-01-14T12:58:35","modified_gmt":"2022-01-14T12:58:35","slug":"sobre","status":"publish","type":"page","link":"https:\/\/aims.cat\/ca\/sobre\/","title":{"rendered":"Sobre l\u2019AIMS Fundaci\u00f3"},"content":{"rendered":"<p>[et_pb_section fb_built=&#8221;1&#8243; admin_label=&#8221;section&#8221; _builder_version=&#8221;3.22&#8243;][et_pb_row column_structure=&#8221;1_4,3_4&#8243; admin_label=&#8221;row&#8221; _builder_version=&#8221;3.25&#8243; background_size=&#8221;initial&#8221; background_position=&#8221;top_left&#8221; background_repeat=&#8221;repeat&#8221;][et_pb_column type=&#8221;1_4&#8243; _builder_version=&#8221;3.25&#8243; custom_padding=&#8221;|||&#8221; custom_padding__hover=&#8221;|||&#8221;][et_pb_post_title meta=&#8221;off&#8221; featured_image=&#8221;off&#8221; text_color=&#8221;light&#8221; text_background=&#8221;on&#8221; text_bg_color=&#8221;#ea4951&#8243; admin_label=&#8221;T\u00edtulo de publicaci\u00f3n&#8221; _builder_version=&#8221;3.0.87&#8243; title_all_caps=&#8221;off&#8221; background_color=&#8221;rgba(255,255,255,0)&#8221; parallax=&#8221;on&#8221; parallax_method=&#8221;off&#8221; parallax_effect=&#8221;on&#8221; module_bg_color=&#8221;rgba(255,255,255,0)&#8221; use_border_color=&#8221;off&#8221; border_color=&#8221;#ffffff&#8221; border_style=&#8221;solid&#8221;][\/et_pb_post_title][et_pb_sidebar area=&#8221;et_pb_widget_area_2&#8243; admin_label=&#8221;MENU&#8221; module_id=&#8221;SectionMenu&#8221; module_class=&#8221;HideLessThan981&#8243; _builder_version=&#8221;3.0.74&#8243; remove_border=&#8221;off&#8221;][\/et_pb_sidebar][\/et_pb_column][et_pb_column type=&#8221;3_4&#8243; _builder_version=&#8221;3.25&#8243; custom_padding=&#8221;|||&#8221; custom_padding__hover=&#8221;|||&#8221;][et_pb_text admin_label=&#8221;Texto&#8221; _builder_version=&#8221;4.9.4&#8243; background_size=&#8221;initial&#8221; background_position=&#8221;top_left&#8221; background_repeat=&#8221;repeat&#8221; module_alignment=&#8221;left&#8221; hover_enabled=&#8221;0&#8243; z_index_tablet=&#8221;500&#8243; text_text_shadow_horizontal_length_tablet=&#8221;0px&#8221; text_text_shadow_vertical_length_tablet=&#8221;0px&#8221; text_text_shadow_blur_strength_tablet=&#8221;1px&#8221; link_text_shadow_horizontal_length_tablet=&#8221;0px&#8221; link_text_shadow_vertical_length_tablet=&#8221;0px&#8221; link_text_shadow_blur_strength_tablet=&#8221;1px&#8221; ul_text_shadow_horizontal_length_tablet=&#8221;0px&#8221; ul_text_shadow_vertical_length_tablet=&#8221;0px&#8221; ul_text_shadow_blur_strength_tablet=&#8221;1px&#8221; ol_text_shadow_horizontal_length_tablet=&#8221;0px&#8221; ol_text_shadow_vertical_length_tablet=&#8221;0px&#8221; ol_text_shadow_blur_strength_tablet=&#8221;1px&#8221; quote_text_shadow_horizontal_length_tablet=&#8221;0px&#8221; quote_text_shadow_vertical_length_tablet=&#8221;0px&#8221; quote_text_shadow_blur_strength_tablet=&#8221;1px&#8221; header_text_shadow_horizontal_length_tablet=&#8221;0px&#8221; header_text_shadow_vertical_length_tablet=&#8221;0px&#8221; header_text_shadow_blur_strength_tablet=&#8221;1px&#8221; header_2_text_shadow_horizontal_length_tablet=&#8221;0px&#8221; header_2_text_shadow_vertical_length_tablet=&#8221;0px&#8221; header_2_text_shadow_blur_strength_tablet=&#8221;1px&#8221; header_3_text_shadow_horizontal_length_tablet=&#8221;0px&#8221; header_3_text_shadow_vertical_length_tablet=&#8221;0px&#8221; header_3_text_shadow_blur_strength_tablet=&#8221;1px&#8221; header_4_text_shadow_horizontal_length_tablet=&#8221;0px&#8221; header_4_text_shadow_vertical_length_tablet=&#8221;0px&#8221; header_4_text_shadow_blur_strength_tablet=&#8221;1px&#8221; header_5_text_shadow_horizontal_length_tablet=&#8221;0px&#8221; header_5_text_shadow_vertical_length_tablet=&#8221;0px&#8221; header_5_text_shadow_blur_strength_tablet=&#8221;1px&#8221; header_6_text_shadow_horizontal_length_tablet=&#8221;0px&#8221; header_6_text_shadow_vertical_length_tablet=&#8221;0px&#8221; header_6_text_shadow_blur_strength_tablet=&#8221;1px&#8221; box_shadow_horizontal_tablet=&#8221;0px&#8221; box_shadow_vertical_tablet=&#8221;0px&#8221; box_shadow_blur_tablet=&#8221;40px&#8221; box_shadow_spread_tablet=&#8221;0px&#8221; sticky_enabled=&#8221;0&#8243;]<\/p>\n<p><img loading=\"lazy\" decoding=\"async\" class=\"wp-image-8173  alignleft\" src=\"https:\/\/aims.cat\/wp-content\/uploads\/2019\/11\/Peter_Thiemann-1-150x150.jpg\" alt=\"\" width=\"179\" height=\"179\" \/><strong>Benvinguts a l&#8217;AIMS!\u00a0<\/strong><\/p>\n<p>AIMS significa \u00abAcad\u00e8mia Internacional de M\u00fasica de Solsona\u00bb. L\u2019AIMS ja porta activa m\u00e9s de 20 anys oferint tres tipus de programes: AIMS Acad\u00e8mia, AIMS Festival i AIMS Social. L\u2019any 2015 es va establir l\u2019AIMS Fundaci\u00f3 per tal d\u2019expandir aquests programes i afegir-ne de nous.<\/p>\n<p>L\u2019AIMS Fundaci\u00f3 opera en el camp de la m\u00fasica cl\u00e0ssica i l\u2019educaci\u00f3. Ofereix activitats que tenen com a objectiu servir d\u2019enlla\u00e7os entre la m\u00fasica i la societat. S\u2019esfor\u00e7a per fomentar la interacci\u00f3 entre els m\u00fasics joves de qualsevol nacionalitat i, en aquest sentit, introdueix activitats que exploren la sinergia\u00a0entre m\u00fasica i tecnologia, aix\u00ed com\u00a0activitats adre\u00e7ades a formar i orientar joves talents, especialment aquells l\u2019origen o possibilitats econ\u00f2miques dels quals limiten el seu desenvolupament adequat per accedir al m\u00f3n professional.<\/p>\n<p><strong>L&#8217;AIMS Acad\u00e8mia<\/strong> convida joves estudiants de m\u00fasica amb talent de tot el m\u00f3n, i ofereix classes individuals i en grup amb reconeguts professors de m\u00fasica d\u2019institucions de gran renom. Aquest programa proporciona una extensa formaci\u00f3 i orientaci\u00f3 als joves, especialment a aquells que tenen poques oportunitats d\u2019acc\u00e9s a una bona formaci\u00f3 professional.<\/p>\n<p><strong>L\u2019AIMS Festival<\/strong> ofereix l\u2019oportunitat perqu\u00e8 els estudiants puguin mostrar el seu talent i les seves habilitats acabades d\u2019aprendre davant un p\u00fablic local,\u00a0en pobles singulars, dins d\u2019esgl\u00e9sies i en llocs hist\u00f2rics.\u00a0Els concerts al Festival s\u00f3n la culminaci\u00f3 de l\u2019aprenentatge realitzat i de l\u2019orientaci\u00f3 rebuda que connecten finalment els estudiants i els mestres amb el p\u00fablic.<\/p>\n<p><strong>L\u2019AIMS Social<\/strong> porta a terme activitats socials que vinculen la m\u00fasica amb la societat. El programa organitza actuacions de m\u00fasica en viu per aquells col\u00b7lectius que no poden assistir als concerts, aix\u00f2 inclou des de centres m\u00e8dics, resid\u00e8ncies i llars d\u2019avis, fins a centres de discapacitats.<\/p>\n<p><strong>L&#8217;AIMS Tutoria i Apadrinament<\/strong>. Aquest programa ofereix tutoria i orientaci\u00f3 a joves talents i, especialment, a aquells que tenen poques oportunitats per a la formaci\u00f3 professional.<\/p>\n<p style=\"text-align: center;\"><img loading=\"lazy\" decoding=\"async\" class=\"wp-image-9638 alignnone  aligncenter\" src=\"https:\/\/aims.cat\/wp-content\/uploads\/2020\/07\/Signature-Peter-Thiemann-300x150.png\" alt=\"\" width=\"202\" height=\"101\" \/><strong style=\"text-align: center;\">Peter Thiemann<br \/><\/strong><span style=\"text-align: center;\">President de l&#8217;AIMS Fundaci\u00f3<\/span><\/p>\n<p>[\/et_pb_text][\/et_pb_column][\/et_pb_row][\/et_pb_section]<\/p>\n","protected":false},"excerpt":{"rendered":"<p>Benvinguts a l&#8217;AIMS!\u00a0 AIMS significa \u00abAcad\u00e8mia Internacional de M\u00fasica de Solsona\u00bb. L\u2019AIMS ja porta activa m\u00e9s de 20 anys oferint tres tipus de programes: AIMS Acad\u00e8mia, AIMS Festival i AIMS [&hellip;]<\/p>\n","protected":false},"author":2,"featured_media":0,"parent":0,"menu_order":0,"comment_status":"closed","ping_status":"closed","template":"","meta":{"_acf_changed":false,"_et_pb_use_builder":"on","_et_pb_old_content":"<p>AIMS stands for Academia Internacional de M\u00fasica de Solsona.\u00a0 AIMS has been operating near Barcelona, Spainfor 14 years, running three programs: AIMS Academy, AIMS Festival, and AIMS Social.\u00a0 The AIMS Foundation has recently been established to expand on these existing programs and to add new ones.<\/p><p>The AIMS Foundation operates in the field of classical music and education, providing activities which aim to serve as links between music and society. It strives to foster interaction between young musicians from any nation, introducing activities which explore the synergy between modern technology and music, and activities of comprehensive mentoring and guidance to young talents especially for those whose origin or economic possibilities limit a proper development of their professional training.<\/p><p>Naturally, creating great music starts by nurturing young musicians.<\/p><p>The AIMS Academy invites and brings talented young music students together from around the world, and provides private and group mentoring with highly renowned music professors from well-known institutions.\u00a0 This program provides comprehensive mentoring and guidance to young talents especially to those with limited opportunity for professional training.<\/p><p>The AIMS Festival provides an opportunity for students to express their talents and newly learned skills in front of local audiences, in historic locations and churches and towns.\u00a0 The performances at the music festival are the culmination of tutoring and mentoring that finally connects the students and teachers to the audience.<\/p><p>AIMS Social carries out social activities that link music with society.\u00a0 The program brings live music performances to those who cannot come to classical concerts: to medical centers, senior living facilities, and homes for the elderly and the disabled.<\/p><p>AIMS Music and Technology explores the synergy between modern technology and music.\u00a0 We seek to understand (or determine?) the critical needs and preferences of professional and amateur musicians. Then we adopt or develop technical solutions that aid music performances, teaching and learning.<\/p>","_et_gb_content_width":"","footnotes":"","_links_to":"","_links_to_target":""},"class_list":["post-962","page","type-page","status-publish","hentry"],"acf":[],"_links":{"self":[{"href":"https:\/\/aims.cat\/ca\/wp-json\/wp\/v2\/pages\/962","targetHints":{"allow":["GET"]}}],"collection":[{"href":"https:\/\/aims.cat\/ca\/wp-json\/wp\/v2\/pages"}],"about":[{"href":"https:\/\/aims.cat\/ca\/wp-json\/wp\/v2\/types\/page"}],"author":[{"embeddable":true,"href":"https:\/\/aims.cat\/ca\/wp-json\/wp\/v2\/users\/2"}],"replies":[{"embeddable":true,"href":"https:\/\/aims.cat\/ca\/wp-json\/wp\/v2\/comments?post=962"}],"version-history":[{"count":2,"href":"https:\/\/aims.cat\/ca\/wp-json\/wp\/v2\/pages\/962\/revisions"}],"predecessor-version":[{"id":12821,"href":"https:\/\/aims.cat\/ca\/wp-json\/wp\/v2\/pages\/962\/revisions\/12821"}],"wp:attachment":[{"href":"https:\/\/aims.cat\/ca\/wp-json\/wp\/v2\/media?parent=962"}],"curies":[{"name":"wp","href":"https:\/\/api.w.org\/{rel}","templated":true}]}}