{"id":969,"date":"2016-01-25T07:16:42","date_gmt":"2016-01-25T07:16:42","guid":{"rendered":"https:\/\/aims.cat\/ca\/our-approach\/"},"modified":"2016-02-17T07:49:53","modified_gmt":"2016-02-17T07:49:53","slug":"enfocament","status":"publish","type":"page","link":"https:\/\/aims.cat\/ca\/enfocament\/","title":{"rendered":"Enfocament"},"content":{"rendered":"<p>[et_pb_section admin_label=&#8221;section&#8221;][et_pb_row admin_label=&#8221;row&#8221;][et_pb_column type=&#8221;1_4&#8243;][et_pb_post_title admin_label=&#8221;T\u00edtulo de publicaci\u00f3n&#8221; title=&#8221;on&#8221; meta=&#8221;off&#8221; author=&#8221;on&#8221; date=&#8221;on&#8221; categories=&#8221;on&#8221; comments=&#8221;on&#8221; featured_image=&#8221;off&#8221; featured_placement=&#8221;below&#8221; parallax_effect=&#8221;on&#8221; parallax_method=&#8221;on&#8221; text_orientation=&#8221;left&#8221; text_color=&#8221;light&#8221; text_background=&#8221;on&#8221; text_bg_color=&#8221;#ea4951&#8243; module_bg_color=&#8221;rgba(255,255,255,0)&#8221; title_all_caps=&#8221;off&#8221; meta_font_size=&#8221;14&#8243; use_border_color=&#8221;off&#8221; border_color=&#8221;#ffffff&#8221; border_style=&#8221;solid&#8221;] [\/et_pb_post_title][et_pb_sidebar admin_label=&#8221;MENU&#8221; orientation=&#8221;left&#8221; area=&#8221;et_pb_widget_area_2&#8243; background_layout=&#8221;light&#8221; remove_border=&#8221;off&#8221; header_font_size=&#8221;18&#8243; body_font_size=&#8221;14&#8243; module_class=&#8221;HideLessThan981&#8243; module_id=&#8221;SectionMenu&#8221;] [\/et_pb_sidebar][\/et_pb_column][et_pb_column type=&#8221;3_4&#8243;][et_pb_text admin_label=&#8221;Texto&#8221; background_layout=&#8221;light&#8221; text_orientation=&#8221;left&#8221; use_border_color=&#8221;off&#8221; border_color=&#8221;#ffffff&#8221; border_style=&#8221;solid&#8221;]<\/p>\n<p>Com a fundadors de l\u2019AIMS Fundaci\u00f3, estem conven\u00e7uts de la necessitat d&#8217;aconseguir un benefici social gr\u00e0cies a l&#8217;educaci\u00f3 musical i a l\u2019aportaci\u00f3 del nostre treball. Aquesta \u00e9s la base del nostre comprom\u00eds \u00a0i som una organitzaci\u00f3 independent sense \u00e0nim de lucre.<\/p>\n<p>Tenim com a fundaci\u00f3 un comprom\u00eds a llarg termini: un comprom\u00eds actiu, internacional, transparent i basat en la col\u00b7laboraci\u00f3.<\/p>\n<p>[\/et_pb_text][\/et_pb_column][\/et_pb_row][\/et_pb_section]<\/p>\n","protected":false},"excerpt":{"rendered":"<p>Com a fundadors de l\u2019AIMS Fundaci\u00f3, estem conven\u00e7uts de la necessitat d&#8217;aconseguir un benefici social gr\u00e0cies a l&#8217;educaci\u00f3 musical i a l\u2019aportaci\u00f3 del nostre treball. Aquesta \u00e9s la base del [&hellip;]<\/p>\n","protected":false},"author":2,"featured_media":0,"parent":0,"menu_order":0,"comment_status":"closed","ping_status":"closed","template":"","meta":{"_acf_changed":false,"_et_pb_use_builder":"on","_et_pb_old_content":"","_et_gb_content_width":"","footnotes":"","_links_to":"","_links_to_target":""},"class_list":["post-969","page","type-page","status-publish","hentry"],"acf":[],"_links":{"self":[{"href":"https:\/\/aims.cat\/ca\/wp-json\/wp\/v2\/pages\/969","targetHints":{"allow":["GET"]}}],"collection":[{"href":"https:\/\/aims.cat\/ca\/wp-json\/wp\/v2\/pages"}],"about":[{"href":"https:\/\/aims.cat\/ca\/wp-json\/wp\/v2\/types\/page"}],"author":[{"embeddable":true,"href":"https:\/\/aims.cat\/ca\/wp-json\/wp\/v2\/users\/2"}],"replies":[{"embeddable":true,"href":"https:\/\/aims.cat\/ca\/wp-json\/wp\/v2\/comments?post=969"}],"version-history":[{"count":0,"href":"https:\/\/aims.cat\/ca\/wp-json\/wp\/v2\/pages\/969\/revisions"}],"wp:attachment":[{"href":"https:\/\/aims.cat\/ca\/wp-json\/wp\/v2\/media?parent=969"}],"curies":[{"name":"wp","href":"https:\/\/api.w.org\/{rel}","templated":true}]}}