{"id":978,"date":"2016-01-25T07:17:17","date_gmt":"2016-01-25T07:17:17","guid":{"rendered":"https:\/\/aims.cat\/ca\/partners\/"},"modified":"2025-07-30T18:06:37","modified_gmt":"2025-07-30T18:06:37","slug":"col%c2%b7laboradors","status":"publish","type":"page","link":"https:\/\/aims.cat\/ca\/col%c2%b7laboradors\/","title":{"rendered":"Col\u00b7laboradors"},"content":{"rendered":"<p>[et_pb_section fb_built=&#8221;1&#8243; admin_label=&#8221;section&#8221; _builder_version=&#8221;4.16&#8243; global_colors_info=&#8221;{}&#8221;][et_pb_row column_structure=&#8221;1_4,1_4,1_4,1_4&#8243; admin_label=&#8221;row&#8221; _builder_version=&#8221;4.27.0&#8243; background_size=&#8221;initial&#8221; background_position=&#8221;top_left&#8221; background_repeat=&#8221;repeat&#8221; global_colors_info=&#8221;{}&#8221;][et_pb_column type=&#8221;1_4&#8243; _builder_version=&#8221;4.16&#8243; custom_padding=&#8221;|||&#8221; global_colors_info=&#8221;{}&#8221; custom_padding__hover=&#8221;|||&#8221;][et_pb_post_title text_color=&#8221;light&#8221; text_background=&#8221;on&#8221; text_bg_color=&#8221;#ea4951&#8243; admin_label=&#8221;Post Title&#8221; _builder_version=&#8221;4.27.0&#8243; _module_preset=&#8221;default&#8221; hover_enabled=&#8221;0&#8243; global_colors_info=&#8221;{}&#8221; meta=&#8221;off&#8221; featured_image=&#8221;off&#8221; sticky_enabled=&#8221;0&#8243;][\/et_pb_post_title][\/et_pb_column][et_pb_column type=&#8221;1_4&#8243; _builder_version=&#8221;4.27.0&#8243; _module_preset=&#8221;default&#8221; global_colors_info=&#8221;{}&#8221;][et_pb_text _builder_version=&#8221;4.27.0&#8243; _module_preset=&#8221;default&#8221; global_colors_info=&#8221;{}&#8221;]<\/p>\n<p><img decoding=\"async\" src=\"https:\/\/aims.gumlet.io\/wp-content\/uploads\/2017\/04\/partner-ajsolsona.jpg?compress=true&amp;quality=80&amp;w=320&amp;dpr=2\" \/><\/p>\n<p>[\/et_pb_text][et_pb_text _builder_version=&#8221;4.27.0&#8243; _module_preset=&#8221;default&#8221; global_colors_info=&#8221;{}&#8221;]<\/p>\n<p><img decoding=\"async\" src=\"https:\/\/aims.gumlet.io\/wp-content\/uploads\/2020\/02\/Generalitat_de_Catalunya_-_Departament_de_Cultura.jpg?compress=true&amp;quality=80&amp;w=480&amp;dpr=2\" \/><\/p>\n<p>[\/et_pb_text][et_pb_text _builder_version=&#8221;4.27.0&#8243; _module_preset=&#8221;default&#8221; global_colors_info=&#8221;{}&#8221;]<\/p>\n<p><img decoding=\"async\" src=\"https:\/\/aims.gumlet.io\/wp-content\/uploads\/2017\/04\/partner-friendsofaims.jpg?compress=true&amp;quality=80&amp;w=400&amp;dpr=2\" \/><\/p>\n<p>[\/et_pb_text][et_pb_text _builder_version=&#8221;4.27.0&#8243; _module_preset=&#8221;default&#8221; global_colors_info=&#8221;{}&#8221;]<\/p>\n<p><img decoding=\"async\" src=\"https:\/\/aims.gumlet.io\/wp-content\/uploads\/2021\/07\/electra-energia.jpg?compress=true&amp;quality=80&amp;w=240&amp;dpr=2\" \/><\/p>\n<p>[\/et_pb_text][\/et_pb_column][et_pb_column type=&#8221;1_4&#8243; _builder_version=&#8221;4.27.0&#8243; _module_preset=&#8221;default&#8221; global_colors_info=&#8221;{}&#8221;][et_pb_text _builder_version=&#8221;4.27.0&#8243; _module_preset=&#8221;default&#8221; global_colors_info=&#8221;{}&#8221;]<\/p>\n<p><img decoding=\"async\" src=\"https:\/\/aims.gumlet.io\/wp-content\/uploads\/2022\/11\/estudis_ilerdencs.jpg?compress=true&amp;quality=80&amp;w=360&amp;dpr=2\" \/><\/p>\n<p>[\/et_pb_text][et_pb_text _builder_version=&#8221;4.27.0&#8243; _module_preset=&#8221;default&#8221; global_colors_info=&#8221;{}&#8221;]<\/p>\n<p><img loading=\"lazy\" decoding=\"async\" class=\"\" src=\"https:\/\/aims.gumlet.io\/wp-content\/uploads\/2021\/07\/consell-comarcal.jpg?compress=true&amp;quality=80&amp;w=160&amp;dpr=2\" width=\"136\" height=\"136\" \/><\/p>\n<p>[\/et_pb_text][et_pb_text _builder_version=&#8221;4.27.0&#8243; _module_preset=&#8221;default&#8221; global_colors_info=&#8221;{}&#8221;]<\/p>\n<p><img decoding=\"async\" src=\"https:\/\/www.aralleida.cat\/wp-content\/uploads\/2024\/04\/ara_lleida_diputacio_patronat.png\" alt=\"Identitat visual corporativa - Ara Lleida\" \/><\/p>\n<p>[\/et_pb_text][\/et_pb_column][et_pb_column type=&#8221;1_4&#8243; _builder_version=&#8221;4.27.0&#8243; _module_preset=&#8221;default&#8221; global_colors_info=&#8221;{}&#8221;][et_pb_text _builder_version=&#8221;4.27.0&#8243; _module_preset=&#8221;default&#8221; global_colors_info=&#8221;{}&#8221;]<\/p>\n<p><img loading=\"lazy\" decoding=\"async\" class=\"\" src=\"https:\/\/aims.gumlet.io\/wp-content\/uploads\/2021\/07\/logo-sense-fons-ok.png?compress=true&amp;quality=80&amp;w=160&amp;dpr=2\" width=\"152\" height=\"167\" \/><\/p>\n<p>[\/et_pb_text][et_pb_text _builder_version=&#8221;4.27.0&#8243; _module_preset=&#8221;default&#8221; global_colors_info=&#8221;{}&#8221;]<\/p>\n<p><img decoding=\"async\" src=\"https:\/\/aims.gumlet.io\/wp-content\/uploads\/2017\/04\/partner-aie.jpg?compress=true&amp;quality=80&amp;w=576&amp;dpr=2\" \/><\/p>\n<p>[\/et_pb_text][et_pb_text _builder_version=&#8221;4.27.0&#8243; _module_preset=&#8221;default&#8221; global_colors_info=&#8221;{}&#8221;]<\/p>\n<p><img decoding=\"async\" src=\"https:\/\/aims.gumlet.io\/wp-content\/uploads\/2022\/07\/Fruits-taribo-rotated.jpg?compress=true&amp;quality=80&amp;w=300&amp;dpr=2\" \/><\/p>\n<p>[\/et_pb_text][\/et_pb_column][\/et_pb_row][et_pb_row column_structure=&#8221;1_4,3_4&#8243; admin_label=&#8221;Row&#8221; _builder_version=&#8221;4.27.0&#8243; _module_preset=&#8221;default&#8221; collapsed=&#8221;off&#8221; global_colors_info=&#8221;{}&#8221;][et_pb_column type=&#8221;1_4&#8243; _builder_version=&#8221;4.27.0&#8243; _module_preset=&#8221;default&#8221; global_colors_info=&#8221;{}&#8221;][\/et_pb_column][et_pb_column type=&#8221;3_4&#8243; _builder_version=&#8221;4.27.0&#8243; _module_preset=&#8221;default&#8221; global_colors_info=&#8221;{}&#8221;][et_pb_text admin_label=&#8221;Text&#8221; _builder_version=&#8221;4.27.0&#8243; _module_preset=&#8221;default&#8221; global_colors_info=&#8221;{}&#8221;]<\/p>\n<h3>Amb la col\u00b7laboraci\u00f3 de<\/h3>\n<p>Ajuntament de Solsona, Ajuntament de Cardona, Ajuntament de Castellar de la Ribera, Ajuntament de Castellnou de Bages, Ajuntament de La Seu d\u2019Urgell, Ajuntament de Nav\u00e8s, Ajuntament d\u2019Od\u00e8n, Ajuntament d\u2019Olius, Ajuntament d\u2019Oliana, Ajuntament d\u2019Organy\u00e0, Ajuntament de Riner, Ajuntament de Sallent, Ajuntament de Sant Lloren\u00e7 de Morunys, Ajuntament de Tor\u00e0, Hotel Monegal, Museu Dioces\u00e0 i Comarcal de Solsona, Bisbat de Solsona, Associaci\u00f3 Amics de la Torre de Vallferosa, Associaci\u00f3 Amics de l\u2019orgue de Collbat\u00f3, Joventuts Musicals de Moi\u00e0, Hotel Sant Roc, AMISOL, Jove Orquestra Nacional de Catalunya (JONC)<\/p>\n<p>[\/et_pb_text][et_pb_text _builder_version=&#8221;4.27.0&#8243; _module_preset=&#8221;default&#8221; global_colors_info=&#8221;{}&#8221;]<\/p>\n<h3>Donants<\/h3>\n<p>Marie-Luise Thiemann, Assumpta Blanch, Josep M\u00aa Masseg\u00fa, Clara Thiemann, Anna Boix, Miquel Flotats, Maria Teresa Montaner, Manuel Pavia, Miquel \u00c0ngel Murcia<\/p>\n<p>[\/et_pb_text][\/et_pb_column][\/et_pb_row][\/et_pb_section]<\/p>\n","protected":false},"excerpt":{"rendered":"<p>Amb la col\u00b7laboraci\u00f3 de Ajuntament de Solsona, Ajuntament de Cardona, Ajuntament de Castellar de la Ribera, Ajuntament de Castellnou de Bages, Ajuntament de La Seu d\u2019Urgell, Ajuntament de Nav\u00e8s, Ajuntament [&hellip;]<\/p>\n","protected":false},"author":2,"featured_media":0,"parent":0,"menu_order":0,"comment_status":"closed","ping_status":"closed","template":"","meta":{"_acf_changed":false,"_et_pb_use_builder":"on","_et_pb_old_content":"","_et_gb_content_width":"","footnotes":"","_links_to":"","_links_to_target":""},"class_list":["post-978","page","type-page","status-publish","hentry"],"acf":[],"_links":{"self":[{"href":"https:\/\/aims.cat\/ca\/wp-json\/wp\/v2\/pages\/978","targetHints":{"allow":["GET"]}}],"collection":[{"href":"https:\/\/aims.cat\/ca\/wp-json\/wp\/v2\/pages"}],"about":[{"href":"https:\/\/aims.cat\/ca\/wp-json\/wp\/v2\/types\/page"}],"author":[{"embeddable":true,"href":"https:\/\/aims.cat\/ca\/wp-json\/wp\/v2\/users\/2"}],"replies":[{"embeddable":true,"href":"https:\/\/aims.cat\/ca\/wp-json\/wp\/v2\/comments?post=978"}],"version-history":[{"count":21,"href":"https:\/\/aims.cat\/ca\/wp-json\/wp\/v2\/pages\/978\/revisions"}],"predecessor-version":[{"id":17641,"href":"https:\/\/aims.cat\/ca\/wp-json\/wp\/v2\/pages\/978\/revisions\/17641"}],"wp:attachment":[{"href":"https:\/\/aims.cat\/ca\/wp-json\/wp\/v2\/media?parent=978"}],"curies":[{"name":"wp","href":"https:\/\/api.w.org\/{rel}","templated":true}]}}