{"id":985,"date":"2016-01-25T07:17:31","date_gmt":"2016-01-25T07:17:31","guid":{"rendered":"https:\/\/aims.cat\/ca\/board\/"},"modified":"2023-07-20T11:19:40","modified_gmt":"2023-07-20T11:19:40","slug":"patronat","status":"publish","type":"page","link":"https:\/\/aims.cat\/ca\/patronat\/","title":{"rendered":"Patronat"},"content":{"rendered":"<p>[et_pb_section fb_built=&#8221;1&#8243; _builder_version=&#8221;4.16&#8243; global_colors_info=&#8221;{}&#8221;][et_pb_row column_structure=&#8221;1_4,1_4,1_4,1_4&#8243; _builder_version=&#8221;4.16&#8243; background_size=&#8221;initial&#8221; background_position=&#8221;top_left&#8221; background_repeat=&#8221;repeat&#8221; global_colors_info=&#8221;{}&#8221;][et_pb_column type=&#8221;1_4&#8243; _builder_version=&#8221;4.16&#8243; custom_padding=&#8221;|||&#8221; global_colors_info=&#8221;{}&#8221; custom_padding__hover=&#8221;|||&#8221;][et_pb_post_title meta=&#8221;off&#8221; featured_image=&#8221;off&#8221; text_color=&#8221;light&#8221; text_background=&#8221;on&#8221; text_bg_color=&#8221;#ea4951&#8243; admin_label=&#8221;T\u00edtulo de publicaci\u00f3n&#8221; _builder_version=&#8221;4.16&#8243; title_all_caps=&#8221;off&#8221; background_color=&#8221;rgba(255,255,255,0)&#8221; parallax=&#8221;on&#8221; parallax_effect=&#8221;on&#8221; module_bg_color=&#8221;rgba(255,255,255,0)&#8221; use_border_color=&#8221;off&#8221; border_color=&#8221;#ffffff&#8221; border_style=&#8221;solid&#8221; global_colors_info=&#8221;{}&#8221;]<\/p>\n<p>[\/et_pb_post_title][et_pb_sidebar area=&#8221;et_pb_widget_area_2&#8243; admin_label=&#8221;MENU&#8221; module_id=&#8221;SectionMenu&#8221; module_class=&#8221;HideLessThan981&#8243; _builder_version=&#8221;4.16&#8243; remove_border=&#8221;off&#8221; global_colors_info=&#8221;{}&#8221;]<\/p>\n<p>[\/et_pb_sidebar][\/et_pb_column][et_pb_column type=&#8221;1_4&#8243; _builder_version=&#8221;4.16&#8243; custom_padding=&#8221;|||&#8221; global_colors_info=&#8221;{}&#8221; custom_padding__hover=&#8221;|||&#8221;][et_pb_team_member name=&#8221;Peter Thiemann&#8221; position=&#8221;Violoncel\u00b7lista, President&#8221; image_url=&#8221;https:\/\/aims.cat\/wp-content\/uploads\/2020\/12\/peter.jpg&#8221; admin_label=&#8221;Peter Thiemann&#8221; _builder_version=&#8221;4.20.4&#8243; background_size=&#8221;initial&#8221; background_position=&#8221;top_left&#8221; background_repeat=&#8221;repeat&#8221; custom_css_member_image=&#8221;display:block;||float:none !important;||text-align:center !important;||width:100% !important;||margin: 0 0 0 12px !important;&#8221; custom_css_member_description=&#8221;text-align:center;||display:block;&#8221; custom_css_title=&#8221;font-weight:bold;&#8221; custom_css_member_position=&#8221;color:#EA4951&#8243; use_border_color=&#8221;off&#8221; border_color=&#8221;#ffffff&#8221; border_style=&#8221;solid&#8221; global_colors_info=&#8221;{}&#8221;][\/et_pb_team_member][et_pb_team_member name=&#8221;Josep Santaeul\u00e0ria Angrill&#8221; position=&#8221;Empresari, Vocal&#8221; image_url=&#8221;https:\/\/aims.cat\/wp-content\/uploads\/2016\/01\/Board-JSantaeulariaAngrill.png&#8221; admin_label=&#8221;Josep Santaeularia Angrill&#8221; _builder_version=&#8221;4.20.4&#8243; background_size=&#8221;initial&#8221; background_position=&#8221;top_left&#8221; background_repeat=&#8221;repeat&#8221; custom_css_member_image=&#8221;display:block;||float:none !important;||text-align:center !important;||width:100% !important;||margin: 0 0 0 12px !important;&#8221; custom_css_member_description=&#8221;text-align:center;||display:block;&#8221; custom_css_title=&#8221;font-weight:bold;&#8221; custom_css_member_position=&#8221;color:#EA4951&#8243; use_border_color=&#8221;off&#8221; global_colors_info=&#8221;{}&#8221;][\/et_pb_team_member][\/et_pb_column][et_pb_column type=&#8221;1_4&#8243; _builder_version=&#8221;4.16&#8243; custom_padding=&#8221;|||&#8221; global_colors_info=&#8221;{}&#8221; custom_padding__hover=&#8221;|||&#8221;][et_pb_team_member name=&#8221;Seon-hee Myong&#8221; position=&#8221;Pianista,  Vocal&#8221; image_url=&#8221;https:\/\/aims.cat\/wp-content\/uploads\/2018\/11\/Board-Seon.png&#8221; admin_label=&#8221;Seon-hee Myong&#8221; _builder_version=&#8221;4.20.4&#8243; background_size=&#8221;initial&#8221; background_position=&#8221;top_left&#8221; background_repeat=&#8221;repeat&#8221; custom_css_member_image=&#8221;display:block;||float:none !important;||text-align:center !important;||width:100% !important;||margin: 0 0 0 12px !important;&#8221; custom_css_member_description=&#8221;text-align:center;||display:block;&#8221; custom_css_title=&#8221;font-weight:bold;&#8221; custom_css_member_position=&#8221;color:#EA4951&#8243; use_border_color=&#8221;off&#8221; global_colors_info=&#8221;{}&#8221;][\/et_pb_team_member][et_pb_team_member name=&#8221;Oriol Sagarra Trias &#8221; position=&#8221;Advocat, Secretari no patr\u00f3&#8221; image_url=&#8221;https:\/\/aims.cat\/wp-content\/uploads\/2023\/07\/Oriol-Sagarra-1.png&#8221; admin_label=&#8221;Oriol Sagarra Trias &#8221; _builder_version=&#8221;4.20.4&#8243; background_size=&#8221;initial&#8221; background_position=&#8221;top_left&#8221; background_repeat=&#8221;repeat&#8221; custom_css_member_image=&#8221;display:block;||float:none !important;||text-align:center !important;||width:100% !important;||margin: 0 0 0 12px !important;&#8221; custom_css_member_description=&#8221;text-align:center;||display:block;&#8221; custom_css_title=&#8221;font-weight:bold;&#8221; custom_css_member_position=&#8221;color:#EA4951&#8243; use_border_color=&#8221;off&#8221; border_color=&#8221;#ffffff&#8221; border_style=&#8221;solid&#8221; global_colors_info=&#8221;{}&#8221; title_text=&#8221;Oriol-Sagarra&#8221;][\/et_pb_team_member][\/et_pb_column][et_pb_column type=&#8221;1_4&#8243; _builder_version=&#8221;4.16&#8243; custom_padding=&#8221;|||&#8221; global_colors_info=&#8221;{}&#8221; custom_padding__hover=&#8221;|||&#8221;][et_pb_team_member name=&#8221;David Rodr\u00edguez Gonz\u00e1lez  &#8221; position=&#8221;Pol\u00edtic, Vocal&#8221; image_url=&#8221;https:\/\/aims.cat\/wp-content\/uploads\/2023\/07\/David-Rodriguez-1.png&#8221; admin_label=&#8221;David Rodr\u00edguez Gonz\u00e1lez  &#8221; _builder_version=&#8221;4.20.4&#8243; background_size=&#8221;initial&#8221; background_position=&#8221;top_left&#8221; background_repeat=&#8221;repeat&#8221; hover_enabled=&#8221;0&#8243; custom_css_member_image=&#8221;display:block;||float:none !important;||text-align:center !important;||width:100% !important;||margin: 0 0 0 12px !important;&#8221; custom_css_member_description=&#8221;text-align:center;||display:block;&#8221; custom_css_title=&#8221;font-weight:bold;&#8221; custom_css_member_position=&#8221;color:#EA4951&#8243; use_border_color=&#8221;off&#8221; global_colors_info=&#8221;{}&#8221; title_text=&#8221;David-Rodriguez&#8221; sticky_enabled=&#8221;0&#8243;][\/et_pb_team_member][\/et_pb_column][\/et_pb_row][\/et_pb_section]<\/p>\n","protected":false},"excerpt":{"rendered":"","protected":false},"author":2,"featured_media":0,"parent":0,"menu_order":0,"comment_status":"closed","ping_status":"closed","template":"","meta":{"_acf_changed":false,"_et_pb_use_builder":"on","_et_pb_old_content":"","_et_gb_content_width":"","footnotes":"","_links_to":"","_links_to_target":""},"class_list":["post-985","page","type-page","status-publish","hentry"],"acf":[],"_links":{"self":[{"href":"https:\/\/aims.cat\/ca\/wp-json\/wp\/v2\/pages\/985","targetHints":{"allow":["GET"]}}],"collection":[{"href":"https:\/\/aims.cat\/ca\/wp-json\/wp\/v2\/pages"}],"about":[{"href":"https:\/\/aims.cat\/ca\/wp-json\/wp\/v2\/types\/page"}],"author":[{"embeddable":true,"href":"https:\/\/aims.cat\/ca\/wp-json\/wp\/v2\/users\/2"}],"replies":[{"embeddable":true,"href":"https:\/\/aims.cat\/ca\/wp-json\/wp\/v2\/comments?post=985"}],"version-history":[{"count":2,"href":"https:\/\/aims.cat\/ca\/wp-json\/wp\/v2\/pages\/985\/revisions"}],"predecessor-version":[{"id":15444,"href":"https:\/\/aims.cat\/ca\/wp-json\/wp\/v2\/pages\/985\/revisions\/15444"}],"wp:attachment":[{"href":"https:\/\/aims.cat\/ca\/wp-json\/wp\/v2\/media?parent=985"}],"curies":[{"name":"wp","href":"https:\/\/api.w.org\/{rel}","templated":true}]}}