{"id":15880,"date":"2023-12-18T06:39:30","date_gmt":"2023-12-18T06:39:30","guid":{"rendered":"https:\/\/aims.cat\/?page_id=15880"},"modified":"2025-11-03T10:28:21","modified_gmt":"2025-11-03T10:28:21","slug":"joel-marosi","status":"publish","type":"page","link":"https:\/\/aims.cat\/en\/aims-string-academy\/faculty\/joel-marosi\/","title":{"rendered":"Jo\u00ebl Marosi"},"content":{"rendered":"<p>[et_pb_section fb_built=&#8221;1&#8243; custom_padding_last_edited=&#8221;on|desktop&#8221; _builder_version=&#8221;4.16&#8243; custom_padding_tablet=&#8221;50px|0|50px|0&#8243; custom_padding_phone=&#8221;&#8221; custom_css_main_element=&#8221;padding-bottom:0px;&#8221; transparent_background=&#8221;off&#8221; padding_mobile=&#8221;off&#8221; global_colors_info=&#8221;{}&#8221;][et_pb_row _builder_version=&#8221;4.16&#8243; background_size=&#8221;initial&#8221; background_position=&#8221;top_left&#8221; background_repeat=&#8221;repeat&#8221; global_colors_info=&#8221;{}&#8221;][et_pb_column type=&#8221;4_4&#8243; _builder_version=&#8221;4.16&#8243; custom_padding=&#8221;|||&#8221; global_colors_info=&#8221;{}&#8221; custom_padding__hover=&#8221;|||&#8221;][et_pb_post_title meta=&#8221;off&#8221; featured_image=&#8221;off&#8221; text_color=&#8221;light&#8221; text_background=&#8221;on&#8221; text_bg_color=&#8221;#222222&#8243; admin_label=&#8221;T\u00edtulo de publicaci\u00f3n&#8221; _builder_version=&#8221;4.16&#8243; title_font_size=&#8221;18px&#8221; title_all_caps=&#8221;off&#8221; background_color=&#8221;rgba(255,255,255,0)&#8221; parallax=&#8221;on&#8221; parallax_method=&#8221;off&#8221; parallax_effect=&#8221;on&#8221; module_bg_color=&#8221;rgba(255,255,255,0)&#8221; global_colors_info=&#8221;{}&#8221;][\/et_pb_post_title][\/et_pb_column][\/et_pb_row][\/et_pb_section][et_pb_section fb_built=&#8221;1&#8243; custom_padding_last_edited=&#8221;on|desktop&#8221; _builder_version=&#8221;4.16&#8243; custom_padding_tablet=&#8221;50px|0|50px|0&#8243; custom_padding_phone=&#8221;&#8221; custom_css_main_element=&#8221;padding-top:0px;&#8221; transparent_background=&#8221;off&#8221; padding_mobile=&#8221;off&#8221; global_colors_info=&#8221;{}&#8221;][et_pb_row column_structure=&#8221;1_2,1_2&#8243; _builder_version=&#8221;4.16&#8243; background_size=&#8221;initial&#8221; background_position=&#8221;top_left&#8221; background_repeat=&#8221;repeat&#8221; global_colors_info=&#8221;{}&#8221; custom_padding=&#8221;||8px|||&#8221;][et_pb_column type=&#8221;1_2&#8243; _builder_version=&#8221;4.16&#8243; custom_padding=&#8221;|||&#8221; global_colors_info=&#8221;{}&#8221; custom_padding__hover=&#8221;|||&#8221;][et_pb_image src=&#8221;https:\/\/aims.cat\/wp-content\/uploads\/2025\/11\/Joel-Marosi-2.jpg&#8221; title_text=&#8221;Jo\u00ebl Marosi 2&#8243; show_in_lightbox=&#8221;on&#8221; align_tablet=&#8221;center&#8221; align_phone=&#8221;&#8221; align_last_edited=&#8221;on|desktop&#8221; _builder_version=&#8221;4.27.0&#8243; animation_direction=&#8221;off&#8221; animation=&#8221;off&#8221; global_colors_info=&#8221;{}&#8221; width=&#8221;100%&#8221; custom_padding=&#8221;|0px||||&#8221;][\/et_pb_image][\/et_pb_column][et_pb_column type=&#8221;1_2&#8243; _builder_version=&#8221;4.16&#8243; custom_padding=&#8221;|||&#8221; global_colors_info=&#8221;{}&#8221; custom_padding__hover=&#8221;|||&#8221;][et_pb_button button_url=&#8221;https:\/\/aims.cat\/aims-string-academy\/registration-payment\/&#8221; button_text=&#8221;Registration form&#8221; button_alignment=&#8221;left&#8221; _builder_version=&#8221;4.16&#8243; custom_button=&#8221;on&#8221; button_text_size=&#8221;13&#8243; button_text_color=&#8221;#000000&#8243; button_bg_color=&#8221;#eeeeee&#8221; button_border_color=&#8221;#eeeeee&#8221; button_icon=&#8221;&#x6c;||divi||400&#8243; button_icon_placement=&#8221;left&#8221; button_on_hover=&#8221;off&#8221; button_text_size_last_edited=&#8221;off|desktop&#8221; button_text_color_hover=&#8221;#ffffff&#8221; button_border_color_hover=&#8221;#ea4951&#8243; button_bg_color_hover=&#8221;#ea4951&#8243; global_colors_info=&#8221;{}&#8221; button_text_size__hover_enabled=&#8221;off&#8221; button_one_text_size__hover_enabled=&#8221;off&#8221; button_two_text_size__hover_enabled=&#8221;off&#8221; button_text_color__hover_enabled=&#8221;on&#8221; button_text_color__hover=&#8221;#ffffff&#8221; button_one_text_color__hover_enabled=&#8221;off&#8221; button_two_text_color__hover_enabled=&#8221;off&#8221; button_border_width__hover_enabled=&#8221;off&#8221; button_one_border_width__hover_enabled=&#8221;off&#8221; button_two_border_width__hover_enabled=&#8221;off&#8221; button_border_color__hover_enabled=&#8221;on&#8221; button_border_color__hover=&#8221;#ea4951&#8243; button_one_border_color__hover_enabled=&#8221;off&#8221; button_two_border_color__hover_enabled=&#8221;off&#8221; button_border_radius__hover_enabled=&#8221;off&#8221; button_one_border_radius__hover_enabled=&#8221;off&#8221; button_two_border_radius__hover_enabled=&#8221;off&#8221; button_letter_spacing__hover_enabled=&#8221;off&#8221; button_one_letter_spacing__hover_enabled=&#8221;off&#8221; button_two_letter_spacing__hover_enabled=&#8221;off&#8221; button_bg_color__hover_enabled=&#8221;on&#8221; button_bg_color__hover=&#8221;#ea4951&#8243; button_one_bg_color__hover_enabled=&#8221;off&#8221; button_two_bg_color__hover_enabled=&#8221;off&#8221;][\/et_pb_button][et_pb_text admin_label=&#8221;Highlights&#8221; module_class=&#8221;highlights&#8221; _builder_version=&#8221;4.27.0&#8243; background_size=&#8221;initial&#8221; background_position=&#8221;top_left&#8221; background_repeat=&#8221;repeat&#8221; module_alignment=&#8221;left&#8221; global_colors_info=&#8221;{}&#8221; custom_padding=&#8221;|||0px||&#8221; width=&#8221;100%&#8221;]<\/p>\n<h3>Cello<\/h3>\n<h3>Professor at Music University of Lucerne<\/h3>\n<h3>AIMS Academy 2026<br \/>August 5th to 15th<\/h3>\n<p>[\/et_pb_text][et_pb_text admin_label=&#8221;Texto&#8221; _builder_version=&#8221;4.27.0&#8243; background_size=&#8221;initial&#8221; background_position=&#8221;top_left&#8221; background_repeat=&#8221;repeat&#8221; module_alignment=&#8221;left&#8221; custom_padding=&#8221;||2px|||&#8221; hover_enabled=&#8221;0&#8243; global_colors_info=&#8221;{}&#8221; sticky_enabled=&#8221;0&#8243;]<\/p>\n<p style=\"text-align: justify;\">Joel Marosi, born in Zurich . Studies with Nancy Chumachenco in Zurich, Heinrich Schiff in Basel, Claus Kanngiesser in Cologne and Arto Noras at the Sibelius Academy in Helsinki. 1996 degrees in Solo and Chambermusic with distinction. Masterclasses with Janos Starker, Yo Yo Ma, Harvey Shapiro, David Geringas, Ralph Kirschbaum. Numerous awards in competitions both nationally and internationally. Lausanne 1991, Berlin Mendelssohn Competition 1992, Osaka 1996.<br \/>Joel Marosi serves regular as principal with the Camerata Bern and Camerata Salzburg . Guest principal in numerous Orchestras such as DSO Berlin, Luzerner Sinfonieorchester etc. 2000-2003 principal in the Sinfonieorchester Basel and since 2005 principal in the \u201cOrchestre de Chambre de Lausanne\u201d. Since 2019 Joel Marosi is also principal in the Verbier Festival Chamber<br \/>Orchestra.<br \/>As a Solist Joel Marosi performed with numerous Orchestras which include the Orchestre de Chambre de Lausanne, Prague Chamber Orchestra, G\u00f6ttinger Sinfonieorchester, Hannoversche Orchestervereinigung, Musikkollegium Winterthur, Athens State Symphonie Orchestra with Conducters such as Ton Koopman, Heinrich Schiff, Christoph Mueller, Christian Zacharias, Hannu Lintu, Thomas Zehetmair, Mario Venzago and Loukas Karytinos Joel Marosi is a dedicated chamber musician. Many concerts with a.o. Gabor Takacs, Ursula Holliger, J\u00fcrg D\u00e4hler, Irene Abrigo, Dimitri Ashkenazy, Ilya Gringolts, Davide Bandieri, Li Wei Quin, Isabelle van Keulen, Renaud Capu\u00e7on, James Ehnes and Pablo Sainz-Villegas.<\/p>\n<p>[\/et_pb_text][\/et_pb_column][\/et_pb_row][et_pb_row _builder_version=&#8221;4.16&#8243; global_colors_info=&#8221;{}&#8221; custom_padding=&#8221;6px|||||&#8221;][et_pb_column type=&#8221;4_4&#8243; _builder_version=&#8221;4.16&#8243; global_colors_info=&#8221;{}&#8221;][et_pb_text _builder_version=&#8221;4.27.0&#8243; _module_preset=&#8221;default&#8221; hover_enabled=&#8221;0&#8243; sticky_enabled=&#8221;0&#8243;]<\/p>\n<p style=\"text-align: justify;\">Joel Marosi is a founding member of the Zurich Piano Trio. The Trio played its debut concert on invitation from Isaak Stern at Carnegie Hall in 1997 and has been pursuing an international career.<br \/>From 2018-2023 Joel Marosi joined the Swiss Piano Trio , which formed its international career in its more then 20 years of existence.<br \/>Joel Marosi records widely for Claves, Audite , Harmonia Mundi, Warner Music Korea, Prospero Classical. The latest is a Album with the complete Works by Fanny and Felix Mendelssohn for Cello and Piano with the Pianist Esther Walker. It was produced in 2021 by First Hand Records, London, and got acclaimed critics internationally.<br \/>Joel Marosi gives regular Masterclasses in Europe and Asia and held a Interims Professorship for Chamber Music at the Music Akademie Geneva- Neuchatel from 2019-2021. In 2023 a new collaboration started with the Underground Youth Orchestra in Athens wich includes regular Masterclasses and coaching Projects.<br \/>Joel Marosi was appointed Professor for Cello in 2023 at the Music University of Lucern.<\/p>\n<p>[\/et_pb_text][\/et_pb_column][\/et_pb_row][\/et_pb_section]<\/p>\n","protected":false},"excerpt":{"rendered":"<p>Cello Professor at Music University of Lucerne AIMS Academy 2026August 5th to 15thJoel Marosi, born in Zurich . Studies with Nancy Chumachenco in Zurich, Heinrich Schiff in Basel, Claus Kanngiesser [&hellip;]<\/p>\n","protected":false},"author":2,"featured_media":0,"parent":380,"menu_order":0,"comment_status":"closed","ping_status":"closed","template":"","meta":{"_acf_changed":false,"_et_pb_use_builder":"on","_et_pb_old_content":"","_et_gb_content_width":"","footnotes":"","_links_to":"","_links_to_target":""},"class_list":["post-15880","page","type-page","status-publish","hentry"],"acf":[],"_links":{"self":[{"href":"https:\/\/aims.cat\/en\/wp-json\/wp\/v2\/pages\/15880","targetHints":{"allow":["GET"]}}],"collection":[{"href":"https:\/\/aims.cat\/en\/wp-json\/wp\/v2\/pages"}],"about":[{"href":"https:\/\/aims.cat\/en\/wp-json\/wp\/v2\/types\/page"}],"author":[{"embeddable":true,"href":"https:\/\/aims.cat\/en\/wp-json\/wp\/v2\/users\/2"}],"replies":[{"embeddable":true,"href":"https:\/\/aims.cat\/en\/wp-json\/wp\/v2\/comments?post=15880"}],"version-history":[{"count":11,"href":"https:\/\/aims.cat\/en\/wp-json\/wp\/v2\/pages\/15880\/revisions"}],"predecessor-version":[{"id":17750,"href":"https:\/\/aims.cat\/en\/wp-json\/wp\/v2\/pages\/15880\/revisions\/17750"}],"up":[{"embeddable":true,"href":"https:\/\/aims.cat\/en\/wp-json\/wp\/v2\/pages\/380"}],"wp:attachment":[{"href":"https:\/\/aims.cat\/en\/wp-json\/wp\/v2\/media?parent=15880"}],"curies":[{"name":"wp","href":"https:\/\/api.w.org\/{rel}","templated":true}]}}