{"id":18233,"date":"2026-03-10T17:13:22","date_gmt":"2026-03-10T17:13:22","guid":{"rendered":"https:\/\/aims.cat\/?page_id=18233"},"modified":"2026-03-10T17:13:26","modified_gmt":"2026-03-10T17:13:26","slug":"maryellen-woodside","status":"publish","type":"page","link":"https:\/\/aims.cat\/en\/maryellen-woodside\/","title":{"rendered":"Mary Ellen Woodside"},"content":{"rendered":"<p>[et_pb_section fb_built=&#8221;1&#8243; custom_padding_last_edited=&#8221;on|desktop&#8221; _builder_version=&#8221;4.16&#8243; custom_padding_tablet=&#8221;50px|0|50px|0&#8243; custom_padding_phone=&#8221;&#8221; custom_css_main_element=&#8221;padding-bottom:0px;&#8221; transparent_background=&#8221;off&#8221; padding_mobile=&#8221;off&#8221; global_colors_info=&#8221;{}&#8221;][et_pb_row _builder_version=&#8221;4.16&#8243; background_size=&#8221;initial&#8221; background_position=&#8221;top_left&#8221; background_repeat=&#8221;repeat&#8221; global_colors_info=&#8221;{}&#8221;][et_pb_column type=&#8221;4_4&#8243; _builder_version=&#8221;4.16&#8243; custom_padding=&#8221;|||&#8221; global_colors_info=&#8221;{}&#8221; custom_padding__hover=&#8221;|||&#8221;][et_pb_post_title meta=&#8221;off&#8221; featured_image=&#8221;off&#8221; text_color=&#8221;light&#8221; text_background=&#8221;on&#8221; text_bg_color=&#8221;#222222&#8243; admin_label=&#8221;T\u00edtulo de publicaci\u00f3n&#8221; _builder_version=&#8221;4.16&#8243; title_font_size=&#8221;18px&#8221; title_all_caps=&#8221;off&#8221; background_color=&#8221;rgba(255,255,255,0)&#8221; parallax=&#8221;on&#8221; parallax_method=&#8221;off&#8221; parallax_effect=&#8221;on&#8221; module_bg_color=&#8221;rgba(255,255,255,0)&#8221; global_colors_info=&#8221;{}&#8221;][\/et_pb_post_title][\/et_pb_column][\/et_pb_row][\/et_pb_section][et_pb_section fb_built=&#8221;1&#8243; custom_padding_last_edited=&#8221;on|desktop&#8221; _builder_version=&#8221;4.16&#8243; custom_padding_tablet=&#8221;50px|0|50px|0&#8243; custom_padding_phone=&#8221;&#8221; custom_css_main_element=&#8221;padding-top:0px;&#8221; transparent_background=&#8221;off&#8221; padding_mobile=&#8221;off&#8221; global_colors_info=&#8221;{}&#8221;][et_pb_row column_structure=&#8221;2_3,1_3&#8243; _builder_version=&#8221;4.16&#8243; background_size=&#8221;initial&#8221; background_position=&#8221;top_left&#8221; background_repeat=&#8221;repeat&#8221; global_colors_info=&#8221;{}&#8221;][et_pb_column type=&#8221;2_3&#8243; _builder_version=&#8221;4.16&#8243; custom_padding=&#8221;|||&#8221; global_colors_info=&#8221;{}&#8221; custom_padding__hover=&#8221;|||&#8221;][et_pb_image src=&#8221;https:\/\/aims.cat\/wp-content\/uploads\/2026\/03\/Disseny-sense-titol-1.png&#8221; title_text=&#8221;Disseny sense t\u00edtol&#8221; show_in_lightbox=&#8221;on&#8221; align_tablet=&#8221;center&#8221; align_phone=&#8221;&#8221; align_last_edited=&#8221;on|desktop&#8221; _builder_version=&#8221;4.27.6&#8243; animation_direction=&#8221;off&#8221; hover_enabled=&#8221;0&#8243; animation=&#8221;off&#8221; global_colors_info=&#8221;{}&#8221; admin_label=&#8221;Image&#8221; sticky_enabled=&#8221;0&#8243;][\/et_pb_image][\/et_pb_column][et_pb_column type=&#8221;1_3&#8243; _builder_version=&#8221;4.16&#8243; custom_padding=&#8221;|||&#8221; global_colors_info=&#8221;{}&#8221; custom_padding__hover=&#8221;|||&#8221;][et_pb_button button_url=&#8221;https:\/\/aims.cat\/aims-string-academy\/registration-payment\/&#8221; button_text=&#8221;Registration form&#8221; button_alignment=&#8221;left&#8221; _builder_version=&#8221;4.27.6&#8243; custom_button=&#8221;on&#8221; button_text_size=&#8221;13&#8243; button_text_color=&#8221;#000000&#8243; button_bg_color=&#8221;#eeeeee&#8221; button_border_color=&#8221;#eeeeee&#8221; button_icon=&#8221;&#x6c;||divi||400&#8243; button_icon_placement=&#8221;left&#8221; button_on_hover=&#8221;off&#8221; hover_enabled=&#8221;0&#8243; button_text_size_last_edited=&#8221;off|desktop&#8221; button_text_color_hover=&#8221;#ffffff&#8221; button_border_color_hover=&#8221;#ea4951&#8243; button_bg_color_hover=&#8221;#ea4951&#8243; global_colors_info=&#8221;{}&#8221; button_text_size__hover_enabled=&#8221;off&#8221; button_one_text_size__hover_enabled=&#8221;off&#8221; button_two_text_size__hover_enabled=&#8221;off&#8221; button_text_color__hover_enabled=&#8221;on&#8221; button_text_color__hover=&#8221;#ffffff&#8221; button_one_text_color__hover_enabled=&#8221;off&#8221; button_two_text_color__hover_enabled=&#8221;off&#8221; button_border_width__hover_enabled=&#8221;off&#8221; button_one_border_width__hover_enabled=&#8221;off&#8221; button_two_border_width__hover_enabled=&#8221;off&#8221; button_border_color__hover_enabled=&#8221;on&#8221; button_border_color__hover=&#8221;#ea4951&#8243; button_one_border_color__hover_enabled=&#8221;off&#8221; button_two_border_color__hover_enabled=&#8221;off&#8221; button_border_radius__hover_enabled=&#8221;off&#8221; button_one_border_radius__hover_enabled=&#8221;off&#8221; button_two_border_radius__hover_enabled=&#8221;off&#8221; button_letter_spacing__hover_enabled=&#8221;off&#8221; button_one_letter_spacing__hover_enabled=&#8221;off&#8221; button_two_letter_spacing__hover_enabled=&#8221;off&#8221; button_bg_color__hover_enabled=&#8221;on&#8221; button_bg_color__hover=&#8221;#ea4951&#8243; button_one_bg_color__hover_enabled=&#8221;off&#8221; button_two_bg_color__hover_enabled=&#8221;off&#8221; sticky_enabled=&#8221;0&#8243;][\/et_pb_button][et_pb_text admin_label=&#8221;Highlights&#8221; module_class=&#8221;highlights&#8221; _builder_version=&#8221;4.27.6&#8243; background_size=&#8221;initial&#8221; background_position=&#8221;top_left&#8221; background_repeat=&#8221;repeat&#8221; module_alignment=&#8221;left&#8221; hover_enabled=&#8221;0&#8243; global_colors_info=&#8221;{}&#8221; sticky_enabled=&#8221;0&#8243;]<\/p>\n<h3>Violin<\/h3>\n<h3>Merel Quartet &amp; Tonhalle Orchestra<\/h3>\n<h3>AIMS Academy 2026<br \/>August 5th to 15th<\/h3>\n<p>[\/et_pb_text][\/et_pb_column][\/et_pb_row][et_pb_row _builder_version=&#8221;4.16&#8243; global_colors_info=&#8221;{}&#8221;][et_pb_column type=&#8221;4_4&#8243; _builder_version=&#8221;4.16&#8243; global_colors_info=&#8221;{}&#8221;][et_pb_text admin_label=&#8221;Texto&#8221; _builder_version=&#8221;4.27.6&#8243; background_size=&#8221;initial&#8221; background_position=&#8221;top_left&#8221; background_repeat=&#8221;repeat&#8221; module_alignment=&#8221;left&#8221; hover_enabled=&#8221;0&#8243; global_colors_info=&#8221;{}&#8221; sticky_enabled=&#8221;0&#8243;]<\/p>\n<p style=\"text-align: left;\">First violinist of the Merel Quartet, M.E. Woodside is a passionate chamber musician, performing in the Wigmore Hall, London, Tonhalle, Z\u00fcrich, and in festivals such as Salzburger Festspiele, Menuhin Festival Gstaad, Lucerne Festival, Ittingen Whitsun Concerts and Omaggio a Palladio in Vicenza.\u00a0 Chamber music partners have included Sir Andras Schiff, Julian Pregardien, Ian Bostridge, Yura Lee, Patrick Demenga, Julian Bliss, and D\u00e9nes V\u00e1rjon and she has performed as guest first violinist with the Signum, Gemaux and Amati quartets.<\/p>\n<p style=\"text-align: left;\">Ms Woodside has performed as a soloist including double concerti with Tabea Zimmermann, Hariolf Schlichtig and Adelina Oprean and she gave the premiers of violin concerti by Aaron Jay Kernis and Martin Derungs with the Tonhalle Orchestra Zurich. With the Merel Quartet she recorded for the Genuin, Solo Musica and Prospero labels works of Schumann, Janacek, Mendelssohn, Schubert, Sch\u00f6nberg and Dvorak. She has numerous radio recordings for Swiss Radio DRS2 and for German radio SWR2.<\/p>\n<p style=\"text-align: left;\">E. Woodside has performed as guest concertmaster and leader of seconds with the Camerata Z\u00fcrich, Basel Chamber Orchestra and the English Chamber Orchestra. For many years she held the position of principal second of the Tonhalle Orchestra, Z\u00fcrich and served prior to that as assistant concertmaster of the W\u00fcrttemberg Chamber Orchestra.<\/p>\n<p style=\"text-align: left;\">Ms. Woodside studied at the Eastman School of Music with Charles Castleman, graduated with highest honors and received the coveted Performer\u2019s Certificate.\u00a0 She won numerous prizes before coming to Europe to continue her studies at the Guildhall School in London with Yfrah Neaman. She won second prize in the Bryan Young Artists Competition and was a finalist in the Washington International and the Kulenkampff Competition in Cologne, Germany. The focal point of further studies were chamber music coachings with mentors including S\u00e1ndor V\u00e9gh, Andr\u00e1s Schiff, Gy\u00f6rgy Kurt\u00e1g, Robert Levin, Alfred Brendel and Ferenc Rados.<\/p>\n<p style=\"text-align: left;\" data-start=\"109\" data-end=\"478\">In 2015 Ms Woodside founded the Zwischent\u00f6ne Chamber Music Festival in Engelberg, Switzerland, where she is artistic director and the Merel Quartet is ensemble-in-residence.<\/p>\n<p>[\/et_pb_text][\/et_pb_column][\/et_pb_row][\/et_pb_section]<\/p>\n","protected":false},"excerpt":{"rendered":"<p>Violin Merel Quartet &amp; Tonhalle Orchestra AIMS Academy 2026August 5th to 15thFirst violinist of the Merel Quartet, M.E. Woodside is a passionate chamber musician, performing in the Wigmore Hall, London, [&hellip;]<\/p>\n","protected":false},"author":3,"featured_media":0,"parent":0,"menu_order":0,"comment_status":"closed","ping_status":"closed","template":"","meta":{"_acf_changed":false,"_et_pb_use_builder":"on","_et_pb_old_content":"","_et_gb_content_width":"","footnotes":"","_links_to":"","_links_to_target":""},"class_list":["post-18233","page","type-page","status-publish","hentry"],"acf":[],"_links":{"self":[{"href":"https:\/\/aims.cat\/en\/wp-json\/wp\/v2\/pages\/18233","targetHints":{"allow":["GET"]}}],"collection":[{"href":"https:\/\/aims.cat\/en\/wp-json\/wp\/v2\/pages"}],"about":[{"href":"https:\/\/aims.cat\/en\/wp-json\/wp\/v2\/types\/page"}],"author":[{"embeddable":true,"href":"https:\/\/aims.cat\/en\/wp-json\/wp\/v2\/users\/3"}],"replies":[{"embeddable":true,"href":"https:\/\/aims.cat\/en\/wp-json\/wp\/v2\/comments?post=18233"}],"version-history":[{"count":3,"href":"https:\/\/aims.cat\/en\/wp-json\/wp\/v2\/pages\/18233\/revisions"}],"predecessor-version":[{"id":18243,"href":"https:\/\/aims.cat\/en\/wp-json\/wp\/v2\/pages\/18233\/revisions\/18243"}],"wp:attachment":[{"href":"https:\/\/aims.cat\/en\/wp-json\/wp\/v2\/media?parent=18233"}],"curies":[{"name":"wp","href":"https:\/\/api.w.org\/{rel}","templated":true}]}}