{"id":18417,"date":"2026-03-24T19:41:54","date_gmt":"2026-03-24T19:41:54","guid":{"rendered":"https:\/\/aims.cat\/?page_id=18417"},"modified":"2026-03-24T19:43:14","modified_gmt":"2026-03-24T19:43:14","slug":"david-fonseca","status":"publish","type":"page","link":"https:\/\/aims.cat\/en\/david-fonseca\/","title":{"rendered":"David Fonseca-Bibescu"},"content":{"rendered":"<p>[et_pb_section fb_built=&#8221;1&#8243; custom_padding_last_edited=&#8221;on|desktop&#8221; _builder_version=&#8221;4.16&#8243; custom_padding_tablet=&#8221;50px|0|50px|0&#8243; custom_padding_phone=&#8221;&#8221; custom_css_main_element=&#8221;padding-bottom:0px;&#8221; transparent_background=&#8221;off&#8221; padding_mobile=&#8221;off&#8221; global_colors_info=&#8221;{}&#8221;][et_pb_row _builder_version=&#8221;4.16&#8243; background_size=&#8221;initial&#8221; background_position=&#8221;top_left&#8221; background_repeat=&#8221;repeat&#8221; global_colors_info=&#8221;{}&#8221;][et_pb_column type=&#8221;4_4&#8243; _builder_version=&#8221;4.16&#8243; custom_padding=&#8221;|||&#8221; global_colors_info=&#8221;{}&#8221; custom_padding__hover=&#8221;|||&#8221;][et_pb_post_title meta=&#8221;off&#8221; featured_image=&#8221;off&#8221; text_color=&#8221;light&#8221; text_background=&#8221;on&#8221; text_bg_color=&#8221;#222222&#8243; admin_label=&#8221;T\u00edtulo de publicaci\u00f3n&#8221; _builder_version=&#8221;4.27.6&#8243; title_font_size=&#8221;18px&#8221; title_all_caps=&#8221;off&#8221; background_color=&#8221;rgba(255,255,255,0)&#8221; parallax=&#8221;on&#8221; parallax_method=&#8221;off&#8221; parallax_effect=&#8221;on&#8221; module_bg_color=&#8221;rgba(255,255,255,0)&#8221; global_colors_info=&#8221;{}&#8221;]<br \/>\n[\/et_pb_post_title][\/et_pb_column][\/et_pb_row][\/et_pb_section][et_pb_section fb_built=&#8221;1&#8243; custom_padding_last_edited=&#8221;on|desktop&#8221; _builder_version=&#8221;4.16&#8243; custom_padding_tablet=&#8221;50px|0|50px|0&#8243; custom_padding_phone=&#8221;&#8221; custom_css_main_element=&#8221;padding-top:0px;&#8221; transparent_background=&#8221;off&#8221; padding_mobile=&#8221;off&#8221; global_colors_info=&#8221;{}&#8221;][et_pb_row column_structure=&#8221;1_3,2_3&#8243; _builder_version=&#8221;4.16&#8243; background_size=&#8221;initial&#8221; background_position=&#8221;top_left&#8221; background_repeat=&#8221;repeat&#8221; global_colors_info=&#8221;{}&#8221;][et_pb_column type=&#8221;1_3&#8243; _builder_version=&#8221;4.16&#8243; custom_padding=&#8221;|||&#8221; global_colors_info=&#8221;{}&#8221; custom_padding__hover=&#8221;|||&#8221;][et_pb_image src=&#8221;https:\/\/aims.cat\/wp-content\/uploads\/2026\/03\/David-Fontaseca-2-e1773491283712.jpg&#8221; title_text=&#8221;David Fontaseca&#8221; show_in_lightbox=&#8221;on&#8221; align_tablet=&#8221;center&#8221; align_phone=&#8221;&#8221; align_last_edited=&#8221;on|desktop&#8221; _builder_version=&#8221;4.27.6&#8243; animation=&#8221;off&#8221; always_center_on_mobile=&#8221;on&#8221; global_colors_info=&#8221;{}&#8221;]<br \/>\n[\/et_pb_image][\/et_pb_column][et_pb_column type=&#8221;2_3&#8243; _builder_version=&#8221;4.16&#8243; custom_padding=&#8221;|||&#8221; global_colors_info=&#8221;{}&#8221; custom_padding__hover=&#8221;|||&#8221;][et_pb_text admin_label=&#8221;Texto&#8221; _builder_version=&#8221;4.27.6&#8243; background_size=&#8221;initial&#8221; background_position=&#8221;top_left&#8221; background_repeat=&#8221;repeat&#8221; global_colors_info=&#8221;{}&#8221;]<\/p>\n<p>David Fonseca-Bibescu, born in Barcelona, began his musical training at the IEA Oriol Martorell, studying with his father, Heriberto Fonseca, and graduating with highest honors and the Prize of Excellence. He later completed his Bachelor\u2019s Degree at the Conservatori Superior de M\u00fasica del Liceu thanks to a scholarship from the Ferrer-Salat Music Foundation, studying under Kai Gleusteen and Corrado Bolsi. During his final year, he was entrusted with a Joseph Gagliano violin (1798) for one year by the conservatory and the foundation. He continued his studies at the same<br \/>institution with a Master\u2019s Degree in Classical and Contemporary Music Performance, again supported by a scholarship from the conservatory, studying under Corrado Bolsi and graduating with highest marks. He completed further postgraduate studies at the Accademia Musicale Santa Cecilia in Bergamo with Pavel Vernikov, Svetlana Makarova and Igor Volochine, and has also worked with Roberto Vald\u00e9s.<\/p>\n<p>He has received recognition in national and international competitions. Notable achievements include the 1st Prize at the ARJAU Competition in Barcelona (2012), 1st Prize at the VII Cordes de Barcelona Competition (2015), 1st Prize at the XIV Girona Music Performance Awards (2015), 3rd Prize in the regional phase of the Intercentros Mel\u00f3mano Competition (2015), and 1st Prize at the 5th International \u201cNote sul mare\u201d Competition in Rome, Italy (2016). In this competition he was additionally awarded the First Absolute Prize and the Special Bowed Instruments Prize, obtaining<br \/>the maximum score of 100\/100. He also received the BBVA Music Prize \u2013 Individual Talent Award (2016), with a Special Mention and the Special Prize of the Association of Conservatories of Catalonia (ACCat) for the best interpretation of a work by a Catalan composer. He later won the 1st Prize at the V Soloists Competition (2018) of the Jove Orquestra InterComarcal (JOIC), the 1st Prize at the 17th International Music Competition \u201cPremio Citt\u00e0 di Padova\u201d (2019) in Padua (Italy), and the 3rd Prize at the 20th International \u201cVirtuosit\u00e9 Prize\u201d (2023) also in Padua.<\/p>\n<p>In addition, he has been awarded in several chamber music competitions, including the 1st Prize at the Concerto Competition of the Q4Stage quartet course in Lleida with the Lux Quartet (2016), the 2nd Prize at the I Cambra Rom\u00e0nica International Competition (2019) in Andorra with the Quartet Toldr\u00e0, and the 3rd Prize at the V Rookie Chamber Music Online Competition (2020) with the Quartet B\u00e9cquer. His performance activity includes solo appearances with orchestra and recitals in Spain, Andorra,<br \/>Italy, Germany and Portugal. He has performed as a soloist with the National Youth Orchestra of Andorra conducted by Gerard Claret, the Jove Orquestra InterComarcal with Marcel Ortega, the Barcelona Guitar Orchestra at the Palau de la M\u00fasica Catalana, the Blackmore International Music Academy Orchestra in Berlin conducted by Guy Braunstein, the Camerata Pirineus in northern Catalonia and the Douro String Academy Orchestra at the Teatro de Vila Real (Portugal).<\/p>\n<p>His chamber music collaborations include performances with musicians such as Yo-Yo Ma, Sergey Ostrovsky, Andriy Viytovich and Zvi Plessler. He has recorded for Catalunya M\u00fasica with the Trio Montsalvatge and for Radio Nacional de Espa\u00f1a with the Quartet B\u00e9cquer. In the orchestral field, he has been invited as concertmaster with ensembles such as the Orquestra<br \/>Simf\u00f2nica del Vall\u00e8s, the Orquestra Cl\u00e1ssica de Espinho (Portugal), the Camerata Eduard Toldr\u00e0, the Orquesta Filarm\u00f3nica del Mediterr\u00e1neo, the Spanish National Youth Orchestra, the Catalan National Youth Orchestra, and the Andorran National Youth Orchestra. He has been a member of<br \/>the Mahler Chamber Orchestra as an academist, has been invited as assistant concertmaster with the Orquestra de la Comunitat Valenciana (Les Arts), and as assistant principal second violin with the Orquesta Sinf\u00f3nica de Castilla y Le\u00f3n. He has also collaborated with the Mahler Chamber Orchestra and with the Orquestra del Gran Teatre del Liceu.<br \/>David has received guidance and masterclasses from renowned violinists such as Salvatore Accardo, Oleg Kaskiv, Vilmos Szabadi, Vera Mart\u00ednez, Sergey Ostrovsky, Latica Honda-Rosenberg, Patrice Fontanarosa, Gordan Nikolich, Lukas Hagen, Guy Braunstein and Marco Rizzi, among<br \/>others. He has been a guest teacher with the Catalan National Youth Orchestra.<\/p>\n<p>[\/et_pb_text][\/et_pb_column][\/et_pb_row][\/et_pb_section]<\/p>\n","protected":false},"excerpt":{"rendered":"<p>David Fonseca-Bibescu, born in Barcelona, began his musical training at the IEA Oriol Martorell, studying with his father, Heriberto Fonseca, and graduating with highest honors and the Prize of Excellence. [&hellip;]<\/p>\n","protected":false},"author":3,"featured_media":0,"parent":0,"menu_order":0,"comment_status":"closed","ping_status":"closed","template":"","meta":{"_acf_changed":false,"_et_pb_use_builder":"on","_et_pb_old_content":"","_et_gb_content_width":"","footnotes":"","_links_to":"","_links_to_target":""},"class_list":["post-18417","page","type-page","status-publish","hentry"],"acf":[],"_links":{"self":[{"href":"https:\/\/aims.cat\/en\/wp-json\/wp\/v2\/pages\/18417","targetHints":{"allow":["GET"]}}],"collection":[{"href":"https:\/\/aims.cat\/en\/wp-json\/wp\/v2\/pages"}],"about":[{"href":"https:\/\/aims.cat\/en\/wp-json\/wp\/v2\/types\/page"}],"author":[{"embeddable":true,"href":"https:\/\/aims.cat\/en\/wp-json\/wp\/v2\/users\/3"}],"replies":[{"embeddable":true,"href":"https:\/\/aims.cat\/en\/wp-json\/wp\/v2\/comments?post=18417"}],"version-history":[{"count":3,"href":"https:\/\/aims.cat\/en\/wp-json\/wp\/v2\/pages\/18417\/revisions"}],"predecessor-version":[{"id":18797,"href":"https:\/\/aims.cat\/en\/wp-json\/wp\/v2\/pages\/18417\/revisions\/18797"}],"wp:attachment":[{"href":"https:\/\/aims.cat\/en\/wp-json\/wp\/v2\/media?parent=18417"}],"curies":[{"name":"wp","href":"https:\/\/api.w.org\/{rel}","templated":true}]}}