{"id":18450,"date":"2026-03-14T16:12:00","date_gmt":"2026-03-14T16:12:00","guid":{"rendered":"https:\/\/aims.cat\/?page_id=18450"},"modified":"2026-03-14T16:12:04","modified_gmt":"2026-03-14T16:12:04","slug":"celia-roca","status":"publish","type":"page","link":"https:\/\/aims.cat\/en\/celia-roca\/","title":{"rendered":"C\u00e8lia Roca Matamala"},"content":{"rendered":"<p>[et_pb_section fb_built=&#8221;1&#8243; custom_padding_last_edited=&#8221;on|desktop&#8221; _builder_version=&#8221;4.16&#8243; custom_padding_tablet=&#8221;50px|0|50px|0&#8243; custom_padding_phone=&#8221;&#8221; custom_css_main_element=&#8221;padding-bottom:0px;&#8221; transparent_background=&#8221;off&#8221; padding_mobile=&#8221;off&#8221; global_colors_info=&#8221;{}&#8221;][et_pb_row _builder_version=&#8221;4.16&#8243; background_size=&#8221;initial&#8221; background_position=&#8221;top_left&#8221; background_repeat=&#8221;repeat&#8221; global_colors_info=&#8221;{}&#8221;][et_pb_column type=&#8221;4_4&#8243; _builder_version=&#8221;4.16&#8243; custom_padding=&#8221;|||&#8221; global_colors_info=&#8221;{}&#8221; custom_padding__hover=&#8221;|||&#8221;][et_pb_post_title meta=&#8221;off&#8221; featured_image=&#8221;off&#8221; text_color=&#8221;light&#8221; text_background=&#8221;on&#8221; text_bg_color=&#8221;#222222&#8243; admin_label=&#8221;T\u00edtulo de publicaci\u00f3n&#8221; _builder_version=&#8221;4.16&#8243; title_font_size=&#8221;18px&#8221; title_all_caps=&#8221;off&#8221; background_color=&#8221;rgba(255,255,255,0)&#8221; parallax=&#8221;on&#8221; parallax_method=&#8221;off&#8221; parallax_effect=&#8221;on&#8221; module_bg_color=&#8221;rgba(255,255,255,0)&#8221; global_colors_info=&#8221;{}&#8221;]<br \/>\n[\/et_pb_post_title][\/et_pb_column][\/et_pb_row][\/et_pb_section][et_pb_section fb_built=&#8221;1&#8243; custom_padding_last_edited=&#8221;on|desktop&#8221; _builder_version=&#8221;4.16&#8243; custom_padding_tablet=&#8221;50px|0|50px|0&#8243; custom_padding_phone=&#8221;&#8221; custom_css_main_element=&#8221;padding-top:0px;&#8221; transparent_background=&#8221;off&#8221; padding_mobile=&#8221;off&#8221; global_colors_info=&#8221;{}&#8221;][et_pb_row column_structure=&#8221;1_3,2_3&#8243; _builder_version=&#8221;4.16&#8243; background_size=&#8221;initial&#8221; background_position=&#8221;top_left&#8221; background_repeat=&#8221;repeat&#8221; global_colors_info=&#8221;{}&#8221;][et_pb_column type=&#8221;1_3&#8243; _builder_version=&#8221;4.16&#8243; custom_padding=&#8221;|||&#8221; global_colors_info=&#8221;{}&#8221; custom_padding__hover=&#8221;|||&#8221;][et_pb_image src=&#8221;https:\/\/aims.cat\/wp-content\/uploads\/2026\/03\/Celia-Roca-2-e1773504373935.jpg&#8221; title_text=&#8221;C\u00e8lia Roca&#8221; show_in_lightbox=&#8221;on&#8221; align_tablet=&#8221;center&#8221; align_phone=&#8221;&#8221; align_last_edited=&#8221;on|desktop&#8221; _builder_version=&#8221;4.27.6&#8243; hover_enabled=&#8221;0&#8243; animation=&#8221;off&#8221; always_center_on_mobile=&#8221;on&#8221; global_colors_info=&#8221;{}&#8221; sticky_enabled=&#8221;0&#8243;]<br \/>\n[\/et_pb_image][\/et_pb_column][et_pb_column type=&#8221;2_3&#8243; _builder_version=&#8221;4.16&#8243; custom_padding=&#8221;|||&#8221; global_colors_info=&#8221;{}&#8221; custom_padding__hover=&#8221;|||&#8221;][et_pb_text admin_label=&#8221;Texto&#8221; _builder_version=&#8221;4.27.6&#8243; background_size=&#8221;initial&#8221; background_position=&#8221;top_left&#8221; background_repeat=&#8221;repeat&#8221; hover_enabled=&#8221;0&#8243; global_colors_info=&#8221;{}&#8221; sticky_enabled=&#8221;0&#8243;]<\/p>\n<p data-start=\"124\" data-end=\"564\">C\u00e8lia Roca Matamala is a Catalan cellist currently pursuing a Bachelor\u2019s degree in Classical Cello at the Conservatorium Maastricht, where she studies with the renowned cellist Gustav Rivinius. Prior to this, she completed her Professional Degree in Music at the Conservatori Municipal de Manresa, specializing in cello with Anna Costa, while also studying with Peter Thiemann, who became an important mentor in her musical development.<\/p>\n<p data-start=\"566\" data-end=\"801\">Alongside her main studies, C\u00e8lia has explored a broad musical background that includes jazz singing, trombone, and both classical and modern piano, experiences that have contributed to shaping her artistic voice and musical curiosity.<\/p>\n<p data-start=\"803\" data-end=\"1200\">She has participated in several international academies and festivals, including the Acad\u00e9mie Musicale de Morges, the NJO (Nationale Jeugdorkesten Nederland), the International Music Academy of Solsona (AIMS), the Allegro Vivo Kammermusik Festival, and the Vic Chamber Music Academy, where she worked with musicians such as L\u00e1szl\u00f3 Feny\u0151, Mathias Johansen, German Tcakulov, and the Gerhard Quartet.<\/p>\n<p data-start=\"1202\" data-end=\"1571\">Chamber music holds a particularly important place in her artistic life, as it allows her to explore the deep sense of connection and freedom that she finds at the heart of music-making. Through her musical journey, C\u00e8lia aims to continue developing both as a musician and as a person, with a strong focus on expressive communication and human connection through music.<\/p>\n<p>[\/et_pb_text][\/et_pb_column][\/et_pb_row][\/et_pb_section]<\/p>\n","protected":false},"excerpt":{"rendered":"<p>C\u00e8lia Roca Matamala is a Catalan cellist currently pursuing a Bachelor\u2019s degree in Classical Cello at the Conservatorium Maastricht, where she studies with the renowned cellist Gustav Rivinius. Prior to [&hellip;]<\/p>\n","protected":false},"author":3,"featured_media":0,"parent":0,"menu_order":0,"comment_status":"closed","ping_status":"closed","template":"","meta":{"_acf_changed":false,"_et_pb_use_builder":"on","_et_pb_old_content":"","_et_gb_content_width":"","footnotes":"","_links_to":"","_links_to_target":""},"class_list":["post-18450","page","type-page","status-publish","hentry"],"acf":[],"_links":{"self":[{"href":"https:\/\/aims.cat\/en\/wp-json\/wp\/v2\/pages\/18450","targetHints":{"allow":["GET"]}}],"collection":[{"href":"https:\/\/aims.cat\/en\/wp-json\/wp\/v2\/pages"}],"about":[{"href":"https:\/\/aims.cat\/en\/wp-json\/wp\/v2\/types\/page"}],"author":[{"embeddable":true,"href":"https:\/\/aims.cat\/en\/wp-json\/wp\/v2\/users\/3"}],"replies":[{"embeddable":true,"href":"https:\/\/aims.cat\/en\/wp-json\/wp\/v2\/comments?post=18450"}],"version-history":[{"count":4,"href":"https:\/\/aims.cat\/en\/wp-json\/wp\/v2\/pages\/18450\/revisions"}],"predecessor-version":[{"id":18468,"href":"https:\/\/aims.cat\/en\/wp-json\/wp\/v2\/pages\/18450\/revisions\/18468"}],"wp:attachment":[{"href":"https:\/\/aims.cat\/en\/wp-json\/wp\/v2\/media?parent=18450"}],"curies":[{"name":"wp","href":"https:\/\/api.w.org\/{rel}","templated":true}]}}