{"id":18503,"date":"2026-03-14T16:57:45","date_gmt":"2026-03-14T16:57:45","guid":{"rendered":"https:\/\/aims.cat\/?page_id=18503"},"modified":"2026-03-14T16:57:50","modified_gmt":"2026-03-14T16:57:50","slug":"theresa-klose","status":"publish","type":"page","link":"https:\/\/aims.cat\/en\/theresa-klose\/","title":{"rendered":"Theresa Klose"},"content":{"rendered":"<p>[et_pb_section fb_built=&#8221;1&#8243; custom_padding_last_edited=&#8221;on|desktop&#8221; _builder_version=&#8221;4.16&#8243; custom_padding_tablet=&#8221;50px|0|50px|0&#8243; custom_padding_phone=&#8221;&#8221; custom_css_main_element=&#8221;padding-bottom:0px;&#8221; transparent_background=&#8221;off&#8221; padding_mobile=&#8221;off&#8221; global_colors_info=&#8221;{}&#8221;][et_pb_row _builder_version=&#8221;4.16&#8243; background_size=&#8221;initial&#8221; background_position=&#8221;top_left&#8221; background_repeat=&#8221;repeat&#8221; global_colors_info=&#8221;{}&#8221;][et_pb_column type=&#8221;4_4&#8243; _builder_version=&#8221;4.16&#8243; custom_padding=&#8221;|||&#8221; global_colors_info=&#8221;{}&#8221; custom_padding__hover=&#8221;|||&#8221;][et_pb_post_title meta=&#8221;off&#8221; featured_image=&#8221;off&#8221; text_color=&#8221;light&#8221; text_background=&#8221;on&#8221; text_bg_color=&#8221;#222222&#8243; admin_label=&#8221;T\u00edtulo de publicaci\u00f3n&#8221; _builder_version=&#8221;4.16&#8243; title_font_size=&#8221;18px&#8221; title_all_caps=&#8221;off&#8221; background_color=&#8221;rgba(255,255,255,0)&#8221; parallax=&#8221;on&#8221; parallax_method=&#8221;off&#8221; parallax_effect=&#8221;on&#8221; module_bg_color=&#8221;rgba(255,255,255,0)&#8221; global_colors_info=&#8221;{}&#8221;]<br \/>\n[\/et_pb_post_title][\/et_pb_column][\/et_pb_row][\/et_pb_section][et_pb_section fb_built=&#8221;1&#8243; custom_padding_last_edited=&#8221;on|desktop&#8221; _builder_version=&#8221;4.16&#8243; custom_padding_tablet=&#8221;50px|0|50px|0&#8243; custom_padding_phone=&#8221;&#8221; custom_css_main_element=&#8221;padding-top:0px;&#8221; transparent_background=&#8221;off&#8221; padding_mobile=&#8221;off&#8221; global_colors_info=&#8221;{}&#8221;][et_pb_row column_structure=&#8221;1_3,2_3&#8243; _builder_version=&#8221;4.16&#8243; background_size=&#8221;initial&#8221; background_position=&#8221;top_left&#8221; background_repeat=&#8221;repeat&#8221; global_colors_info=&#8221;{}&#8221;][et_pb_column type=&#8221;1_3&#8243; _builder_version=&#8221;4.16&#8243; custom_padding=&#8221;|||&#8221; global_colors_info=&#8221;{}&#8221; custom_padding__hover=&#8221;|||&#8221;][et_pb_image src=&#8221;https:\/\/aims.cat\/wp-content\/uploads\/2026\/03\/Foto-Theresa-Klose-1.jpg&#8221; title_text=&#8221;Foto Theresa Klose&#8221; show_in_lightbox=&#8221;on&#8221; align_tablet=&#8221;center&#8221; align_phone=&#8221;&#8221; align_last_edited=&#8221;on|desktop&#8221; _builder_version=&#8221;4.27.6&#8243; hover_enabled=&#8221;0&#8243; animation=&#8221;off&#8221; always_center_on_mobile=&#8221;on&#8221; global_colors_info=&#8221;{}&#8221; sticky_enabled=&#8221;0&#8243;]<br \/>\n[\/et_pb_image][\/et_pb_column][et_pb_column type=&#8221;2_3&#8243; _builder_version=&#8221;4.16&#8243; custom_padding=&#8221;|||&#8221; global_colors_info=&#8221;{}&#8221; custom_padding__hover=&#8221;|||&#8221;][et_pb_text admin_label=&#8221;Texto&#8221; _builder_version=&#8221;4.27.6&#8243; background_size=&#8221;initial&#8221; background_position=&#8221;top_left&#8221; background_repeat=&#8221;repeat&#8221; hover_enabled=&#8221;0&#8243; global_colors_info=&#8221;{}&#8221; sticky_enabled=&#8221;0&#8243;]<\/p>\n<p data-start=\"3467\" data-end=\"3905\">Theresa Klose has established herself in recent years as a highly sought-after singer, particularly in the fields of Lied, oratorio, and concert repertoire. She regularly performs in major cathedrals, concert halls, and festivals such as the Leipzig Bach Festival, the Beethovenfest Bonn, and the Festival Alte Musik in Knechtsteden. Her concert tours have taken her to England, France, Italy, Norway, and the Netherlands.<\/p>\n<p data-start=\"3907\" data-end=\"4409\">Her repertoire ranges from 17th-century music to Romantic and contemporary works. Several recordings document her artistic work. In addition to her solo CD <em data-start=\"4063\" data-end=\"4070\">Augen<\/em> released in 2022, she has participated in numerous recordings for Deutschlandfunk and WDR. She has performed with renowned orchestras including the Bochumer Symphoniker, the G\u00fcrzenich Orchestra Cologne, the C\u00f6lner Baroque Orchestra, the Neue Hofkapelle Osnabr\u00fcck, and members of the Bamberg Symphony Orchestra.<\/p>\n<p data-start=\"4411\" data-end=\"4890\">After completing degrees in music education and German studies, Theresa Klose studied voice with Prof. Kai Wessel at the University of Music and Dance Cologne, graduating in 2020 with top marks. She later continued her training with soprano Juanita Lascarro in Frankfurt. In October 2022, she also began postgraduate studies with Prof. Thilo Dahlmann at the Frankfurt University of Music and Performing Arts, which she completed with distinction in July 2024.<\/p>\n<p data-start=\"4892\" data-end=\"5115\">Alongside her artistic career, she has been working as a vocal coach for the Cologne Cathedral Choirs since 2017 and, since the winter semester of 2024, has been serving as a lecturer in voice at the HMDK Stuttgart.<\/p>\n<p>[\/et_pb_text][\/et_pb_column][\/et_pb_row][\/et_pb_section]<\/p>\n","protected":false},"excerpt":{"rendered":"<p>Theresa Klose has established herself in recent years as a highly sought-after singer, particularly in the fields of Lied, oratorio, and concert repertoire. She regularly performs in major cathedrals, concert [&hellip;]<\/p>\n","protected":false},"author":3,"featured_media":0,"parent":0,"menu_order":0,"comment_status":"closed","ping_status":"closed","template":"","meta":{"_acf_changed":false,"_et_pb_use_builder":"on","_et_pb_old_content":"","_et_gb_content_width":"","footnotes":"","_links_to":"","_links_to_target":""},"class_list":["post-18503","page","type-page","status-publish","hentry"],"acf":[],"_links":{"self":[{"href":"https:\/\/aims.cat\/en\/wp-json\/wp\/v2\/pages\/18503","targetHints":{"allow":["GET"]}}],"collection":[{"href":"https:\/\/aims.cat\/en\/wp-json\/wp\/v2\/pages"}],"about":[{"href":"https:\/\/aims.cat\/en\/wp-json\/wp\/v2\/types\/page"}],"author":[{"embeddable":true,"href":"https:\/\/aims.cat\/en\/wp-json\/wp\/v2\/users\/3"}],"replies":[{"embeddable":true,"href":"https:\/\/aims.cat\/en\/wp-json\/wp\/v2\/comments?post=18503"}],"version-history":[{"count":3,"href":"https:\/\/aims.cat\/en\/wp-json\/wp\/v2\/pages\/18503\/revisions"}],"predecessor-version":[{"id":18514,"href":"https:\/\/aims.cat\/en\/wp-json\/wp\/v2\/pages\/18503\/revisions\/18514"}],"wp:attachment":[{"href":"https:\/\/aims.cat\/en\/wp-json\/wp\/v2\/media?parent=18503"}],"curies":[{"name":"wp","href":"https:\/\/api.w.org\/{rel}","templated":true}]}}