{"id":228,"date":"2016-01-25T07:17:17","date_gmt":"2016-01-25T07:17:17","guid":{"rendered":"https:\/\/aims.cat\/en\/?page_id=228"},"modified":"2025-07-30T18:08:24","modified_gmt":"2025-07-30T18:08:24","slug":"partners","status":"publish","type":"page","link":"https:\/\/aims.cat\/en\/partners\/","title":{"rendered":"Partners"},"content":{"rendered":"<p>[et_pb_section fb_built=&#8221;1&#8243; _builder_version=&#8221;4.16&#8243; global_colors_info=&#8221;{}&#8221;][et_pb_row column_structure=&#8221;1_4,1_4,1_4,1_4&#8243; _builder_version=&#8221;4.16&#8243; background_size=&#8221;initial&#8221; background_position=&#8221;top_left&#8221; background_repeat=&#8221;repeat&#8221; global_colors_info=&#8221;{}&#8221;][et_pb_column type=&#8221;1_4&#8243; _builder_version=&#8221;4.16&#8243; custom_padding=&#8221;|||&#8221; global_colors_info=&#8221;{}&#8221; custom_padding__hover=&#8221;|||&#8221;][et_pb_post_title meta=&#8221;off&#8221; featured_image=&#8221;off&#8221; text_color=&#8221;light&#8221; text_background=&#8221;on&#8221; text_bg_color=&#8221;#ea4951&#8243; admin_label=&#8221;T\u00edtulo de publicaci\u00f3n&#8221; _builder_version=&#8221;4.19.0&#8243; title_all_caps=&#8221;off&#8221; background_color=&#8221;rgba(255,255,255,0)&#8221; parallax=&#8221;on&#8221; use_border_color=&#8221;off&#8221; border_color=&#8221;#ffffff&#8221; border_style=&#8221;solid&#8221; parallax_effect=&#8221;on&#8221; module_bg_color=&#8221;rgba(255,255,255,0)&#8221; global_colors_info=&#8221;{}&#8221;][\/et_pb_post_title][et_pb_sidebar area=&#8221;et_pb_widget_area_2&#8243; admin_label=&#8221;MENU&#8221; module_id=&#8221;SectionMenu&#8221; module_class=&#8221;HideLessThan981&#8243; _builder_version=&#8221;4.19.0&#8243; remove_border=&#8221;off&#8221; global_colors_info=&#8221;{}&#8221;][\/et_pb_sidebar][\/et_pb_column][et_pb_column type=&#8221;1_4&#8243; _builder_version=&#8221;4.16&#8243; custom_padding=&#8221;|||&#8221; global_colors_info=&#8221;{}&#8221; custom_padding__hover=&#8221;|||&#8221;][et_pb_text _builder_version=&#8221;4.19.0&#8243; _module_preset=&#8221;default&#8221; global_colors_info=&#8221;{}&#8221;]<\/p>\n<p><img loading=\"lazy\" decoding=\"async\" class=\"wp-image-3573 alignnone size-full\" src=\"https:\/\/aims.cat\/wp-content\/uploads\/2017\/04\/partner-ajsolsona.jpg\" alt=\"\" width=\"336\" height=\"195\" srcset=\"https:\/\/aims.cat\/wp-content\/uploads\/2017\/04\/partner-ajsolsona.jpg 336w, https:\/\/aims.cat\/wp-content\/uploads\/2017\/04\/partner-ajsolsona-300x174.jpg 300w\" sizes=\"(max-width: 336px) 100vw, 336px\" \/><\/p>\n<p>[\/et_pb_text][et_pb_text _builder_version=&#8221;4.19.0&#8243; _module_preset=&#8221;default&#8221; global_colors_info=&#8221;{}&#8221;]<\/p>\n<p><img loading=\"lazy\" decoding=\"async\" class=\"wp-image-9073 alignnone \" src=\"https:\/\/aims.cat\/wp-content\/uploads\/2020\/02\/Generalitat_de_Catalunya_-_Departament_de_Cultura.jpg\" alt=\"\" width=\"458\" height=\"153\" \/><\/p>\n<p>[\/et_pb_text][et_pb_text _builder_version=&#8221;4.19.0&#8243; _module_preset=&#8221;default&#8221; global_colors_info=&#8221;{}&#8221;]<\/p>\n<p><img loading=\"lazy\" decoding=\"async\" class=\"wp-image-3582 alignnone \" src=\"https:\/\/aims.cat\/wp-content\/uploads\/2017\/04\/partner-friendsofaims.jpg\" alt=\"\" width=\"428\" height=\"167\" srcset=\"https:\/\/aims.cat\/wp-content\/uploads\/2017\/04\/partner-friendsofaims.jpg 500w, https:\/\/aims.cat\/wp-content\/uploads\/2017\/04\/partner-friendsofaims-300x117.jpg 300w\" sizes=\"(max-width: 428px) 100vw, 428px\" \/><\/p>\n<p>[\/et_pb_text][et_pb_text _builder_version=&#8221;4.19.0&#8243; _module_preset=&#8221;default&#8221; global_colors_info=&#8221;{}&#8221;]<\/p>\n<p><img loading=\"lazy\" decoding=\"async\" class=\"wp-image-12221 alignnone \" src=\"https:\/\/aims.cat\/wp-content\/uploads\/2021\/07\/electra-energia.jpg\" alt=\"\" width=\"265\" height=\"180\" srcset=\"https:\/\/aims.cat\/wp-content\/uploads\/2021\/07\/electra-energia.jpg 449w, https:\/\/aims.cat\/wp-content\/uploads\/2021\/07\/electra-energia-300x204.jpg 300w\" sizes=\"(max-width: 265px) 100vw, 265px\" \/><\/p>\n<p>[\/et_pb_text][\/et_pb_column][et_pb_column type=&#8221;1_4&#8243; _builder_version=&#8221;4.16&#8243; custom_padding=&#8221;|||&#8221; global_colors_info=&#8221;{}&#8221; custom_padding__hover=&#8221;|||&#8221;][et_pb_text _builder_version=&#8221;4.20.4&#8243; _module_preset=&#8221;default&#8221; link_option_url=&#8221;https:\/\/www.iei.cat\/&#8221; link_option_url_new_window=&#8221;on&#8221; global_colors_info=&#8221;{}&#8221;]<\/p>\n<p><img loading=\"lazy\" decoding=\"async\" class=\"wp-image-14951 alignnone \" src=\"https:\/\/aims.cat\/wp-content\/uploads\/2022\/11\/estudis_ilerdencs.jpg\" alt=\"\" width=\"304\" height=\"166\" \/><\/p>\n<p>[\/et_pb_text][et_pb_text _builder_version=&#8221;4.19.0&#8243; _module_preset=&#8221;default&#8221; global_colors_info=&#8221;{}&#8221;]<\/p>\n<p><img loading=\"lazy\" decoding=\"async\" class=\"wp-image-12200  aligncenter\" src=\"https:\/\/aims.cat\/wp-content\/uploads\/2021\/07\/consell-comarcal.jpg\" alt=\"\" width=\"143\" height=\"143\" \/><\/p>\n<p>[\/et_pb_text][et_pb_text _builder_version=&#8221;4.27.0&#8243; _module_preset=&#8221;default&#8221; hover_enabled=&#8221;0&#8243; sticky_enabled=&#8221;0&#8243;]<\/p>\n<p><img decoding=\"async\" src=\"https:\/\/www.aralleida.cat\/wp-content\/uploads\/2024\/04\/ara_lleida_diputacio_patronat.png\" alt=\"Identitat visual corporativa - Ara Lleida\" \/><\/p>\n<p>[\/et_pb_text][\/et_pb_column][et_pb_column type=&#8221;1_4&#8243; _builder_version=&#8221;4.16&#8243; custom_padding=&#8221;|||&#8221; global_colors_info=&#8221;{}&#8221; custom_padding__hover=&#8221;|||&#8221;][et_pb_text _builder_version=&#8221;4.19.0&#8243; _module_preset=&#8221;default&#8221; global_colors_info=&#8221;{}&#8221; admin_label=&#8221;Text&#8221;]<\/p>\n<p style=\"text-align: left;\"><img loading=\"lazy\" decoding=\"async\" class=\"wp-image-12188 alignnone  aligncenter\" src=\"https:\/\/aims.cat\/wp-content\/uploads\/2021\/07\/logo-sense-fons-ok.png\" alt=\"\" width=\"158\" height=\"173\" \/><\/p>\n<p>[\/et_pb_text][et_pb_text _builder_version=&#8221;4.19.0&#8243; _module_preset=&#8221;default&#8221; global_colors_info=&#8221;{}&#8221;]<\/p>\n<p><img loading=\"lazy\" decoding=\"async\" class=\"wp-image-3570 alignnone \" src=\"https:\/\/aims.cat\/wp-content\/uploads\/2017\/04\/partner-aie.jpg\" alt=\"\" width=\"353\" height=\"138\" srcset=\"https:\/\/aims.cat\/wp-content\/uploads\/2017\/04\/partner-aie.jpg 500w, https:\/\/aims.cat\/wp-content\/uploads\/2017\/04\/partner-aie-300x117.jpg 300w\" sizes=\"(max-width: 353px) 100vw, 353px\" \/><\/p>\n<p>[\/et_pb_text][et_pb_text _builder_version=&#8221;4.19.0&#8243; _module_preset=&#8221;default&#8221; global_colors_info=&#8221;{}&#8221;]<\/p>\n<p><img loading=\"lazy\" decoding=\"async\" class=\"wp-image-14143 alignnone \" src=\"https:\/\/aims.cat\/wp-content\/uploads\/2022\/07\/Fruits-taribo-rotated.jpg\" alt=\"\" width=\"326\" height=\"95\" \/><\/p>\n<p>[\/et_pb_text][\/et_pb_column][\/et_pb_row][et_pb_row column_structure=&#8221;1_4,3_4&#8243; _builder_version=&#8221;4.16&#8243; _module_preset=&#8221;default&#8221; global_colors_info=&#8221;{}&#8221;][et_pb_column type=&#8221;1_4&#8243; _builder_version=&#8221;4.16&#8243; _module_preset=&#8221;default&#8221; global_colors_info=&#8221;{}&#8221;][\/et_pb_column][et_pb_column type=&#8221;3_4&#8243; _builder_version=&#8221;4.16&#8243; _module_preset=&#8221;default&#8221; global_colors_info=&#8221;{}&#8221;][et_pb_text _builder_version=&#8221;4.16&#8243; vertical_offset_tablet=&#8221;0&#8243; horizontal_offset_tablet=&#8221;0&#8243; z_index_tablet=&#8221;0&#8243; text_text_shadow_horizontal_length_tablet=&#8221;0px&#8221; text_text_shadow_vertical_length_tablet=&#8221;0px&#8221; text_text_shadow_blur_strength_tablet=&#8221;1px&#8221; link_text_shadow_horizontal_length_tablet=&#8221;0px&#8221; link_text_shadow_vertical_length_tablet=&#8221;0px&#8221; link_text_shadow_blur_strength_tablet=&#8221;1px&#8221; ul_text_shadow_horizontal_length_tablet=&#8221;0px&#8221; ul_text_shadow_vertical_length_tablet=&#8221;0px&#8221; ul_text_shadow_blur_strength_tablet=&#8221;1px&#8221; ol_text_shadow_horizontal_length_tablet=&#8221;0px&#8221; ol_text_shadow_vertical_length_tablet=&#8221;0px&#8221; ol_text_shadow_blur_strength_tablet=&#8221;1px&#8221; quote_text_shadow_horizontal_length_tablet=&#8221;0px&#8221; quote_text_shadow_vertical_length_tablet=&#8221;0px&#8221; quote_text_shadow_blur_strength_tablet=&#8221;1px&#8221; header_text_shadow_horizontal_length_tablet=&#8221;0px&#8221; header_text_shadow_vertical_length_tablet=&#8221;0px&#8221; header_text_shadow_blur_strength_tablet=&#8221;1px&#8221; header_2_text_shadow_horizontal_length_tablet=&#8221;0px&#8221; header_2_text_shadow_vertical_length_tablet=&#8221;0px&#8221; header_2_text_shadow_blur_strength_tablet=&#8221;1px&#8221; header_3_text_shadow_horizontal_length_tablet=&#8221;0px&#8221; header_3_text_shadow_vertical_length_tablet=&#8221;0px&#8221; header_3_text_shadow_blur_strength_tablet=&#8221;1px&#8221; header_4_text_shadow_horizontal_length_tablet=&#8221;0px&#8221; header_4_text_shadow_vertical_length_tablet=&#8221;0px&#8221; header_4_text_shadow_blur_strength_tablet=&#8221;1px&#8221; header_5_text_shadow_horizontal_length_tablet=&#8221;0px&#8221; header_5_text_shadow_vertical_length_tablet=&#8221;0px&#8221; header_5_text_shadow_blur_strength_tablet=&#8221;1px&#8221; header_6_text_shadow_horizontal_length_tablet=&#8221;0px&#8221; header_6_text_shadow_vertical_length_tablet=&#8221;0px&#8221; header_6_text_shadow_blur_strength_tablet=&#8221;1px&#8221; box_shadow_horizontal_tablet=&#8221;0px&#8221; box_shadow_vertical_tablet=&#8221;0px&#8221; box_shadow_blur_tablet=&#8221;40px&#8221; box_shadow_spread_tablet=&#8221;0px&#8221; global_colors_info=&#8221;{}&#8221;]<\/p>\n<h3 style=\"box-sizing: border-box; margin: 20px 0px; padding: 0px 0px 10px; border-width: 0px 0px 2px; border-image: initial; outline: 0px; font-size: 30px; text-size-adjust: 100%; vertical-align: baseline; background: #ffffff; color: #333333; line-height: 1em; font-weight: 500; position: relative; font-family: 'Open Sans', Arial, sans-serif; border-color: initial initial #ea4951 initial; border-style: initial initial solid initial;\">In collaboration with<\/h3>\n<p>Ajuntament de Solsona, Ajuntament de Cardona, Ajuntament de Castellar de la Ribera, Ajuntament de Castellnou de Bages, Ajuntament de La Seu d\u2019Urgell, Ajuntament de Nav\u00e8s, Ajuntament d\u2019Od\u00e8n, Ajuntament d\u2019Olius, Ajuntament d\u2019Oliana, Ajuntament d\u2019Organy\u00e0, Ajuntament de Riner, Ajuntament de Sallent, Ajuntament de Sant Lloren\u00e7 de Morunys, Ajuntament de Tor\u00e0, Hotel Monegal, Museu Dioces\u00e0 i Comarcal de Solsona, Bisbat de Solsona, Associaci\u00f3 Amics de la Torre de Vallferosa, Associaci\u00f3 Amics de l\u2019orgue de Collbat\u00f3, Joventuts Musicals de Moi\u00e0, Hotel Sant Roc, AMISOL, Jove Orquestra Nacional de Catalunya (JONC)<\/p>\n<p>[\/et_pb_text][et_pb_text _builder_version=&#8221;4.18.0&#8243; vertical_offset_tablet=&#8221;0&#8243; horizontal_offset_tablet=&#8221;0&#8243; z_index_tablet=&#8221;0&#8243; text_text_shadow_horizontal_length_tablet=&#8221;0px&#8221; text_text_shadow_vertical_length_tablet=&#8221;0px&#8221; text_text_shadow_blur_strength_tablet=&#8221;1px&#8221; link_text_shadow_horizontal_length_tablet=&#8221;0px&#8221; link_text_shadow_vertical_length_tablet=&#8221;0px&#8221; link_text_shadow_blur_strength_tablet=&#8221;1px&#8221; ul_text_shadow_horizontal_length_tablet=&#8221;0px&#8221; ul_text_shadow_vertical_length_tablet=&#8221;0px&#8221; ul_text_shadow_blur_strength_tablet=&#8221;1px&#8221; ol_text_shadow_horizontal_length_tablet=&#8221;0px&#8221; ol_text_shadow_vertical_length_tablet=&#8221;0px&#8221; ol_text_shadow_blur_strength_tablet=&#8221;1px&#8221; quote_text_shadow_horizontal_length_tablet=&#8221;0px&#8221; quote_text_shadow_vertical_length_tablet=&#8221;0px&#8221; quote_text_shadow_blur_strength_tablet=&#8221;1px&#8221; header_text_shadow_horizontal_length_tablet=&#8221;0px&#8221; header_text_shadow_vertical_length_tablet=&#8221;0px&#8221; header_text_shadow_blur_strength_tablet=&#8221;1px&#8221; header_2_text_shadow_horizontal_length_tablet=&#8221;0px&#8221; header_2_text_shadow_vertical_length_tablet=&#8221;0px&#8221; header_2_text_shadow_blur_strength_tablet=&#8221;1px&#8221; header_3_text_shadow_horizontal_length_tablet=&#8221;0px&#8221; header_3_text_shadow_vertical_length_tablet=&#8221;0px&#8221; header_3_text_shadow_blur_strength_tablet=&#8221;1px&#8221; header_4_text_shadow_horizontal_length_tablet=&#8221;0px&#8221; header_4_text_shadow_vertical_length_tablet=&#8221;0px&#8221; header_4_text_shadow_blur_strength_tablet=&#8221;1px&#8221; header_5_text_shadow_horizontal_length_tablet=&#8221;0px&#8221; header_5_text_shadow_vertical_length_tablet=&#8221;0px&#8221; header_5_text_shadow_blur_strength_tablet=&#8221;1px&#8221; header_6_text_shadow_horizontal_length_tablet=&#8221;0px&#8221; header_6_text_shadow_vertical_length_tablet=&#8221;0px&#8221; header_6_text_shadow_blur_strength_tablet=&#8221;1px&#8221; box_shadow_horizontal_tablet=&#8221;0px&#8221; box_shadow_vertical_tablet=&#8221;0px&#8221; box_shadow_blur_tablet=&#8221;40px&#8221; box_shadow_spread_tablet=&#8221;0px&#8221; global_colors_info=&#8221;{}&#8221;]<\/p>\n<h3 style=\"box-sizing: border-box; margin: 20px 0px; padding: 0px 0px 10px; border-width: 0px 0px 2px; border-image: initial; outline: 0px; font-size: 30px; text-size-adjust: 100%; vertical-align: baseline; background: #ffffff; color: #333333; line-height: 1em; font-weight: 500; position: relative; font-family: 'Open Sans', Arial, sans-serif; border-color: initial initial #ea4951 initial; border-style: initial initial solid initial;\">Donors<\/h3>\n<p style=\"box-sizing: border-box; margin: 0px; padding: 0px; border: 0px; outline: 0px; font-size: 14px; text-size-adjust: 100%; vertical-align: baseline; background: #ffffff; color: #666666; font-family: 'Open Sans', Arial, sans-serif;\">Marie-Luise Thiemann, Assumpta Blanch, Josep M\u00aa Masseg\u00fa, Clara Thiemann, Anna Boix, Miquel Flotats, Maria Teresa Montaner, Manuel Pavia, Miquel \u00c0ngel Murcia<\/p>\n<p>[\/et_pb_text][\/et_pb_column][\/et_pb_row][\/et_pb_section]<\/p>\n","protected":false},"excerpt":{"rendered":"<p>In collaboration with Ajuntament de Solsona, Ajuntament de Cardona, Ajuntament de Castellar de la Ribera, Ajuntament de Castellnou de Bages, Ajuntament de La Seu d\u2019Urgell, Ajuntament de Nav\u00e8s, Ajuntament d\u2019Od\u00e8n, [&hellip;]<\/p>\n","protected":false},"author":2,"featured_media":0,"parent":0,"menu_order":0,"comment_status":"closed","ping_status":"closed","template":"","meta":{"_acf_changed":false,"_et_pb_use_builder":"on","_et_pb_old_content":"","_et_gb_content_width":"","footnotes":"","_links_to":"","_links_to_target":""},"class_list":["post-228","page","type-page","status-publish","hentry"],"acf":[],"_links":{"self":[{"href":"https:\/\/aims.cat\/en\/wp-json\/wp\/v2\/pages\/228","targetHints":{"allow":["GET"]}}],"collection":[{"href":"https:\/\/aims.cat\/en\/wp-json\/wp\/v2\/pages"}],"about":[{"href":"https:\/\/aims.cat\/en\/wp-json\/wp\/v2\/types\/page"}],"author":[{"embeddable":true,"href":"https:\/\/aims.cat\/en\/wp-json\/wp\/v2\/users\/2"}],"replies":[{"embeddable":true,"href":"https:\/\/aims.cat\/en\/wp-json\/wp\/v2\/comments?post=228"}],"version-history":[{"count":11,"href":"https:\/\/aims.cat\/en\/wp-json\/wp\/v2\/pages\/228\/revisions"}],"predecessor-version":[{"id":17644,"href":"https:\/\/aims.cat\/en\/wp-json\/wp\/v2\/pages\/228\/revisions\/17644"}],"wp:attachment":[{"href":"https:\/\/aims.cat\/en\/wp-json\/wp\/v2\/media?parent=228"}],"curies":[{"name":"wp","href":"https:\/\/api.w.org\/{rel}","templated":true}]}}