{"id":1038,"date":"2016-02-12T06:21:06","date_gmt":"2016-02-12T06:21:06","guid":{"rendered":"https:\/\/aims.cat\/es\/friends-of-aims-usa\/"},"modified":"2025-11-18T11:24:47","modified_gmt":"2025-11-18T11:24:47","slug":"aims-amigos-de-los-eeuu","status":"publish","type":"page","link":"https:\/\/aims.cat\/es\/aims-amigos-de-los-eeuu\/","title":{"rendered":"AIMS Amigos de los EE.UU."},"content":{"rendered":"<p>[et_pb_section fb_built=\u00bb1&#8243; admin_label=\u00bbsection\u00bb _builder_version=\u00bb4.16&#8243; global_colors_info=\u00bb{}\u00bb][et_pb_row column_structure=\u00bb1_3,2_3&#8243; admin_label=\u00bbrow\u00bb _builder_version=\u00bb4.16&#8243; background_size=\u00bbinitial\u00bb background_position=\u00bbtop_left\u00bb background_repeat=\u00bbrepeat\u00bb global_colors_info=\u00bb{}\u00bb][et_pb_column type=\u00bb1_3&#8243; _builder_version=\u00bb4.16&#8243; custom_padding=\u00bb|||\u00bb global_colors_info=\u00bb{}\u00bb custom_padding__hover=\u00bb|||\u00bb][et_pb_image src=\u00bbhttps:\/\/aims.cat\/wp-content\/uploads\/2016\/01\/friends-of-aims-us.png\u00bb force_fullwidth=\u00bbon\u00bb align_tablet=\u00bbcenter\u00bb align_phone=\u00bb\u00bb align_last_edited=\u00bbon|desktop\u00bb _builder_version=\u00bb4.16&#8243; animation_direction=\u00bboff\u00bb animation=\u00bboff\u00bb global_colors_info=\u00bb{}\u00bb][\/et_pb_image][et_pb_text _builder_version=\u00bb4.16&#8243; global_colors_info=\u00bb{}\u00bb]<\/p>\n<p style=\"text-align: center;\"><a href=\"mailto:info@friendsofaimsus.org\">info@friendsofaimsus.org<br \/><\/a>10755 Scrips Poway Parkway<br \/>Suite 437<br \/>San Diego, CA 92131 USA<\/p>\n<p>[\/et_pb_text][et_pb_button button_url=\u00bbhttps:\/\/aims.cat\/wp-content\/uploads\/2024\/08\/How-to-Donate.pdf\u00bb button_text=\u00bbDonaci\u00f3n\u00bb button_alignment=\u00bbcenter\u00bb _builder_version=\u00bb4.27.0&#8243; _module_preset=\u00bbdefault\u00bb global_colors_info=\u00bb{}\u00bb][\/et_pb_button][et_pb_button button_url=\u00bbhttps:\/\/aims.cat\/friends-of-aims-us-cultural-tour-activity\/\u00bb button_text=\u00bbCultural Tour\u00bb button_alignment=\u00bbcenter\u00bb _builder_version=\u00bb4.16&#8243; _module_preset=\u00bbdefault\u00bb global_colors_info=\u00bb{}\u00bb][\/et_pb_button][\/et_pb_column][et_pb_column type=\u00bb2_3&#8243; _builder_version=\u00bb4.16&#8243; custom_padding=\u00bb0px|||\u00bb global_colors_info=\u00bb{}\u00bb custom_padding__hover=\u00bb|||\u00bb][et_pb_text _builder_version=\u00bb4.16&#8243; custom_margin=\u00bb0px|||\u00bb custom_padding=\u00bb0px|||\u00bb global_colors_info=\u00bb{}\u00bb]<iframe loading=\"lazy\" src=\"https:\/\/player.vimeo.com\/video\/241638570?autoplay=1&amp;color=ea4951\" width=\"640\" height=\"273\" frameborder=\"0\" allowfullscreen=\"allowfullscreen\"><\/iframe><br \/>\n[\/et_pb_text][et_pb_text _builder_version=\u00bb4.18.0&#8243; background_size=\u00bbinitial\u00bb background_position=\u00bbtop_left\u00bb background_repeat=\u00bbrepeat\u00bb module_alignment=\u00bbleft\u00bb global_colors_info=\u00bb{}\u00bb]<\/p>\n<p>De cara al a\u00f1o 2026, nos complace anunciar el establecimiento de un fondo de becas ofrecido por <strong><em>Friends of AIMS US Inc.<\/em><\/strong> Este fondo ayudar\u00e1 a los estudiantes que lo necesiten y que de otra manera no podr\u00edan permitirse asistir a la Academia AIMS. La cuant\u00eda del fondo inicial se ha fijado en 10.000 \u20ac para 2026. Sin duda ayudar\u00e1 a decenas de alumnos a vivir la experiencia\u00a0 AIMS.<\/p>\n<p>Estamos muy agradecidos a todas las personas que dan su apoyo a <strong><em>Friends of AIMS US.<\/em><\/strong><\/p>\n<hr \/>\n<p>AIMS Amigos de los EE.UU es una organizaci\u00f3n sin \u00e1nimo de lucro en los Estados Unidos de Am\u00e9rica. Apoyamos y difundimos la misi\u00f3n y los objetivos de la AIMS Fundaci\u00f3n,implementando y desarrollando sus diferentes programas. Tambi\u00e9n ofrecemos la recaudaci\u00f3n de fondos en los EE.UU., muchos de los cuales ayudar\u00e1n a apoyar las actividades de la AIMS Fundaci\u00f3n.<\/p>\n<p>Somos una entidad exenta (501 (c) 3) de impuestos. Algunos de los objetivos de la\u00a0AIMS Amigos de los EE.UU. son:<\/p>\n<ul>\n<li>Aumentar la conciencia p\u00fablica de la importancia y el impacto de la m\u00fasica cl\u00e1sica en las familias, las personas y la sociedad en general. La m\u00fasica cl\u00e1sica trasciende la edad, religi\u00f3n, nacionalidad e incluso el tiempo. Creemos que ofrece un reconocimiento y experiencia com\u00fan entre las personas que constituyen la base para una sociedad mejor.<\/li>\n<li>Aumentar el n\u00famero de conciertos y experiencias musicales de la AIMS haci\u00e9ndola disponible en la red, y en casos especiales, llevar a cabo conciertos en directo con los profesores y estudiantes de la AIMS.<\/li>\n<li>Identificar j\u00f3venes m\u00fasicos talentos y proporcionarles informaci\u00f3n y ayuda econ\u00f3mica para que puedan participar en los programas de la AIMS.<\/li>\n<li>Elaborar varios proyectos de M\u00fasica y Tecnolog\u00eda que ayuden a profesores y estudiantes de m\u00fasica, as\u00ed como a destacados m\u00fasicos.<\/li>\n<li>Proporcionar subvenciones a otras organizaciones en los EE.UU. y en otros lugares, que les permitan llevar a cabo proyectos que beneficien los objetivos de la AIMS Fundaci\u00f3n en general.<\/li>\n<li>Iniciar diversas acciones de recaudaci\u00f3n de fondos en los EE.UU. para apoyar las actividades, proyectos y subvenciones de la AIMS Amigos de los EE.UU y que la AIMS Fundaci\u00f3n lleve a cabo.<\/li>\n<\/ul>\n<p>La donaci\u00f3n filantr\u00f3pica ser\u00e1 la principal fuente de ingresos para la AIMS Amigos de los EE.UU. Haremos todo lo posible para mantener informados a todos los contribuyentes de las actividades de la AIMS, y tambi\u00e9n para dar la oportunidad de conocer a los estudiantes y profesores que hacen que la AIMS sea un lugar especial para abrazar la m\u00fasica cl\u00e1sica. En algunos casos invitaremos a los colaboradores a experimentar la AIMS de primera mano, mediante la organizaci\u00f3n de viajes en grupo al AIMS Festival de M\u00fasica de Solsona.<\/p>\n<p>&nbsp;<\/p>\n<p>[\/et_pb_text][\/et_pb_column][\/et_pb_row][\/et_pb_section]<\/p>\n","protected":false},"excerpt":{"rendered":"<p>info@friendsofaimsus.org10755 Scrips Poway ParkwaySuite 437San Diego, CA 92131 USA De cara al a\u00f1o 2026, nos complace anunciar el establecimiento de un fondo de becas ofrecido por Friends of AIMS US [&hellip;]<\/p>\n","protected":false},"author":2,"featured_media":0,"parent":0,"menu_order":0,"comment_status":"closed","ping_status":"closed","template":"","meta":{"_acf_changed":false,"_et_pb_use_builder":"on","_et_pb_old_content":"<p>Friends of AIMS USA Incorporated is a non-profit organization in the United States of\u00a0America.\u00a0 We support and extend the mission and goals of the AIMS Foundation,\u00a0implementing and augmenting its various programs.\u00a0 We also provide (undertake?) fundraising in the US, much of which will help support the activities of the AIMS Foundation.\u00a0<\/p><p>We are a 501(c)3 tax exempt entity.\u00a0 Some of the Friends of AIMS US activities are to:<\/p><ul><li>Raise public awareness of the value and impact of classical music to families, people, and society in general.\u00a0 Classical music transcends age group, religion, nationality, even time.\u00a0 We believe it provides common appreciation and experience among people, which could lead to a better society.<\/li><li>Extend the performances and musical experiences of AIMS by making it available on-line, and in special cases, host live performances by AIMS teachers and students in the US.<\/li><li>Identify talented young musicians and provide information and financial aid to enable them to be able to participate in the AIMS programs.<\/li><li>Run various Music and Technology projects that will help music teachers and students, as well as accomplished musicians.<\/li><li>Provide grants to other organizations in the US and elsewhere, which will enable them to pursue projects that benefit the mission of the AIMS Foundation in general.<\/li><li>Initiate various fund raising efforts in the US to support the many activities, projects, and grants the Friends of AIMS US and the AIMS Foundation will undertake.<\/li><\/ul><p>Philanthropic donation will be the main source of income for Friends of AIMS USA to operate.\u00a0 We will strive to keep the donors abreast of all AIMS activities, as well as getting to know the students and teachers who make AIMS a special place to embrace classical music.\u00a0 In certain circumstances, we will invite the donors to experience AIMS music first hand, by arranging group travel to the AIMS Music Festival in Solsona.<\/p>","_et_gb_content_width":"","footnotes":"","_links_to":"","_links_to_target":""},"class_list":["post-1038","page","type-page","status-publish","hentry"],"acf":[],"_links":{"self":[{"href":"https:\/\/aims.cat\/es\/wp-json\/wp\/v2\/pages\/1038","targetHints":{"allow":["GET"]}}],"collection":[{"href":"https:\/\/aims.cat\/es\/wp-json\/wp\/v2\/pages"}],"about":[{"href":"https:\/\/aims.cat\/es\/wp-json\/wp\/v2\/types\/page"}],"author":[{"embeddable":true,"href":"https:\/\/aims.cat\/es\/wp-json\/wp\/v2\/users\/2"}],"replies":[{"embeddable":true,"href":"https:\/\/aims.cat\/es\/wp-json\/wp\/v2\/comments?post=1038"}],"version-history":[{"count":10,"href":"https:\/\/aims.cat\/es\/wp-json\/wp\/v2\/pages\/1038\/revisions"}],"predecessor-version":[{"id":18141,"href":"https:\/\/aims.cat\/es\/wp-json\/wp\/v2\/pages\/1038\/revisions\/18141"}],"wp:attachment":[{"href":"https:\/\/aims.cat\/es\/wp-json\/wp\/v2\/media?parent=1038"}],"curies":[{"name":"wp","href":"https:\/\/api.w.org\/{rel}","templated":true}]}}