{"id":10815,"date":"2020-12-10T13:23:43","date_gmt":"2020-12-10T13:23:43","guid":{"rendered":"https:\/\/aims.cat\/?page_id=10815"},"modified":"2020-12-10T13:23:46","modified_gmt":"2020-12-10T13:23:46","slug":"tcha-limberger","status":"publish","type":"page","link":"https:\/\/aims.cat\/es\/aims-festival\/the-artists\/tcha-limberger\/","title":{"rendered":"Tcha Limberger"},"content":{"rendered":"<p>[et_pb_section fb_built=\u00bb1&#8243; custom_padding_last_edited=\u00bbon|desktop\u00bb _builder_version=\u00bb3.22&#8243; custom_padding_tablet=\u00bb50px|0|50px|0&#8243; custom_padding_phone=\u00bb\u00bb custom_css_main_element=\u00bbpadding-bottom:0px;\u00bb transparent_background=\u00bboff\u00bb padding_mobile=\u00bboff\u00bb make_fullwidth=\u00bboff\u00bb use_custom_width=\u00bboff\u00bb width_unit=\u00bbon\u00bb][et_pb_row _builder_version=\u00bb3.25&#8243; background_size=\u00bbinitial\u00bb background_position=\u00bbtop_left\u00bb background_repeat=\u00bbrepeat\u00bb column_structure=\u00bb1_4,3_4&#8243;][et_pb_column type=\u00bb1_4&#8243; _builder_version=\u00bb3.25&#8243; custom_padding=\u00bb|||\u00bb custom_padding__hover=\u00bb|||\u00bb][et_pb_text admin_label=\u00bbTexto\u00bb _builder_version=\u00bb3.27.4&#8243; text_font_size=\u00bb18&#8243; background_color=\u00bb#ea4951&#8243; background_size=\u00bbinitial\u00bb background_position=\u00bbtop_left\u00bb background_repeat=\u00bbrepeat\u00bb background_layout=\u00bbdark\u00bb custom_padding=\u00bb14px|21px|21px|24px\u00bb use_border_color=\u00bboff\u00bb border_color=\u00bb#ffffff\u00bb border_style=\u00bbsolid\u00bb]<\/p>\n<p>\nAIMS\u00a0Festival<\/p>\n<p>[\/et_pb_text][\/et_pb_column][et_pb_column type=\u00bb3_4&#8243; _builder_version=\u00bb3.25&#8243; custom_padding=\u00bb|||\u00bb custom_padding__hover=\u00bb|||\u00bb][et_pb_post_title meta=\u00bboff\u00bb featured_image=\u00bboff\u00bb text_color=\u00bblight\u00bb text_background=\u00bbon\u00bb text_bg_color=\u00bb#222222&#8243; admin_label=\u00bbT\u00edtulo de publicaci\u00f3n\u00bb _builder_version=\u00bb3.0.87&#8243; title_font_size=\u00bb18px\u00bb title_all_caps=\u00bboff\u00bb background_color=\u00bbrgba(255,255,255,0)\u00bb parallax=\u00bbon\u00bb use_border_color=\u00bboff\u00bb border_color=\u00bb#ffffff\u00bb border_style=\u00bbsolid\u00bb parallax_effect=\u00bbon\u00bb module_bg_color=\u00bbrgba(255,255,255,0)\u00bb]<br \/>\n[\/et_pb_post_title][\/et_pb_column][\/et_pb_row][\/et_pb_section][et_pb_section fb_built=\u00bb1&#8243; custom_padding_last_edited=\u00bbon|desktop\u00bb _builder_version=\u00bb3.22&#8243; custom_padding_tablet=\u00bb50px|0|50px|0&#8243; custom_padding_phone=\u00bb\u00bb custom_css_main_element=\u00bbpadding-top:0px;\u00bb transparent_background=\u00bboff\u00bb padding_mobile=\u00bboff\u00bb make_fullwidth=\u00bboff\u00bb use_custom_width=\u00bboff\u00bb width_unit=\u00bbon\u00bb][et_pb_row _builder_version=\u00bb3.25&#8243; background_size=\u00bbinitial\u00bb background_position=\u00bbtop_left\u00bb background_repeat=\u00bbrepeat\u00bb column_structure=\u00bb1_4,3_4&#8243;][et_pb_column type=\u00bb1_4&#8243; _builder_version=\u00bb3.25&#8243; custom_padding=\u00bb|||\u00bb custom_padding__hover=\u00bb|||\u00bb][et_pb_sidebar area=\u00bbet_pb_widget_area_4&#8243; admin_label=\u00bbMENU\u00bb module_id=\u00bbFestivalMenu\u00bb _builder_version=\u00bb3.0.74&#8243; remove_border=\u00bboff\u00bb]<br \/>\n[\/et_pb_sidebar][\/et_pb_column][et_pb_column type=\u00bb3_4&#8243; _builder_version=\u00bb3.25&#8243; custom_padding=\u00bb|||\u00bb custom_padding__hover=\u00bb|||\u00bb][et_pb_image src=\u00bbhttps:\/\/aims.cat\/wp-content\/uploads\/2020\/12\/Tcha.jpeg\u00bb show_in_lightbox=\u00bbon\u00bb align_tablet=\u00bbcenter\u00bb align_last_edited=\u00bbon|desktop\u00bb _builder_version=\u00bb4.4.9&#8243; hover_enabled=\u00bb0&#8243; use_border_color=\u00bboff\u00bb title_text=\u00bbTcha\u00bb]<br \/>\n[\/et_pb_image][et_pb_text admin_label=\u00bbTexto\u00bb _builder_version=\u00bb4.4.9&#8243; background_size=\u00bbinitial\u00bb background_position=\u00bbtop_left\u00bb background_repeat=\u00bbrepeat\u00bb hover_enabled=\u00bb0&#8243; use_border_color=\u00bboff\u00bb]<\/p>\n<p><strong>TCHA LIMBERGER &#8211; UN POLIM\u00c1TICO VIRTUOSO<\/strong><\/p>\n<p>El galardonado multi-instrumentista y vocalista Tcha Limberger, un m\u00fasico ciego nacido en B\u00e9lgica, aclamado en todos los g\u00e9neros musicales, celebrado dentro del mundo del jazz y de la m\u00fasica mundial \/ folk como cantante e instrumentista. Ha sido reconocido como una de las figuras m\u00e1s destacadas e importantes de la m\u00fasica folkl\u00f3rica de la cuenca de los C\u00e1rpatos y se puede ver actuando en todo el mundo como solista en algunas de las formaciones que cuentan con los mejores m\u00fasicos de todo el mundo musical: Stochelo Rosenberg, Angelo Debarre, Fabrizio Cassol, Sebastien Giniaux, Roby Lakatos, Evan Christopher, Fapy Lafertin, Petar Ralchev y Lorenzo Gatto.<\/p>\n<p>Sus numerosos proyectos musicales tambi\u00e9n son muy admirados. El grupo de jazz The Tcha Limberger Trio, donde act\u00faa como vocalista, violinista y guitarrista principal, cuenta con Mozes Rosenberg, Dave Kelbie y Sebastien Girardot. Es miembro fundador, vocalista y violinista del quinteto de cuerdas <em>Les Violons de Bruxelles<\/em> con sede en la capital belga, un grupo dedicado a la interpretaci\u00f3n de est\u00e1ndares de jazz de Django Reinhardt, as\u00ed como a composiciones propias.<\/p>\n<p>Adem\u00e1s de su dedicaci\u00f3n a la m\u00fasica folkl\u00f3rica con el viol\u00edn, tambi\u00e9n se siente c\u00f3modo cantando en nueve idiomas. Es miembro del Trio Tatavla, donde canta e improvisa en griego; es el l\u00edder de la Orquesta Gitana de Budapest y del Tr\u00edo Kalotaszeg, donde canta en h\u00fangaro, ruso y rumano. Su inagotable inter\u00e9s por las diversas culturas influye notablemente en su estilo de improvisaci\u00f3n en el jazz y la ejecuci\u00f3n instrumental.<\/p>\n<p>Naci\u00f3 en el seno de una familia de m\u00fasicos. Su abuelo era un violinista que dirig\u00eda la banda \u00abThe Piottos\u00bb y su padre, Vivi Limberger, se convirti\u00f3 en el guitarrista r\u00edtmico de la banda Waso junto a Fapy Lafertin, primo de Tcha y posiblemente el m\u00fasico gitano m\u00e1s famoso desde Django Reinhardt. Aprendi\u00f3 los primeros acordes de guitarra a los seis a\u00f1os y a los ocho comenz\u00f3 a dar conciertos en solitario.<\/p>\n<p>Limberger siempre ha sentido fascinaci\u00f3n por la m\u00fasica tradicional de todo el mundo y ha recopilado gran cantidad de instrumentos y grabaciones. Durante mucho tiempo dirigi\u00f3 una banda belga que interpretaba m\u00fasica de Aimara e indios quechuas de Bolivia.<\/p>\n<p>Inspirado por el clarinetista de una banda de Nueva Orleans en la que tocaba el banjo, se inici\u00f3 en el clarinete y estudi\u00f3 los estilos del jazz de Nueva Orleans y la m\u00fasica magiar (Budapest).<\/p>\n<p>Tambi\u00e9n comenz\u00f3 a trabajar con la compa\u00f1\u00eda de teatro \u201cHet Muzieklod\u201d y con el compositor belga Dick Vanderharst, quienes lo introdujeron en la m\u00fasica cl\u00e1sica contempor\u00e1nea y el jazz moderno.<\/p>\n<p>Cuando ten\u00eda diecisiete a\u00f1os, inspirado por las historias de su abuelo y las grabaciones del violinista h\u00fangaro Toki Horvat, empez\u00f3 a tocar el viol\u00edn. Se separ\u00f3 de la Orquesta De Piotto y form\u00f3 un tr\u00edo con su padre y su t\u00edo Bisque Limberger. Mientras estaba de gira en Budapest, tom\u00f3 la decisi\u00f3n de aprender el estilo de viol\u00edn magiar. A los veintitr\u00e9s a\u00f1os lleg\u00f3 a Budapest y aprendi\u00f3 h\u00fangaro y estudi\u00f3 durante dieciocho meses con el gran Horvat Bela.<\/p>\n<p><em>El virtuoso erudito Tcha Limberger es el rey de la m\u00fasica gitana<\/em> (SUNDAY TIMES UK)<br \/><em>Tcha Limberger parece estar hecho completamente de m\u00fasica<\/em> (THE OBSERVER UK)<br \/><em>La voz de Limberger alcanza cualidades desgarradoras<\/em> (DJANGOSTATION FR)<br \/><em>Brillo t\u00e9cnico y pasi\u00f3n desafiante<\/em> (FROOTS UK)<br \/><em>Tan embriagador como un vino a\u00f1ejo<\/em> (SONGLINES UK)<br \/><em>Simplemente de clase mundial<\/em> (COMPACT NL)<br \/><em>M\u00fasica tan natural como respirar<\/em> (LONDON JAZZ NEWS)<br \/><em>M\u00fasica directamente del alma<\/em> (LONDON EVENING STANDARD)<br \/><em>Lleno de energ\u00eda <\/em>(SONGLINES UK)<\/p>\n<p>[\/et_pb_text][\/et_pb_column][\/et_pb_row][\/et_pb_section]<\/p>\n","protected":false},"excerpt":{"rendered":"<p>AIMS\u00a0Festival TCHA LIMBERGER &#8211; UN POLIM\u00c1TICO VIRTUOSO El galardonado multi-instrumentista y vocalista Tcha Limberger, un m\u00fasico ciego nacido en B\u00e9lgica, aclamado en todos los g\u00e9neros musicales, celebrado dentro del mundo [&hellip;]<\/p>\n","protected":false},"author":2,"featured_media":0,"parent":1528,"menu_order":0,"comment_status":"closed","ping_status":"closed","template":"","meta":{"_acf_changed":false,"_et_pb_use_builder":"on","_et_pb_old_content":"","_et_gb_content_width":"","footnotes":"","_links_to":"","_links_to_target":""},"class_list":["post-10815","page","type-page","status-publish","hentry"],"acf":[],"_links":{"self":[{"href":"https:\/\/aims.cat\/es\/wp-json\/wp\/v2\/pages\/10815","targetHints":{"allow":["GET"]}}],"collection":[{"href":"https:\/\/aims.cat\/es\/wp-json\/wp\/v2\/pages"}],"about":[{"href":"https:\/\/aims.cat\/es\/wp-json\/wp\/v2\/types\/page"}],"author":[{"embeddable":true,"href":"https:\/\/aims.cat\/es\/wp-json\/wp\/v2\/users\/2"}],"replies":[{"embeddable":true,"href":"https:\/\/aims.cat\/es\/wp-json\/wp\/v2\/comments?post=10815"}],"version-history":[{"count":0,"href":"https:\/\/aims.cat\/es\/wp-json\/wp\/v2\/pages\/10815\/revisions"}],"up":[{"embeddable":true,"href":"https:\/\/aims.cat\/es\/wp-json\/wp\/v2\/pages\/1528"}],"wp:attachment":[{"href":"https:\/\/aims.cat\/es\/wp-json\/wp\/v2\/media?parent=10815"}],"curies":[{"name":"wp","href":"https:\/\/api.w.org\/{rel}","templated":true}]}}