{"id":10842,"date":"2020-12-12T14:48:51","date_gmt":"2020-12-12T14:48:51","guid":{"rendered":"https:\/\/aims.cat\/?page_id=10842"},"modified":"2020-12-12T14:48:54","modified_gmt":"2020-12-12T14:48:54","slug":"aims-social","status":"publish","type":"page","link":"https:\/\/aims.cat\/es\/aims-social\/","title":{"rendered":"AIMS Social"},"content":{"rendered":"<p>[et_pb_section fb_built=\u00bb1&#8243; specialty=\u00bbon\u00bb _builder_version=\u00bb3.22&#8243;][et_pb_column type=\u00bb1_4&#8243; _builder_version=\u00bb3.25&#8243; custom_padding=\u00bb|||\u00bb custom_padding__hover=\u00bb|||\u00bb][et_pb_text admin_label=\u00bbTexto\u00bb _builder_version=\u00bb3.27.4&#8243; text_font_size=\u00bb18&#8243; background_color=\u00bb#ea4951&#8243; background_size=\u00bbinitial\u00bb background_position=\u00bbtop_left\u00bb background_repeat=\u00bbrepeat\u00bb background_layout=\u00bbdark\u00bb custom_padding=\u00bb14px|21px|21px|24px\u00bb]<\/p>\n<p>\nAIMS\u00a0Social<\/p>\n<p>[\/et_pb_text][\/et_pb_column][et_pb_column type=\u00bb3_4&#8243; specialty_columns=\u00bb3&#8243; _builder_version=\u00bb3.25&#8243; custom_padding=\u00bb|||\u00bb custom_padding__hover=\u00bb|||\u00bb][et_pb_row_inner admin_label=\u00bbRow\u00bb _builder_version=\u00bb3.25&#8243;][et_pb_column_inner saved_specialty_column_type=\u00bb3_4&#8243; _builder_version=\u00bb3.25&#8243; custom_padding=\u00bb|||\u00bb custom_padding__hover=\u00bb|||\u00bb][et_pb_text admin_label=\u00bbTexto\u00bb _builder_version=\u00bb3.27.4&#8243; background_size=\u00bbinitial\u00bb background_position=\u00bbtop_left\u00bb background_repeat=\u00bbrepeat\u00bb]<\/p>\n<p><strong>\u00abSi no puedes venir a escucharnos, nosotros nos acercamos a ti\u00bb<\/strong><\/p>\n<p>AIMS Social surge de la voluntad de acercar la m\u00fasica a los colectivos que, por motivos diversos, tienen poco o nulo acceso a ella. Con esta finalidad AIMS Social realiza conciertos en hospitales, residencias y centros de d\u00eda para diferentes colectivos, e incluso en casas particulares.<\/p>\n<p>AIMS Social es una oportunidad \u00fanica para muchas de estas personas de escuchar m\u00fasicos de primer nivel con una proximidad inusual y, para nuestros m\u00fasicos, de compartir su talento con una implicaci\u00f3n emocional excepcional.<\/p>\n<p>AIMS Social, una de las actividades prioritarias de la Fundaci\u00f3n, se ampl\u00eda en esta edici\u00f3n con conciertos a lo largo de todo el a\u00f1o por todo el territorio catal\u00e1n, trabajando conjuntamente con entidades y expertos de diferentes sectores.<\/p>\n<p>[\/et_pb_text][\/et_pb_column_inner][\/et_pb_row_inner][et_pb_row_inner admin_label=\u00bbRow\u00bb _builder_version=\u00bb3.25&#8243;][et_pb_column_inner saved_specialty_column_type=\u00bb3_4&#8243; _builder_version=\u00bb3.25&#8243; custom_padding=\u00bb|||\u00bb custom_padding__hover=\u00bb|||\u00bb][et_pb_video src=\u00bbhttps:\/\/www.youtube.com\/watch?v=-fsdsB_d5r8&#8243; _builder_version=\u00bb3.24.1&#8243; z_index_tablet=\u00bb500&#8243; box_shadow_horizontal_tablet=\u00bb0px\u00bb box_shadow_vertical_tablet=\u00bb0px\u00bb box_shadow_blur_tablet=\u00bb40px\u00bb box_shadow_spread_tablet=\u00bb0px\u00bb][\/et_pb_video][\/et_pb_column_inner][\/et_pb_row_inner][\/et_pb_column][\/et_pb_section]<\/p>\n","protected":false},"excerpt":{"rendered":"<p>AIMS\u00a0Social \u00abSi no puedes venir a escucharnos, nosotros nos acercamos a ti\u00bb AIMS Social surge de la voluntad de acercar la m\u00fasica a los colectivos que, por motivos diversos, tienen [&hellip;]<\/p>\n","protected":false},"author":2,"featured_media":0,"parent":0,"menu_order":0,"comment_status":"closed","ping_status":"closed","template":"","meta":{"_acf_changed":false,"_et_pb_use_builder":"on","_et_pb_old_content":"","_et_gb_content_width":"","footnotes":"","_links_to":"","_links_to_target":""},"class_list":["post-10842","page","type-page","status-publish","hentry"],"acf":[],"_links":{"self":[{"href":"https:\/\/aims.cat\/es\/wp-json\/wp\/v2\/pages\/10842","targetHints":{"allow":["GET"]}}],"collection":[{"href":"https:\/\/aims.cat\/es\/wp-json\/wp\/v2\/pages"}],"about":[{"href":"https:\/\/aims.cat\/es\/wp-json\/wp\/v2\/types\/page"}],"author":[{"embeddable":true,"href":"https:\/\/aims.cat\/es\/wp-json\/wp\/v2\/users\/2"}],"replies":[{"embeddable":true,"href":"https:\/\/aims.cat\/es\/wp-json\/wp\/v2\/comments?post=10842"}],"version-history":[{"count":0,"href":"https:\/\/aims.cat\/es\/wp-json\/wp\/v2\/pages\/10842\/revisions"}],"wp:attachment":[{"href":"https:\/\/aims.cat\/es\/wp-json\/wp\/v2\/media?parent=10842"}],"curies":[{"name":"wp","href":"https:\/\/api.w.org\/{rel}","templated":true}]}}