{"id":1117,"date":"2016-02-15T06:36:22","date_gmt":"2016-02-15T06:36:22","guid":{"rendered":"https:\/\/aims.cat\/es\/legal-note\/"},"modified":"2023-04-21T10:27:56","modified_gmt":"2023-04-21T10:27:56","slug":"aviso-legal","status":"publish","type":"page","link":"https:\/\/aims.cat\/es\/aviso-legal\/","title":{"rendered":"Aviso legal"},"content":{"rendered":"<p>[et_pb_section fb_built=\u00bb1&#8243; admin_label=\u00bbsection\u00bb _builder_version=\u00bb4.16&#8243; global_colors_info=\u00bb{}\u00bb][et_pb_row column_structure=\u00bb1_4,3_4&#8243; admin_label=\u00bbrow\u00bb _builder_version=\u00bb4.16&#8243; background_size=\u00bbinitial\u00bb background_position=\u00bbtop_left\u00bb background_repeat=\u00bbrepeat\u00bb global_colors_info=\u00bb{}\u00bb][et_pb_column type=\u00bb1_4&#8243; _builder_version=\u00bb4.16&#8243; custom_padding=\u00bb|||\u00bb global_colors_info=\u00bb{}\u00bb custom_padding__hover=\u00bb|||\u00bb][et_pb_post_title meta=\u00bboff\u00bb featured_image=\u00bboff\u00bb text_color=\u00bblight\u00bb text_background=\u00bbon\u00bb text_bg_color=\u00bb#ea4951&#8243; admin_label=\u00bbT\u00edtulo de publicaci\u00f3n\u00bb _builder_version=\u00bb4.16&#8243; title_all_caps=\u00bboff\u00bb background_color=\u00bbrgba(255,255,255,0)\u00bb parallax=\u00bbon\u00bb parallax_method=\u00bboff\u00bb parallax_effect=\u00bbon\u00bb module_bg_color=\u00bbrgba(255,255,255,0)\u00bb use_border_color=\u00bboff\u00bb border_color=\u00bb#ffffff\u00bb border_style=\u00bbsolid\u00bb global_colors_info=\u00bb{}\u00bb] [\/et_pb_post_title][\/et_pb_column][et_pb_column type=\u00bb3_4&#8243; _builder_version=\u00bb4.16&#8243; custom_padding=\u00bb|||\u00bb global_colors_info=\u00bb{}\u00bb custom_padding__hover=\u00bb|||\u00bb][et_pb_text admin_label=\u00bbTexto\u00bb _builder_version=\u00bb4.19.0&#8243; background_size=\u00bbinitial\u00bb background_position=\u00bbtop_left\u00bb background_repeat=\u00bbrepeat\u00bb hover_enabled=\u00bb0&#8243; use_border_color=\u00bboff\u00bb border_color=\u00bb#ffffff\u00bb border_style=\u00bbsolid\u00bb global_colors_info=\u00bb{}\u00bb sticky_enabled=\u00bb0&#8243;]<\/p>\n<p><strong> I. INFORMACI\u00d3N ACERCA DEL PRESTADOR DE SERVICIOS DE LA SOCIEDAD DE LA INFORMACI\u00d3N<\/strong><\/p>\n<p>El Sitio Web de Internet www.aims.cat es propiedad y est\u00e1 administrado por la FUNDACI\u00d3N DE LA ACADEMIA INTERNACIONAL DE M\u00daSICA DE SOLSONA-AIMS FUNDACI\u00d3N, cuyos datos a los efectos del cumplimiento de las obligaciones contenidas en el art\u00edculo 10 de la Ley 34\/2002, de 11 de julio, de Servicios de la Sociedad de la Informaci\u00f3n y Comercio Electr\u00f3nico (\u00abLSSI\u00bb), son los siguientes:<\/p>\n<p>Denominaci\u00f3n social: FUNDACI\u00d3N DE LA ACADEMIA INTERNACIONAL DE M\u00daSICA DE SOLSONA-AIMS FUNDACI\u00d3N<br \/>Domicilio social: Rectoria de Sant Pere \u2013 \u00a0Ctra. Solsona a Bassella, Km. 10,5, Castellar de la Ribera (25289),Lleida<br \/>C\u00f3digo de identificaci\u00f3n Fiscal n\u00famero: G66652660<br \/>Inscrita en el Registro de Fundaciones de la Generalitat de Catalunya<br \/>Direcci\u00f3n de correo electr\u00f3nico: info@aims.cat<\/p>\n<p><strong>II. T\u00c9RMINOS Y CONDICIONES GENERALES DE ACCESO Y USO DE NUESTRA WEB.<\/strong><\/p>\n<p>Estas son las condiciones generales (en adelante \u00abcondiciones generales\u00bb) que regulan el acceso, navegaci\u00f3n y uso del sitio web bajo el dominio \u00abaims.cat\u00bb (en adelante, Sitio Web), as\u00ed como las responsabilidades derivadas de la utilizaci\u00f3n de sus contenidos (entendiendo en adelante por \u00abcontenidos\u00bb los textos, gr\u00e1ficos, dibujos, dise\u00f1os, c\u00f3digos, software, fotograf\u00edas, m\u00fasica, v\u00eddeos, sonidos, bases de datos, im\u00e1genes, expresiones e informaciones, as\u00ed como cualquier otra creaci\u00f3n protegida por las leyes nacionales y los tratados internacionales sobre propiedad intelectual e industrial). Independientemente de las mismas, la FUNDACI\u00d3N DE LA ACADEMIA INTERNACIONAL DE M\u00daSICA DE SOLSONA-AIMS FUNDACI\u00d3N podr\u00e1 establecer unas condiciones particulares que regulen la utilizaci\u00f3n y\/o contrataci\u00f3n de servicios espec\u00edficos ofrecidos a los Usuarios a trav\u00e9s del Sitio Web.<\/p>\n<p><strong>1.- Usuario<\/strong><br \/>La utilizaci\u00f3n de esta Web le atribuye la condici\u00f3n de Usuario de la misma y expresa su aceptaci\u00f3n plena y sin reservas de todas y cada una de las Condiciones Generales publicadas por la FUNDACI\u00d3N DE LA ACADEMIA INTERNACIONAL DE M\u00daSICA DE SOLSONA-AIMS FUNDACI\u00d3N, en el momento mismo en que Ud. acceda a la Web, sin perjuicio de la aceptaci\u00f3n de las condiciones particulares que en su caso resulten de aplicaci\u00f3n. Cualquier utilizaci\u00f3n distinta de la autorizada est\u00e1 expresamente prohibida, quedando la FUNDACI\u00d3N DE LA ACADEMIA INTERNACIONAL DE M\u00daSICA DE SOLSONA-AIMS FUNDACI\u00d3N, facultada para denegar o retirar el acceso y uso de la Web, en cualquier momento, y sin previo aviso, a aquellos Usuarios que incumplan estas condiciones generales o las condiciones particulares que, en su caso, resulten de aplicaci\u00f3n.<\/p>\n<p><strong>2.- Modificaciones<\/strong><br \/>La FUNDACI\u00d3N DE LA ACADEMIA INTERNACIONAL DE M\u00daSICA DE SOLSONA-AIMS FUNDACI\u00d3N se reserva el derecho de modificar, unilateralmente, en cualquier momento y sin previo aviso las presentes condiciones, as\u00ed como la presentaci\u00f3n, localizaci\u00f3n y configuraci\u00f3n del Sitio Web. En estos casos se proceder\u00e1 a su publicaci\u00f3n y aviso con la m\u00e1xima antelaci\u00f3n posible.<\/p>\n<p><strong>3.- Informaci\u00f3n ofrecida a trav\u00e9s de la Web: acceso y uso.<\/strong><br \/>3.1.- Por medio de esta Web, la FUNDACI\u00d3N DE LA ACADEMIA INTERNACIONAL DE M\u00daSICA DE SOLSONA-AIMS FUNDACI\u00d3N facilita informaci\u00f3n acerca de la fundaci\u00f3n y sus servicios. Los datos contenidos en la Web se proporcionan al Usuario \u00fanicamente a efectos informativos y, en ning\u00fan caso, pueden considerarse como una oferta vinculante de la FUNDACI\u00d3N DE LA ACADEMIA INTERNACIONAL DE M\u00daSICA DE SOLSONA-AIMS FUNDACI\u00d3N para la realizaci\u00f3n de prestaci\u00f3n alguna.<\/p>\n<p>3.2.- El acceso, navegaci\u00f3n y uso del Sitio Web es responsabilidad del Usuario, por lo que \u00e9ste se compromete a observar diligentemente cualquier instrucci\u00f3n adicional impartida por la FUNDACI\u00d3N DE LA ACADEMIA INTERNACIONAL DE M\u00daSICA DE SOLSONA-AIMS FUNDACI\u00d3N relativa al uso del Sitio Web y de sus contenidos. As\u00ed mismo le solicitamos que comunique a la FUNDACI\u00d3N DE LA ACADEMIA INTERNACIONAL DE M\u00daSICA DE SOLSONA-AIMS FUNDACI\u00d3N cualquier hecho del que tenga conocimiento y suponga una conducta contraria a derecho o vulnere derechos de cualquier tercero.<\/p>\n<p>3.3.- El acceso y uso de la Web tiene car\u00e1cter gratuito para los Usuarios y no exige su registro previo. No obstante, el acceso y uso de determinadas informaciones y servicios ofrecidos a trav\u00e9s de la Web en determinados casos s\u00f3lo podr\u00eda hacerse previo registro del Usuario.<\/p>\n<p>3.4.- Cuando sea necesario que el Usuario se registre o aporte datos personales para poder acceder a alguno de los servicios, la recogida y el tratamiento de los datos personales de los Usuarios ser\u00e1 de aplicaci\u00f3n lo dispuesto en la <a href=\"https:\/\/aims.cat\/es\/politica-de-privacitat\/\">Pol\u00edtica de Privacidad<\/a> recogida en el Sitio Web.<\/p>\n<p>3.5.- Si para la utilizaci\u00f3n y\/o contrataci\u00f3n de un servicio en el Sitio Web, el Usuario debiera proceder a su registro, \u00e9ste ser\u00e1 responsable de aportar informaci\u00f3n veraz y l\u00edcita. Si como consecuencia del registro, se dotara al Usuario de una contrase\u00f1a, \u00e9ste se compromete a hacer un uso diligente y a mantener en secreto la contrase\u00f1a para acceder a estos servicios. En consecuencia, los Usuarios son responsables de la adecuada custodia y confidencialidad de cualesquiera identificadores y\/o contrase\u00f1as que le sean suministradas por la FUNDACI\u00d3N DE LA ACADEMIA INTERNACIONAL DE M\u00daSICA DE SOLSONA-AIMS FUNDACI\u00d3N, y se comprometen a no ceder su uso a terceros, ya sea temporal o permanente, ni a permitir su acceso a personas ajenas. Ser\u00e1 responsabilidad del Usuario la utilizaci\u00f3n de los servicios por cualquier tercero ileg\u00edtimo que emplee a tal efecto una contrase\u00f1a a causa de una utilizaci\u00f3n no diligente o de la p\u00e9rdida de la misma por el Usuario.<\/p>\n<p>Es obligaci\u00f3n del Usuario notificar de forma inmediata a la FUNDACI\u00d3N DE LA ACADEMIA INTERNACIONAL DE M\u00daSICA DE SOLSONA-AIMS FUNDACI\u00d3N cualquier hecho que permita el uso indebido de los identificadores y\/o contrase\u00f1as, tales como el robo, extrav\u00edo, o el acceso no autorizado a los mismos, con el fin de proceder a su inmediata cancelaci\u00f3n. Mientras no se comuniquen tales hechos, la FUNDACI\u00d3N DE LA ACADEMIA INTERNACIONAL DE M\u00daSICA DE SOLSONA-AIMS FUNDACI\u00d3N quedar\u00e1 eximida de cualquier responsabilidad que pudiera derivarse del uso indebido de los identificadores o contrase\u00f1as por terceros no autorizados.<\/p>\n<p>3.6.- La FUNDACI\u00d3N DE LA ACADEMIA INTERNACIONAL DE M\u00daSICA DE SOLSONA-AIMS FUNDACI\u00d3N se reserva el derecho a restringir, suspender, prohibir o cancelar en cualquier momento el acceso y\/o utilizaci\u00f3n, a todo o parte de la Web y a todos o a determinados Usuarios, sin que sea necesario un preaviso. Especialmente, la FUNDACI\u00d3N DE LA ACADEMIA INTERNACIONAL DE M\u00daSICA DE SOLSONA-AIMS FUNDACI\u00d3N podr\u00e1 suspender temporalmente los servicios y contenidos de la Web para efectuar operaciones de mantenimiento, mejora de los mismos.<\/p>\n<p>El Usuario declara conocer y aceptar este hecho y, en consecuencia, renuncia a reclamar frente a la FUNDACI\u00d3N DE LA ACADEMIA INTERNACIONAL DE M\u00daSICA DE SOLSONA-AIMS FUNDACI\u00d3N da\u00f1o o perjuicio alguno que se le pueda causar por este motivo.<\/p>\n<p>3.7.- Aquellos Usuarios que deseen establecer un hiperv\u00ednculo, enlace o link entre su sitio web y el Sitio Web (el \u00abLink\u00bb) deber\u00e1n obtener la autorizaci\u00f3n previa de la FUNDACI\u00d3N DE LA ACADEMIA INTERNACIONAL DE M\u00daSICA DE SOLSONA-AIMS FUNDACI\u00d3N presentando una solicitud a la siguiente direcci\u00f3n de correo electr\u00f3nico info@aims.cat.<\/p>\n<p>Todo enlace de terceros a este Sitio Web debe serlo a su p\u00e1gina principal. El Usuario responder\u00e1 frente a la FUNDACI\u00d3N DE LA ACADEMIA INTERNACIONAL DE M\u00daSICA DE SOLSONA-AIMS FUNDACI\u00d3N o frente a terceros, de cualesquiera da\u00f1os y perjuicios que pudieran causarse como consecuencia del incumplimiento de dichas obligaciones.<\/p>\n<p><strong>4.- Restricciones de uso<\/strong><br \/>4.1.- El Usuario se obliga a usar los contenidos de forma diligente, correcta y l\u00edcita<\/p>\n<p>4.2.- El Usuario se compromete a hacer uso de las informaciones o datos, de cualquier naturaleza y formato, y\/o de cualquiera de las prestaciones que se puedan ofrecer en la Web en cada momento (los \u00abContenidos\u00bb) de la siguiente manera:<\/p>\n<p>a) No se encuentra autorizado a reproducir o copiar, distribuir, modificar, ceder o comunicar p\u00fablicamente la informaci\u00f3n contenida en la Web, a menos que se cuente con la autorizaci\u00f3n del titular de los correspondientes derechos o ello resulte legalmente permitido.<\/p>\n<p>b) No est\u00e1 autorizado para emplear la informaci\u00f3n contenida en la Web con fines de venta directa o con cualquier otra clase de finalidad comercial.<\/p>\n<p>c) No tiene autorizaci\u00f3n para suprimir, eludir, manipular los datos identificativos de los derechos de la FUNDACI\u00d3N DE LA ACADEMIA INTERNACIONAL DE M\u00daSICA DE SOLSONA-AIMS FUNDACI\u00d3N, as\u00ed como los dispositivos t\u00e9cnicos de protecci\u00f3n como, por ejemplo, las huellas digitales.<\/p>\n<p>d) No se encuentra autorizado para desmontar, descompilar o invertir las bases de datos en la que se almacena la informaci\u00f3n de la Web.<\/p>\n<p>e) No tiene autorizaci\u00f3n, como consecuencia del uso de la Web, para realizar actos de \u00abspamming\u00bb con ning\u00fan fin a una pluralidad de personas sin que medie su previa solicitud o consentimiento, ni enviar cualesquiera otros mensajes no solicitados ni consentidos previamente a una pluralidad de personas o cadenas de mensajes electr\u00f3nicos no solicitados ni previamente consentidos, ni utilizar listas de distribuci\u00f3n a las que pueda accederse a trav\u00e9s de la Web.<\/p>\n<p>f) No podr\u00e1 llevar a cabo actividades que puedan ser consideradas como ilegales, inmorales o contrarias al orden p\u00fablico.<\/p>\n<p>g) No utilizar\u00e1 los Contenidos o prestaciones incluidas en la Web para llevar a cabo actividades que puedan perjudicar la imagen de la FUNDACI\u00d3N DE LA ACADEMIA INTERNACIONAL DE M\u00daSICA DE SOLSONA-AIMS FUNDACI\u00d3N.<\/p>\n<p><strong>5.- Derechos de Propiedad Industrial e Intelectual. Titularidad de los contenidos. <\/strong><br \/>5.1.- Las creaciones y obras ofrecidas en la Web (entre otros, los siguientes elementos protegidos: textos, fotograf\u00edas, gr\u00e1ficos, im\u00e1genes, iconos, tecnolog\u00eda, programas de ordenador, p\u00e1ginas Web, links, contenidos sonoros y audiovisuales, su dise\u00f1o gr\u00e1fico y c\u00f3digos fuente, as\u00ed como cualesquiera marcas, nombres de dominio y dem\u00e1s signos distintivos y, en general, cualquier tipo de obra, creaci\u00f3n o expresi\u00f3n &#8211; o una combinaci\u00f3n de \u00e9stos &#8211; incluida en la Web o utilizada para identificarlo o para identificar a partes del mismo) se encuentran sujetas a derechos de propiedad intelectual y\/o industrial del que es titular la FUNDACI\u00d3N DE LA ACADEMIA INTERNACIONAL DE M\u00daSICA DE SOLSONA-AIMS FUNDACI\u00d3N.<\/p>\n<p>Corresponde a la Fundaci\u00f3n el ejercicio exclusivo de los derechos de explotaci\u00f3n de la propiedad intelectual mencionada, en cualquier forma y, en especial, los derechos de reproducci\u00f3n, distribuci\u00f3n, comunicaci\u00f3n p\u00fablica y transformaci\u00f3n. La FUNDACI\u00d3N DE LA ACADEMIA INTERNACIONAL DE M\u00daSICA DE SOLSONA-AIMS FUNDACI\u00d3N no cede total ni parcialmente, ni concede licencia o autorizaci\u00f3n alguna sobre estos derechos a los Usuarios de la Web.<\/p>\n<p>5.2.- Mediante los presentes T\u00e9rminos y Condiciones, la FUNDACI\u00d3N DE LA ACADEMIA INTERNACIONAL DE M\u00daSICA DE SOLSONA-AIMS FUNDACI\u00d3N \u00fanicamente autoriza al Usuario para que pueda visionar, descargar e imprimir los Elementos Protegidos titularidad de la FUNDACI\u00d3N DE LA ACADEMIA INTERNACIONAL DE M\u00daSICA DE SOLSONA-AIMS FUNDACI\u00d3N, siempre y cuando el Usuario los utilice para usos exclusivamente personales, comprometi\u00e9ndose a no llevar a cabo, ni directa ni indirectamente, cualquier explotaci\u00f3n comercial de los mismos ni utilizarlos para cualquier fin que no est\u00e9 expresamente previsto en estos T\u00e9rminos y Condiciones.<\/p>\n<p>Se permite el uso de las im\u00e1genes y los v\u00eddeos de prensa para fines editoriales.<\/p>\n<p>5.3.- La utilizaci\u00f3n por el Usuario de aquellos Elementos Protegidos titularidad de terceros quedar\u00e1 sometida a aquellas condiciones que, en su caso, dichos terceros puedan establecer y que el Usuario se obliga a conocer.<\/p>\n<p>5.4.- Cualquier infracci\u00f3n de lo dispuesto en este apartado ser\u00e1 considerada como vulneraci\u00f3n de los derechos de propiedad intelectual de titularidad de la FUNDACI\u00d3N DE LA ACADEMIA INTERNACIONAL DE M\u00daSICA DE SOLSONA-AIMS FUNDACI\u00d3N, dando lugar a las responsabilidades legalmente establecidas al efecto y pudiendo ser perseguida dicha actuaci\u00f3n mediante las acciones administrativas, civiles o penales que en su caso correspondan.<\/p>\n<p>El Usuario deber\u00e1 abstenerse de suprimir, alterar, eludir o manipular cualquier dispositivo de protecci\u00f3n o sistema de seguridad que estuviera instalado en las p\u00e1ginas de la FUNDACI\u00d3N DE LA ACADEMIA INTERNACIONAL DE M\u00daSICA DE SOLSONA-AIMS FUNDACI\u00d3N.<\/p>\n<p>La FUNDACI\u00d3N DE LA ACADEMIA INTERNACIONAL DE M\u00daSICA DE SOLSONA-AIMS FUNDACI\u00d3N hace menci\u00f3n de todos aquellos autores cuyas obras aparecen aqu\u00ed reproducidas, excepto en los casos en que ha sido imposible determinar la autor\u00eda; no obstante, queda a disposici\u00f3n de aquellas personas y\/o autores que reconozcan reproducidas sus obras para garantizar el cumplimiento de sus derechos. La Fundaci\u00f3n no se hace responsable del uso por terceros de estas im\u00e1genes.<\/p>\n<p>5.5.- Uso de las fotograf\u00edas y los v\u00eddeos de prensa<\/p>\n<p>Se permite el uso de las im\u00e1genes y los v\u00eddeos de prensa para fines editoriales. Los derechos de uso y de explotaci\u00f3n amparados por los derechos de autor son propiedad de la FUNDACI\u00d3N DE LA ACADEMIA INTERNACIONAL DE M\u00daSICA DE SOLSONA-AIMS FUNDACI\u00d3N, salvo que se indique de manera expresa otro titular. La incorporaci\u00f3n de im\u00e1genes a un archivo de manera electr\u00f3nica\/manual no altera la vigencia en todo su alcance de todos los derechos de autor. Las im\u00e1genes utilizadas, modificadas, reproducidas y\/o alteradas electr\u00f3nicamente deben incluir la indicaci\u00f3n de la fuente (\u00a9AIMS Fundaci\u00f3n). Queda prohibida su cesi\u00f3n a terceros para fines comerciales \u2013tambi\u00e9n en caso de haber sido editadas electr\u00f3nicamente. La impresi\u00f3n\/publicaci\u00f3n de las fotograf\u00edas se realiza de manera gratuita. No obstante, en el caso de los medios impresos solicitamos una copia de la publicaci\u00f3n y, si se trata de un v\u00eddeo o un medio electr\u00f3nico, una notificaci\u00f3n breve.<\/p>\n<p><strong>6.- Licitud y correcci\u00f3n de los Contenidos incluidos en la Web <\/strong><br \/>La FUNDACI\u00d3N DE LA ACADEMIA INTERNACIONAL DE M\u00daSICA DE SOLSONA-AIMS FUNDACI\u00d3N no garantiza ni se responsabiliza de cualquier inexactitud y\/o falta de correcci\u00f3n y\/o falta de actualizaci\u00f3n de los contenidos de la Web.<\/p>\n<p>La responsabilidad de la FUNDACI\u00d3N DE LA ACADEMIA INTERNACIONAL DE M\u00daSICA DE SOLSONA-AIMS FUNDACI\u00d3N respecto del contenido e informaci\u00f3n que ofrezcan sitios de Internet a los que dirijan hiperenlaces incluidos en la Web as\u00ed como de aquellos Contenidos de o procedentes de terceros que se alojen en la Web, se regir\u00e1 por lo dispuesto en los art\u00edculos 16 y 17 de la Ley de Servicios de la Sociedad de la Informaci\u00f3n, Ley 34\/2002.<\/p>\n<p>La FUNDACI\u00d3N DE LA ACADEMIA INTERNACIONAL DE M\u00daSICA DE SOLSONA-AIMS FUNDACI\u00d3N no se responsabiliza ni garantiza que el acceso a los Contenidos y dem\u00e1s partes de la Web sea legal desde fuera de Espa\u00f1a. El acceso a la Web desde un pa\u00eds distinto a Espa\u00f1a, deber\u00e1 llevarse a cabo de acuerdo con las normas aplicables en el territorio desde el que el Usuario acceda a la Web.<\/p>\n<p><strong>7.- Exclusi\u00f3n de garant\u00edas y responsabilidades <\/strong><br \/>7.1.-\u00a0La FUNDACI\u00d3N DE LA ACADEMIA INTERNACIONAL DE M\u00daSICA DE SOLSONA-AIMS FUNDACI\u00d3N s\u00f3lo responder\u00e1 de los servicios propios y contenidos directamente originados por ella e identificados convenientemente como propiedad industrial e intelectual de la FUNDACI\u00d3N DE LA ACADEMIA INTERNACIONAL DE M\u00daSICA DE SOLSONA-AIMS FUNDACI\u00d3N<\/p>\n<p>7.2.-\u00a0La FUNDACI\u00d3N DE LA ACADEMIA INTERNACIONAL DE M\u00daSICA DE SOLSONA-AIMS FUNDACI\u00d3N no responder\u00e1 por:<\/p>\n<p>7.2.1.- Los da\u00f1os y perjuicios que puedan derivarse de la prestaci\u00f3n u oferta de productos o servicios por terceras personas o entidades a trav\u00e9s de la Web, y en particular de aquellos derivados de:<\/p>\n<p>a) El incumplimiento de la ley, la moral y el orden p\u00fablico, o el uso de los productos y\/o servicios ofertados de forma no diligente o incorrecta, o con fines o efectos il\u00edcitos o contrarios a lo establecido en estas Condiciones Generales o en las condiciones que, en su caso, resulten de aplicaci\u00f3n.<\/p>\n<p>b) La infracci\u00f3n de los derechos de propiedad industrial e intelectual o del secreto empresarial o profesional. La comisi\u00f3n de actos de competencia desleal o de publicidad il\u00edcita.<\/p>\n<p>c) La infracci\u00f3n de los derechos al honor, a la intimidad personal y familiar ya la imagen de las personas, y los relativos a la protecci\u00f3n de la infancia y la juventud. La realizaci\u00f3n de actos de naturaleza pornogr\u00e1fica.<\/p>\n<p>d) La ilicitud o falta de veracidad, exactitud, fiabilidad, pertinencia, actualidad y exhaustividad de los contenidos e informaciones transmitidas o puestos a disposici\u00f3n de los Usuarios, incluidos las informaciones y servicios prestados por terceros o por los Usuarios a trav\u00e9s de la Web.<\/p>\n<p>e) El incumplimiento o cumplimiento defectuoso o terminaci\u00f3n por cualquier causa de los contratos realizados con terceros con motivo de la prestaci\u00f3n de servicios a trav\u00e9s de la Web.<\/p>\n<p>f) La incapacidad de cualquier Usuario o la suplantaci\u00f3n de la personalidad de un tercero efectuada por el Usuario.<\/p>\n<p>7.2.2.- Los da\u00f1os al honor, la intimidad o cualquier otro o las injurias u ofensas que se originen a un Usuario en caso de informaci\u00f3n incluida en la Web por cualquier otro Usuario ya que, de acuerdo con lo previsto en los T\u00e9rminos y Condiciones, los Usuarios de la Web est\u00e1n obligados a no introducir informaci\u00f3n que pueda ser considerada ilegal, inmoral o contraria al orden p\u00fablico.<\/p>\n<p>7.2.3.- Los da\u00f1os y perjuicios que puedan derivarse del conocimiento que puedan tener terceros no autorizados de la clase, condiciones, caracter\u00edsticas y circunstancias de acceso y uso que los Usuarios hacen de la Web y de las informaciones y servicios, as\u00ed como del incumplimiento por los Usuarios de sus obligaciones en relaci\u00f3n con los datos de car\u00e1cter personal.<\/p>\n<p>7.2.4.- Los da\u00f1os y perjuicios de cualquier naturaleza que puedan deberse a la existencia de errores en el acceso o uso de la p\u00e1gina Web o de sus servicios o contenido, aunque se comprometa a evitarlos, actualizando o subsanando dicho contenido.<\/p>\n<p>7.2.5.- Los da\u00f1os y perjuicios de toda naturaleza que puedan deberse a las informaciones contenidas en los enlaces o \u201clinks\u201d que aparezcan en su Web.<\/p>\n<p>7.2.6.- Los da\u00f1os y perjuicios de toda naturaleza que puedan deberse a la existencia de virus en el sistema inform\u00e1tico, documentos electr\u00f3nicos o ficheros de los Usuarios. De igual modo, por la presencia de virus en los servicios prestados por terceros a trav\u00e9s de la Web.<\/p>\n<p>7.2.7.-\u00a0La p\u00e9rdida de negocio, beneficios o datos que resulten de forma directa, indirecta, secundaria o consecuente del acceso o uso por los Usuarios de la Web.<\/p>\n<p>7.3.- El Usuario exime a la FUNDACI\u00d3N DE LA ACADEMIA INTERNACIONAL DE M\u00daSICA DE SOLSONA-AIMS FUNDACI\u00d3N de cualquier responsabilidad que pudiera surgir como consecuencia del incumplimiento de lo dispuesto en las presentes T\u00e9rminos y Condiciones, en especial pero sin limitaci\u00f3n, de las Limitaciones al Uso de la Web reguladas en los mismos.<\/p>\n<p><strong>8.- Generalidades<br \/><\/strong>Los encabezamientos de las distintas cl\u00e1usulas son s\u00f3lo informativos, y no afectar\u00e1n, calificar\u00e1n o ampliar\u00e1n la interpretaci\u00f3n de las Condiciones Generales.<\/p>\n<p>En caso de existir discrepancia entre lo establecido en estas Condiciones Generales y las condiciones particulares de cada servicio espec\u00edfico, prevalecer\u00e1 lo dispuesto en \u00e9stas \u00faltimas.<\/p>\n<p>En el caso de que cualquier disposici\u00f3n de estas Condiciones Generales fuera considerada nula o inaplicable, en su totalidad o en parte, por cualquier Juzgado u \u00f3rgano administrativo competente, dicha nulidad o inaplicaci\u00f3n no afectar\u00e1 a las otras disposiciones de las Condiciones Generales ni a las condiciones particulares de los diferentes servicios de la FUNDACI\u00d3N DE LA ACADEMIA INTERNACIONAL DE M\u00daSICA DE SOLSONA-AIMS FUNDACI\u00d3N.<\/p>\n<p>El no ejercicio o ejecuci\u00f3n por parte de la FUNDACI\u00d3N DE LA ACADEMIA INTERNACIONAL DE M\u00daSICA DE SOLSONA-AIMS FUNDACI\u00d3N de cualquier derecho o disposici\u00f3n contenida en estas Condiciones Generales no constituir\u00e1 una renuncia al mismo, salvo reconocimiento y acuerdo por escrito por su parte.<\/p>\n<p><strong>9.- Ley aplicable y jurisdicci\u00f3n<\/strong><br \/>La prestaci\u00f3n del servicio del Sitio Web y las presentes Condiciones Generales de Uso del Sitio Web se rigen por la ley espa\u00f1ola. En la medida en que as\u00ed lo permita la ley, las partes, con renuncia expresa a cualquier otro fuero que pudiera corresponderles, acuerdan someterse a la jurisdicci\u00f3n de los Juzgados y Tribunales de la ciudad de Sant Cugat del Vall\u00e8s.<\/p>\n<p>[\/et_pb_text][\/et_pb_column][\/et_pb_row][\/et_pb_section]<\/p>\n","protected":false},"excerpt":{"rendered":"<p>I. INFORMACI\u00d3N ACERCA DEL PRESTADOR DE SERVICIOS DE LA SOCIEDAD DE LA INFORMACI\u00d3N El Sitio Web de Internet www.aims.cat es propiedad y est\u00e1 administrado por la FUNDACI\u00d3N DE LA ACADEMIA [&hellip;]<\/p>\n","protected":false},"author":2,"featured_media":0,"parent":0,"menu_order":0,"comment_status":"closed","ping_status":"closed","template":"","meta":{"_acf_changed":false,"_et_pb_use_builder":"on","_et_pb_old_content":"","_et_gb_content_width":"","footnotes":"","_links_to":"","_links_to_target":""},"class_list":["post-1117","page","type-page","status-publish","hentry"],"acf":[],"_links":{"self":[{"href":"https:\/\/aims.cat\/es\/wp-json\/wp\/v2\/pages\/1117","targetHints":{"allow":["GET"]}}],"collection":[{"href":"https:\/\/aims.cat\/es\/wp-json\/wp\/v2\/pages"}],"about":[{"href":"https:\/\/aims.cat\/es\/wp-json\/wp\/v2\/types\/page"}],"author":[{"embeddable":true,"href":"https:\/\/aims.cat\/es\/wp-json\/wp\/v2\/users\/2"}],"replies":[{"embeddable":true,"href":"https:\/\/aims.cat\/es\/wp-json\/wp\/v2\/comments?post=1117"}],"version-history":[{"count":2,"href":"https:\/\/aims.cat\/es\/wp-json\/wp\/v2\/pages\/1117\/revisions"}],"predecessor-version":[{"id":15240,"href":"https:\/\/aims.cat\/es\/wp-json\/wp\/v2\/pages\/1117\/revisions\/15240"}],"wp:attachment":[{"href":"https:\/\/aims.cat\/es\/wp-json\/wp\/v2\/media?parent=1117"}],"curies":[{"name":"wp","href":"https:\/\/api.w.org\/{rel}","templated":true}]}}