{"id":11228,"date":"2021-02-03T15:42:24","date_gmt":"2021-02-03T15:42:24","guid":{"rendered":"https:\/\/aims.cat\/?page_id=11228"},"modified":"2021-02-03T15:42:27","modified_gmt":"2021-02-03T15:42:27","slug":"politica-de-cookies","status":"publish","type":"page","link":"https:\/\/aims.cat\/es\/politica-de-cookies\/","title":{"rendered":"Pol\u00edtica de cookies"},"content":{"rendered":"<p>[et_pb_section fb_built=\u00bb1&#8243; admin_label=\u00bbsection\u00bb _builder_version=\u00bb3.22&#8243;][et_pb_row column_structure=\u00bb1_4,3_4&#8243; admin_label=\u00bbrow\u00bb _builder_version=\u00bb3.25&#8243; background_size=\u00bbinitial\u00bb background_position=\u00bbtop_left\u00bb background_repeat=\u00bbrepeat\u00bb][et_pb_column type=\u00bb1_4&#8243; _builder_version=\u00bb3.25&#8243; custom_padding=\u00bb|||\u00bb custom_padding__hover=\u00bb|||\u00bb][et_pb_post_title meta=\u00bboff\u00bb featured_image=\u00bboff\u00bb text_color=\u00bblight\u00bb text_background=\u00bbon\u00bb text_bg_color=\u00bb#ea4951&#8243; admin_label=\u00bbT\u00edtulo de publicaci\u00f3n\u00bb _builder_version=\u00bb4.4.9&#8243; title_all_caps=\u00bboff\u00bb background_color=\u00bbrgba(255,255,255,0)\u00bb parallax=\u00bbon\u00bb parallax_method=\u00bboff\u00bb use_border_color=\u00bboff\u00bb border_color=\u00bb#ffffff\u00bb border_style=\u00bbsolid\u00bb parallax_effect=\u00bbon\u00bb module_bg_color=\u00bbrgba(255,255,255,0)\u00bb] [\/et_pb_post_title][\/et_pb_column][et_pb_column type=\u00bb3_4&#8243; _builder_version=\u00bb3.25&#8243; custom_padding=\u00bb|||\u00bb custom_padding__hover=\u00bb|||\u00bb][et_pb_text admin_label=\u00bbTexto\u00bb _builder_version=\u00bb4.4.9&#8243; background_size=\u00bbinitial\u00bb background_position=\u00bbtop_left\u00bb background_repeat=\u00bbrepeat\u00bb use_border_color=\u00bboff\u00bb border_color=\u00bb#ffffff\u00bb border_style=\u00bbsolid\u00bb]<\/p>\n<p><strong>\u00bfQu\u00e9 es una cookie?<br \/><\/strong>Las cookies son peque\u00f1os archivos de texto que se env\u00edan al dispositivo al visitar un sitio web. Las cookies son devueltas al sitio web de origen cada vez que lo visit\u00e9is, o en otro sitio web que reconoce que la cookie. Las cookies act\u00faan como un recuerdo de un sitio web, lo que permite recordar el dispositivo en las visitas subsiguientes. Las cookies tambi\u00e9n pueden recordar sus preferencias, mejorar la experiencia del usuario, as\u00ed como adaptar los anuncios.<\/p>\n<p><strong>Cookies utilizadas en este sitio web<br \/><\/strong><em>Cookies t\u00e9cnicas<br \/><\/em>Las cookies t\u00e9cnicas son esenciales y necesarias para que la web funcione correctamente y para usar las diversas opciones y servicios que ofrece.<br \/><em>Cookies anal\u00edticas<br \/><\/em>Nuestro sitio web utiliza cookies de Google Analytics. La informaci\u00f3n que recogen estas cookies es transferida y archivada por Google en sus servidores de Estados Unidos, de acuerdo con sus pr\u00e1cticas de privacidad. Para m\u00e1s informaci\u00f3n de las pr\u00e1cticas de privacidad de Google y c\u00f3mo se aplican a Google Analytics visite:\u00a0<a href=\"http:\/\/www.google.co.uk\/intl\/en\/analytics\/privacyoverview.html\">Pol\u00edtica de Privacidad de Google Analytics<\/a>.<br \/><em>Cookies de sesi\u00f3n<br \/><\/em>Las cookies de sesi\u00f3n son aquellas que existen s\u00f3lo mientras el usuario navega por la web y se eliminan al final.<\/p>\n<p><strong>\u00bfC\u00f3mo controlar y eliminar las cookies?<br \/><\/strong>La mayor\u00eda de los navegadores web aceptan cookies, pero puede cambiar la configuraci\u00f3n del navegador web para que rechace nuevas cookies, desactive las que ya existen o que le comunique cuando alguien le env\u00eda una nueva cookie en el dispositivo. Para cambiar la configuraci\u00f3n siga las instrucciones que le proporciona cada navegador:<\/p>\n<ul>\n<li>Internet Explorer: Herramientas &gt; Opciones de internet &gt; Privacidad<br \/>O\u00a0<a href=\"http:\/\/windows.microsoft.com\/es-es\/internet-explorer\/delete-manage-cookies#ie=ie-11\">haz click aqu\u00ed <\/a>para m\u00e1s informaci\u00f3n.<\/li>\n<li>Firefox: Herramientas &gt; Opciones &gt; Privacidad &gt; Historial &gt; Par\u00e1metros personalizados.<br \/>O\u00a0<a href=\"http:\/\/support.mozilla.org\/es\/kb\/habilitar-y-deshabilitar-cookies-que-los-sitios-we\">haz click aqu\u00ed <\/a>para m\u00e1s informaci\u00f3n.<\/li>\n<li>Chrome: Configuraci\u00f3n &gt; Mostrar la configuraci\u00f3n avanzada &gt; Privacidad &gt; Configuraci\u00f3n del contenido.<br \/>O\u00a0<a href=\"https:\/\/support.google.com\/chrome\/answer\/95647?hl=ca\">haz click aqu\u00ed <\/a>para m\u00e1s informaci\u00f3n.<\/li>\n<li>Safari: Preferencias &gt; Seguridad.<br \/>O\u00a0<a href=\"http:\/\/support.apple.com\/kb\/HT1677?viewlocale=es_ES\">haz click aqu\u00ed <\/a>para m\u00e1s informaci\u00f3n.<\/li>\n<li>Opera: Configuraci\u00f3n.<br \/>O\u00a0<a href=\"http:\/\/www.opera.com\/help\/tutorials\/security\/privacy\/\">haz click aqu\u00ed <\/a>para m\u00e1s informaci\u00f3n.<\/li>\n<\/ul>\n<p>Bloquear el uso de las cookies en tu navegaci\u00f3n puede hacer que algunos servicios o caracter\u00edsticas del sitio web no est\u00e9n disponibles.<\/p>\n<p>[\/et_pb_text][\/et_pb_column][\/et_pb_row][\/et_pb_section]<\/p>\n","protected":false},"excerpt":{"rendered":"<p>\u00bfQu\u00e9 es una cookie?Las cookies son peque\u00f1os archivos de texto que se env\u00edan al dispositivo al visitar un sitio web. Las cookies son devueltas al sitio web de origen cada [&hellip;]<\/p>\n","protected":false},"author":2,"featured_media":0,"parent":0,"menu_order":0,"comment_status":"closed","ping_status":"closed","template":"","meta":{"_acf_changed":false,"_et_pb_use_builder":"on","_et_pb_old_content":"","_et_gb_content_width":"","footnotes":"","_links_to":"","_links_to_target":""},"class_list":["post-11228","page","type-page","status-publish","hentry"],"acf":[],"_links":{"self":[{"href":"https:\/\/aims.cat\/es\/wp-json\/wp\/v2\/pages\/11228","targetHints":{"allow":["GET"]}}],"collection":[{"href":"https:\/\/aims.cat\/es\/wp-json\/wp\/v2\/pages"}],"about":[{"href":"https:\/\/aims.cat\/es\/wp-json\/wp\/v2\/types\/page"}],"author":[{"embeddable":true,"href":"https:\/\/aims.cat\/es\/wp-json\/wp\/v2\/users\/2"}],"replies":[{"embeddable":true,"href":"https:\/\/aims.cat\/es\/wp-json\/wp\/v2\/comments?post=11228"}],"version-history":[{"count":5,"href":"https:\/\/aims.cat\/es\/wp-json\/wp\/v2\/pages\/11228\/revisions"}],"predecessor-version":[{"id":11253,"href":"https:\/\/aims.cat\/es\/wp-json\/wp\/v2\/pages\/11228\/revisions\/11253"}],"wp:attachment":[{"href":"https:\/\/aims.cat\/es\/wp-json\/wp\/v2\/media?parent=11228"}],"curies":[{"name":"wp","href":"https:\/\/api.w.org\/{rel}","templated":true}]}}