{"id":12777,"date":"2022-01-15T10:00:43","date_gmt":"2022-01-15T10:00:43","guid":{"rendered":"https:\/\/aims.cat\/?page_id=12777"},"modified":"2025-11-04T17:54:06","modified_gmt":"2025-11-04T17:54:06","slug":"washington-barella","status":"publish","type":"page","link":"https:\/\/aims.cat\/es\/aims-academia-de-viento\/profesorado\/washington-barella\/","title":{"rendered":"Washington Barella"},"content":{"rendered":"<p>[et_pb_section fb_built=\u00bb1&#8243; custom_padding_last_edited=\u00bbon|desktop\u00bb _builder_version=\u00bb4.16&#8243; custom_padding_tablet=\u00bb50px|0|50px|0&#8243; custom_padding_phone=\u00bb\u00bb custom_css_main_element=\u00bbpadding-bottom:0px;\u00bb transparent_background=\u00bboff\u00bb padding_mobile=\u00bboff\u00bb global_colors_info=\u00bb{}\u00bb][et_pb_row _builder_version=\u00bb4.16&#8243; background_size=\u00bbinitial\u00bb background_position=\u00bbtop_left\u00bb background_repeat=\u00bbrepeat\u00bb global_colors_info=\u00bb{}\u00bb][et_pb_column type=\u00bb4_4&#8243; _builder_version=\u00bb4.16&#8243; custom_padding=\u00bb|||\u00bb global_colors_info=\u00bb{}\u00bb custom_padding__hover=\u00bb|||\u00bb][et_pb_post_title meta=\u00bboff\u00bb featured_image=\u00bboff\u00bb text_color=\u00bblight\u00bb text_background=\u00bbon\u00bb text_bg_color=\u00bb#222222&#8243; admin_label=\u00bbT\u00edtulo de publicaci\u00f3n\u00bb _builder_version=\u00bb4.16&#8243; title_font_size=\u00bb18px\u00bb title_all_caps=\u00bboff\u00bb background_color=\u00bbrgba(255,255,255,0)\u00bb parallax=\u00bbon\u00bb parallax_effect=\u00bbon\u00bb module_bg_color=\u00bbrgba(255,255,255,0)\u00bb global_colors_info=\u00bb{}\u00bb][\/et_pb_post_title][\/et_pb_column][\/et_pb_row][\/et_pb_section][et_pb_section fb_built=\u00bb1&#8243; custom_padding_last_edited=\u00bbon|desktop\u00bb _builder_version=\u00bb4.16&#8243; custom_padding_tablet=\u00bb50px|0|50px|0&#8243; custom_padding_phone=\u00bb\u00bb custom_css_main_element=\u00bbpadding-top:0px;\u00bb transparent_background=\u00bboff\u00bb padding_mobile=\u00bboff\u00bb global_colors_info=\u00bb{}\u00bb][et_pb_row column_structure=\u00bb1_2,1_2&#8243; _builder_version=\u00bb4.27.0&#8243; background_size=\u00bbinitial\u00bb background_position=\u00bbtop_left\u00bb background_repeat=\u00bbrepeat\u00bb hover_enabled=\u00bb0&#8243; global_colors_info=\u00bb{}\u00bb sticky_enabled=\u00bb0&#8243;][et_pb_column type=\u00bb1_2&#8243; _builder_version=\u00bb4.16&#8243; custom_padding=\u00bb|||\u00bb global_colors_info=\u00bb{}\u00bb custom_padding__hover=\u00bb|||\u00bb][et_pb_image src=\u00bbhttps:\/\/aims.cat\/wp-content\/uploads\/2025\/11\/Barella.jpg\u00bb title_text=\u00bbBarella\u00bb show_in_lightbox=\u00bbon\u00bb align_tablet=\u00bbcenter\u00bb align_phone=\u00bb\u00bb align_last_edited=\u00bbon|desktop\u00bb _builder_version=\u00bb4.27.0&#8243; hover_enabled=\u00bb0&#8243; z_index_tablet=\u00bb500&#8243; box_shadow_horizontal_tablet=\u00bb0px\u00bb box_shadow_vertical_tablet=\u00bb0px\u00bb box_shadow_blur_tablet=\u00bb40px\u00bb box_shadow_spread_tablet=\u00bb0px\u00bb global_colors_info=\u00bb{}\u00bb sticky_enabled=\u00bb0&#8243;][\/et_pb_image][\/et_pb_column][et_pb_column type=\u00bb1_2&#8243; _builder_version=\u00bb4.16&#8243; custom_padding=\u00bb|||\u00bb global_colors_info=\u00bb{}\u00bb custom_padding__hover=\u00bb|||\u00bb][et_pb_button button_url=\u00bbhttps:\/\/aims.cat\/es\/aims-academia-de-viento\/formulario-inscripcion\/\u00bb button_text=\u00bbFormulario de inscripci\u00f3n\u00bb button_alignment=\u00bbleft\u00bb _builder_version=\u00bb4.19.0&#8243; custom_button=\u00bbon\u00bb button_text_size=\u00bb13px\u00bb button_text_color=\u00bb#000000&#8243; button_bg_color=\u00bb#eeeeee\u00bb button_border_color=\u00bb#eeeeee\u00bb button_icon=\u00bb&#x6c;||divi||400&#8243; button_icon_placement=\u00bbleft\u00bb button_on_hover=\u00bboff\u00bb button_text_size_last_edited=\u00bboff|desktop\u00bb z_index_tablet=\u00bb500&#8243; button_text_shadow_horizontal_length_tablet=\u00bb0px\u00bb button_text_shadow_vertical_length_tablet=\u00bb0px\u00bb button_text_shadow_blur_strength_tablet=\u00bb1px\u00bb box_shadow_horizontal_tablet=\u00bb0px\u00bb box_shadow_vertical_tablet=\u00bb0px\u00bb box_shadow_blur_tablet=\u00bb40px\u00bb box_shadow_spread_tablet=\u00bb0px\u00bb button_text_color_hover=\u00bb#ffffff\u00bb button_border_color_hover=\u00bb#ea4951&#8243; button_bg_color_hover=\u00bb#ea4951&#8243; saved_tabs=\u00bball\u00bb global_colors_info=\u00bb{}\u00bb button_text_size__hover_enabled=\u00bboff\u00bb button_text_size__hover=\u00bbnull\u00bb button_one_text_size__hover_enabled=\u00bboff\u00bb button_one_text_size__hover=\u00bbnull\u00bb button_two_text_size__hover_enabled=\u00bboff\u00bb button_two_text_size__hover=\u00bbnull\u00bb button_text_color__hover_enabled=\u00bbon\u00bb button_text_color__hover=\u00bb#ffffff\u00bb button_one_text_color__hover_enabled=\u00bboff\u00bb button_one_text_color__hover=\u00bbnull\u00bb button_two_text_color__hover_enabled=\u00bboff\u00bb button_two_text_color__hover=\u00bbnull\u00bb button_border_width__hover_enabled=\u00bboff\u00bb button_border_width__hover=\u00bbnull\u00bb button_one_border_width__hover_enabled=\u00bboff\u00bb button_one_border_width__hover=\u00bbnull\u00bb button_two_border_width__hover_enabled=\u00bboff\u00bb button_two_border_width__hover=\u00bbnull\u00bb button_border_color__hover_enabled=\u00bbon\u00bb button_border_color__hover=\u00bb#ea4951&#8243; button_one_border_color__hover_enabled=\u00bboff\u00bb button_one_border_color__hover=\u00bbnull\u00bb button_two_border_color__hover_enabled=\u00bboff\u00bb button_two_border_color__hover=\u00bbnull\u00bb button_border_radius__hover_enabled=\u00bboff\u00bb button_border_radius__hover=\u00bbnull\u00bb button_one_border_radius__hover_enabled=\u00bboff\u00bb button_one_border_radius__hover=\u00bbnull\u00bb button_two_border_radius__hover_enabled=\u00bboff\u00bb button_two_border_radius__hover=\u00bbnull\u00bb button_letter_spacing__hover_enabled=\u00bboff\u00bb button_letter_spacing__hover=\u00bbnull\u00bb button_one_letter_spacing__hover_enabled=\u00bboff\u00bb button_one_letter_spacing__hover=\u00bbnull\u00bb button_two_letter_spacing__hover_enabled=\u00bboff\u00bb button_two_letter_spacing__hover=\u00bbnull\u00bb button_bg_color__hover_enabled=\u00bbon\u00bb button_bg_color__hover=\u00bb#ea4951&#8243; button_one_bg_color__hover_enabled=\u00bboff\u00bb button_one_bg_color__hover=\u00bbnull\u00bb button_two_bg_color__hover_enabled=\u00bboff\u00bb button_two_bg_color__hover=\u00bbnull\u00bb][\/et_pb_button][et_pb_text admin_label=\u00bbHighlights\u00bb module_class=\u00bbhighlights\u00bb _builder_version=\u00bb4.18.0&#8243; background_size=\u00bbinitial\u00bb background_position=\u00bbtop_left\u00bb background_repeat=\u00bbrepeat\u00bb module_alignment=\u00bbleft\u00bb z_index_tablet=\u00bb500&#8243; text_text_shadow_horizontal_length_tablet=\u00bb0px\u00bb text_text_shadow_vertical_length_tablet=\u00bb0px\u00bb text_text_shadow_blur_strength_tablet=\u00bb1px\u00bb link_text_shadow_horizontal_length_tablet=\u00bb0px\u00bb link_text_shadow_vertical_length_tablet=\u00bb0px\u00bb link_text_shadow_blur_strength_tablet=\u00bb1px\u00bb ul_text_shadow_horizontal_length_tablet=\u00bb0px\u00bb ul_text_shadow_vertical_length_tablet=\u00bb0px\u00bb ul_text_shadow_blur_strength_tablet=\u00bb1px\u00bb ol_text_shadow_horizontal_length_tablet=\u00bb0px\u00bb ol_text_shadow_vertical_length_tablet=\u00bb0px\u00bb ol_text_shadow_blur_strength_tablet=\u00bb1px\u00bb quote_text_shadow_horizontal_length_tablet=\u00bb0px\u00bb quote_text_shadow_vertical_length_tablet=\u00bb0px\u00bb quote_text_shadow_blur_strength_tablet=\u00bb1px\u00bb header_text_shadow_horizontal_length_tablet=\u00bb0px\u00bb header_text_shadow_vertical_length_tablet=\u00bb0px\u00bb header_text_shadow_blur_strength_tablet=\u00bb1px\u00bb header_2_text_shadow_horizontal_length_tablet=\u00bb0px\u00bb header_2_text_shadow_vertical_length_tablet=\u00bb0px\u00bb header_2_text_shadow_blur_strength_tablet=\u00bb1px\u00bb header_3_text_shadow_horizontal_length_tablet=\u00bb0px\u00bb header_3_text_shadow_vertical_length_tablet=\u00bb0px\u00bb header_3_text_shadow_blur_strength_tablet=\u00bb1px\u00bb header_4_text_shadow_horizontal_length_tablet=\u00bb0px\u00bb header_4_text_shadow_vertical_length_tablet=\u00bb0px\u00bb header_4_text_shadow_blur_strength_tablet=\u00bb1px\u00bb header_5_text_shadow_horizontal_length_tablet=\u00bb0px\u00bb header_5_text_shadow_vertical_length_tablet=\u00bb0px\u00bb header_5_text_shadow_blur_strength_tablet=\u00bb1px\u00bb header_6_text_shadow_horizontal_length_tablet=\u00bb0px\u00bb header_6_text_shadow_vertical_length_tablet=\u00bb0px\u00bb header_6_text_shadow_blur_strength_tablet=\u00bb1px\u00bb box_shadow_horizontal_tablet=\u00bb0px\u00bb box_shadow_vertical_tablet=\u00bb0px\u00bb box_shadow_blur_tablet=\u00bb40px\u00bb box_shadow_spread_tablet=\u00bb0px\u00bb global_colors_info=\u00bb{}\u00bb]<\/p>\n<h3>Obo\u00e9<\/h3>\n<h3>Profesor de la <span data-olk-copy-source=\"MessageBody\">Universit\u00e4t der K\u00fcnste Berlin<\/span><\/h3>\n<h3>AIMS Academia 2026<br \/>Del 15 al 24 de agosto<\/h3>\n<p>[\/et_pb_text][et_pb_text _builder_version=\u00bb4.27.0&#8243; _module_preset=\u00bbdefault\u00bb hover_enabled=\u00bb0&#8243; sticky_enabled=\u00bb0&#8243;]<\/p>\n<p style=\"text-align: justify;\"><span data-olk-copy-source=\"MessageBody\">Washington Barella es un obo\u00edsta de renombre internacional, cuya carrera art\u00edstica y pedag\u00f3gica lo ha convertido en uno de los m\u00fasicos m\u00e1s destacados en su campo. Tras realizar sus estudios en Estados Unidos y Alemania, donde adquiri\u00f3 tanto la tradici\u00f3n obo\u00edstica americana como la europea, gan\u00f3 varios concursos internacionales de gran prestigio, sentando as\u00ed las bases de su impresionante trayectoria.<\/span><span><\/span><\/p>\n<p style=\"text-align: justify;\"><span>Durante m\u00e1s de 24 a\u00f1os, Washington Barella se desempe\u00f1\u00f3 como obo\u00edsta solista de la reconocida Orquesta Sinf\u00f3nica de la SWR. En esta posici\u00f3n, influy\u00f3 de manera significativa en la sonoridad de la orquesta y colabor\u00f3 con directores y solistas de fama mundial. Paralelamente, ofreci\u00f3 conciertos como solista aclamados internacionalmente, present\u00e1ndose con regularidad en importantes salas de concierto y festivales alrededor del mundo.<\/span><span><\/span><\/p>\n<p style=\"text-align: justify;\"><span>Adem\u00e1s de su activa carrera como m\u00fasico, Washington Barella es un dedicado pedagogo. Como profesor de oboe, ha formado a generaciones de j\u00f3venes m\u00fasicos, muchos de los cuales hoy ocupan puestos en algunas de las principales orquestas del mundo. Su enfoque innovador e inspirador en la ense\u00f1anza tambi\u00e9n se refleja en la realizaci\u00f3n de numerosas clases magistrales internacionales, lo que lo ha convertido en un profesor muy solicitado en Europa, Asia, Am\u00e9rica del Norte y Am\u00e9rica del Sur.<\/span><\/p>\n<p style=\"text-align: justify;\"><span>La combinaci\u00f3n de excelencia art\u00edstica, presencia internacional y \u00e9xito pedag\u00f3gico hace de Washington Barella una figura central en el mundo del oboe y un ejemplo para las futuras generaciones de m\u00fasicos.<\/span><\/p>\n<p>[\/et_pb_text][\/et_pb_column][\/et_pb_row][et_pb_row _builder_version=\u00bb4.16&#8243; background_size=\u00bbinitial\u00bb background_position=\u00bbtop_left\u00bb background_repeat=\u00bbrepeat\u00bb global_colors_info=\u00bb{}\u00bb][et_pb_column type=\u00bb4_4&#8243; _builder_version=\u00bb4.16&#8243; custom_padding=\u00bb|||\u00bb global_colors_info=\u00bb{}\u00bb custom_padding__hover=\u00bb|||\u00bb][\/et_pb_column][\/et_pb_row][\/et_pb_section]<\/p>\n","protected":false},"excerpt":{"rendered":"<p>Obo\u00e9 Profesor de la Universit\u00e4t der K\u00fcnste Berlin AIMS Academia 2026Del 15 al 24 de agostoWashington Barella es un obo\u00edsta de renombre internacional, cuya carrera art\u00edstica y pedag\u00f3gica lo ha [&hellip;]<\/p>\n","protected":false},"author":2,"featured_media":0,"parent":4509,"menu_order":0,"comment_status":"closed","ping_status":"closed","template":"","meta":{"_acf_changed":false,"_et_pb_use_builder":"on","_et_pb_old_content":"","_et_gb_content_width":"","footnotes":"","_links_to":"","_links_to_target":""},"class_list":["post-12777","page","type-page","status-publish","hentry"],"acf":[],"_links":{"self":[{"href":"https:\/\/aims.cat\/es\/wp-json\/wp\/v2\/pages\/12777","targetHints":{"allow":["GET"]}}],"collection":[{"href":"https:\/\/aims.cat\/es\/wp-json\/wp\/v2\/pages"}],"about":[{"href":"https:\/\/aims.cat\/es\/wp-json\/wp\/v2\/types\/page"}],"author":[{"embeddable":true,"href":"https:\/\/aims.cat\/es\/wp-json\/wp\/v2\/users\/2"}],"replies":[{"embeddable":true,"href":"https:\/\/aims.cat\/es\/wp-json\/wp\/v2\/comments?post=12777"}],"version-history":[{"count":15,"href":"https:\/\/aims.cat\/es\/wp-json\/wp\/v2\/pages\/12777\/revisions"}],"predecessor-version":[{"id":17803,"href":"https:\/\/aims.cat\/es\/wp-json\/wp\/v2\/pages\/12777\/revisions\/17803"}],"up":[{"embeddable":true,"href":"https:\/\/aims.cat\/es\/wp-json\/wp\/v2\/pages\/4509"}],"wp:attachment":[{"href":"https:\/\/aims.cat\/es\/wp-json\/wp\/v2\/media?parent=12777"}],"curies":[{"name":"wp","href":"https:\/\/api.w.org\/{rel}","templated":true}]}}